{"id":90120,"date":"2026-03-20T03:28:11","date_gmt":"2026-03-20T03:28:11","guid":{"rendered":"https:\/\/soydeaqui.ddns.net\/pachuca\/index.php\/producto\/switch-no-administrable-de-5-puertos-gigabit-poe-802-3af-at-bt-y-pasivo-de-24-vcc-1-puerto-sfp-gigabit-con-controlador-de-carga-para-baterias\/"},"modified":"2026-03-20T03:28:13","modified_gmt":"2026-03-20T03:28:13","slug":"switch-no-administrable-de-5-puertos-gigabit-poe-802-3af-at-bt-y-pasivo-de-24-vcc-1-puerto-sfp-gigabit-con-controlador-de-carga-para-baterias","status":"publish","type":"product","link":"https:\/\/soydeaqui.ddns.net\/pachuca\/index.php\/producto\/switch-no-administrable-de-5-puertos-gigabit-poe-802-3af-at-bt-y-pasivo-de-24-vcc-1-puerto-sfp-gigabit-con-controlador-de-carga-para-baterias\/","title":{"rendered":"Switch No Administrable de 5 puertos Gigabit PoE (802.3af\/at\/bt y Pasivo de 24 Vcc) + 1 puerto SFP Gigabit, con controlador de carga para bater\u00edas"},"content":{"rendered":"<div style='width: 100%; max-width: 1200px; margin: 0 auto; font-family: sans-serif; line-height: 1.6; color: inherit; background-color: transparent;'>\n<div style='display: flex; flex-direction: column; align-items: center; text-align: center; padding: 15px 0;'>\n<h2 style='margin-top: 0; margin-bottom: 15px;'>Sistema sin interrupciones todo en uno<\/h2>\n<p style='font-size: 18px; color: inherit; opacity: 0.8; max-width: 800px;'>Ofrece un sistema de red estable&comma; seguro&comma; simplificado&comma; de f\u00e1cil mantenimiento y optimizado.<\/p>\n<p style='font-size: 18px; color: inherit; opacity: 0.8; max-width: 800px;'> <span style='color: #c0392b;'><strong><span style='font-size: 15px;'>*Funciona como respaldo de energ\u00eda&comma; verificar en &#8216;Descargas&#8217; el documento de &#8216;Recomendaciones de uso&#8217;.<\/span><\/strong><\/span> <\/p>\n<p style='font-size: 18px; color: inherit; opacity: 0.8; max-width: 800px;'>\n<p style='font-size: 18px; color: inherit; opacity: 0.8; max-width: 800px;'> <span style='color: #c0392b;'><strong><span style='font-size: 15px;'>*NOTA: No alimenta FORCE130 de Cambium Networks.<\/span><\/strong><\/span> <\/p>\n<\/p><\/div>\n<div style='display: flex; flex-wrap: wrap; gap: 30px; margin: 30px 0;'>\n<div style='flex: 1 1 300px; min-width: 280px;'>\n<div style='border: 1px solid rgba(150&comma; 150&comma; 150&comma; 0.4); border-left: 5px solid #F44611; border-right: 5px solid #F44611; border-radius: 8px; overflow: hidden; box-shadow: 2px 2px 10px rgba(216&comma; 216&comma; 216&comma; 0.5);'>\n<div style='padding: 15px; border-bottom: 1px solid rgba(150&comma; 150&comma; 150&comma; 0.2); font-weight: bold; font-size: 18px; color: inherit;'>Caracter\u00edsticas principales:<\/div>\n<div style='padding: 15px; color: inherit;'>\n<ul style='padding-left: 20px; margin: 0; font-size: 14px; list-style-type: disc;'>\n<li style='margin-bottom: 5px;'>Dimensiones: 158 x 142 x 35 mm (largo * ancho * alto)<\/li>\n<li style='margin-bottom: 5px;'>No administrable<\/li>\n<li style='margin-bottom: 5px;'>Controlador de carga para bater\u00eda interno<\/li>\n<li style='margin-bottom: 5px;'>Ventilador interno<\/li>\n<li style='margin-bottom: 5px;'>Nivel de protecci\u00f3n Protecci\u00f3n contra rayos 6KV \/ 6KV ESD Descarga<\/li>\n<li style='margin-bottom: 5px;'>Temperatura de Operaci\u00f3n -20 a 60\u00b0 C<\/li>\n<li style='margin-bottom: 5px;'>Certificaciones: CE&comma; FCC&comma; RoHS<\/li>\n<\/ul><\/div>\n<\/p><\/div>\n<\/p><\/div>\n<div style='flex: 1 1 300px; min-width: 280px;'>\n<div style='border: 1px solid rgba(150&comma; 150&comma; 150&comma; 0.4); border-left: 5px solid #F44611; border-right: 5px solid #F44611; border-radius: 8px; overflow: hidden; box-shadow: 2px 2px 10px rgba(216&comma; 216&comma; 216&comma; 0.5);'>\n<div style='padding: 15px; border-bottom: 1px solid rgba(150&comma; 150&comma; 150&comma; 0.2); font-weight: bold; font-size: 18px; color: inherit;'>Caracter\u00edsticas El\u00e9ctricas:<\/div>\n<div style='padding: 15px; color: inherit;'>\n<ul style='padding-left: 20px; margin: 0; font-size: 14px; list-style-type: disc;'>\n<li style='margin-bottom: 5px;'>Consumo de Energ\u00eda 120 W (Max. con dispositivos PoE conectados) 5 W (Sin salida PoE)<\/li>\n<li style='margin-bottom: 5px;'>Fuente de alimentaci\u00f3n CC: Para Bater\u00eda de 12 V: CC 18-30 V Para Bater\u00eda de 24 V: CC 30-36 V<\/li>\n<li style='margin-bottom: 5px;'>Entrada de Panel Solar: Para Bater\u00eda de 12 V: CC 15-30 V (12 V Est\u00e1ndar) Para Bater\u00eda de 24 V: CC 30-44 V (24 V Est\u00e1ndar) 250 W Max<\/li>\n<li style='margin-bottom: 5px;'>Entrada de Bater\u00eda: 12\/24 V 50 AH Max<\/li>\n<\/ul><\/div>\n<\/p><\/div>\n<\/p><\/div>\n<div style='flex: 1 1 300px; min-width: 280px;'>\n<div style='border: 1px solid rgba(150&comma; 150&comma; 150&comma; 0.4); border-left: 5px solid #F44611; border-right: 5px solid #F44611; border-radius: 8px; overflow: hidden; box-shadow: 2px 2px 10px rgba(216&comma; 216&comma; 216&comma; 0.5);'>\n<div style='padding: 15px; border-bottom: 1px solid rgba(150&comma; 150&comma; 150&comma; 0.2); font-weight: bold; font-size: 18px; color: inherit;'>Caracter\u00edsticas de Red:<\/div>\n<div style='padding: 15px; color: inherit;'>\n<ul style='padding-left: 20px; margin: 0; font-size: 14px; list-style-type: disc;'>\n<li style='margin-bottom: 5px;'>5 Puertos RJ45 Gigabit Ethernet PoE<\/li>\n<li style='margin-bottom: 5px;'>1 Puertos SFP Gigabit<\/li>\n<li style='margin-bottom: 5px;'>Puerto 1:PoE 802.3af\/at\/bt 60 W<\/li>\n<li style='margin-bottom: 5px;'>Puerto 2-3:PoE 802.3af\/at 30 W<\/li>\n<li style='margin-bottom: 5px;'>Puerto 4-5:PoE 802.3af\/at 30 W o 24 Vcc Pasivo 24 W<\/li>\n<li style='margin-bottom: 5px;'>Bandwidth: 12Gbps<\/li>\n<li style='margin-bottom: 5px;'>Tabla Mac Address: 2K<\/li>\n<li style='margin-bottom: 5px;'>Packet Forwarding Rate: 8.94Mpps<\/li>\n<\/ul><\/div>\n<\/p><\/div>\n<\/p><\/div>\n<\/p><\/div>\n<hr style='border: 0; border-top: 1px solid rgba(150&comma; 150&comma; 150&comma; 0.3); margin: 40px 0;'>\n<div style='display: flex; flex-direction: column; align-items: center; text-align: center; margin: 30px 0;'>\n<h2 style='margin-top: 0; margin-bottom: 20px;'>Alta potencia de salida y voltaje de salida m\u00faltiple<\/h2>\n<p style='font-size: 18px; color: inherit; opacity: 0.8; max-width: 800px;'>Los puertos PoE inteligentes son compatibles con dispositivos 802.3af\/at 48 V y pasivos de 24 V.<\/p>\n<p> <img style='width: 100%; height: auto; border: 1px solid rgba(150&comma;150&comma;150&comma;0.3); border-radius: 8px; margin-top: 20px;' src='https:\/\/ftp3.syscom.mx\/usuarios\/fotos\/WIPS306GFUPS\/170791-wi-ps306gf-ups_solo_(1).png' alt='Vista del Switch No Administrable WIPMS306GFUPSI'> <\/p>\n<p style='font-size: 15px; color: #c0392b; margin-top: 15px;'>*Las bater\u00edas y los paneles solares no est\u00e1n incluidos.<\/p>\n<\/p><\/div>\n<\/p><\/div>\n","protected":false},"excerpt":{"rendered":"<p>Switch No Administrable de 5 puertos Gigabit PoE (802.3af\/at\/bt y Pasivo de 24 Vcc) + 1 puerto SFP Gigabit, con controlador de carga para bater\u00edas<\/p>\n","protected":false},"featured_media":32,"comment_status":"open","ping_status":"closed","template":"","meta":[],"product_brand":[],"product_cat":[1986],"product_tag":[664,1987,1262],"class_list":{"0":"post-90120","1":"product","2":"type-product","3":"status-publish","4":"has-post-thumbnail","6":"product_cat-switches-poe","7":"product_tag-networking","8":"product_tag-switches-poe","9":"product_tag-wi-tek","11":"first","12":"outofstock","13":"sale","14":"shipping-taxable","15":"purchasable","16":"product-type-simple"},"_links":{"self":[{"href":"https:\/\/soydeaqui.ddns.net\/pachuca\/index.php\/wp-json\/wp\/v2\/product\/90120","targetHints":{"allow":["GET"]}}],"collection":[{"href":"https:\/\/soydeaqui.ddns.net\/pachuca\/index.php\/wp-json\/wp\/v2\/product"}],"about":[{"href":"https:\/\/soydeaqui.ddns.net\/pachuca\/index.php\/wp-json\/wp\/v2\/types\/product"}],"replies":[{"embeddable":true,"href":"https:\/\/soydeaqui.ddns.net\/pachuca\/index.php\/wp-json\/wp\/v2\/comments?post=90120"}],"wp:featuredmedia":[{"embeddable":true,"href":"https:\/\/soydeaqui.ddns.net\/pachuca\/index.php\/wp-json\/wp\/v2\/media\/32"}],"wp:attachment":[{"href":"https:\/\/soydeaqui.ddns.net\/pachuca\/index.php\/wp-json\/wp\/v2\/media?parent=90120"}],"wp:term":[{"taxonomy":"product_brand","embeddable":true,"href":"https:\/\/soydeaqui.ddns.net\/pachuca\/index.php\/wp-json\/wp\/v2\/product_brand?post=90120"},{"taxonomy":"product_cat","embeddable":true,"href":"https:\/\/soydeaqui.ddns.net\/pachuca\/index.php\/wp-json\/wp\/v2\/product_cat?post=90120"},{"taxonomy":"product_tag","embeddable":true,"href":"https:\/\/soydeaqui.ddns.net\/pachuca\/index.php\/wp-json\/wp\/v2\/product_tag?post=90120"}],"curies":[{"name":"wp","href":"https:\/\/api.w.org\/{rel}","templated":true}]}}