{"id":90107,"date":"2026-03-20T03:27:35","date_gmt":"2026-03-20T03:27:35","guid":{"rendered":"https:\/\/soydeaqui.ddns.net\/pachuca\/index.php\/producto\/punto-de-acceso-empresarial-hibrido-tq6602-gen2-wi-fi-6-4x4-3-55-gbps\/"},"modified":"2026-03-20T03:27:37","modified_gmt":"2026-03-20T03:27:37","slug":"punto-de-acceso-empresarial-hibrido-tq6602-gen2-wi-fi-6-4x4-3-55-gbps","status":"publish","type":"product","link":"https:\/\/soydeaqui.ddns.net\/pachuca\/index.php\/producto\/punto-de-acceso-empresarial-hibrido-tq6602-gen2-wi-fi-6-4x4-3-55-gbps\/","title":{"rendered":"Punto de Acceso Empresarial H\u00edbrido TQ6602 Gen2 Wi-Fi 6 (4&#215;4), 3.55 Gbps"},"content":{"rendered":"<div style='width: 100%; max-width: 1200px; margin: 0 auto; font-family: sans-serif; line-height: 1.6; color: inherit; background-color: transparent;'>\n<div style='display: flex; flex-wrap: wrap; gap: 30px; margin-bottom: 30px;'>\n<div style='flex: 1 1 300px; min-width: 280px;'>\n<h3 style='font-size: 22px; border-bottom: 2px solid currentColor; padding-bottom: 5px; margin-top: 0; color: inherit; opacity: 0.8;'>Descripci\u00f3n<\/h3>\n<p style='font-size: 15px; color: inherit; margin-top: 0; margin-bottom: 15px;'> Punto de acceso h\u00edbrido Wi-Fi 6 (4&#215;4) de muy alto rendimiento que proporciona una capacidad de 3&comma;55 Gbps <\/p>\n<p style='font-size: 15px; color: inherit; margin-top: 0; margin-bottom: 0;'> El punto de acceso inal\u00e1mbrico h\u00edbrido TQ6602 GEN2 de clase empresarial de Allied Telesis cuenta con tecnolog\u00eda Wi-Fi 6 con 4 flujos espaciales (4&#215;4) para ofrecer una capacidad bruta de 3&comma;55 Gigabits. <\/p>\n<\/p><\/div>\n<\/p><\/div>\n<div style='display: flex; flex-wrap: wrap; gap: 20px; margin-bottom: 30px;'>\n<div style='flex: 1 1 250px; border: 1px solid rgba(150&comma; 150&comma; 150&comma; 0.4); border-radius: 8px; overflow: hidden; display: flex; flex-direction: column;'>\n<div style='padding: 15px; border-bottom: 1px solid rgba(150&comma; 150&comma; 150&comma; 0.2); font-weight: bold; font-size: 18px; color: inherit;'>Caracter\u00edsticas principales<\/div>\n<div style='padding: 15px; color: inherit;'>\n<ul style='padding-left: 20px; margin: 0; font-size: 14px; list-style-type: disc;'>\n<li style='margin-bottom: 5px;'>802.11ax (Wi-Fi 6) ofrece cuatro veces el rendimiento del est\u00e1ndar Wi-Fi anterior&comma; lo que permite aplicaciones de experiencia inmersiva y capacidad futura para dispositivos IoT conectados<\/li>\n<li style='margin-bottom: 5px;'>Mejora de la capacidad y el rendimiento gracias a una mayor inteligencia de conectividad multicliente&comma; impulsada por OFDMA y tecnolog\u00eda MIMO multiusuario bidireccional<\/li>\n<li style='margin-bottom: 5px;'>Cobertura y conectividad inal\u00e1mbricas optimizadas autom\u00e1ticamente para una experiencia de usuario superior con Autonomous Wave ControlTM (AWC)*<\/li>\n<li style='margin-bottom: 5px;'>Habilite el m\u00e1ximo rendimiento y la itinerancia sin problemas en modo h\u00edbrido con funcionamiento simult\u00e1neo multicanal y de un solo canal (manta de canal)*<\/li>\n<li style='margin-bottom: 5px;'>Crecimiento de la red plug-and-play utilizando enlaces ascendentes inal\u00e1mbricos con AWC Smart Connect*<\/li>\n<li style='margin-bottom: 5px;'>Proporcione conectividad troncal de alta velocidad con 2 puertos de enlace ascendente Multi-Gigabit (1\/2.5\/5G) para eliminar cuellos de botella y maximizar el rendimiento de datos<\/li>\n<li style='margin-bottom: 5px;'>Gesti\u00f3n y supervisi\u00f3n centralizadas de su red Wi-Fi con AWC en Vista Manager&comma; o utilice la interfaz gr\u00e1fica de usuario basada en la web para facilitar la gesti\u00f3n independiente de AP<\/li>\n<li style='margin-bottom: 5px;'>Administre y rastree los dispositivos de los usuarios a medida que se mueven por el piso del edificio y entre pisos con el intercambio multidimensional inal\u00e1mbrico (MDX)&comma; que permite el seguimiento de dispositivos en tiempo real y en el historial completo con fines de seguridad o auditor\u00eda<\/li>\n<li style='margin-bottom: 5px;'>Implementaci\u00f3n flexible con puntos de acceso virtuales con varios SSID<\/li>\n<li style='margin-bottom: 5px;'>F\u00e1cil gesti\u00f3n del acceso de los usuarios con Captive Portal<\/li>\n<li style='margin-bottom: 5px; font-size: 13px;'>* Esta funci\u00f3n ser\u00e1 compatible en una futura versi\u00f3n de firmware<\/li>\n<\/ul><\/div>\n<\/p><\/div>\n<div style='flex: 1 1 250px; border: 1px solid rgba(150&comma; 150&comma; 150&comma; 0.4); border-radius: 8px; overflow: hidden; display: flex; flex-direction: column;'>\n<div style='padding: 15px; border-bottom: 1px solid rgba(150&comma; 150&comma; 150&comma; 0.2); font-weight: bold; font-size: 18px; color: inherit;'>Caracter\u00edsticas t\u00e9cnicas<\/div>\n<div style='padding: 15px; color: inherit;'>\n<ul style='padding-left: 20px; margin: 0; font-size: 14px; list-style-type: disc;'>\n<li style='margin-bottom: 5px;'><strong>Rendimiento:<\/strong> Hasta 3&comma;55 Gbps (combinado 2.4GHz + 5GHz)<\/li>\n<li style='margin-bottom: 5px;'><strong>Est\u00e1ndares inal\u00e1mbricos:<\/strong> 802.11ax (Wi-Fi 6) con tecnolog\u00eda 4&#215;4 MIMO<\/li>\n<li style='margin-bottom: 5px;'><strong>Puertos:<\/strong> 2 puertos Multi-Gigabit (1\/2.5\/5G)<\/li>\n<li style='margin-bottom: 5px;'><strong>Modos de operaci\u00f3n:<\/strong> Modo h\u00edbrido con funcionamiento simult\u00e1neo multicanal y de un solo canal<\/li>\n<li style='margin-bottom: 5px;'><strong>Caracter\u00edsticas avanzadas:<\/strong> Autonomous Wave ControlTM (AWC)&comma; AWC Smart Connect&comma; intercambio multidimensional inal\u00e1mbrico (MDX)&comma; gesti\u00f3n centralizada con Vista Manager<\/li>\n<li style='margin-bottom: 5px;'><strong>Seguridad:<\/strong> Soporte para m\u00faltiples SSID&comma; Captive Portal<\/li>\n<\/ul><\/div>\n<\/p><\/div>\n<\/p><\/div>\n<div style='display: flex; flex-wrap: wrap; gap: 30px;'>\n<div style='flex: 1 1 300px; min-width: 280px;'>\n<p style='font-size: 15px; color: inherit; margin-top: 0;'> Los puertos de enlace ascendente multigigabit garantizan el m\u00e1ximo rendimiento de la red inal\u00e1mbrica y eliminan los cuellos de botella. <\/p>\n<\/p><\/div>\n<\/p><\/div>\n<hr style='border: 0; border-top: 1px solid rgba(150&comma; 150&comma; 150&comma; 0.3); margin: 30px 0;'> <\/div>\n","protected":false},"excerpt":{"rendered":"<p>Punto de Acceso Empresarial H\u00edbrido TQ6602 Gen2 Wi-Fi 6 (4&#215;4), 3.55 Gbps<\/p>\n","protected":false},"featured_media":90106,"comment_status":"open","ping_status":"closed","template":"","meta":[],"product_brand":[],"product_cat":[1794],"product_tag":[1995,1795,1479],"class_list":{"0":"post-90107","1":"product","2":"type-product","3":"status-publish","4":"has-post-thumbnail","6":"product_cat-puntos-de-acceso","7":"product_tag-allied-telesis","8":"product_tag-puntos-de-acceso","9":"product_tag-redes-wifi","11":"first","12":"outofstock","13":"sale","14":"shipping-taxable","15":"purchasable","16":"product-type-simple"},"_links":{"self":[{"href":"https:\/\/soydeaqui.ddns.net\/pachuca\/index.php\/wp-json\/wp\/v2\/product\/90107","targetHints":{"allow":["GET"]}}],"collection":[{"href":"https:\/\/soydeaqui.ddns.net\/pachuca\/index.php\/wp-json\/wp\/v2\/product"}],"about":[{"href":"https:\/\/soydeaqui.ddns.net\/pachuca\/index.php\/wp-json\/wp\/v2\/types\/product"}],"replies":[{"embeddable":true,"href":"https:\/\/soydeaqui.ddns.net\/pachuca\/index.php\/wp-json\/wp\/v2\/comments?post=90107"}],"wp:featuredmedia":[{"embeddable":true,"href":"https:\/\/soydeaqui.ddns.net\/pachuca\/index.php\/wp-json\/wp\/v2\/media\/90106"}],"wp:attachment":[{"href":"https:\/\/soydeaqui.ddns.net\/pachuca\/index.php\/wp-json\/wp\/v2\/media?parent=90107"}],"wp:term":[{"taxonomy":"product_brand","embeddable":true,"href":"https:\/\/soydeaqui.ddns.net\/pachuca\/index.php\/wp-json\/wp\/v2\/product_brand?post=90107"},{"taxonomy":"product_cat","embeddable":true,"href":"https:\/\/soydeaqui.ddns.net\/pachuca\/index.php\/wp-json\/wp\/v2\/product_cat?post=90107"},{"taxonomy":"product_tag","embeddable":true,"href":"https:\/\/soydeaqui.ddns.net\/pachuca\/index.php\/wp-json\/wp\/v2\/product_tag?post=90107"}],"curies":[{"name":"wp","href":"https:\/\/api.w.org\/{rel}","templated":true}]}}