{"id":90098,"date":"2026-03-20T03:27:10","date_gmt":"2026-03-20T03:27:10","guid":{"rendered":"https:\/\/soydeaqui.ddns.net\/pachuca\/index.php\/producto\/radio-modular-antena-integrada-de-8-db-hasta-1-7-gbps-5-1-6-4-ghz-ip67-adaptacion-automatica-al-entorno-monitoreo-a-traves-de-la-nube-tecnologia-802-11ax\/"},"modified":"2026-03-20T03:27:15","modified_gmt":"2026-03-20T03:27:15","slug":"radio-modular-antena-integrada-de-8-db-hasta-1-7-gbps-5-1-6-4-ghz-ip67-adaptacion-automatica-al-entorno-monitoreo-a-traves-de-la-nube-tecnologia-802-11ax","status":"publish","type":"product","link":"https:\/\/soydeaqui.ddns.net\/pachuca\/index.php\/producto\/radio-modular-antena-integrada-de-8-db-hasta-1-7-gbps-5-1-6-4-ghz-ip67-adaptacion-automatica-al-entorno-monitoreo-a-traves-de-la-nube-tecnologia-802-11ax\/","title":{"rendered":"Radio Modular (&#8220;Antena integrada de 8 dB&#8221;) hasta 1.7 Gbps, (5.1 &#8211; 6.4 GHz), IP67, Adaptaci\u00f3n autom\u00e1tica al entorno, Monitoreo a trav\u00e9s de la nube,  tecnolog\u00eda 802.11AX"},"content":{"rendered":"<div style='width: 100%; max-width: 1200px; margin: 0 auto; font-family: sans-serif; line-height: 1.6; color: inherit; background-color: transparent;'>\n<div style='display: flex; flex-direction: column; gap: 30px;'> <!-- Imagen y descripci\u00f3n principal --> <\/p>\n<div style='display: flex; flex-direction: column; align-items: center; gap: 15px;'> <img style='width: 100%; height: auto; border: 1px solid rgba(150&comma;150&comma;150&comma;0.3); border-radius: 8px;' src='https:\/\/ftp3.syscom.mx\/usuarios\/fotos\/B6X\/226110-mimosa_articulos.jpg' alt=''> <\/p>\n<h2 style='font-size: 24px; margin: 0; color: inherit;'>C6X<\/h2>\n<p style='text-align: justify; font-size: 16px; color: inherit;'> Mimosa C6x: una potente radio inal\u00e1mbrica fija que ofrece hasta 1&comma;75 Gbps en modo punto a multipunto y 2&comma;0 Gbps en modo punto a punto. Con opciones de alcance adaptables y un dise\u00f1o resistente con clasificaci\u00f3n IP67&comma; la C6x est\u00e1 dise\u00f1ada para aplicaciones de cliente y backhaul sin interrupciones&comma; ofreciendo conectividad confiable y de alta velocidad en cualquier entorno. <\/p>\n<\/p><\/div>\n<p> <!-- Secci\u00f3n de caracter\u00edsticas --> <\/p>\n<div style='display: flex; flex-wrap: wrap; gap: 20px;'>\n<div style='flex: 1 1 300px; min-width: 280px;'>\n<div style='border: 1px solid rgba(150&comma; 150&comma; 150&comma; 0.4); border-radius: 8px; overflow: hidden; display: flex; flex-direction: column;'>\n<div style='padding: 15px; border-bottom: 1px solid rgba(150&comma; 150&comma; 150&comma; 0.2); font-weight: bold; font-size: 18px; color: inherit; background-color: rgba(255&comma; 102&comma; 0&comma; 0.1);'>Caracter\u00edsticas Principales:<\/div>\n<div style='padding: 15px; color: inherit;'>\n<ul style='padding-left: 20px; margin: 0; font-size: 14px; list-style-type: disc;'>\n<li style='margin-bottom: 5px;'><strong>Puerto de datos:<\/strong> 10\/100\/1000<\/li>\n<li style='margin-bottom: 5px;'><strong>Modo de operaci\u00f3n PTMP:<\/strong> Solo como Estaci\u00f3n del A6<\/li>\n<li style='margin-bottom: 5px;'><strong>Frecuencia:<\/strong> 5100-6400 MHz<\/li>\n<li style='margin-bottom: 5px;'><strong>Ganancia:<\/strong> 8 dBi (nativo)<\/li>\n<li style='margin-bottom: 5px;'><strong>Ganancia con antenas:<\/strong> 12\u201330 dBi<\/li>\n<li style='margin-bottom: 5px;'><strong>Potencia m\u00e1xima de salida:<\/strong> 27 dBm<\/li>\n<li style='margin-bottom: 5px;'><strong>Clasificaci\u00f3n IP:<\/strong> IP67<\/li>\n<li style='margin-bottom: 5px;'><strong>Monitoreo:<\/strong> En la nube de Mimosa y manejo HTTPS de monitoreo heredado de SNMPv2 y Syslog<\/li>\n<li style='margin-bottom: 5px;'><strong>Rendimiento m\u00e1ximo:<\/strong> 1.7 Gbps PHY<\/li>\n<li style='margin-bottom: 5px;'><strong>Actualizaci\u00f3n:<\/strong> Requiere actualizaci\u00f3n de firmware para correcto funcionamiento<\/li>\n<\/ul><\/div>\n<\/p><\/div>\n<\/p><\/div>\n<div style='flex: 1 1 300px; min-width: 280px;'>\n<div style='border: 1px solid rgba(150&comma; 150&comma; 150&comma; 0.4); border-radius: 8px; overflow: hidden; display: flex; flex-direction: column;'>\n<div style='padding: 15px; border-bottom: 1px solid rgba(150&comma; 150&comma; 150&comma; 0.2); font-weight: bold; font-size: 18px; color: inherit; background-color: rgba(255&comma; 102&comma; 0&comma; 0.1);'>Caracter\u00edsticas el\u00e9ctricas:<\/div>\n<div style='padding: 15px; color: inherit;'>\n<ul style='padding-left: 20px; margin: 0; font-size: 14px; list-style-type: disc;'>\n<li style='margin-bottom: 5px;'><strong>Requiere adaptador PoE:<\/strong> POE50V y Cable de alimentaci\u00f3n (PCC53)<\/li>\n<li style='margin-bottom: 5px;'><strong>Consumo m\u00e1ximo de energ\u00eda:<\/strong> 20 W<\/li>\n<li style='margin-bottom: 5px;'><strong>Fuente de alimentaci\u00f3n PoE:<\/strong> Compatible con POE pasivo&comma; 48\u201356 V (inyector PoE no incluido)<\/li>\n<li style='margin-bottom: 5px;'><strong>Nota:<\/strong> Para alineaci\u00f3n en vertical utilizar U-MOUNT o FLEXIMOUNT (NO INCLUIDO)<\/li>\n<li style='margin-bottom: 5px;'><strong>Tipo de conector:<\/strong> Gu\u00eda de onda<\/li>\n<li style='margin-bottom: 5px;'><strong>Peso:<\/strong> 0.7 kg<\/li>\n<li style='margin-bottom: 5px;'><strong>Temperatura operacional:<\/strong> -40 a 55 \u00baC<\/li>\n<li style='margin-bottom: 5px;'><strong>Dimensiones:<\/strong> Altura (178 mm)&comma; Ancho (113 mm)&comma; Profundidad (67 mm)<\/li>\n<\/ul><\/div>\n<\/p><\/div>\n<\/p><\/div>\n<\/p><\/div>\n<p> <!-- Secci\u00f3n de valor --> <\/p>\n<div style='display: flex; flex-direction: column; align-items: center; gap: 15px; text-align: center;'>\n<h2 style='font-size: 24px; margin: 0; color: inherit;'><span style='color: #d35400;'>Valor<\/span><\/h2>\n<p style='font-weight: bold; font-size: 16px; color: inherit; margin: 0;'>L\u00edder en relaci\u00f3n precio-rendimiento<\/p>\n<p style='font-size: 15px; color: inherit; margin: 0;'> El resistente C6x de Mimosa establece un nuevo est\u00e1ndar de velocidad asequible y reducci\u00f3n de interferencias. Aprovechando las \u00faltimas tecnolog\u00edas inal\u00e1mbricas y el acceso a nuevas bandas de 6 GHz&comma; el C6x ofrece velocidades de latencia ultrabaja de hasta 1&comma;75 Gbps con alta confiabilidad&comma; gracias a funciones avanzadas de reducci\u00f3n de ruido. <\/p>\n<p> <a style='text-decoration: none; display: inline-block; padding: 10px 20px; font-size: 16px; font-weight: 400; color: #d35400; border: 1px solid #d35400; border-radius: 8px; transition: all 0.15s ease-in-out; background-color: transparent;' href='https:\/\/mimosa.co\/design-tool' target='_blank' rel='noopener noreferrer'> Herramienta de dise\u00f1o Mimosa <\/a> <\/div>\n<\/p><\/div>\n<\/p><\/div>\n","protected":false},"excerpt":{"rendered":"<p>Radio Modular (&#8220;Antena integrada de 8 dB&#8221;) hasta 1.7 Gbps, (5.1 &#8211; 6.4 GHz), IP67, Adaptaci\u00f3n autom\u00e1tica al entorno, Monitoreo a trav\u00e9s de la nube,  tecnolog\u00eda 802.11AX<\/p>\n","protected":false},"featured_media":90097,"comment_status":"open","ping_status":"closed","template":"","meta":[],"product_brand":[],"product_cat":[1998],"product_tag":[1999,1980,2046],"class_list":{"0":"post-90098","1":"product","2":"type-product","3":"status-publish","4":"has-post-thumbnail","6":"product_cat-5-y-6-ghz","7":"product_tag-5-y-6-ghz","8":"product_tag-enlaces-ptp-y-ptmp","9":"product_tag-mimosa-networks","11":"first","12":"outofstock","13":"sale","14":"shipping-taxable","15":"purchasable","16":"product-type-simple"},"_links":{"self":[{"href":"https:\/\/soydeaqui.ddns.net\/pachuca\/index.php\/wp-json\/wp\/v2\/product\/90098","targetHints":{"allow":["GET"]}}],"collection":[{"href":"https:\/\/soydeaqui.ddns.net\/pachuca\/index.php\/wp-json\/wp\/v2\/product"}],"about":[{"href":"https:\/\/soydeaqui.ddns.net\/pachuca\/index.php\/wp-json\/wp\/v2\/types\/product"}],"replies":[{"embeddable":true,"href":"https:\/\/soydeaqui.ddns.net\/pachuca\/index.php\/wp-json\/wp\/v2\/comments?post=90098"}],"wp:featuredmedia":[{"embeddable":true,"href":"https:\/\/soydeaqui.ddns.net\/pachuca\/index.php\/wp-json\/wp\/v2\/media\/90097"}],"wp:attachment":[{"href":"https:\/\/soydeaqui.ddns.net\/pachuca\/index.php\/wp-json\/wp\/v2\/media?parent=90098"}],"wp:term":[{"taxonomy":"product_brand","embeddable":true,"href":"https:\/\/soydeaqui.ddns.net\/pachuca\/index.php\/wp-json\/wp\/v2\/product_brand?post=90098"},{"taxonomy":"product_cat","embeddable":true,"href":"https:\/\/soydeaqui.ddns.net\/pachuca\/index.php\/wp-json\/wp\/v2\/product_cat?post=90098"},{"taxonomy":"product_tag","embeddable":true,"href":"https:\/\/soydeaqui.ddns.net\/pachuca\/index.php\/wp-json\/wp\/v2\/product_tag?post=90098"}],"curies":[{"name":"wp","href":"https:\/\/api.w.org\/{rel}","templated":true}]}}