{"id":90092,"date":"2026-03-20T03:26:53","date_gmt":"2026-03-20T03:26:53","guid":{"rendered":"https:\/\/soydeaqui.ddns.net\/pachuca\/index.php\/producto\/receptor-de-audio-bluetooth-5-0-a-rca-o-auxiliar-3-5mm-tecnologia-edr-reconexion-automatica-hasta-10-m-ideal-para-conectar-celulares-o-tabletas-hacia-alguna-bocina-o-sistema-de-audio\/"},"modified":"2026-03-20T03:27:04","modified_gmt":"2026-03-20T03:27:04","slug":"receptor-de-audio-bluetooth-5-0-a-rca-o-auxiliar-3-5mm-tecnologia-edr-reconexion-automatica-hasta-10-m-ideal-para-conectar-celulares-o-tabletas-hacia-alguna-bocina-o-sistema-de-audio","status":"publish","type":"product","link":"https:\/\/soydeaqui.ddns.net\/pachuca\/index.php\/producto\/receptor-de-audio-bluetooth-5-0-a-rca-o-auxiliar-3-5mm-tecnologia-edr-reconexion-automatica-hasta-10-m-ideal-para-conectar-celulares-o-tabletas-hacia-alguna-bocina-o-sistema-de-audio\/","title":{"rendered":"Receptor de Audio Bluetooth 5.0 a RCA o Auxiliar 3.5mm \/ Tecnolog\u00eda EDR \/ Reconexi\u00f3n Autom\u00e1tica \/ Hasta 10 m \/ Ideal para Conectar Celulares, o Tabletas hacia alguna Bocina o Sistema de Audio"},"content":{"rendered":"<div style='width: 100%; max-width: 1200px; margin: 0 auto; font-family: sans-serif; line-height: 1.6; color: inherit; background-color: transparent;'>\n<div style='width: 100%; overflow: hidden; margin-bottom: 30px;'> <img style='width: 100%; height: auto; border: 1px solid rgba(150&comma;150&comma;150&comma;0.3); border-radius: 0;' src='http:\/\/ftp3.syscom.mx\/usuarios\/hallende\/UGREEN2\/Audio\/30445\/30445-10.jpg' alt=''> <\/div>\n<div style='display: flex; flex-wrap: wrap; gap: 30px; margin-bottom: 30px;'>\n<div style='flex: 1 1 300px; min-width: 280px;'>\n<h3 style='font-size: 22px; border-bottom: 2px solid currentColor; padding-bottom: 5px; margin-top: 0; color: inherit; opacity: 0.8;'>Caracter\u00edsticas Principales<\/h3>\n<ul style='padding-left: 20px; font-size: 15px; color: inherit;'>\n<li style='margin-bottom: 5px;'>El adaptador RCA Bluetooth UGREEN podr\u00eda convertir un sistema est\u00e9reo o amplificador normal en un sistema Bluetooth. Con \u00e9l&comma; puede disfrutar de m\u00fasica inal\u00e1mbrica desde su tel\u00e9fono celular sin la molestia de una conexi\u00f3n por cable. Solo con\u00e9ctelo a conectores de audio de 3.5 mm o RCA a trav\u00e9s de conectores de audio de 3.5 mm y RCA para convertir altavoces normales en altavoces Bluetooth.<\/li>\n<\/ul><\/div>\n<div style='flex: 1 1 300px; min-width: 280px;'>\n<h3 style='font-size: 22px; border-bottom: 2px solid currentColor; padding-bottom: 5px; margin-top: 0; color: inherit; opacity: 0.8;'>Caracter\u00edsticas Principales<\/h3>\n<ul style='padding-left: 20px; font-size: 15px; color: inherit;'>\n<li style='margin-bottom: 5px;'>Con Bluetooth 5.0&comma; el adaptador de audio Bluetooth transmite el sonido mucho m\u00e1s r\u00e1pido y de manera m\u00e1s estable&comma; y la distancia de transmisi\u00f3n de Bluetooth puede ser de hasta 10M&comma; por lo que la transmisi\u00f3n inal\u00e1mbrica de m\u00fasica no se detiene aunque su tel\u00e9fono celular est\u00e9 lejos del est\u00e9reo. La tecnolog\u00eda EDR admiten una conexi\u00f3n r\u00e1pida y estable. Despu\u00e9s de que el dispositivo se reinicie&comma; se conectar\u00e1 autom\u00e1ticamente al \u00faltimo dispositivo Bluetooth conectado.<\/li>\n<\/ul><\/div>\n<div style='flex: 1 1 300px; min-width: 280px;'>\n<h3 style='font-size: 22px; border-bottom: 2px solid currentColor; padding-bottom: 5px; margin-top: 0; color: inherit; opacity: 0.8;'>Caracter\u00edsticas Principales<\/h3>\n<ul style='padding-left: 20px; font-size: 15px; color: inherit;'>\n<li style='margin-bottom: 5px;'>Enchufa el Jack de 3.5mm o los cables de audio 2RCA audio al receptor y los reproductores&comma; empareja con tu Bluetooth&comma; y enseguida se reproduce la m\u00fasica de forma inal\u00e1mbrica. Dispone de memoria de reconexi\u00f3n autom\u00e1tica para los \u00faltimos 5 dispositivos emparejados. Para cargar el receptor&comma; solo necesita un dispositivo de carga USB normal&comma; como un cargador USB.<\/li>\n<\/ul><\/div>\n<div style='flex: 1 1 300px; min-width: 280px;'>\n<h3 style='font-size: 22px; border-bottom: 2px solid currentColor; padding-bottom: 5px; margin-top: 0; color: inherit; opacity: 0.8;'>Caracter\u00edsticas Principales<\/h3>\n<ul style='padding-left: 20px; font-size: 15px; color: inherit;'>\n<li style='margin-bottom: 5px;'>Solo se necesitan 2 horas para cargar completamente el adaptador Bluetooth&comma; que puede satisfacer 8 horas de uso continuo&comma; lo cual es suficiente para las necesidades diarias. Tambi\u00e9n es compatible con el uso durante la carga y no afecta el efecto de uso debido a la baja potencia.<\/li>\n<\/ul><\/div>\n<div style='flex: 1 1 300px; min-width: 280px;'>\n<h3 style='font-size: 22px; border-bottom: 2px solid currentColor; padding-bottom: 5px; margin-top: 0; color: inherit; opacity: 0.8;'>M\u00faltiples Formatos de Audio<\/h3>\n<ul style='padding-left: 20px; font-size: 15px; color: inherit;'>\n<li style='margin-bottom: 5px;'>El adaptador de audio Bluetooth le permite conectar altavoces Hi-Fi v\u00eda Bluetooth a su computadora y tel\u00e9fono m\u00f3vil mediante un cable de audio de 3.5 mm o un cable de audio 2RCA. Ideal para sistemas de cine en casa&comma; est\u00e9reos y radios de autom\u00f3viles.<\/li>\n<\/ul><\/div>\n<div style='flex: 1 1 300px; min-width: 280px;'>\n<h3 style='font-size: 22px; border-bottom: 2px solid currentColor; padding-bottom: 5px; margin-top: 0; color: inherit; opacity: 0.8;'>Sonido Est\u00e9reo Inigualable<\/h3>\n<ul style='padding-left: 20px; font-size: 15px; color: inherit;'>\n<li style='margin-bottom: 5px;'>Enchufa el Jack de 3.5mm o los cables de audio 2RCA audio al receptor y los reproductores&comma; empareja con tu Bluetooth&comma; y enseguida se reproduce la m\u00fasica de forma inal\u00e1mbrica. Dispone de memoria de reconexi\u00f3n autom\u00e1tica para los \u00faltimos 5 dispositivos emparejados. Para cargar el receptor&comma; solo necesita un dispositivo de carga USB normal&comma; como un cargador USB.<\/li>\n<\/ul><\/div>\n<\/p><\/div>\n<div style='width: 100%; overflow: hidden; margin-bottom: 30px;'> <img style='width: 100%; height: auto; border: 1px solid rgba(150&comma;150&comma;150&comma;0.3); border-radius: 0;' src='http:\/\/ftp3.syscom.mx\/usuarios\/hallende\/UGREEN2\/Audio\/30445\/30445-11.jpg' alt=''> <\/div>\n<div style='display: flex; flex-wrap: wrap; gap: 30px; margin-bottom: 30px;'>\n<div style='flex: 1 1 300px; min-width: 280px;'>\n<h3 style='font-size: 22px; border-bottom: 2px solid currentColor; padding-bottom: 5px; margin-top: 0; color: inherit; opacity: 0.8;'>Alcance de 10m<\/h3>\n<ul style='padding-left: 20px; font-size: 15px; color: inherit;'>\n<li style='margin-bottom: 5px;'>Con un largo alcance de hasta 10 m&comma; la transmisi\u00f3n de la se\u00f1al no est\u00e1 limitada. Disfruta de la absoluta libertad de los cables.<\/li>\n<\/ul><\/div>\n<div style='flex: 1 1 300px; min-width: 280px;'>\n<h3 style='font-size: 22px; border-bottom: 2px solid currentColor; padding-bottom: 5px; margin-top: 0; color: inherit; opacity: 0.8;'>2 Dispositivos al Mismo Tiempo<\/h3>\n<ul style='padding-left: 20px; font-size: 15px; color: inherit;'>\n<li style='margin-bottom: 5px;'>Se pueden conectar 2 dispositivos Bluetooth&comma; como tel\u00e9fonos m\u00f3viles&comma; al receptor al mismo tiempo. Despu\u00e9s de emparejar los 2 tel\u00e9fonos&comma; no siempre tiene que desemparejar los dispositivos. El receptor reconoce autom\u00e1ticamente cu\u00e1l est\u00e1 actualmente activo.<\/li>\n<\/ul><\/div>\n<div style='flex: 1 1 300px; min-width: 280px;'>\n<h3 style='font-size: 22px; border-bottom: 2px solid currentColor; padding-bottom: 5px; margin-top: 0; color: inherit; opacity: 0.8;'>Dise\u00f1o Fiable y Pr\u00e1ctico<\/h3>\n<ul style='padding-left: 20px; font-size: 15px; color: inherit;'>\n<li style='margin-bottom: 5px;'>La almohadilla de silicona negra antideslizante en la parte inferior del receptor brinda m\u00e1s estabilidad cuando los cables conectados a \u00e9l se mueven al enchufarlo\/desenchufarlo. El indicador LED puede mostrar claramente el estado actual. La luz diferente le permite operar y cambiar el adaptador Bluetooth de manera m\u00e1s conveniente.<\/li>\n<\/ul><\/div>\n<div style='flex: 1 1 300px; min-width: 280px;'>\n<h3 style='font-size: 22px; border-bottom: 2px solid currentColor; padding-bottom: 5px; margin-top: 0; color: inherit; opacity: 0.8;'>Contenido del Paquete<\/h3>\n<ul style='padding-left: 20px; font-size: 15px; color: inherit;'>\n<li style='margin-bottom: 5px;'>1 x UGREEN Receptor Bluetooth 5.0<\/li>\n<li style='margin-bottom: 5px;'>1 x 3.5mm Cable de Audio<\/li>\n<li style='margin-bottom: 5px;'>1 x Cable Micro USB para Alimentaci\u00f3n<\/li>\n<li style='margin-bottom: 5px;'>1 x Manual de Instrucciones<\/li>\n<\/ul><\/div>\n<\/p><\/div>\n<div style='width: 100%; overflow: hidden; margin-bottom: 30px;'> <img style='width: 100%; height: auto; border: 1px solid rgba(150&comma;150&comma;150&comma;0.3); border-radius: 0;' src='http:\/\/ftp3.syscom.mx\/usuarios\/hallende\/UGREEN2\/Audio\/30445\/30445-12.jpg' alt=''> <\/div>\n<div style='display: flex; flex-wrap: wrap; gap: 20px; margin-bottom: 30px;'>\n<div style='flex: 1 1 250px; border: 1px solid rgba(150&comma; 150&comma; 150&comma; 0.4); border-radius: 8px; overflow: hidden; display: flex; flex-direction: column;'>\n<div style='padding: 15px; border-bottom: 1px solid rgba(150&comma; 150&comma; 150&comma; 0.2); font-weight: bold; font-size: 18px; color: inherit;'>Especificaciones<\/div>\n<div style='padding: 15px; color: inherit;'>\n<ul style='padding-left: 20px; margin: 0; font-size: 14px; list-style-type: disc;'>\n<li style='margin-bottom: 5px;'><strong>Versi\u00f3n de Bluetooth:<\/strong> V5.0+EDR<\/li>\n<li style='margin-bottom: 5px;'><strong>Salida de audio:<\/strong> 3.5mm audio y R\/L hembra<\/li>\n<li style='margin-bottom: 5px;'><strong>Capacidad de la bater\u00eda:<\/strong> 3.7V \/ 200mAh<\/li>\n<li style='margin-bottom: 5px;'><strong>Dimensi\u00f3n:<\/strong> L66.6xW66.6xH24 (mm)<\/li>\n<li style='margin-bottom: 5px;'><strong>Garant\u00eda:<\/strong> 1 A\u00f1o por defectos de fabricaci\u00f3n<\/li>\n<\/ul><\/div>\n<\/p><\/div>\n<\/p><\/div>\n<\/p><\/div>\n","protected":false},"excerpt":{"rendered":"<p>Receptor de Audio Bluetooth 5.0 a RCA o Auxiliar 3.5mm \/ Tecnolog\u00eda EDR \/ Reconexi\u00f3n Autom\u00e1tica \/ Hasta 10 m \/ Ideal para Conectar Celulares, o Tabletas hacia alguna Bocina o Sistema de Audio<\/p>\n","protected":false},"featured_media":90091,"comment_status":"open","ping_status":"closed","template":"","meta":[],"product_brand":[],"product_cat":[2204],"product_tag":[93,52,650],"class_list":{"0":"post-90092","1":"product","2":"type-product","3":"status-publish","4":"has-post-thumbnail","6":"product_cat-accesorios-audio-residencial-comercial","7":"product_tag-accesorios","8":"product_tag-audio-residencial-comercial","9":"product_tag-ugreen","11":"first","12":"instock","13":"sale","14":"shipping-taxable","15":"purchasable","16":"product-type-simple"},"_links":{"self":[{"href":"https:\/\/soydeaqui.ddns.net\/pachuca\/index.php\/wp-json\/wp\/v2\/product\/90092","targetHints":{"allow":["GET"]}}],"collection":[{"href":"https:\/\/soydeaqui.ddns.net\/pachuca\/index.php\/wp-json\/wp\/v2\/product"}],"about":[{"href":"https:\/\/soydeaqui.ddns.net\/pachuca\/index.php\/wp-json\/wp\/v2\/types\/product"}],"replies":[{"embeddable":true,"href":"https:\/\/soydeaqui.ddns.net\/pachuca\/index.php\/wp-json\/wp\/v2\/comments?post=90092"}],"wp:featuredmedia":[{"embeddable":true,"href":"https:\/\/soydeaqui.ddns.net\/pachuca\/index.php\/wp-json\/wp\/v2\/media\/90091"}],"wp:attachment":[{"href":"https:\/\/soydeaqui.ddns.net\/pachuca\/index.php\/wp-json\/wp\/v2\/media?parent=90092"}],"wp:term":[{"taxonomy":"product_brand","embeddable":true,"href":"https:\/\/soydeaqui.ddns.net\/pachuca\/index.php\/wp-json\/wp\/v2\/product_brand?post=90092"},{"taxonomy":"product_cat","embeddable":true,"href":"https:\/\/soydeaqui.ddns.net\/pachuca\/index.php\/wp-json\/wp\/v2\/product_cat?post=90092"},{"taxonomy":"product_tag","embeddable":true,"href":"https:\/\/soydeaqui.ddns.net\/pachuca\/index.php\/wp-json\/wp\/v2\/product_tag?post=90092"}],"curies":[{"name":"wp","href":"https:\/\/api.w.org\/{rel}","templated":true}]}}