{"id":90056,"date":"2026-03-20T03:25:18","date_gmt":"2026-03-20T03:25:18","guid":{"rendered":"https:\/\/soydeaqui.ddns.net\/pachuca\/index.php\/producto\/blueparrott-b350-xt-cancelacion-de-ruido-del-96-bluetooth-ip54-control-de-voz-para-ambientes-ruidosos-204260\/"},"modified":"2026-03-20T03:25:24","modified_gmt":"2026-03-20T03:25:24","slug":"blueparrott-b350-xt-cancelacion-de-ruido-del-96-bluetooth-ip54-control-de-voz-para-ambientes-ruidosos-204260","status":"publish","type":"product","link":"https:\/\/soydeaqui.ddns.net\/pachuca\/index.php\/producto\/blueparrott-b350-xt-cancelacion-de-ruido-del-96-bluetooth-ip54-control-de-voz-para-ambientes-ruidosos-204260\/","title":{"rendered":"BlueParrott B350-XT , cancelaci\u00f3n de ruido del 96%, Bluetooth, IP54, control de voz, para ambientes ruidosos (204260)."},"content":{"rendered":"<div style='width: 100%; max-width: 1200px; margin: 0 auto; font-family: sans-serif; line-height: 1.6; color: inherit; background-color: transparent;'> <!-- Videos --> <\/p>\n<div style='display: flex; flex-wrap: wrap; gap: 30px; margin-bottom: 30px;'>\n<div style='flex: 1 1 450px; min-width: 300px;'>\n<div style='position: relative; padding-bottom: 56.25%; height: 0; overflow: hidden; margin-bottom: 30px;'>   <\/div>\n<\/p><\/div>\n<div style='flex: 1 1 450px; min-width: 300px;'>\n<div style='position: relative; padding-bottom: 56.25%; height: 0; overflow: hidden; margin-bottom: 30px;'>   <\/div>\n<\/p><\/div>\n<\/p><\/div>\n<p> <!-- Imagen y t\u00edtulo --> <\/p>\n<div style='display: flex; flex-wrap: wrap; gap: 30px; margin-bottom: 30px;'>\n<div style='flex: 1 1 300px; min-width: 280px;'> <img style='width: 100%; height: auto; border: 1px solid rgba(150&comma;150&comma;150&comma;0.3); border-radius: 8px;' src='https:\/\/ftp3.syscom.mx\/usuarios\/fotos\/B350XT\/207045-captura_de_pantalla_2022-03-18_a_la(s)_10.12.28.png' alt=''> <\/div>\n<div style='flex: 1 1 300px; min-width: 280px;'>\n<h3 style='font-size: 22px; border-bottom: 2px solid currentColor; padding-bottom: 5px; margin-top: 0; color: inherit; opacity: 0.8;'>B350 XT<\/h3>\n<h3 style='font-size: 22px; border-bottom: 2px solid currentColor; padding-bottom: 5px; margin-top: 0; color: inherit; opacity: 0.8;'>Dise\u00f1ado para llamadas superiores en entornos de mucho ruido<\/h3>\n<\/p><\/div>\n<\/p><\/div>\n<p> <!-- Caracter\u00edsticas principales --> <\/p>\n<div style='display: flex; flex-wrap: wrap; gap: 30px; margin-bottom: 30px;'>\n<div style='flex: 1 1 300px; min-width: 280px;'>\n<h3 style='font-size: 22px; border-bottom: 2px solid currentColor; padding-bottom: 5px; margin-top: 0; color: inherit; opacity: 0.8;'>Cancelaci\u00f3n de ruido y comodidad<\/h3>\n<p style='font-size: 15px; color: inherit;'>El nuevo BlueParrott B350-XT est\u00e1 repleto de caracter\u00edsticas dise\u00f1adas para mejorar su vida en movimiento. Adem\u00e1s de nuestra cancelaci\u00f3n de ruido del 96% l\u00edder en la industria&comma; este auricular liviano ahora es lo suficientemente resistente para manejar la vida en la carretera&comma; con protecci\u00f3n con clasificaci\u00f3n IP54 contra el polvo y la humedad. Ahora tambi\u00e9n es m\u00e1s c\u00f3modo&comma; con una diadema m\u00e1s ancha y ha agregado control de voz&comma; para que pueda responder y rechazar llamadas usando solo su voz.<\/p>\n<\/p><\/div>\n<div style='flex: 1 1 300px; min-width: 280px;'> <img style='width: 100%; height: auto; border: 1px solid rgba(150&comma;150&comma;150&comma;0.3); border-radius: 8px;' src='https:\/\/ftp3.syscom.mx\/usuarios\/fotos\/B350XT\/207045-captura_de_pantalla_2022-03-18_a_la(s)_10.16.36.png' alt=''> <\/div>\n<\/p><\/div>\n<p> <!-- Escenarios de uso --> <\/p>\n<div style='margin-bottom: 30px;'>\n<h2 style='text-align: center; font-size: 24px; color: inherit; opacity: 0.8; margin-bottom: 5px;'>Escenarios donde aplica<\/h2>\n<h3 style='text-align: center; font-size: 18px; color: #2880b9; margin: 10px 0;'>Cancelaci\u00f3n de ruido l\u00edder en la industria<\/h3>\n<p style='text-align: center; font-size: 15px; margin: 0 auto; max-width: 800px; color: inherit;'>Bloquea el 96 % del ruido de fondo.* Conc\u00e9ntrese en sus llamadas&comma; direcciones de GPS o m\u00fasica&comma; independientemente del ruido a su alrededor.<\/p>\n<\/p><\/div>\n<p> <!-- Tarjetas de segmentos --> <\/p>\n<div style='display: flex; flex-wrap: wrap; gap: 30px; margin-bottom: 30px;'>\n<div style='flex: 1 1 300px; min-width: 280px; border: 1px solid rgba(150&comma; 150&comma; 150&comma; 0.3); border-radius: 8px; overflow: hidden; display: flex; flex-direction: column;'> <img style='width: 100%; height: auto; border-bottom: 1px solid rgba(150&comma; 150&comma; 150&comma; 0.3);' src='https:\/\/ftp3.syscom.mx\/usuarios\/fotos\/B350XT\/207045-captura_de_pantalla_2022-03-18_a_la(s)_10.21.14.png' alt=''> <\/p>\n<div style='padding: 15px; color: inherit;'>\n<h3 style='text-align: center; font-size: 20px; color: inherit; margin-top: 0;'>Conductores Profesionales<\/h3>\n<p style='text-align: center; font-size: 14px; color: inherit;'>Dise\u00f1o para mantener a los conductores profesionales en contacto mientras viajan&comma; con una calidad de llamada excepcional&comma; trabajo seguro con manos libres con control de voz&comma; bater\u00eda de larga duraci\u00f3n y m\u00e1s.<\/p>\n<\/p><\/div>\n<\/p><\/div>\n<div style='flex: 1 1 300px; min-width: 280px; border: 1px solid rgba(150&comma; 150&comma; 150&comma; 0.3); border-radius: 8px; overflow: hidden; display: flex; flex-direction: column;'> <img style='width: 100%; height: auto; border-bottom: 1px solid rgba(150&comma; 150&comma; 150&comma; 0.3);' src='https:\/\/ftp3.syscom.mx\/usuarios\/fotos\/B350XT\/207045-captura_de_pantalla_2022-03-18_a_la(s)_10.27.18.png' alt=''> <\/p>\n<div style='padding: 15px; color: inherit;'>\n<h3 style='text-align: center; font-size: 20px; color: inherit; margin-top: 0;'>Personal de servicio en campo<\/h3>\n<p style='text-align: center; font-size: 14px; color: inherit;'>Dise\u00f1ado para mantener al personal de servicio de campo en contacto mientras est\u00e1 en movimiento&comma; con un rendimiento de llamada excepcional en entornos ruidosos&comma; durabilidad con clasificaci\u00f3n IP54&comma; tiempos de conversaci\u00f3n prolongados y m\u00e1s.<\/p>\n<\/p><\/div>\n<\/p><\/div>\n<div style='flex: 1 1 300px; min-width: 280px; border: 1px solid rgba(150&comma; 150&comma; 150&comma; 0.3); border-radius: 8px; overflow: hidden; display: flex; flex-direction: column;'> <img style='width: 100%; height: auto; border-bottom: 1px solid rgba(150&comma; 150&comma; 150&comma; 0.3);' src='https:\/\/ftp3.syscom.mx\/usuarios\/fotos\/B350XT\/207045-captura_de_pantalla_2022-03-18_a_la(s)_10.30.12.png' alt=''> <\/p>\n<div style='padding: 15px; color: inherit;'>\n<h3 style='text-align: center; font-size: 20px; color: inherit; margin-top: 0;'>Trabajadores de almac\u00e9n<\/h3>\n<p style='text-align: center; font-size: 14px; color: inherit;'>Dise\u00f1ado para mejorar la productividad y las comunicaciones de los trabajadores de almac\u00e9n&comma; con un rendimiento superior en entornos de alto ruido&comma; largo alcance inal\u00e1mbrico&comma; pulsar para hablar y m\u00e1s.<\/p>\n<\/p><\/div>\n<\/p><\/div>\n<\/p><\/div>\n<p> <!-- Especificaciones --> <\/p>\n<div style='margin-bottom: 30px;'>\n<h2 style='font-size: 24px; color: inherit; opacity: 0.8; margin-bottom: 20px;'>Especificaciones<\/h2>\n<div style='display: flex; flex-wrap: wrap; gap: 20px;'>\n<div style='flex: 1 1 250px; border: 1px solid rgba(150&comma; 150&comma; 150&comma; 0.4); border-radius: 8px; overflow: hidden; display: flex; flex-direction: column;'>\n<div style='padding: 15px; border-bottom: 1px solid rgba(150&comma; 150&comma; 150&comma; 0.2); font-weight: bold; font-size: 18px; color: inherit;'>Audio<\/div>\n<div style='padding: 15px; color: inherit;'>\n<ul style='padding-left: 20px; margin: 0; font-size: 14px; list-style-type: disc;'>\n<li style='margin-bottom: 5px;'>Altavoz: 36 mm<\/li>\n<li style='margin-bottom: 5px;'>Sensibilidad del altavoz: 123 dB SPL a 1 mW\/1 kHz<\/li>\n<li style='margin-bottom: 5px;'>Potencia m\u00e1xima de entrada del altavoz: 50 mW<\/li>\n<li style='margin-bottom: 5px;'>Rango de frecuencia del altavoz: 150-6800 Hz<\/li>\n<li style='margin-bottom: 5px;'>Tipo de micr\u00f3fono: electreto bidireccional<\/li>\n<li style='margin-bottom: 5px;'>Rango de frecuencia del micr\u00f3fono: 150-6800 Hz<\/li>\n<li style='margin-bottom: 5px;'>Sensibilidad del micr\u00f3fono: -47dBV\/Pa<\/li>\n<li style='margin-bottom: 5px;'>Bloquea el 96 % del ruido de fondo*<\/li>\n<\/ul><\/div>\n<\/p><\/div>\n<div style='flex: 1 1 250px; border: 1px solid rgba(150&comma; 150&comma; 150&comma; 0.4); border-radius: 8px; overflow: hidden; display: flex; flex-direction: column;'>\n<div style='padding: 15px; border-bottom: 1px solid rgba(150&comma; 150&comma; 150&comma; 0.2); font-weight: bold; font-size: 18px; color: inherit;'>Facilidad de uso<\/div>\n<div style='padding: 15px; color: inherit;'>\n<ul style='padding-left: 20px; margin: 0; font-size: 14px; list-style-type: disc;'>\n<li style='margin-bottom: 5px;'>Dispositivos emparejados: Hasta 8&comma; conectados a dos a la vez (multiuso)<\/li>\n<li style='margin-bottom: 5px;'>Estilo de uso: Sobre la cabeza (OTH)<\/li>\n<li style='margin-bottom: 5px;'>Aplicaci\u00f3n: Aplicaci\u00f3n BlueParrott y actualizador BlueParrott<\/li>\n<li style='margin-bottom: 5px;'>Responder\/finalizar\/rechazar llamada&comma; LED para indicador de encendido\/emparejamiento&comma; distribuci\u00f3n de audio avanzada (A2DP) para m\u00fasica&comma; transmisi\u00f3n de podcast y GPS**&comma; marcaci\u00f3n por voz (activar Siri\u00ae\/Google Assistant\u2122)**&comma; gu\u00eda de voz&comma; NFC&comma; HD voz&comma; subir\/bajar volumen&comma; Parrott Button\u2122 personalizable&comma; VoiceControl\u2122&comma; IP54 resistente al agua y al polvo<\/li>\n<\/ul><\/div>\n<\/p><\/div>\n<div style='flex: 1 1 250px; border: 1px solid rgba(150&comma; 150&comma; 150&comma; 0.4); border-radius: 8px; overflow: hidden; display: flex; flex-direction: column;'>\n<div style='padding: 15px; border-bottom: 1px solid rgba(150&comma; 150&comma; 150&comma; 0.2); font-weight: bold; font-size: 18px; color: inherit;'>Bater\u00eda<\/div>\n<div style='padding: 15px; color: inherit;'>\n<ul style='padding-left: 20px; margin: 0; font-size: 14px; list-style-type: disc;'>\n<li style='margin-bottom: 5px;'>Tiempo de conversaci\u00f3n: hasta 24 horas<\/li>\n<li style='margin-bottom: 5px;'>Tiempo de espera: 500+ horas<\/li>\n<li style='margin-bottom: 5px;'>Tiempo de carga: Aprox. 3 horas<\/li>\n<li style='margin-bottom: 5px;'>Corriente de carga de la bater\u00eda: 300mA (auriculares)<\/li>\n<li style='margin-bottom: 5px;'>Cable de carga USB: Conector USB-A a Micro USB est\u00e1ndar (1 m)<\/li>\n<\/ul><\/div>\n<\/p><\/div>\n<div style='flex: 1 1 250px; border: 1px solid rgba(150&comma; 150&comma; 150&comma; 0.4); border-radius: 8px; overflow: hidden; display: flex; flex-direction: column;'>\n<div style='padding: 15px; border-bottom: 1px solid rgba(150&comma; 150&comma; 150&comma; 0.2); font-weight: bold; font-size: 18px; color: inherit;'>Conectividad<\/div>\n<div style='padding: 15px; color: inherit;'>\n<ul style='padding-left: 20px; margin: 0; font-size: 14px; list-style-type: disc;'>\n<li style='margin-bottom: 5px;'>Cumplimiento de Bluetooth\u00ae: Bluetooth\u00ae versi\u00f3n 5<\/li>\n<li style='margin-bottom: 5px;'>Perfiles de Bluetooth\u00ae compatibles: Distribuci\u00f3n de audio avanzada (A2DP) v1.3.1&comma; perfil de manos libres v1.7&comma; perfil de auriculares v1.2<\/li>\n<li style='margin-bottom: 5px;'>Modos admitidos: EDR (2 y 3 Mb)&comma; SCO&comma; eSCO&comma; modo sniff<\/li>\n<li style='margin-bottom: 5px;'>Seguridad: cifrado de 128 bits<\/li>\n<li style='margin-bottom: 5px;'>Rango de operaci\u00f3n: Hasta 100 metros (300 pies)*<\/li>\n<\/ul><\/div>\n<\/p><\/div>\n<div style='flex: 1 1 250px; border: 1px solid rgba(150&comma; 150&comma; 150&comma; 0.4); border-radius: 8px; overflow: hidden; display: flex; flex-direction: column;'>\n<div style='padding: 15px; border-bottom: 1px solid rgba(150&comma; 150&comma; 150&comma; 0.2); font-weight: bold; font-size: 18px; color: inherit;'>General<\/div>\n<div style='padding: 15px; color: inherit;'>\n<ul style='padding-left: 20px; margin: 0; font-size: 14px; list-style-type: disc;'>\n<li style='margin-bottom: 5px;'>Peso de los auriculares y\/o del estuche de carga: Auriculares: 98 gramos (3.5 oz)<\/li>\n<li style='margin-bottom: 5px;'>Dimensiones de los auriculares: Auricular L 165 x W 140 x H 50 mm (6&comma;6 x 5&comma;2 x 1&comma;9 in)<\/li>\n<li style='margin-bottom: 5px;'>Temperatura de funcionamiento: -10 \u00b0C a 60 \u00b0C (14 \u00b0F a 140 \u00b0F)<\/li>\n<li style='margin-bottom: 5px;'>Temperatura de almacenamiento: -10 \u00b0C a 45 \u00b0C (14 \u00b0F a 113 \u00b0F)<\/li>\n<li style='margin-bottom: 5px;'>Materiales: Auriculares: PC\/ABS&comma; PC&comma; caucho de silicona&comma; caucho&comma; nylon&comma; POM&comma; acero inoxidable&comma; espuma&comma; cuero sint\u00e9tico y TPU<\/li>\n<li style='margin-bottom: 5px;'>Certificaci\u00f3n: Bluetooth 5&comma; CE&comma; FCC&comma; IC&comma; CEC&comma; RoHS&comma; REACH&comma; TELEC&comma; KCC&comma; RSC<\/li>\n<li style='margin-bottom: 5px;'>Garant\u00eda: Garant\u00eda de dos a\u00f1os EMEA y APAC; garant\u00eda de un a\u00f1o Norteam\u00e9rica<\/li>\n<\/ul><\/div>\n<\/p><\/div>\n<div style='flex: 1 1 250px; border: 1px solid rgba(150&comma; 150&comma; 150&comma; 0.4); border-radius: 8px; overflow: hidden; display: flex; flex-direction: column;'>\n<div style='padding: 15px; border-bottom: 1px solid rgba(150&comma; 150&comma; 150&comma; 0.2); font-weight: bold; font-size: 18px; color: inherit;'>Contenido del paquete<\/div>\n<div style='padding: 15px; color: inherit;'>\n<ul style='padding-left: 20px; margin: 0; font-size: 14px; list-style-type: disc;'>\n<li style='margin-bottom: 5px;'>1 auricular BlueParrott B350-XT&comma; 1 cable de carga USB&comma; cargador de veh\u00edculo&comma; almohadilla de espuma para los o\u00eddos&comma; protector antiviento de micr\u00f3fono de repuesto&comma; gu\u00eda de inicio r\u00e1pido&comma; folleto de garant\u00eda y advertencias<\/li>\n<\/ul><\/div>\n<\/p><\/div>\n<\/p><\/div>\n<\/p><\/div>\n<p> <!-- Notas --> <\/p>\n<div style='margin-top: 30px; padding: 15px; border-left: 5px solid #2880b9; background-color: rgba(150&comma; 150&comma; 150&comma; 0.1); color: inherit;'>\n<p style='margin: 0; font-size: 14px; color: inherit;'>* Las especificaciones pueden variar seg\u00fan condiciones de uso y dispositivos conectados<\/p>\n<\/p><\/div>\n<\/p><\/div>\n","protected":false},"excerpt":{"rendered":"<p>BlueParrott B350-XT , cancelaci\u00f3n de ruido del 96%, Bluetooth, IP54, control de voz, para ambientes ruidosos (204260).<\/p>\n","protected":false},"featured_media":90055,"comment_status":"open","ping_status":"closed","template":"","meta":[],"product_brand":[],"product_cat":[2050],"product_tag":[2051,2201,2004],"class_list":{"0":"post-90056","1":"product","2":"type-product","3":"status-publish","4":"has-post-thumbnail","6":"product_cat-auriculares","7":"product_tag-auriculares","8":"product_tag-blueparrott","9":"product_tag-voip-telefonia-ip-videoconferencia","11":"first","12":"instock","13":"sale","14":"shipping-taxable","15":"purchasable","16":"product-type-simple"},"_links":{"self":[{"href":"https:\/\/soydeaqui.ddns.net\/pachuca\/index.php\/wp-json\/wp\/v2\/product\/90056","targetHints":{"allow":["GET"]}}],"collection":[{"href":"https:\/\/soydeaqui.ddns.net\/pachuca\/index.php\/wp-json\/wp\/v2\/product"}],"about":[{"href":"https:\/\/soydeaqui.ddns.net\/pachuca\/index.php\/wp-json\/wp\/v2\/types\/product"}],"replies":[{"embeddable":true,"href":"https:\/\/soydeaqui.ddns.net\/pachuca\/index.php\/wp-json\/wp\/v2\/comments?post=90056"}],"wp:featuredmedia":[{"embeddable":true,"href":"https:\/\/soydeaqui.ddns.net\/pachuca\/index.php\/wp-json\/wp\/v2\/media\/90055"}],"wp:attachment":[{"href":"https:\/\/soydeaqui.ddns.net\/pachuca\/index.php\/wp-json\/wp\/v2\/media?parent=90056"}],"wp:term":[{"taxonomy":"product_brand","embeddable":true,"href":"https:\/\/soydeaqui.ddns.net\/pachuca\/index.php\/wp-json\/wp\/v2\/product_brand?post=90056"},{"taxonomy":"product_cat","embeddable":true,"href":"https:\/\/soydeaqui.ddns.net\/pachuca\/index.php\/wp-json\/wp\/v2\/product_cat?post=90056"},{"taxonomy":"product_tag","embeddable":true,"href":"https:\/\/soydeaqui.ddns.net\/pachuca\/index.php\/wp-json\/wp\/v2\/product_tag?post=90056"}],"curies":[{"name":"wp","href":"https:\/\/api.w.org\/{rel}","templated":true}]}}