{"id":90051,"date":"2026-03-20T03:25:02","date_gmt":"2026-03-20T03:25:02","guid":{"rendered":"https:\/\/soydeaqui.ddns.net\/pachuca\/index.php\/producto\/blueparrott-c300-xt-ms-cancelacion-de-ruido-del-80-bluetooth-ip65-compatible-con-microsoft-teams-para-ambientes-ruidosos-204288\/"},"modified":"2026-03-20T03:25:13","modified_gmt":"2026-03-20T03:25:13","slug":"blueparrott-c300-xt-ms-cancelacion-de-ruido-del-80-bluetooth-ip65-compatible-con-microsoft-teams-para-ambientes-ruidosos-204288","status":"publish","type":"product","link":"https:\/\/soydeaqui.ddns.net\/pachuca\/index.php\/producto\/blueparrott-c300-xt-ms-cancelacion-de-ruido-del-80-bluetooth-ip65-compatible-con-microsoft-teams-para-ambientes-ruidosos-204288\/","title":{"rendered":"BlueParrott C300-XT MS, cancelaci\u00f3n de ruido del 80%, Bluetooth, IP65, compatible con Microsoft Teams, para ambientes ruidosos (204288)."},"content":{"rendered":"<div style='width: 100%; max-width: 1200px; margin: 0 auto; font-family: sans-serif; line-height: 1.6; color: inherit; background-color: transparent;'>\n<div style='display: flex; flex-direction: column; align-items: center; text-align: center; margin-bottom: 30px;'>\n<h4 style='font-size: 22px; color: inherit; opacity: 0.8; margin: 0;'>Dise\u00f1ados para ambientes ruidosos<\/h4>\n<h2 style='font-size: 32px; color: inherit; margin: 10px 0;'>Bloquea el ruido de fondo<\/h2>\n<hr style='border-top: 2px solid currentColor; width: 40px; margin: 15px 0; opacity: 0.6;'> <\/div>\n<div style='display: flex; flex-wrap: wrap; gap: 30px; margin-bottom: 30px;'>\n<div style='flex: 1 1 300px; min-width: 280px;'>\n<h3 style='font-size: 20px; border-bottom: 2px solid currentColor; padding-bottom: 5px; margin-top: 0; color: inherit; opacity: 0.8;'>Contesta las llamadas en cualquier lugar<\/h3>\n<p style='font-size: 15px; color: inherit;'>Cuando su lugar de trabajo es un entorno ajetreado con altos niveles de ruido molesto y necesita mantener la concentraci\u00f3n mientras realiza llamadas a colegas o clientes&comma; la claridad de las llamadas es de suma importancia. El C300-XT ofrece una cancelaci\u00f3n de ruido del 80 %*&comma; lo que garantiza que pueda escuchar y ser escuchado&comma; incluso en un entorno de trabajo exigente.<\/p>\n<p style='font-size: 15px; color: inherit; font-weight: bold;'>Poder concentrarse en cualquier lugar es el nuevo est\u00e1ndar.<\/p>\n<\/p><\/div>\n<div style='flex: 1 1 300px; min-width: 280px;'><\/div>\n<div style='flex: 1 1 300px; min-width: 280px; width: 100%;'>\n<div style='position: relative; padding-bottom: 56.25%; height: 0; overflow: hidden; margin-bottom: 30px;'>   <\/div>\n<\/p><\/div>\n<div style='flex: 1 1 300px; min-width: 280px;'><\/div>\n<\/p><\/div>\n<div style='display: flex; flex-wrap: wrap; gap: 30px; margin-bottom: 30px;'>\n<div style='flex: 1 1 300px; min-width: 280px;'> <img style='width: 100%; height: auto; border: 1px solid rgba(150&comma;150&comma;150&comma;0.3); border-radius: 8px;' src='https:\/\/ftp3.syscom.mx\/usuarios\/fotos\/C300XTMS\/207042-captura_de_pantalla_2022-03-16_a_la(s)_11.42.39.png' alt=''> <\/div>\n<div style='flex: 1 1 300px; min-width: 280px;'>\n<h3 style='font-size: 20px; border-bottom: 2px solid currentColor; padding-bottom: 5px; margin-top: 0; color: inherit; opacity: 0.8;'>VoiceControl\u2122<\/h3>\n<p style='font-size: 15px; color: inherit;'>Responda o rechace llamadas solo con su voz&comma; manteniendo sus manos libres.<\/p>\n<\/p><\/div>\n<\/p><\/div>\n<div style='display: flex; flex-wrap: wrap; gap: 30px; margin-bottom: 30px;'>\n<div style='flex: 1 1 300px; min-width: 280px;'>\n<h3 style='font-size: 20px; border-bottom: 2px solid currentColor; padding-bottom: 5px; margin-top: 0; color: inherit; opacity: 0.8;'>Alto Rendimiento Hecho Compacto<\/h3>\n<p style='font-size: 15px; color: inherit;'>Un auricular discreto y amigable para el p\u00fablico que tambi\u00e9n ofrece funciones de aumento de productividad l\u00edderes en su clase&comma; dise\u00f1ado para mejorar la colaboraci\u00f3n entre colegas.<\/p>\n<\/p><\/div>\n<div style='flex: 1 1 300px; min-width: 280px;'> <img style='width: 100%; height: auto; border: 1px solid rgba(150&comma;150&comma;150&comma;0.3); border-radius: 8px;' src='https:\/\/ftp3.syscom.mx\/usuarios\/fotos\/C300XTMS\/207042-captura_de_pantalla_2022-03-16_a_la(s)_12.00.25.png' alt=''> <\/div>\n<\/p><\/div>\n<div style='display: flex; flex-wrap: wrap; gap: 30px; margin-bottom: 30px;'>\n<div style='flex: 1 1 300px; min-width: 280px;'> <img style='width: 100%; height: auto; border: 1px solid rgba(150&comma;150&comma;150&comma;0.3); border-radius: 8px;' src='https:\/\/ftp3.syscom.mx\/usuarios\/fotos\/C300XTMS\/207042-captura_de_pantalla_2022-03-16_a_la(s)_15.09.39.png' alt=''> <\/div>\n<div style='flex: 1 1 300px; min-width: 280px;'>\n<h3 style='font-size: 20px; border-bottom: 2px solid currentColor; padding-bottom: 5px; margin-top: 0; color: inherit; opacity: 0.8;'>Colaboraci\u00f3n fluida y manos libres de Microsoft Teams Walkie Talkie<\/h3>\n<p style='font-size: 15px; color: inherit;'>Microsoft Teams Walkie Talkie permite a los compa\u00f1eros de trabajo usar su dispositivo m\u00f3vil* como un walkie-talkie para conversaciones grupales y mantener conectados a los equipos distribuidos. El C300-XT MS viene con acceso a la funci\u00f3n Walkie Talkie ya programada en el BlueParrott Button\u2122 del auricular para una colaboraci\u00f3n clara e instant\u00e1nea.<\/p>\n<p style='font-size: 15px; color: inherit;'>Escuche los mensajes de voz de Walkie Talkie de sus colegas con manos libres&comma; sin tener que sacar su dispositivo m\u00f3vil. Simplemente presione el bot\u00f3n BlueParrott del auricular y hable para enviar un mensaje de voz.<\/p>\n<p style='font-size: 15px; color: inherit;'>El C300-XT MS es el compa\u00f1ero perfecto para equipos distribuidos en almacenes o lugares de trabajo minoristas.<\/p>\n<p style='font-size: 15px; color: inherit; margin-bottom: 0;'>* Disponible para Android y iOS. Depende de la licencia de Microsoft 365.<\/p>\n<\/p><\/div>\n<\/p><\/div>\n<hr style='border: 0; border-top: 1px solid rgba(150&comma; 150&comma; 150&comma; 0.3); margin: 30px 0;'>\n<h3 style='font-size: 20px; margin-top: 30px; margin-bottom: 20px; color: inherit;'>Especificaciones<\/h3>\n<div style='display: flex; flex-wrap: wrap; gap: 20px; margin-bottom: 30px;'>\n<div style='flex: 1 1 250px; border: 1px solid rgba(150&comma; 150&comma; 150&comma; 0.4); border-radius: 8px; overflow: hidden; display: flex; flex-direction: column;'>\n<div style='padding: 15px; border-bottom: 1px solid rgba(150&comma; 150&comma; 150&comma; 0.2); font-weight: bold; font-size: 18px; color: inherit;'>Audio<\/div>\n<div style='padding: 15px; color: inherit;'>\n<ul style='padding-left: 20px; margin: 0; font-size: 14px; list-style-type: disc;'>\n<li style='margin-bottom: 5px;'>Potencia m\u00e1xima de entrada del altavoz: <strong>3 mW<\/strong><\/li>\n<li style='margin-bottom: 5px;'>Rango de frecuencia del altavoz: <strong>20Hz~20KHz<\/strong><\/li>\n<li style='margin-bottom: 5px;'>Tipo de micr\u00f3fono: <strong>TSMA-3722F423-240-HF (MICROFONO MEMS)<\/strong><\/li>\n<li style='margin-bottom: 5px;'>Rango de frecuencia del micr\u00f3fono: <strong>150-6800 Hz<\/strong><\/li>\n<li style='margin-bottom: 5px;'>Sensibilidad del micr\u00f3fono: <strong>-42\u00b13dB (0dB=1V\/Pa&comma; a 1KHz)<\/strong><\/li>\n<\/ul><\/div>\n<\/p><\/div>\n<div style='flex: 1 1 250px; border: 1px solid rgba(150&comma; 150&comma; 150&comma; 0.4); border-radius: 8px; overflow: hidden; display: flex; flex-direction: column;'>\n<div style='padding: 15px; border-bottom: 1px solid rgba(150&comma; 150&comma; 150&comma; 0.2); font-weight: bold; font-size: 18px; color: inherit;'>Facilidad de uso<\/div>\n<div style='padding: 15px; color: inherit;'>\n<ul style='padding-left: 20px; margin: 0; font-size: 14px; list-style-type: disc;'>\n<li style='margin-bottom: 5px;'>Dispositivos emparejados: <strong>Hasta 8&comma; conectados a dos a la vez (multiuso)<\/strong><\/li>\n<li style='margin-bottom: 5px;'>Estilo de uso: <strong>M\u00faltiples estilos de uso (sobre la cabeza (OTH)&comma; detr\u00e1s del cuello (BTN)&comma; gel\/gancho para los o\u00eddos)<\/strong><\/li>\n<li style='margin-bottom: 5px;'>Aplicaci\u00f3n: <strong>Aplicaci\u00f3n BlueParrott y actualizador BlueParrott<\/strong><\/li>\n<li style='margin-bottom: 5px;'>Caracter\u00edsticas: <strong>Cancelaci\u00f3n de ruido del 80 %&comma; respuesta\/finalizaci\u00f3n\/rechazo de llamadas&comma; LED para indicador de encendido\/emparejamiento&comma; Distribuci\u00f3n de audio avanzada (A2DP) para m\u00fasica&comma; transmisi\u00f3n de podcasts y GPS*&comma; marcaci\u00f3n por voz (activar Siri\/Google Assistant)*&comma; VoiceControlTM (manos libres responder\/ignorar)&comma; NFC&comma; voz HD&comma; subir\/bajar volumen&comma; Parrott ButtonTM personalizable&comma; protecci\u00f3n contra la humedad y el polvo IP54&comma; m\u00faltiples estilos de uso (sobre la cabeza&comma; detr\u00e1s del cuello&comma; gel\/gancho para los o\u00eddos)<\/strong><\/li>\n<\/ul><\/div>\n<\/p><\/div>\n<div style='flex: 1 1 250px; border: 1px solid rgba(150&comma; 150&comma; 150&comma; 0.4); border-radius: 8px; overflow: hidden; display: flex; flex-direction: column;'>\n<div style='padding: 15px; border-bottom: 1px solid rgba(150&comma; 150&comma; 150&comma; 0.2); font-weight: bold; font-size: 18px; color: inherit;'>Bater\u00eda<\/div>\n<div style='padding: 15px; color: inherit;'>\n<ul style='padding-left: 20px; margin: 0; font-size: 14px; list-style-type: disc;'>\n<li style='margin-bottom: 5px;'>Tiempo de conversaci\u00f3n: <strong>hasta 10 horas<\/strong><\/li>\n<li style='margin-bottom: 5px;'>Tiempo de espera: <strong>312+ horas<\/strong><\/li>\n<li style='margin-bottom: 5px;'>Tiempo de carga: <strong>Aprox. 3 horas<\/strong><\/li>\n<li style='margin-bottom: 5px;'>Corriente de carga de la bater\u00eda: <strong>200mA (auriculares)<\/strong><\/li>\n<li style='margin-bottom: 5px;'>Cable de carga USB: <strong>Conector USB-B est\u00e1ndar (1&comma;2 m)<\/strong><\/li>\n<\/ul><\/div>\n<\/p><\/div>\n<\/p><\/div>\n<div style='display: flex; flex-wrap: wrap; gap: 20px; margin-bottom: 30px;'>\n<div style='flex: 1 1 250px; border: 1px solid rgba(150&comma; 150&comma; 150&comma; 0.4); border-radius: 8px; overflow: hidden; display: flex; flex-direction: column;'>\n<div style='padding: 15px; border-bottom: 1px solid rgba(150&comma; 150&comma; 150&comma; 0.2); font-weight: bold; font-size: 18px; color: inherit;'>Conectividad<\/div>\n<div style='padding: 15px; color: inherit;'>\n<ul style='padding-left: 20px; margin: 0; font-size: 14px; list-style-type: disc;'>\n<li style='margin-bottom: 5px;'>Cumplimiento de Bluetooth\u00ae: <strong>Bluetooth\u00ae versi\u00f3n 5<\/strong><\/li>\n<li style='margin-bottom: 5px;'>Perfiles de Bluetooth\u00ae compatibles: <strong>Distribuci\u00f3n de audio avanzada (A2DP) v1.3.1&comma; perfil de manos libres v1.7&comma; perfil de auriculares v1.2&comma; perfil de acceso a la gu\u00eda telef\u00f3nica (PBAP) v1.1.1<\/strong><\/li>\n<li style='margin-bottom: 5px;'>Modos admitidos: <strong>EDR (2 y 3 Mb)&comma; SCO&comma; eSCO&comma; modo sniff<\/strong><\/li>\n<li style='margin-bottom: 5px;'>Seguridad: <strong>cifrado de 128 bits<\/strong><\/li>\n<li style='margin-bottom: 5px;'>Rango de operaci\u00f3n: <strong>Hasta 100 metros (300 pies)*<\/strong><\/li>\n<\/ul><\/div>\n<\/p><\/div>\n<div style='flex: 1 1 250px; border: 1px solid rgba(150&comma; 150&comma; 150&comma; 0.4); border-radius: 8px; overflow: hidden; display: flex; flex-direction: column;'>\n<div style='padding: 15px; border-bottom: 1px solid rgba(150&comma; 150&comma; 150&comma; 0.2); font-weight: bold; font-size: 18px; color: inherit;'>General<\/div>\n<div style='padding: 15px; color: inherit;'>\n<ul style='padding-left: 20px; margin: 0; font-size: 14px; list-style-type: disc;'>\n<li style='margin-bottom: 5px;'>Peso de los auriculares y\/o del estuche de carga: <strong>Auriculares: 25&comma;4 gramos (0&comma;9 oz)<\/strong><\/li>\n<li style='margin-bottom: 5px;'>Dimensiones de los auriculares: <strong>Auricular L 90&comma;4 x W 28&comma;4 x H 16 mm (3&comma;6 x 1&comma;1 x 0&comma;63 in)<\/strong><\/li>\n<li style='margin-bottom: 5px;'>Temperatura de funcionamiento: <strong>-10 \u00b0C a 60 \u00b0C (14 \u00b0F a 140 \u00b0F)<\/strong><\/li>\n<li style='margin-bottom: 5px;'>Temperatura de almacenamiento: <strong>-10 \u00b0C a 45 \u00b0C (14 \u00b0F a 113 \u00b0F)<\/strong><\/li>\n<li style='margin-bottom: 5px;'>Materiales: <strong>Auriculares: PC\/ABS&comma; PC&comma; caucho de silicona&comma; caucho&comma; nylon&comma; POM&comma; acero inoxidable&comma; espuma&comma; cuero sint\u00e9tico y TPU<\/strong><\/li>\n<li style='margin-bottom: 5px;'>Certificaci\u00f3n: <strong>Bluetooth 5&comma; CE&comma; FCC&comma; IC&comma; CEC&comma; RoHS&comma; REACH&comma; TELEC&comma; KCC&comma; RSC<\/strong><\/li>\n<li style='margin-bottom: 5px;'>Garant\u00eda: <strong>Garant\u00eda de dos a\u00f1os EMEA y APAC; garant\u00eda de un a\u00f1o Norteam\u00e9rica<\/strong><\/li>\n<\/ul><\/div>\n<\/p><\/div>\n<div style='flex: 1 1 250px; border: 1px solid rgba(150&comma; 150&comma; 150&comma; 0.4); border-radius: 8px; overflow: hidden; display: flex; flex-direction: column;'>\n<div style='padding: 15px; border-bottom: 1px solid rgba(150&comma; 150&comma; 150&comma; 0.2); font-weight: bold; font-size: 18px; color: inherit;'>Que incluye el paquete<\/div>\n<div style='padding: 15px; color: inherit;'>\n<ul style='padding-left: 20px; margin: 0; font-size: 14px; list-style-type: disc;'>\n<li style='margin-bottom: 5px;'>1 auricular BlueParrott C300-XT&comma; 1 cable de carga USB&comma; cargador para autom\u00f3vil&comma; almohadilla de espuma para la oreja&comma; almohadilla de cuero sint\u00e9tico para la oreja&comma; geles para los o\u00eddos (5)&comma; ganchos para las orejas (4)&comma; banda para la cabeza&comma; banda para la nuca (L)&comma; banda detr\u00e1s del cuello (R)&comma; gu\u00eda de inicio r\u00e1pido&comma; folleto de garant\u00eda y advertencias<\/li>\n<\/ul><\/div>\n<\/p><\/div>\n<\/p><\/div>\n<\/p><\/div>\n","protected":false},"excerpt":{"rendered":"<p>BlueParrott C300-XT MS, cancelaci\u00f3n de ruido del 80%, Bluetooth, IP65, compatible con Microsoft Teams, para ambientes ruidosos (204288).<\/p>\n","protected":false},"featured_media":90050,"comment_status":"open","ping_status":"closed","template":"","meta":[],"product_brand":[],"product_cat":[2050],"product_tag":[2051,2201,2004],"class_list":{"0":"post-90051","1":"product","2":"type-product","3":"status-publish","4":"has-post-thumbnail","6":"product_cat-auriculares","7":"product_tag-auriculares","8":"product_tag-blueparrott","9":"product_tag-voip-telefonia-ip-videoconferencia","11":"first","12":"outofstock","13":"sale","14":"shipping-taxable","15":"purchasable","16":"product-type-simple"},"_links":{"self":[{"href":"https:\/\/soydeaqui.ddns.net\/pachuca\/index.php\/wp-json\/wp\/v2\/product\/90051","targetHints":{"allow":["GET"]}}],"collection":[{"href":"https:\/\/soydeaqui.ddns.net\/pachuca\/index.php\/wp-json\/wp\/v2\/product"}],"about":[{"href":"https:\/\/soydeaqui.ddns.net\/pachuca\/index.php\/wp-json\/wp\/v2\/types\/product"}],"replies":[{"embeddable":true,"href":"https:\/\/soydeaqui.ddns.net\/pachuca\/index.php\/wp-json\/wp\/v2\/comments?post=90051"}],"wp:featuredmedia":[{"embeddable":true,"href":"https:\/\/soydeaqui.ddns.net\/pachuca\/index.php\/wp-json\/wp\/v2\/media\/90050"}],"wp:attachment":[{"href":"https:\/\/soydeaqui.ddns.net\/pachuca\/index.php\/wp-json\/wp\/v2\/media?parent=90051"}],"wp:term":[{"taxonomy":"product_brand","embeddable":true,"href":"https:\/\/soydeaqui.ddns.net\/pachuca\/index.php\/wp-json\/wp\/v2\/product_brand?post=90051"},{"taxonomy":"product_cat","embeddable":true,"href":"https:\/\/soydeaqui.ddns.net\/pachuca\/index.php\/wp-json\/wp\/v2\/product_cat?post=90051"},{"taxonomy":"product_tag","embeddable":true,"href":"https:\/\/soydeaqui.ddns.net\/pachuca\/index.php\/wp-json\/wp\/v2\/product_tag?post=90051"}],"curies":[{"name":"wp","href":"https:\/\/api.w.org\/{rel}","templated":true}]}}