{"id":90039,"date":"2026-03-20T03:24:28","date_gmt":"2026-03-20T03:24:28","guid":{"rendered":"https:\/\/soydeaqui.ddns.net\/pachuca\/index.php\/producto\/microfono-y-bocina-inalambrica-omnidireccional-dnr-bluetooth-ideal-para-videoconferencias-usb-c-compatible-con-zoom-webex-skype-youtube-etc\/"},"modified":"2026-03-20T03:24:41","modified_gmt":"2026-03-20T03:24:41","slug":"microfono-y-bocina-inalambrica-omnidireccional-dnr-bluetooth-ideal-para-videoconferencias-usb-c-compatible-con-zoom-webex-skype-youtube-etc","status":"publish","type":"product","link":"https:\/\/soydeaqui.ddns.net\/pachuca\/index.php\/producto\/microfono-y-bocina-inalambrica-omnidireccional-dnr-bluetooth-ideal-para-videoconferencias-usb-c-compatible-con-zoom-webex-skype-youtube-etc\/","title":{"rendered":"Micr\u00f3fono y Bocina Inal\u00e1mbrica \/ Omnidireccional \/ DNR \/ Bluetooth \/ Ideal para Videoconferencias \/ USB-C \/ Compatible con Zoom &#8211; Webex &#8211; Skype &#8211; Youtube &#8211; Etc.."},"content":{"rendered":"<div style='width: 100%; max-width: 1200px; margin: 0 auto; font-family: sans-serif; line-height: 1.6; color: inherit; background-color: transparent;'> <!-- Logo HIKVISION --> <\/p>\n<div style='text-align: center; margin-bottom: 30px;'> <img style='width: 45%; height: auto; border: 1px solid rgba(150&comma;150&comma;150&comma;0.3); border-radius: 8px;' src='https:\/\/ftp3.syscom.mx\/usuarios\/jsosa\/HIKVISION\/imagenes\/logo\/hikvision%20see%20far.png' alt='Logo HIKVISION'> <\/div>\n<p> <!-- Caracter\u00edsticas principales y f\u00edsicas --> <\/p>\n<div style='display: flex; flex-wrap: wrap; gap: 30px; margin-bottom: 30px;'>\n<div style='flex: 1 1 300px; min-width: 280px;'>\n<h3 style='font-size: 22px; border-bottom: 2px solid currentColor; padding-bottom: 5px; margin-top: 0; color: inherit; opacity: 0.8;'>Caracter\u00edsticas principales<\/h3>\n<ul style='padding-left: 20px; font-size: 15px; color: inherit;'>\n<li style='margin-bottom: 5px;'>Arreglo de 8 microfonos omnidireccional (360\u00b0)&comma; hasta 5 metros de rango<\/li>\n<li style='margin-bottom: 5px;'>Inalambrica Bluetooth<\/li>\n<li style='margin-bottom: 5px;'>Cancelaci\u00f3n de eco<\/li>\n<li style='margin-bottom: 5px;'>Bidireccional<\/li>\n<li style='margin-bottom: 5px;'>Reductor de Ruido Dinamico (DNR)<\/li>\n<li style='margin-bottom: 5px;'>Compatible con programas de videoconferencia<\/li>\n<li style='margin-bottom: 5px;'>Soporta conexi\u00f3n de audifonos por conector 3.5 mm<\/li>\n<li style='margin-bottom: 5px;'>Soporta conexi\u00f3n por USB<\/li>\n<\/ul><\/div>\n<div style='flex: 1 1 300px; min-width: 280px;'>\n<h3 style='font-size: 22px; border-bottom: 2px solid currentColor; padding-bottom: 5px; margin-top: 0; color: inherit; opacity: 0.8;'>Caracter\u00edsticas F\u00edsicas y El\u00e9ctricas<\/h3>\n<ul style='padding-left: 20px; font-size: 15px; color: inherit;'>\n<li style='margin-bottom: 5px;'>Conector: USB C \/ Plug-and-play \/ Dongle<\/li>\n<li style='margin-bottom: 5px;'>Temperatura de operaci\u00f3n 5\u00b0C a 44\u00b0C (Humedad al 85%)<\/li>\n<li style='margin-bottom: 5px;'>Alimentaci\u00f3n 5 Vcc \/ 4.8W<\/li>\n<li style='margin-bottom: 5px;'>Dimensiones: 142.2 mm x 93.9 mm x 69.2 mm<\/li>\n<li style='margin-bottom: 5px;'>Peso: 645 gramos<\/li>\n<\/ul><\/div>\n<\/p><\/div>\n<p> <!-- Video y descripci\u00f3n --> <\/p>\n<div style='display: flex; flex-wrap: wrap; gap: 30px; margin-bottom: 30px;'>\n<div style='flex: 1 1 500px; min-width: 300px;'>\n<div style='position: relative; padding-bottom: 56.25%; height: 0; overflow: hidden; margin-bottom: 30px;'>   <\/div>\n<\/p><\/div>\n<div style='flex: 1 1 500px; min-width: 300px;'>\n<h3 style='font-size: 22px; border-bottom: 2px solid currentColor; padding-bottom: 5px; margin-top: 0; color: inherit; opacity: 0.8;'>Conozca el altavoz para conferencias Sound Cube de Hikvision<\/h3>\n<p style='color: inherit;'>\u00bfLas reuniones virtuales son parte regular de su trabajo? \u00bfTiene problemas para escuchar a su contraparte con las bocinas de su computadora? \u00bfCuando habla m\u00e1s de una persona&comma; es imposible que las escuchen con claridad? Las reuniones en l\u00ednea ya son parte regular del trabajo diario para la mayor\u00eda de los profesionales&comma; entonces \u00bfpor qu\u00e9 usar equipos de sonido que hacen que esas reuniones resulten in\u00fatiles?<\/p>\n<p style='color: inherit;'>El altavoz para conferencias Sound Cube de Hikvision cambia todo eso. Con\u00e9ctese y colabore f\u00e1cilmente con el tel\u00e9fono con altavoz Sound Cube de Hikvision para conferencias remotas y disfrute de un sonido natural y claro en todas partes. Ya sea que se re\u00fana en la oficina&comma; en una habitaci\u00f3n de hotel o en cualquier otro lugar&comma; Sound Cube acerca a los miembros de su equipo que se encuentran lejos&comma; en cualquier parte del mundo.<\/p>\n<\/p><\/div>\n<\/p><\/div>\n<p> <!-- Caracter\u00edsticas destacadas --> <\/p>\n<div style='margin-bottom: 30px;'>\n<h3 style='font-size: 22px; text-align: center; border-bottom: 2px solid currentColor; padding-bottom: 10px; margin-bottom: 20px; color: inherit; opacity: 0.8;'>Caracter\u00edsticas principales<\/h3>\n<div style='display: flex; flex-wrap: wrap; gap: 20px; justify-content: center;'>\n<div style='flex: 1 1 250px; max-width: 300px; border: 1px solid rgba(150&comma; 150&comma; 150&comma; 0.4); border-radius: 8px; overflow: hidden; display: flex; flex-direction: column;'>\n<div style='padding: 15px; border-bottom: 1px solid rgba(150&comma; 150&comma; 150&comma; 0.2); font-weight: bold; font-size: 18px; color: inherit;'>8 microfonos<\/div>\n<div style='padding: 15px; color: inherit;'>\n<div style='text-align: center; margin-bottom: 10px;'> <img style='width: 40px; height: 40px; border: 1px solid rgba(150&comma;150&comma;150&comma;0.3); border-radius: 8px;' src='http:\/\/ftp3.syscom.mx\/usuarios\/nortega\/hikvision\/interactiva\/DSUACS1V\/imagenes\/microfono.jpg' alt='Icono 8 microfonos'> <\/div>\n<p style='text-align: center; margin: 0; font-size: 14px;'>Escucha a los asistentes desde cualquier angulo<\/p>\n<\/p><\/div>\n<\/p><\/div>\n<div style='flex: 1 1 250px; max-width: 300px; border: 1px solid rgba(150&comma; 150&comma; 150&comma; 0.4); border-radius: 8px; overflow: hidden; display: flex; flex-direction: column;'>\n<div style='padding: 15px; border-bottom: 1px solid rgba(150&comma; 150&comma; 150&comma; 0.2); font-weight: bold; font-size: 18px; color: inherit;'>360\u00b0 captaci\u00f3n de voz<\/div>\n<div style='padding: 15px; color: inherit;'>\n<div style='text-align: center; margin-bottom: 10px;'> <img style='width: 40px; height: 40px; border: 1px solid rgba(150&comma;150&comma;150&comma;0.3); border-radius: 8px;' src='http:\/\/ftp3.syscom.mx\/usuarios\/nortega\/hikvision\/interactiva\/DSUACS1V\/imagenes\/voz.jpg' alt='Icono 360\u00b0 captaci\u00f3n de voz'> <\/div>\n<p style='text-align: center; margin: 0; font-size: 14px;'>Sonido inmersivo para cualquier reunion<\/p>\n<\/p><\/div>\n<\/p><\/div>\n<div style='flex: 1 1 250px; max-width: 300px; border: 1px solid rgba(150&comma; 150&comma; 150&comma; 0.4); border-radius: 8px; overflow: hidden; display: flex; flex-direction: column;'>\n<div style='padding: 15px; border-bottom: 1px solid rgba(150&comma; 150&comma; 150&comma; 0.2); font-weight: bold; font-size: 18px; color: inherit;'>Reducci\u00f3n de ruido y eco<\/div>\n<div style='padding: 15px; color: inherit;'>\n<div style='text-align: center; margin-bottom: 10px;'> <img style='width: 40px; height: 40px; border: 1px solid rgba(150&comma;150&comma;150&comma;0.3); border-radius: 8px;' src='http:\/\/ftp3.syscom.mx\/usuarios\/nortega\/hikvision\/interactiva\/DSUACS1V\/imagenes\/ruido.jpg' alt='Icono Reducci\u00f3n de ruido y eco'> <\/div>\n<p style='text-align: center; margin: 0; font-size: 14px;'>Decremento inteligente de ruidos y ecos<\/p>\n<\/p><\/div>\n<\/p><\/div>\n<div style='flex: 1 1 250px; max-width: 300px; border: 1px solid rgba(150&comma; 150&comma; 150&comma; 0.4); border-radius: 8px; overflow: hidden; display: flex; flex-direction: column;'>\n<div style='padding: 15px; border-bottom: 1px solid rgba(150&comma; 150&comma; 150&comma; 0.2); font-weight: bold; font-size: 18px; color: inherit;'>Conexi\u00f3n cableada e inal\u00e1mbrica<\/div>\n<div style='padding: 15px; color: inherit;'>\n<div style='text-align: center; margin-bottom: 10px;'> <img style='width: 40px; height: 40px; border: 1px solid rgba(150&comma;150&comma;150&comma;0.3); border-radius: 8px;' src='http:\/\/ftp3.syscom.mx\/usuarios\/nortega\/hikvision\/interactiva\/DSUACS1V\/imagenes\/conexion.jpg' alt='Icono Conexi\u00f3n cableada e inal\u00e1mbrica'> <\/div>\n<p style='text-align: center; margin: 0; font-size: 14px;'>Comience su reunion en segundo<\/p>\n<\/p><\/div>\n<\/p><\/div>\n<div style='flex: 1 1 250px; max-width: 300px; border: 1px solid rgba(150&comma; 150&comma; 150&comma; 0.4); border-radius: 8px; overflow: hidden; display: flex; flex-direction: column;'>\n<div style='padding: 15px; border-bottom: 1px solid rgba(150&comma; 150&comma; 150&comma; 0.2); font-weight: bold; font-size: 18px; color: inherit;'>Alta compatibilidad<\/div>\n<div style='padding: 15px; color: inherit;'>\n<div style='text-align: center; margin-bottom: 10px;'> <img style='width: 40px; height: 40px; border: 1px solid rgba(150&comma;150&comma;150&comma;0.3); border-radius: 8px;' src='http:\/\/ftp3.syscom.mx\/usuarios\/nortega\/hikvision\/interactiva\/DSUACS1V\/imagenes\/compatibilidad.jpg' alt='Icono Alta compatibilidad'> <\/div>\n<p style='text-align: center; margin: 0; font-size: 14px;'>Compatible con la mayoria de los programas de reuniones virtuales<\/p>\n<\/p><\/div>\n<\/p><\/div>\n<div style='flex: 1 1 250px; max-width: 300px; border: 1px solid rgba(150&comma; 150&comma; 150&comma; 0.4); border-radius: 8px; overflow: hidden; display: flex; flex-direction: column;'>\n<div style='padding: 15px; border-bottom: 1px solid rgba(150&comma; 150&comma; 150&comma; 0.2); font-weight: bold; font-size: 18px; color: inherit;'>Compacta y ligera<\/div>\n<div style='padding: 15px; color: inherit;'>\n<div style='text-align: center; margin-bottom: 10px;'> <img style='width: 40px; height: 40px; border: 1px solid rgba(150&comma;150&comma;150&comma;0.3); border-radius: 8px;' src='http:\/\/ftp3.syscom.mx\/usuarios\/nortega\/hikvision\/interactiva\/DSUACS1V\/imagenes\/compacta.jpg' alt='Icono Compacta y ligera'> <\/div>\n<p style='text-align: center; margin: 0; font-size: 14px;'>Facil de transportar en su carcasa de viaje y encaja en toda oficina<\/p>\n<\/p><\/div>\n<\/p><\/div>\n<\/p><\/div>\n<\/p><\/div>\n<p> <!-- Audio claro y sonido estable --> <\/p>\n<div style='margin-bottom: 30px;'>\n<h3 style='font-size: 22px; text-align: center; border-bottom: 2px solid currentColor; padding-bottom: 10px; margin-bottom: 20px; color: inherit; opacity: 0.8;'>Audio claro y sonido estable en todo<\/h3>\n<p style='text-align: center; margin-bottom: 15px; color: inherit;'>Sound Cube de Hikvision potencia la comunicaci\u00f3n y la colaboraci\u00f3n con los participantes de la conferencia que se conectan de forma remota. Con 8 micr\u00f3fonos omnidireccionales&comma; la captaci\u00f3n de sonido de 360 grados permite incluir hasta 16 asistentes en la sala desde todos los \u00e1ngulos sin necesidad de amontonarse mientras hablan. Y los que est\u00e1n fuera de la oficina se mantienen sincronizados con un audio n\u00edtido a trav\u00e9s de un altavoz de sonido envolvente: suenan como si estuvieran en la misma habitaci\u00f3n.<\/p>\n<p style='text-align: center; margin-bottom: 15px; color: inherit;'>Con un dise\u00f1o elegante y una est\u00e9tica minimalista&comma; Sound Cube encaja perfectamente en su oficina&comma; en la sala de conferencias y en cualquier lugar donde lo necesite.<\/p>\n<div style='text-align: center; margin: 30px 0;'> <img style='width: 100%; height: auto; border: 1px solid rgba(150&comma;150&comma;150&comma;0.3); border-radius: 8px;' src='https:\/\/ftp3.syscom.mx\/usuarios\/nortega\/hikvision\/interactiva\/DSUACS1V\/imagenes\/abierta.png' alt='Sound Cube abierta'> <\/div>\n<\/p><\/div>\n<p> <!-- Mantener a todos involucrados --> <\/p>\n<div style='display: flex; flex-wrap: wrap; gap: 30px; margin-bottom: 30px;'>\n<div style='flex: 1 1 500px; min-width: 300px;'> <img style='width: 100%; height: auto; border: 1px solid rgba(150&comma;150&comma;150&comma;0.3); border-radius: 8px;' src='https:\/\/ftp3.syscom.mx\/usuarios\/nortega\/hikvision\/interactiva\/DSUACS1V\/imagenes\/analisis.png' alt='An\u00e1lisis de sonido'> <\/div>\n<div style='flex: 1 1 500px; min-width: 300px;'>\n<h3 style='font-size: 22px; border-bottom: 2px solid currentColor; padding-bottom: 5px; margin-top: 0; color: inherit; opacity: 0.8;'>Mantenga a todos \u00edntimamente involucrados<\/h3>\n<p style='color: inherit;'>Gracias a la reducci\u00f3n de ruido habilitada por IA&comma; la claridad de las voces humanas se puede conservar incluso en entornos dif\u00edciles. Los participantes pueden estar \u00edntimamente involucrados cuando la reverberaci\u00f3n y los ruidos de fondo&comma; como el zumbido del aire acondicionado&comma; el teclado y m\u00e1s&comma; se filtran de manera inteligente.<\/p>\n<p style='color: inherit;'>La supresi\u00f3n de eco reduce la respuesta de audio&comma; lo que garantiza que se capte la verdadera voz del hablante. La antirreverberaci\u00f3n ayuda al altavoz a recibir el sonido humano de manera m\u00e1s directa y a disminuir los artefactos de sonido debido a la reverberaci\u00f3n causada por superficies duras como paredes&comma; techos o mesas de salas de conferencias.<\/p>\n<\/p><\/div>\n<\/p><\/div>\n<p> <!-- Integraci\u00f3n con plataformas --> <\/p>\n<div style='display: flex; flex-wrap: wrap; gap: 30px; margin-bottom: 30px;'>\n<div style='flex: 1 1 500px; min-width: 300px;'>\n<h3 style='font-size: 22px; border-bottom: 2px solid currentColor; padding-bottom: 5px; margin-top: 0; color: inherit; opacity: 0.8;'>Un gran paso adelante para su configuraci\u00f3n actual<\/h3>\n<p style='text-align: right; color: inherit;'>Sound Cube se integra a la perfecci\u00f3n con la mayor\u00eda de las principales plataformas de videoconferencia&comma; lo que garantiza una experiencia de conferencia y audio f\u00e1cil y de alta calidad.<\/p>\n<\/p><\/div>\n<div style='flex: 1 1 500px; min-width: 300px;'> <img style='width: 100%; height: auto; border: 1px solid rgba(150&comma;150&comma;150&comma;0.3); border-radius: 8px;' src='https:\/\/ftp3.syscom.mx\/usuarios\/nortega\/hikvision\/interactiva\/DSUACS1V\/imagenes\/Speakerphone-LandingPage_Features_04.jpg' alt='Integraci\u00f3n con plataformas'> <\/div>\n<\/p><\/div>\n<p> <!-- Banner final --> <\/p>\n<div style='text-align: center; margin-top: 30px;'> <img style='width: 100%; height: auto; border: 1px solid rgba(150&comma;150&comma;150&comma;0.3); border-radius: 8px;' src='http:\/\/ftp3.syscom.mx\/usuarios\/nortega\/hikvision\/banners\/webcam.png' alt='Banner final HIKVISION'> <\/div>\n<\/p><\/div>\n","protected":false},"excerpt":{"rendered":"<p>Micr\u00f3fono y Bocina Inal\u00e1mbrica \/ Omnidireccional \/ DNR \/ Bluetooth \/ Ideal para Videoconferencias \/ USB-C \/ Compatible con Zoom &#8211; Webex &#8211; Skype &#8211; Youtube &#8211; Etc..<\/p>\n","protected":false},"featured_media":90038,"comment_status":"open","ping_status":"closed","template":"","meta":[],"product_brand":[],"product_cat":[2048],"product_tag":[2049,54,2004],"class_list":{"0":"post-90039","1":"product","2":"type-product","3":"status-publish","4":"has-post-thumbnail","6":"product_cat-audio-video-conferencia","7":"product_tag-audio-video-conferencia","8":"product_tag-hikvision","9":"product_tag-voip-telefonia-ip-videoconferencia","11":"first","12":"instock","13":"sale","14":"shipping-taxable","15":"purchasable","16":"product-type-simple"},"_links":{"self":[{"href":"https:\/\/soydeaqui.ddns.net\/pachuca\/index.php\/wp-json\/wp\/v2\/product\/90039","targetHints":{"allow":["GET"]}}],"collection":[{"href":"https:\/\/soydeaqui.ddns.net\/pachuca\/index.php\/wp-json\/wp\/v2\/product"}],"about":[{"href":"https:\/\/soydeaqui.ddns.net\/pachuca\/index.php\/wp-json\/wp\/v2\/types\/product"}],"replies":[{"embeddable":true,"href":"https:\/\/soydeaqui.ddns.net\/pachuca\/index.php\/wp-json\/wp\/v2\/comments?post=90039"}],"wp:featuredmedia":[{"embeddable":true,"href":"https:\/\/soydeaqui.ddns.net\/pachuca\/index.php\/wp-json\/wp\/v2\/media\/90038"}],"wp:attachment":[{"href":"https:\/\/soydeaqui.ddns.net\/pachuca\/index.php\/wp-json\/wp\/v2\/media?parent=90039"}],"wp:term":[{"taxonomy":"product_brand","embeddable":true,"href":"https:\/\/soydeaqui.ddns.net\/pachuca\/index.php\/wp-json\/wp\/v2\/product_brand?post=90039"},{"taxonomy":"product_cat","embeddable":true,"href":"https:\/\/soydeaqui.ddns.net\/pachuca\/index.php\/wp-json\/wp\/v2\/product_cat?post=90039"},{"taxonomy":"product_tag","embeddable":true,"href":"https:\/\/soydeaqui.ddns.net\/pachuca\/index.php\/wp-json\/wp\/v2\/product_tag?post=90039"}],"curies":[{"name":"wp","href":"https:\/\/api.w.org\/{rel}","templated":true}]}}