{"id":90029,"date":"2026-03-20T03:23:58","date_gmt":"2026-03-20T03:23:58","guid":{"rendered":"https:\/\/soydeaqui.ddns.net\/pachuca\/index.php\/producto\/telefono-wifi-portatil-empresarial-con-2-lineas-y-cuentas-sip-bluetooth-y-boton-push-to-talk\/"},"modified":"2026-03-20T03:24:23","modified_gmt":"2026-03-20T03:24:23","slug":"telefono-wifi-portatil-empresarial-con-2-lineas-y-cuentas-sip-bluetooth-y-boton-push-to-talk","status":"publish","type":"product","link":"https:\/\/soydeaqui.ddns.net\/pachuca\/index.php\/producto\/telefono-wifi-portatil-empresarial-con-2-lineas-y-cuentas-sip-bluetooth-y-boton-push-to-talk\/","title":{"rendered":"Tel\u00e9fono WiFi port\u00e1til empresarial con 2 lineas y cuentas SIP, Bluetooth y bot\u00f3n Push-to-talk"},"content":{"rendered":"<div style='width: 100%; max-width: 1200px; margin: 0 auto; font-family: sans-serif; line-height: 1.6; color: inherit; background-color: transparent;'>\n<div style='display: flex; flex-wrap: wrap; gap: 30px; margin-bottom: 30px;'>\n<div style='flex: 1 1 300px; min-width: 280px;'>\n<h3 style='font-size: 22px; border-bottom: 2px solid currentColor; padding-bottom: 5px; margin-top: 0; color: inherit; opacity: 0.8;'>Descripci\u00f3n<\/h3>\n<p style='font-size: 15px; color: inherit; margin-bottom: 15px;'>El WP822 es un tel\u00e9fono IP Wi-Fi port\u00e1til dise\u00f1ado para adaptarse a una variedad de empresas y aplicaciones de mercados verticales&comma; incluyendo tiendas&comma; log\u00edstica&comma; salud y seguridad. Este tel\u00e9fono Wi-Fi para empresas viene equipado con Wi-Fi 802.11a\/b\/g\/n\/ac de doble banda integrado&comma; un dise\u00f1o avanzado de antena y soporte de roaming. Al agregar un tiempo de conversaci\u00f3n de 8 horas&comma; voz HD con micr\u00f3fonos duales y un bot\u00f3n configurable de micr\u00f3fono&comma; el WP822 viene equipado con una combinaci\u00f3n de caracter\u00edsticas&comma; movilidad y durabilidad para satisfacer todas las necesidades de telefon\u00eda port\u00e1til.<\/p>\n<ul style='padding-left: 20px; font-size: 15px; color: inherit;'>\n<li style='margin-bottom: 5px;'>Wi-Fi de doble banda con dise\u00f1o avanzado de antena y soporte de roaming eficiente<\/li>\n<li style='margin-bottom: 5px;'>2 cuentas SIP&comma; 2 l\u00edneas<\/li>\n<li style='margin-bottom: 5px;'>Dise\u00f1o de voz HD y micr\u00f3fonos duales con AEC y tecnolog\u00eda Noise Shield<\/li>\n<li style='margin-bottom: 5px;'>Bater\u00eda recargable de 2000 mAh&comma; tiempo de conversaci\u00f3n de 8 horas&comma; tiempo en reposo de 200-horas<\/li>\n<li style='margin-bottom: 5px;'>Bluetooth integrado para conectar los aud\u00edfonos<\/li>\n<li style='margin-bottom: 5px;'>Bot\u00f3n configurable de micr\u00f3fono<\/li>\n<li style='margin-bottom: 5px;'>Puerto micro USB y conector para aud\u00edfonos de 3.5 mm<\/li>\n<\/ul><\/div>\n<\/p><\/div>\n<hr style='border: 0; border-top: 1px solid rgba(150&comma; 150&comma; 150&comma; 0.3); margin: 30px 0;'>\n<div style='display: flex; flex-wrap: wrap; gap: 20px; margin-bottom: 30px;'>\n<div style='flex: 1 1 250px; border: 1px solid rgba(150&comma; 150&comma; 150&comma; 0.4); border-radius: 8px; overflow: hidden; display: flex; flex-direction: column;'>\n<div style='padding: 15px; border-bottom: 1px solid rgba(150&comma; 150&comma; 150&comma; 0.2); font-weight: bold; font-size: 18px; color: inherit;'>Wi-Fi<\/div>\n<div style='padding: 15px; color: inherit;'>\n<ul style='padding-left: 20px; margin: 0; font-size: 14px; list-style-type: disc;'>\n<li style='margin-bottom: 5px;'>S\u00ed&comma; Wi-Fi de doble banda integrado 802.11 a\/b\/g\/n\/ac (2&comma;4 GHz y 5 GHz). 802.11r<\/li>\n<\/ul><\/div>\n<\/p><\/div>\n<div style='flex: 1 1 250px; border: 1px solid rgba(150&comma; 150&comma; 150&comma; 0.4); border-radius: 8px; overflow: hidden; display: flex; flex-direction: column;'>\n<div style='padding: 15px; border-bottom: 1px solid rgba(150&comma; 150&comma; 150&comma; 0.2); font-weight: bold; font-size: 18px; color: inherit;'>Pantalla<\/div>\n<div style='padding: 15px; color: inherit;'>\n<ul style='padding-left: 20px; margin: 0; font-size: 14px; list-style-type: disc;'>\n<li style='margin-bottom: 5px;'>LCD en color TFT de 2&comma;4 pulgadas (240 x 320)<\/li>\n<\/ul><\/div>\n<\/p><\/div>\n<div style='flex: 1 1 250px; border: 1px solid rgba(150&comma; 150&comma; 150&comma; 0.4); border-radius: 8px; overflow: hidden; display: flex; flex-direction: column;'>\n<div style='padding: 15px; border-bottom: 1px solid rgba(150&comma; 150&comma; 150&comma; 0.2); font-weight: bold; font-size: 18px; color: inherit;'>Bluetooth<\/div>\n<div style='padding: 15px; color: inherit;'>\n<ul style='padding-left: 20px; margin: 0; font-size: 14px; list-style-type: disc;'>\n<li style='margin-bottom: 5px;'>Si<\/li>\n<\/ul><\/div>\n<\/p><\/div>\n<div style='flex: 1 1 250px; border: 1px solid rgba(150&comma; 150&comma; 150&comma; 0.4); border-radius: 8px; overflow: hidden; display: flex; flex-direction: column;'>\n<div style='padding: 15px; border-bottom: 1px solid rgba(150&comma; 150&comma; 150&comma; 0.2); font-weight: bold; font-size: 18px; color: inherit;'>Perif\u00e9ricos<\/div>\n<div style='padding: 15px; color: inherit;'>\n<ul style='padding-left: 20px; margin: 0; font-size: 14px; list-style-type: disc;'>\n<li style='margin-bottom: 5px;'>3 teclas programables&comma; marcar&comma; colgar&comma; altavoz&comma; agenda telef\u00f3nica&comma; teclado retroiluminado&comma; proximidad&comma; sensor&comma; motor de vibraci\u00f3n&comma; bot\u00f3n de volumen&comma; teclas de navegaci\u00f3n y aceler\u00f3metro<\/li>\n<\/ul><\/div>\n<\/p><\/div>\n<div style='flex: 1 1 250px; border: 1px solid rgba(150&comma; 150&comma; 150&comma; 0.4); border-radius: 8px; overflow: hidden; display: flex; flex-direction: column;'>\n<div style='padding: 15px; border-bottom: 1px solid rgba(150&comma; 150&comma; 150&comma; 0.2); font-weight: bold; font-size: 18px; color: inherit;'>Puertos Auxiliares<\/div>\n<div style='padding: 15px; color: inherit;'>\n<ul style='padding-left: 20px; margin: 0; font-size: 14px; list-style-type: disc;'>\n<li style='margin-bottom: 5px;'>Conector para auriculares de 3&comma;5 mm&comma; puerto Micro USB para carga&comma; MIC doble&comma; LED MWI de dos colores<\/li>\n<\/ul><\/div>\n<\/p><\/div>\n<div style='flex: 1 1 250px; border: 1px solid rgba(150&comma; 150&comma; 150&comma; 0.4); border-radius: 8px; overflow: hidden; display: flex; flex-direction: column;'>\n<div style='padding: 15px; border-bottom: 1px solid rgba(150&comma; 150&comma; 150&comma; 0.2); font-weight: bold; font-size: 18px; color: inherit;'>Telefon\u00eda<\/div>\n<div style='padding: 15px; color: inherit;'>\n<ul style='padding-left: 20px; margin: 0; font-size: 14px; list-style-type: disc;'>\n<li style='margin-bottom: 5px;'>Retener&comma; transferir&comma; reenviar&comma; conferencia de audio de 3 v\u00edas&comma; llamada en espera&comma; registro de llamadas (hasta 100 registros)&comma; directorio telef\u00f3nico descargable (XML&comma; hasta 500 elementos)&comma; marcaci\u00f3n autom\u00e1tica con descolgado&comma; respuesta&comma; plan de marcaci\u00f3n flexible&comma; tonos de llamada de m\u00fasica personalizados&comma; redundancia de servidor y conmutaci\u00f3n por error&comma; pulsar para hablar&comma; LDAP<\/li>\n<\/ul><\/div>\n<\/p><\/div>\n<div style='flex: 1 1 250px; border: 1px solid rgba(150&comma; 150&comma; 150&comma; 0.4); border-radius: 8px; overflow: hidden; display: flex; flex-direction: column;'>\n<div style='padding: 15px; border-bottom: 1px solid rgba(150&comma; 150&comma; 150&comma; 0.2); font-weight: bold; font-size: 18px; color: inherit;'>Audio HD<\/div>\n<div style='padding: 15px; color: inherit;'>\n<ul style='padding-left: 20px; margin: 0; font-size: 14px; list-style-type: disc;'>\n<li style='margin-bottom: 5px;'>S\u00ed&comma; tanto en el auricular como en el altavoz con soporte para audio de banda ancha&comma; HAC soportado<\/li>\n<\/ul><\/div>\n<\/p><\/div>\n<div style='flex: 1 1 250px; border: 1px solid rgba(150&comma; 150&comma; 150&comma; 0.4); border-radius: 8px; overflow: hidden; display: flex; flex-direction: column;'>\n<div style='padding: 15px; border-bottom: 1px solid rgba(150&comma; 150&comma; 150&comma; 0.2); font-weight: bold; font-size: 18px; color: inherit;'>Alimentaci\u00f3n y Eficiencia de Energ\u00eda Limpia<\/div>\n<div style='padding: 15px; color: inherit;'>\n<ul style='padding-left: 20px; margin: 0; font-size: 14px; list-style-type: disc;'>\n<li style='margin-bottom: 5px;'>Adaptador de corriente universal incluido&comma; Entrada: 100-240 VCA; Salida: +5 V CC&comma; 1 A (5 W)&comma; Bater\u00eda de iones de litio de 2000 mA&comma; tiempo de espera de 200 h y tiempo de conversaci\u00f3n de 8 h<\/li>\n<\/ul><\/div>\n<\/p><\/div>\n<div style='flex: 1 1 250px; border: 1px solid rgba(150&comma; 150&comma; 150&comma; 0.4); border-radius: 8px; overflow: hidden; display: flex; flex-direction: column;'>\n<div style='padding: 15px; border-bottom: 1px solid rgba(150&comma; 150&comma; 150&comma; 0.2); font-weight: bold; font-size: 18px; color: inherit;'>Caracter\u00edsticas F\u00edsicas<\/div>\n<div style='padding: 15px; color: inherit;'>\n<ul style='padding-left: 20px; margin: 0; font-size: 14px; list-style-type: disc;'>\n<li style='margin-bottom: 5px;'>Dimensiones del auricular: 164&comma;0 x 52&comma;0 x 25&comma;8 mm<\/li>\n<li style='margin-bottom: 5px;'>Dimensiones de la base del cargador: 77&comma;9 x 81&comma;2 x 38&comma;2 mm<\/li>\n<li style='margin-bottom: 5px;'>Peso del tel\u00e9fono: 185&comma;90 g<\/li>\n<li style='margin-bottom: 5px;'>Peso del paquete del auricular (sin incluir QIG): 422&comma;60 g<\/li>\n<\/ul><\/div>\n<\/p><\/div>\n<div style='flex: 1 1 250px; border: 1px solid rgba(150&comma; 150&comma; 150&comma; 0.4); border-radius: 8px; overflow: hidden; display: flex; flex-direction: column;'>\n<div style='padding: 15px; border-bottom: 1px solid rgba(150&comma; 150&comma; 150&comma; 0.2); font-weight: bold; font-size: 18px; color: inherit;'>Contenido del Paquete<\/div>\n<div style='padding: 15px; color: inherit;'>\n<ul style='padding-left: 20px; margin: 0; font-size: 14px; list-style-type: disc;'>\n<li style='margin-bottom: 5px;'>Unidad de auricular<\/li>\n<li style='margin-bottom: 5px;'>Fuente de alimentaci\u00f3n universal<\/li>\n<li style='margin-bottom: 5px;'>Base de carga<\/li>\n<li style='margin-bottom: 5px;'>Clip para cintur\u00f3n<\/li>\n<li style='margin-bottom: 5px;'>1 bater\u00eda de iones de litio<\/li>\n<li style='margin-bottom: 5px;'>Gu\u00eda de inicio r\u00e1pido<\/li>\n<\/ul><\/div>\n<\/p><\/div>\n<div style='flex: 1 1 250px; border: 1px solid rgba(150&comma; 150&comma; 150&comma; 0.4); border-radius: 8px; overflow: hidden; display: flex; flex-direction: column;'>\n<div style='padding: 15px; border-bottom: 1px solid rgba(150&comma; 150&comma; 150&comma; 0.2); font-weight: bold; font-size: 18px; color: inherit;'>Garant\u00eda<\/div>\n<div style='padding: 15px; color: inherit;'>\n<ul style='padding-left: 20px; margin: 0; font-size: 14px; list-style-type: disc;'>\n<li style='margin-bottom: 5px;'>1 a\u00f1o de garant\u00eda<\/li>\n<\/ul><\/div>\n<\/p><\/div>\n<\/p><\/div>\n<\/p><\/div>\n","protected":false},"excerpt":{"rendered":"<p>Tel\u00e9fono WiFi port\u00e1til empresarial con 2 lineas y cuentas SIP, Bluetooth y bot\u00f3n Push-to-talk<\/p>\n","protected":false},"featured_media":90028,"comment_status":"open","ping_status":"closed","template":"","meta":[],"product_brand":[],"product_cat":[2003],"product_tag":[909,2005,2004],"class_list":{"0":"post-90029","1":"product","2":"type-product","3":"status-publish","4":"has-post-thumbnail","6":"product_cat-telefonos-ip","7":"product_tag-grandstream","8":"product_tag-telefonos-ip","9":"product_tag-voip-telefonia-ip-videoconferencia","11":"first","12":"instock","13":"sale","14":"shipping-taxable","15":"purchasable","16":"product-type-simple"},"_links":{"self":[{"href":"https:\/\/soydeaqui.ddns.net\/pachuca\/index.php\/wp-json\/wp\/v2\/product\/90029","targetHints":{"allow":["GET"]}}],"collection":[{"href":"https:\/\/soydeaqui.ddns.net\/pachuca\/index.php\/wp-json\/wp\/v2\/product"}],"about":[{"href":"https:\/\/soydeaqui.ddns.net\/pachuca\/index.php\/wp-json\/wp\/v2\/types\/product"}],"replies":[{"embeddable":true,"href":"https:\/\/soydeaqui.ddns.net\/pachuca\/index.php\/wp-json\/wp\/v2\/comments?post=90029"}],"wp:featuredmedia":[{"embeddable":true,"href":"https:\/\/soydeaqui.ddns.net\/pachuca\/index.php\/wp-json\/wp\/v2\/media\/90028"}],"wp:attachment":[{"href":"https:\/\/soydeaqui.ddns.net\/pachuca\/index.php\/wp-json\/wp\/v2\/media?parent=90029"}],"wp:term":[{"taxonomy":"product_brand","embeddable":true,"href":"https:\/\/soydeaqui.ddns.net\/pachuca\/index.php\/wp-json\/wp\/v2\/product_brand?post=90029"},{"taxonomy":"product_cat","embeddable":true,"href":"https:\/\/soydeaqui.ddns.net\/pachuca\/index.php\/wp-json\/wp\/v2\/product_cat?post=90029"},{"taxonomy":"product_tag","embeddable":true,"href":"https:\/\/soydeaqui.ddns.net\/pachuca\/index.php\/wp-json\/wp\/v2\/product_tag?post=90029"}],"curies":[{"name":"wp","href":"https:\/\/api.w.org\/{rel}","templated":true}]}}