{"id":90009,"date":"2026-03-20T03:23:04","date_gmt":"2026-03-20T03:23:04","guid":{"rendered":"https:\/\/soydeaqui.ddns.net\/pachuca\/index.php\/producto\/brazo-de-extension-40-cm-para-uso-con-herraje-tipo-j-lp-sc-jh-10-15-o-lp-sc-jh-06-08\/"},"modified":"2026-03-20T03:23:13","modified_gmt":"2026-03-20T03:23:13","slug":"brazo-de-extension-40-cm-para-uso-con-herraje-tipo-j-lp-sc-jh-10-15-o-lp-sc-jh-06-08","status":"publish","type":"product","link":"https:\/\/soydeaqui.ddns.net\/pachuca\/index.php\/producto\/brazo-de-extension-40-cm-para-uso-con-herraje-tipo-j-lp-sc-jh-10-15-o-lp-sc-jh-06-08\/","title":{"rendered":"Brazo de Extensi\u00f3n 40 CM para uso con Herraje Tipo &#8220;J&#8221; (LP-SC-JH-10-15 o LP-SC-JH-06-08)"},"content":{"rendered":"<div style='width: 100%; max-width: 1200px; margin: 0 auto; font-family: sans-serif; line-height: 1.6; color: inherit; background-color: transparent;'> <!-- Logo --> <\/p>\n<div style='text-align: center; margin-bottom: 20px;'> <img style='width: 100%; max-width: 432px; height: auto; border: 1px solid rgba(150&comma;150&comma;150&comma;0.3); border-radius: 8px;' src='https:\/\/ftp3.syscom.mx\/usuarios\/orobles\/LinkedPro\/linkedpro_logo.png' alt='Logo LinkedPro'> <\/div>\n<p> <!-- Descripci\u00f3n --> <\/p>\n<div style='margin-bottom: 30px;'>\n<p style='font-size: 16px; color: inherit;'> El brazo de extensi\u00f3n nos ayuda a sujetar los cables autosoportados de fibra \u00f3ptica&comma; adem\u00e1s nos permite continuar con la trayectoria de fibra \u00f3ptica cuando encontramos alg\u00fan obst\u00e1culo&comma; est\u00e1 fabricado en acero galvanizado por inmersi\u00f3n en caliente para una mayor resistencia a la intemperie&comma; se complementa con herrajes tipo J para fibra ADSS o MINI-ADSS <\/p>\n<\/p><\/div>\n<p> <!-- Caracter\u00edsticas --> <\/p>\n<div style='display: flex; flex-wrap: wrap; gap: 30px; margin-bottom: 30px;'>\n<div style='flex: 1 1 300px; min-width: 280px;'>\n<h3 style='font-size: 22px; border-bottom: 2px solid currentColor; padding-bottom: 5px; margin-top: 0; color: inherit; opacity: 0.8;'>Caracter\u00edsticas<\/h3>\n<ul style='padding-left: 20px; font-size: 15px; color: inherit;'>\n<li style='margin-bottom: 5px;'>Longitud del brazo: 40 cm<\/li>\n<li style='margin-bottom: 5px;'>Fabricado en acero galvanizado por inmersi\u00f3n en caliente<\/li>\n<li style='margin-bottom: 5px;'>Peso: 2 kg<\/li>\n<\/ul><\/div>\n<\/p><\/div>\n<p> <!-- Compatibilidad --> <\/p>\n<div style='display: flex; flex-wrap: wrap; gap: 30px; margin-bottom: 30px;'>\n<div style='flex: 1 1 300px; min-width: 280px;'>\n<h3 style='font-size: 22px; border-bottom: 2px solid currentColor; padding-bottom: 5px; margin-top: 0; color: inherit; opacity: 0.8;'>Compatible con los siguientes modelos de herrajes tipo J<\/h3>\n<ul style='padding-left: 20px; font-size: 15px; color: inherit;'>\n<li style='margin-bottom: 5px;'><a href='https:\/\/www.syscom.mx\/producto\/LP-SC-JH-10-15-LINKEDPRO-BY-EPCOM-191668.html' target='_blank' rel='noopener' style='color: inherit; text-decoration: underline;'>LP-SC-JH-10-15<\/a><\/li>\n<li style='margin-bottom: 5px;'><a href='https:\/\/www.syscom.mx\/producto\/LP-SC-JH-06-08-LINKEDPRO-BY-EPCOM-202462.html' target='_blank' rel='noopener' style='color: inherit; text-decoration: underline;'>LP-SC-JH-06-08<\/a><\/li>\n<\/ul><\/div>\n<\/p><\/div>\n<p> <!-- Imagen de ejemplo de instalaci\u00f3n --> <\/p>\n<div style='display: flex; flex-wrap: wrap; gap: 30px; margin-bottom: 30px;'>\n<div style='flex: 1 1 300px; min-width: 280px;'>\n<h3 style='font-size: 22px; border-bottom: 2px solid currentColor; padding-bottom: 5px; margin-top: 0; color: inherit; opacity: 0.8;'>Ejemplo de instalaci\u00f3n con herraje tipo J<\/h3>\n<div style='margin-top: 15px;'> <img style='width: 100%; height: auto; border: 1px solid rgba(150&comma;150&comma;150&comma;0.3); border-radius: 8px;' src='https:\/\/ftp3.syscom.mx\/usuarios\/fotos\/LPBDE040\/210115-ejemplo_con_tipo_j.jpeg' alt='Ejemplo con herraje tipo J'> <\/div>\n<\/p><\/div>\n<\/p><\/div>\n<p> <!-- Diagramas --> <\/p>\n<div style='display: flex; flex-wrap: wrap; gap: 30px; margin-bottom: 30px;'>\n<div style='flex: 1 1 300px; min-width: 280px;'>\n<h3 style='font-size: 22px; border-bottom: 2px solid currentColor; padding-bottom: 5px; margin-top: 0; color: inherit; opacity: 0.8;'>Diagramas<\/h3>\n<div style='margin-top: 15px;'> <img style='width: 100%; height: auto; border: 1px solid rgba(150&comma;150&comma;150&comma;0.3); border-radius: 8px;' src='https:\/\/ftp3.syscom.mx\/usuarios\/fotos\/LPBDC\/195583-diagramas_clamps_fittings.png' alt='Diagramas Clamps Fittings'> <\/div>\n<\/p><\/div>\n<\/p><\/div>\n<p> <!-- Separador --> <\/p>\n<hr style='border: 0; border-top: 1px solid rgba(150&comma; 150&comma; 150&comma; 0.3); margin: 30px 0;'> <\/div>\n","protected":false},"excerpt":{"rendered":"<p>Brazo de Extensi\u00f3n 40 CM para uso con Herraje Tipo &#8220;J&#8221; (LP-SC-JH-10-15 o LP-SC-JH-06-08)<\/p>\n","protected":false},"featured_media":90008,"comment_status":"open","ping_status":"closed","template":"","meta":[],"product_brand":[],"product_cat":[2016],"product_tag":[2017,435,2011],"class_list":{"0":"post-90009","1":"product","2":"type-product","3":"status-publish","4":"has-post-thumbnail","6":"product_cat-herrajes","7":"product_tag-herrajes","8":"product_tag-linkedpro-by-epcom","9":"product_tag-redes-ftth-pon","11":"first","12":"instock","13":"sale","14":"shipping-taxable","15":"purchasable","16":"product-type-simple"},"_links":{"self":[{"href":"https:\/\/soydeaqui.ddns.net\/pachuca\/index.php\/wp-json\/wp\/v2\/product\/90009","targetHints":{"allow":["GET"]}}],"collection":[{"href":"https:\/\/soydeaqui.ddns.net\/pachuca\/index.php\/wp-json\/wp\/v2\/product"}],"about":[{"href":"https:\/\/soydeaqui.ddns.net\/pachuca\/index.php\/wp-json\/wp\/v2\/types\/product"}],"replies":[{"embeddable":true,"href":"https:\/\/soydeaqui.ddns.net\/pachuca\/index.php\/wp-json\/wp\/v2\/comments?post=90009"}],"wp:featuredmedia":[{"embeddable":true,"href":"https:\/\/soydeaqui.ddns.net\/pachuca\/index.php\/wp-json\/wp\/v2\/media\/90008"}],"wp:attachment":[{"href":"https:\/\/soydeaqui.ddns.net\/pachuca\/index.php\/wp-json\/wp\/v2\/media?parent=90009"}],"wp:term":[{"taxonomy":"product_brand","embeddable":true,"href":"https:\/\/soydeaqui.ddns.net\/pachuca\/index.php\/wp-json\/wp\/v2\/product_brand?post=90009"},{"taxonomy":"product_cat","embeddable":true,"href":"https:\/\/soydeaqui.ddns.net\/pachuca\/index.php\/wp-json\/wp\/v2\/product_cat?post=90009"},{"taxonomy":"product_tag","embeddable":true,"href":"https:\/\/soydeaqui.ddns.net\/pachuca\/index.php\/wp-json\/wp\/v2\/product_tag?post=90009"}],"curies":[{"name":"wp","href":"https:\/\/api.w.org\/{rel}","templated":true}]}}