{"id":90007,"date":"2026-03-20T03:22:59","date_gmt":"2026-03-20T03:22:59","guid":{"rendered":"https:\/\/soydeaqui.ddns.net\/pachuca\/index.php\/producto\/switch-stackeable-capa-3-24-puertos-1-2-5-5-10g-rj45-4-x-40g-100g-qsfp-qsfp28-1-ranura-de-expansion\/"},"modified":"2026-03-20T03:23:01","modified_gmt":"2026-03-20T03:23:01","slug":"switch-stackeable-capa-3-24-puertos-1-2-5-5-10g-rj45-4-x-40g-100g-qsfp-qsfp28-1-ranura-de-expansion","status":"publish","type":"product","link":"https:\/\/soydeaqui.ddns.net\/pachuca\/index.php\/producto\/switch-stackeable-capa-3-24-puertos-1-2-5-5-10g-rj45-4-x-40g-100g-qsfp-qsfp28-1-ranura-de-expansion\/","title":{"rendered":"Switch Stackeable Capa 3, 24 puertos 1\/2.5\/5\/10G RJ45, 4 x 40G\/100G QSFP+\/QSFP28, 1 ranura de expansi\u00f3n"},"content":{"rendered":"<div style='width: 100%; max-width: 1200px; margin: 0 auto; font-family: sans-serif; line-height: 1.6; color: inherit; background-color: transparent;'> <!-- Secci\u00f3n de caracter\u00edsticas --> <\/p>\n<div style='display: flex; flex-wrap: wrap; gap: 30px; margin-bottom: 30px;'>\n<div style='flex: 1 1 300px; min-width: 280px;'>\n<h3 style='font-size: 22px; border-bottom: 2px solid currentColor; padding-bottom: 5px; margin-top: 0; color: inherit; opacity: 0.8;'>Caracter\u00edsticas principales<\/h3>\n<ul style='padding-left: 20px; font-size: 15px; color: inherit;'>\n<li style='margin-bottom: 5px;'>Switch multigigabit de capa 3 apilable 10G\/40G\/100G ampliable<\/li>\n<li style='margin-bottom: 5px;'><span style='color: #e74c3c;'>Tenga en cuenta que los ventiladores est\u00e1n incluidos&comma; pero NO se env\u00edan fuentes de alimentaci\u00f3n con el chasis base&comma; deben pedirse por separado<\/span><\/li>\n<\/ul><\/div>\n<\/p><\/div>\n<p> <!-- Secci\u00f3n de descripci\u00f3n detallada --> <\/p>\n<div style='display: flex; flex-wrap: wrap; gap: 30px; margin-bottom: 30px;'>\n<div style='flex: 1 1 600px; min-width: 300px;'>\n<div style='font-size: 15px; color: inherit;'>\n<p style='margin-top: 0; margin-bottom: 15px;'>El conmutador apilable multigigabit capa 3 x950-28XTQm es una potente soluci\u00f3n central local o distribuida&comma; con capacidad para redes Smart City e IoT.<\/p>\n<ul style='padding-left: 20px; margin-top: 0; margin-bottom: 0;'>\n<li style='margin-bottom: 5px;'>Puertos de 24 puertos 1\/2.5\/5\/10G (RJ45)&comma; 4 puertos de enlace ascendente 40G\/100G y 1 compartimento de expansi\u00f3n<\/li>\n<li style='margin-bottom: 5px;'>Las grandes tablas de conmutaci\u00f3n y enrutamiento admiten m\u00faltiples servicios y dispositivos conectados<\/li>\n<li style='margin-bottom: 5px;'>VCStackTM hasta 8 unidades localmente o a distancia para un n\u00facleo de red resistente<\/li>\n<li style='margin-bottom: 5px;'>Autonomous Management FrameworkTM (AMF) para la automatizaci\u00f3n de redes<\/li>\n<li style='margin-bottom: 5px;'>La conectividad 2.5\/5G permite una velocidad inal\u00e1mbrica de alta velocidad o la velocidad m\u00e1xima de enlace descendente utilizando el cableado Cat5e\/6\/6A heredado<\/li>\n<\/ul><\/div>\n<\/p><\/div>\n<\/p><\/div>\n<p> <!-- Separador --> <\/p>\n<hr style='border: 0; border-top: 1px solid rgba(150&comma; 150&comma; 150&comma; 0.3); margin: 30px 0;'> <\/div>\n","protected":false},"excerpt":{"rendered":"<p>Switch Stackeable Capa 3, 24 puertos 1\/2.5\/5\/10G RJ45, 4 x 40G\/100G QSFP+\/QSFP28, 1 ranura de expansi\u00f3n<\/p>\n","protected":false},"featured_media":90006,"comment_status":"open","ping_status":"closed","template":"","meta":[],"product_brand":[],"product_cat":[1970],"product_tag":[1995,664,1971],"class_list":{"0":"post-90007","1":"product","2":"type-product","3":"status-publish","4":"has-post-thumbnail","6":"product_cat-switches","7":"product_tag-allied-telesis","8":"product_tag-networking","9":"product_tag-switches","11":"first","12":"outofstock","13":"sale","14":"shipping-taxable","15":"purchasable","16":"product-type-simple"},"_links":{"self":[{"href":"https:\/\/soydeaqui.ddns.net\/pachuca\/index.php\/wp-json\/wp\/v2\/product\/90007","targetHints":{"allow":["GET"]}}],"collection":[{"href":"https:\/\/soydeaqui.ddns.net\/pachuca\/index.php\/wp-json\/wp\/v2\/product"}],"about":[{"href":"https:\/\/soydeaqui.ddns.net\/pachuca\/index.php\/wp-json\/wp\/v2\/types\/product"}],"replies":[{"embeddable":true,"href":"https:\/\/soydeaqui.ddns.net\/pachuca\/index.php\/wp-json\/wp\/v2\/comments?post=90007"}],"wp:featuredmedia":[{"embeddable":true,"href":"https:\/\/soydeaqui.ddns.net\/pachuca\/index.php\/wp-json\/wp\/v2\/media\/90006"}],"wp:attachment":[{"href":"https:\/\/soydeaqui.ddns.net\/pachuca\/index.php\/wp-json\/wp\/v2\/media?parent=90007"}],"wp:term":[{"taxonomy":"product_brand","embeddable":true,"href":"https:\/\/soydeaqui.ddns.net\/pachuca\/index.php\/wp-json\/wp\/v2\/product_brand?post=90007"},{"taxonomy":"product_cat","embeddable":true,"href":"https:\/\/soydeaqui.ddns.net\/pachuca\/index.php\/wp-json\/wp\/v2\/product_cat?post=90007"},{"taxonomy":"product_tag","embeddable":true,"href":"https:\/\/soydeaqui.ddns.net\/pachuca\/index.php\/wp-json\/wp\/v2\/product_tag?post=90007"}],"curies":[{"name":"wp","href":"https:\/\/api.w.org\/{rel}","templated":true}]}}