{"id":89982,"date":"2026-03-20T03:21:46","date_gmt":"2026-03-20T03:21:46","guid":{"rendered":"https:\/\/soydeaqui.ddns.net\/pachuca\/index.php\/producto\/servidor-nas-de-5-bahias-expandible-a-15-bahias-hasta-270-tb-8-gb-ram-servicio-nube-gratis-p2p-administracion-remota-y-respaldo-programado\/"},"modified":"2026-03-20T03:21:56","modified_gmt":"2026-03-20T03:21:56","slug":"servidor-nas-de-5-bahias-expandible-a-15-bahias-hasta-270-tb-8-gb-ram-servicio-nube-gratis-p2p-administracion-remota-y-respaldo-programado","status":"publish","type":"product","link":"https:\/\/soydeaqui.ddns.net\/pachuca\/index.php\/producto\/servidor-nas-de-5-bahias-expandible-a-15-bahias-hasta-270-tb-8-gb-ram-servicio-nube-gratis-p2p-administracion-remota-y-respaldo-programado\/","title":{"rendered":"Servidor NAS de 5 Bah\u00edas (Expandible a 15 Bah\u00edas) \/ Hasta 270 TB \/ 8 GB RAM \/ Servicio Nube Gratis (P2P) \/ Administraci\u00f3n Remota y Respaldo Programado"},"content":{"rendered":"<div style='width: 100%; max-width: 1200px; margin: 0 auto; font-family: sans-serif; line-height: 1.6; color: inherit; background-color: transparent;'>\n<div style='margin-bottom: 30px;'> <a href='https:\/\/ftp3.syscom.mx\/usuarios\/nortega\/synology\/PROCEDIMIENTO%20DE%20GARANTIAS.pdf' style='display: block; text-align: center; margin-bottom: 15px;'> <img style='width: 100%; max-width: 900px; height: auto; border: 1px solid rgba(150&comma;150&comma;150&comma;0.3); border-radius: 8px;' src='https:\/\/ftp3.syscom.mx\/usuarios\/nortega\/synology\/imagenes\/cintillo%20garantia.jpg' alt=''> <\/a> <\/p>\n<h1 style='font-size: 24px; margin-top: 0; margin-bottom: 15px; color: inherit; font-weight: 600;'>Servidor orientado al usuario con computaci\u00f3n de alta velocidad<\/h1>\n<p style='margin-bottom: 15px; color: inherit;'>DS1522PLUS es un NAS de 5 bah\u00edas que ofrece escalabilidad de almacenamiento perfecto para entusiastas de la tecnolog\u00eda y peque\u00f1as y medianas empresas mediante el manejo de cargas de trabajo sin esfuerzo. Potencie el rendimiento de almacenamiento a\u00fan m\u00e1s con la cach\u00e9 de SSD M.2 opcional o agregue una NIC de 10 GbE para mejorar las velocidades de red.<\/p>\n<\/p><\/div>\n<div style='display: flex; flex-wrap: wrap; gap: 30px; margin-bottom: 30px;'>\n<div style='flex: 1 1 300px; min-width: 280px;'>\n<h3 style='font-size: 20px; border-bottom: 2px solid currentColor; padding-bottom: 5px; margin-top: 0; color: inherit; opacity: 0.8;'>Procesador y Memoria<\/h3>\n<ul style='padding-left: 20px; font-size: 15px; color: inherit;'>\n<li style='margin-bottom: 5px;'><strong>Modelo:<\/strong> AMD Ryzen R1600<\/li>\n<li style='margin-bottom: 5px;'><strong>Arquitectura:<\/strong> 64-bit<\/li>\n<li style='margin-bottom: 5px;'><strong>Frecuencia:<\/strong> N\u00facleo cu\u00e1druple 3.1GHz<\/li>\n<li style='margin-bottom: 5px;'><strong>Motor de cifrado de hardware:<\/strong> AES-NI<\/li>\n<li style='margin-bottom: 5px;'><strong>Memoria RAM:<\/strong> 8GB DDR4 ECC (Capacidad m\u00e1xima: 32GB&comma; dos)<\/li>\n<\/ul><\/div>\n<div style='flex: 1 1 300px; min-width: 280px;'>\n<h3 style='font-size: 20px; border-bottom: 2px solid currentColor; padding-bottom: 5px; margin-top: 0; color: inherit; opacity: 0.8;'>Caracter\u00edsticas F\u00edsicas y El\u00e9ctricas<\/h3>\n<ul style='padding-left: 20px; font-size: 15px; color: inherit;'>\n<li style='margin-bottom: 5px;'><strong>Alimentaci\u00f3n:<\/strong> 100 a 240VCA (Incluye fuente de alimentaci\u00f3n)<\/li>\n<li style='margin-bottom: 5px;'><strong>Consumo:<\/strong> 120 W<\/li>\n<li style='margin-bottom: 5px;'><strong>Temperatura de operaci\u00f3n:<\/strong> 0 \u00b0C a 40 \u00b0C<\/li>\n<li style='margin-bottom: 5px;'><strong>Dimensiones:<\/strong> 166 X 230 X 223 mm<\/li>\n<li style='margin-bottom: 5px;'><strong>Peso:<\/strong> 2.7 Kg<\/li>\n<\/ul><\/div>\n<div style='flex: 1 1 300px; min-width: 280px;'>\n<h3 style='font-size: 20px; border-bottom: 2px solid currentColor; padding-bottom: 5px; margin-top: 0; color: inherit; opacity: 0.8;'>Almacenamiento<\/h3>\n<ul style='padding-left: 20px; font-size: 15px; color: inherit;'>\n<li style='margin-bottom: 5px;'>5 Bah\u00edas para Disco Duro (no incluidos)<\/li>\n<li style='margin-bottom: 5px;'>Expandible hasta 15 Bah\u00edas con 2 Unidades de Expansi\u00f3n DX517<\/li>\n<li style='margin-bottom: 5px;'>Soporta discos duros HDD\/SSD de 3.5&#8217;&comma; 2.5&#8242; SATA III y SATA II<\/li>\n<li style='margin-bottom: 5px;'>Soporta discos duros de hasta 18TB<\/li>\n<li style='margin-bottom: 5px;'>Hot Swap<\/li>\n<\/ul><\/div>\n<\/p><\/div>\n<div style='display: flex; flex-wrap: wrap; gap: 30px; margin-bottom: 30px;'>\n<div style='flex: 1 1 300px; min-width: 280px;'>\n<h3 style='font-size: 20px; border-bottom: 2px solid currentColor; padding-bottom: 5px; margin-top: 0; color: inherit; opacity: 0.8;'>Puertos de conexi\u00f3n<\/h3>\n<ul style='padding-left: 20px; font-size: 15px; color: inherit;'>\n<li style='margin-bottom: 5px;'>4 Puertos RJ45 Gigabit (Con Link Aggregation \/ Failover support)<\/li>\n<li style='margin-bottom: 5px;'>2 Puertos USB 3.2<\/li>\n<li style='margin-bottom: 5px;'>2 Puerto eSATA<\/li>\n<li style='margin-bottom: 5px;'>1 Puerto de expansi\u00f3n PCIe<\/li>\n<\/ul><\/div>\n<div style='flex: 1 1 300px; min-width: 280px;'>\n<h3 style='font-size: 20px; border-bottom: 2px solid currentColor; padding-bottom: 5px; margin-top: 0; color: inherit; opacity: 0.8;'>RAID Compatible<\/h3>\n<ul style='padding-left: 20px; font-size: 15px; color: inherit;'>\n<li style='margin-bottom: 5px;'>Synology Hybrid RAID<\/li>\n<li style='margin-bottom: 5px;'>JBOD<\/li>\n<li style='margin-bottom: 5px;'>RAID 0<\/li>\n<li style='margin-bottom: 5px;'>RAID 1<\/li>\n<li style='margin-bottom: 5px;'>RAID 5<\/li>\n<li style='margin-bottom: 5px;'>RAID 6<\/li>\n<li style='margin-bottom: 5px;'>RAID 10<\/li>\n<\/ul><\/div>\n<div style='flex: 1 1 300px; min-width: 280px;'>\n<h3 style='font-size: 20px; border-bottom: 2px solid currentColor; padding-bottom: 5px; margin-top: 0; color: inherit; opacity: 0.8;'>Software<\/h3>\n<p style='margin-bottom: 15px; color: inherit;'>Synology DiskStation Manager (DSM) es un elegante sistema operativo basado en navegador&comma; lo que hace que Synology NAS sea muy f\u00e1cil de utilizar.<\/p>\n<\/p><\/div>\n<\/p><\/div>\n<div style='display: flex; flex-wrap: wrap; gap: 30px; margin-bottom: 30px;'>\n<div style='flex: 1 1 300px; min-width: 280px; text-align: center;'>\n<h3 style='font-size: 18px; margin-top: 0; margin-bottom: 10px; color: inherit; font-weight: 600;'>Garant\u00eda de hardware de 3 a\u00f1os<\/h3>\n<\/p><\/div>\n<\/p><\/div>\n<hr style='border: 0; border-top: 1px solid rgba(150&comma; 150&comma; 150&comma; 0.3); margin: 30px 0;'>\n<div style='margin-bottom: 30px;'> <a href='https:\/\/www.synology.com\/es-mx\/compatibility?search_by=products&#038;model=DS120j&#038;category=hdds_no_ssd_trim&#038;p=1&#038;change_log_p=1' target='_blank' rel='noopener' style='display: block; text-align: center;'> <img style='width: 100%; height: auto; border: 1px solid rgba(150&comma;150&comma;150&comma;0.3); border-radius: 8px;' src='http:\/\/ftp3.syscom.mx\/usuarios\/nortega\/synology\/compatibilidad.jpg' alt=''> <\/a> <\/div>\n<div style='display: flex; flex-wrap: wrap; margin-bottom: 30px;'>\n<div style='flex: 1 1 100%; background-color: #616d71; color: white; padding: 20px;'>\n<div style='display: flex; flex-wrap: wrap;'>\n<div style='flex: 1 1 100%; padding: 10px;'>\n<h2 style='font-size: 22px; margin-top: 0; margin-bottom: 10px; color: inherit;'>Surveillance Station<\/h2>\n<p style='margin-bottom: 15px; color: inherit;'>Proteja su empresa&comma; su hogar y otros entornos con el sistema Surveillance Station es cual es fiable e intuitivo&comma; adem\u00e1s ofrece herramientas inteligentes de supervisi\u00f3n y de gesti\u00f3n de v\u00eddeo para proteger sus valiosos activos.<\/p>\n<p style='margin-bottom: 0; color: inherit; text-align: right;'> <a href='https:\/\/www.synology.com\/es-mx\/compatibility\/camera' target='_blank' rel='noopener' style='color: #ffffff; text-decoration: underline;'>Verifique compatibilidad con c\u00e1maras IP<\/a> <\/p>\n<\/p><\/div>\n<div style='flex: 1 1 100%; padding: 10px; text-align: center;'> <img style='width: 100%; max-width: 400px; height: auto; border: 1px solid rgba(150&comma;150&comma;150&comma;0.3); border-radius: 8px;' src='https:\/\/ftp3.syscom.mx\/usuarios\/nortega\/synology\/imagenes\/imagenes%20generales\/ss.png' alt=''> <\/div>\n<\/p><\/div>\n<\/p><\/div>\n<\/p><\/div>\n<div style='display: flex; flex-wrap: wrap; margin-bottom: 30px;'>\n<div style='flex: 1 1 100%; padding: 20px;'>\n<div style='display: flex; flex-wrap: wrap;'>\n<div style='flex: 1 1 100%; padding: 10px; text-align: center;'> <img style='width: 100%; max-width: 400px; height: auto; border: 1px solid rgba(150&comma;150&comma;150&comma;0.3); border-radius: 8px;' src='https:\/\/ftp3.syscom.mx\/usuarios\/nortega\/synology\/imagenes\/imagenes%20generales\/moviles.png' alt=''> <\/div>\n<div style='flex: 1 1 100%; padding: 10px;'>\n<h2 style='font-size: 22px; margin-top: 0; margin-bottom: 15px; color: inherit;'>Integraci\u00f3n perfecta con sus dispositivos m\u00f3viles<\/h2>\n<p style='margin-bottom: 15px; color: inherit;'>Las aplicaciones m\u00f3viles de Synology est\u00e1n dise\u00f1adas para permitir un acceso r\u00e1pido y seguro a sus datos desde cualquier ubicaci\u00f3n.<\/p>\n<div style='display: flex; flex-wrap: wrap; justify-content: center; gap: 15px;'> <img style='width: 62px; height: 62px; border: 1px solid rgba(150&comma;150&comma;150&comma;0.3); border-radius: 8px;' src='https:\/\/ftp3.syscom.mx\/usuarios\/nortega\/synology\/imagenes\/imagenes%20generales\/ds_audio.png' alt='DS Audio'> <img style='width: 62px; height: 62px; border: 1px solid rgba(150&comma;150&comma;150&comma;0.3); border-radius: 8px;' src='https:\/\/ftp3.syscom.mx\/usuarios\/nortega\/synology\/imagenes\/imagenes%20generales\/ds_photo.png' alt='DS Photo'> <img style='width: 62px; height: 62px; border: 1px solid rgba(150&comma;150&comma;150&comma;0.3); border-radius: 8px;' src='https:\/\/ftp3.syscom.mx\/usuarios\/nortega\/synology\/imagenes\/imagenes%20generales\/ds_video.png' alt='DS Video'> <\/div>\n<\/p><\/div>\n<\/p><\/div>\n<\/p><\/div>\n<\/p><\/div>\n<div style='display: flex; flex-wrap: wrap; margin-bottom: 30px;'>\n<div style='flex: 1 1 100%; background-color: #616d71; color: white; padding: 20px;'>\n<div style='display: flex; flex-wrap: wrap;'>\n<div style='flex: 1 1 100%; padding: 10px;'>\n<h2 style='font-size: 22px; margin-top: 0; margin-bottom: 10px; color: inherit;'>Soluci\u00f3n de copia de seguridad centralizada para sus dispositivos digitales<\/h2>\n<p style='margin-bottom: 15px; color: inherit;'>La soluci\u00f3n de copia de seguridad completa de m\u00faltiples versiones de Synology protege sus activos digitales en ordenadores (Windows\/Mac) y tel\u00e9fonos m\u00f3viles (Android\/iOS) contra ataques maliciosos&comma; incluidas las crecientes amenazas de ransomware basadas en cifrado.<\/p>\n<\/p><\/div>\n<div style='flex: 1 1 100%; padding: 10px; text-align: center;'> <img style='width: 100%; max-width: 400px; height: auto; border: 1px solid rgba(150&comma;150&comma;150&comma;0.3); border-radius: 8px;' src='https:\/\/ftp3.syscom.mx\/usuarios\/nortega\/synology\/imagenes\/imagenes%20generales\/computers.jpg' alt=''> <\/div>\n<\/p><\/div>\n<\/p><\/div>\n<\/p><\/div>\n<div style='text-align: center; margin-bottom: 30px;'>\n<h1 style='font-size: 24px; margin-top: 0; margin-bottom: 20px; color: inherit; font-weight: 600;'><small style='font-size: 16px; color: inherit; opacity: 0.8;'>Con tecnolog\u00eda de Synology DiskStation Manager<\/small><\/h1>\n<\/p><\/div>\n<div style='display: flex; flex-wrap: wrap; gap: 20px; margin-bottom: 30px;'>\n<div style='flex: 1 1 250px; border: 1px solid rgba(150&comma; 150&comma; 150&comma; 0.4); border-radius: 8px; overflow: hidden; display: flex; flex-direction: column;'>\n<div style='padding: 15px; border-bottom: 1px solid rgba(150&comma; 150&comma; 150&comma; 0.2); font-weight: bold; font-size: 18px; color: inherit;'>Administraci\u00f3n\/Servidor de archivos<\/div>\n<div style='padding: 15px; color: inherit;'>\n<p style='margin: 0; font-size: 14px;'>Administraci\u00f3n de archivos y servicios compartidos integrados y potentes.<\/p>\n<\/p><\/div>\n<\/p><\/div>\n<div style='flex: 1 1 250px; border: 1px solid rgba(150&comma; 150&comma; 150&comma; 0.4); border-radius: 8px; overflow: hidden; display: flex; flex-direction: column;'>\n<div style='padding: 15px; border-bottom: 1px solid rgba(150&comma; 150&comma; 150&comma; 0.2); font-weight: bold; font-size: 18px; color: inherit;'>Multimedia<\/div>\n<div style='padding: 15px; color: inherit;'>\n<p style='margin: 0; font-size: 14px;'>Soluci\u00f3n multimedia completa para la administraci\u00f3n&comma; transmisi\u00f3n y reproducci\u00f3n.<\/p>\n<\/p><\/div>\n<\/p><\/div>\n<div style='flex: 1 1 250px; border: 1px solid rgba(150&comma; 150&comma; 150&comma; 0.4); border-radius: 8px; overflow: hidden; display: flex; flex-direction: column;'>\n<div style='padding: 15px; border-bottom: 1px solid rgba(150&comma; 150&comma; 150&comma; 0.2); font-weight: bold; font-size: 18px; color: inherit;'>Hyper Backup<\/div>\n<div style='padding: 15px; color: inherit;'>\n<p style='margin: 0; font-size: 14px;'>Almacene varias versiones de respaldo mediante una copia de seguridad de datos incrementales a nivel de bloque y la eliminaci\u00f3n de duplicados entre versiones.<\/p>\n<\/p><\/div>\n<\/p><\/div>\n<div style='flex: 1 1 250px; border: 1px solid rgba(150&comma; 150&comma; 150&comma; 0.4); border-radius: 8px; overflow: hidden; display: flex; flex-direction: column;'>\n<div style='padding: 15px; border-bottom: 1px solid rgba(150&comma; 150&comma; 150&comma; 0.2); font-weight: bold; font-size: 18px; color: inherit;'>Interfaz de usuario de DSM<\/div>\n<div style='padding: 15px; color: inherit;'>\n<p style='margin: 0; font-size: 14px;'>Sistema operativo galardonado que cuenta con una interfaz de usuario intuitiva y funciones potentes.<\/p>\n<\/p><\/div>\n<\/p><\/div>\n<div style='flex: 1 1 250px; border: 1px solid rgba(150&comma; 150&comma; 150&comma; 0.4); border-radius: 8px; overflow: hidden; display: flex; flex-direction: column;'>\n<div style='padding: 15px; border-bottom: 1px solid rgba(150&comma; 150&comma; 150&comma; 0.2); font-weight: bold; font-size: 18px; color: inherit;'>Seguridad<\/div>\n<div style='padding: 15px; color: inherit;'>\n<p style='margin: 0; font-size: 14px;'>Proteja sus datos mediante completas herramientas de seguridad integradas para defender sus dispositivos frente a amenazas constantes.<\/p>\n<\/p><\/div>\n<\/p><\/div>\n<div style='flex: 1 1 250px; border: 1px solid rgba(150&comma; 150&comma; 150&comma; 0.4); border-radius: 8px; overflow: hidden; display: flex; flex-direction: column;'>\n<div style='padding: 15px; border-bottom: 1px solid rgba(150&comma; 150&comma; 150&comma; 0.2); font-weight: bold; font-size: 18px; color: inherit;'>Servidor todo en uno<\/div>\n<div style='padding: 15px; color: inherit;'>\n<p style='margin: 0; font-size: 14px;'>Ahorre inversiones adicionales mediante la integraci\u00f3n de varios servicios de red&comma; de internet o correo electr\u00f3nico y aplicaciones de administraci\u00f3n de su NAS.<\/p>\n<\/p><\/div>\n<\/p><\/div>\n<\/p><\/div>\n<\/p><\/div>\n","protected":false},"excerpt":{"rendered":"<p>Servidor NAS de 5 Bah\u00edas (Expandible a 15 Bah\u00edas) \/ Hasta 270 TB \/ 8 GB RAM \/ Servicio Nube Gratis (P2P) \/ Administraci\u00f3n Remota y Respaldo Programado<\/p>\n","protected":false},"featured_media":89981,"comment_status":"open","ping_status":"closed","template":"","meta":[],"product_brand":[],"product_cat":[2067],"product_tag":[1974,2068,1976],"class_list":{"0":"post-89982","1":"product","2":"type-product","3":"status-publish","4":"has-post-thumbnail","6":"product_cat-servidores-nas","7":"product_tag-almacenamiento","8":"product_tag-servidores-nas","9":"product_tag-synology","11":"first","12":"outofstock","13":"sale","14":"shipping-taxable","15":"purchasable","16":"product-type-simple"},"_links":{"self":[{"href":"https:\/\/soydeaqui.ddns.net\/pachuca\/index.php\/wp-json\/wp\/v2\/product\/89982","targetHints":{"allow":["GET"]}}],"collection":[{"href":"https:\/\/soydeaqui.ddns.net\/pachuca\/index.php\/wp-json\/wp\/v2\/product"}],"about":[{"href":"https:\/\/soydeaqui.ddns.net\/pachuca\/index.php\/wp-json\/wp\/v2\/types\/product"}],"replies":[{"embeddable":true,"href":"https:\/\/soydeaqui.ddns.net\/pachuca\/index.php\/wp-json\/wp\/v2\/comments?post=89982"}],"wp:featuredmedia":[{"embeddable":true,"href":"https:\/\/soydeaqui.ddns.net\/pachuca\/index.php\/wp-json\/wp\/v2\/media\/89981"}],"wp:attachment":[{"href":"https:\/\/soydeaqui.ddns.net\/pachuca\/index.php\/wp-json\/wp\/v2\/media?parent=89982"}],"wp:term":[{"taxonomy":"product_brand","embeddable":true,"href":"https:\/\/soydeaqui.ddns.net\/pachuca\/index.php\/wp-json\/wp\/v2\/product_brand?post=89982"},{"taxonomy":"product_cat","embeddable":true,"href":"https:\/\/soydeaqui.ddns.net\/pachuca\/index.php\/wp-json\/wp\/v2\/product_cat?post=89982"},{"taxonomy":"product_tag","embeddable":true,"href":"https:\/\/soydeaqui.ddns.net\/pachuca\/index.php\/wp-json\/wp\/v2\/product_tag?post=89982"}],"curies":[{"name":"wp","href":"https:\/\/api.w.org\/{rel}","templated":true}]}}