{"id":89944,"date":"2026-03-20T03:20:01","date_gmt":"2026-03-20T03:20:01","guid":{"rendered":"https:\/\/soydeaqui.ddns.net\/pachuca\/index.php\/producto\/amplificador-mezclador-120w-rms-sistema-100v-y-baja-impedancia-mp3-tuner-bluetooth-musica-ambiental-y-voceo\/"},"modified":"2026-03-20T03:20:02","modified_gmt":"2026-03-20T03:20:02","slug":"amplificador-mezclador-120w-rms-sistema-100v-y-baja-impedancia-mp3-tuner-bluetooth-musica-ambiental-y-voceo","status":"publish","type":"product","link":"https:\/\/soydeaqui.ddns.net\/pachuca\/index.php\/producto\/amplificador-mezclador-120w-rms-sistema-100v-y-baja-impedancia-mp3-tuner-bluetooth-musica-ambiental-y-voceo\/","title":{"rendered":"Amplificador Mezclador | 120W RMS | Sistema 100V y Baja Impedancia | MP3 | Tuner | Bluetooth | M\u00fasica ambiental y Voceo"},"content":{"rendered":"<div style='width: 100%; max-width: 1200px; margin: 0 auto; font-family: sans-serif; line-height: 1.6; color: inherit; background-color: transparent;'>\n<div style='display: flex; flex-wrap: wrap; gap: 30px; margin-bottom: 30px;'>\n<div style='flex: 1 1 300px; min-width: 280px;'>\n<h3 style='font-size: 22px; border-bottom: 2px solid currentColor; padding-bottom: 5px; margin-top: 0; color: inherit; opacity: 0.8;'>Caracter\u00edsticas Principales<\/h3>\n<ul style='padding-left: 20px; font-size: 15px; color: inherit;'>\n<li style='margin-bottom: 5px;'>Dise\u00f1o est\u00e1ndar montado en bastidor (1U)&comma; dise\u00f1o SMT<\/li>\n<li style='margin-bottom: 5px;'>Con el m\u00f3dulo mp3 \/ TUNER \/ Bluetooth&comma; pantalla digital que muestra la m\u00fasica actual de USB<\/li>\n<li style='margin-bottom: 5px;'>Con funci\u00f3n de control remoto mp3 \/ Sintonizador FM \/ Bluetooth (Requiere bater\u00eda CR2025 no incluida)<\/li>\n<li style='margin-bottom: 5px;'>Fuente de conmutaci\u00f3n de alta eficiencia energetica y amplificador de potencia de alta eficiencia<\/li>\n<\/ul><\/div>\n<div style='flex: 1 1 300px; min-width: 280px;'>\n<h3 style='font-size: 22px; border-bottom: 2px solid currentColor; padding-bottom: 5px; margin-top: 0; color: inherit; opacity: 0.8;'>Caracter\u00edsticas de audio<\/h3>\n<ul style='padding-left: 20px; font-size: 15px; color: inherit;'>\n<li style='margin-bottom: 5px;'>2 modos de salida: 100V \/ 4-16\u03a9<\/li>\n<li style='margin-bottom: 5px;'>Control de silencio: Prioridad de canal; EMC> MIC1> MIC2&comma; MIC3&comma; AUX1&comma; AUX2<\/li>\n<li style='margin-bottom: 5px;'>Entrada 1EMC&comma; entrada 2AUX&comma; entrada 4MIC<\/li>\n<li style='margin-bottom: 5px;'>RMS: 120W<\/li>\n<li style='margin-bottom: 5px;'>Sensibilidad de salida y fuente de impedancia: Salida mixta: 1000mV\/470\u03a9&comma; conector RCA no balanceado.<\/li>\n<\/ul><\/div>\n<div style='flex: 1 1 300px; min-width: 280px;'>\n<h3 style='font-size: 22px; border-bottom: 2px solid currentColor; padding-bottom: 5px; margin-top: 0; color: inherit; opacity: 0.8;'>Caracter\u00edsticas f\u00edsicas y el\u00e9ctricas<\/h3>\n<ul style='padding-left: 20px; font-size: 15px; color: inherit;'>\n<li style='margin-bottom: 5px;'>Fuente de alimentaci\u00f3n: 110VAC \/ 50\/60HZ<\/li>\n<li style='margin-bottom: 5px;'>Consumo de potencia: 180W.<\/li>\n<li style='margin-bottom: 5px;'>Dimensiones: 484 x 260 x 44 mm<\/li>\n<li style='margin-bottom: 5px;'>Peso: 4.5kg.<\/li>\n<li style='margin-bottom: 5px;'>Protecci\u00f3n contra sobre calor&comma; corto circuito y sobre carga.<\/li>\n<li style='margin-bottom: 5px;'>Disipaci\u00f3n de calor: Flanco adentro y afuera del panel para forzar el enfriamiento del ventilador&comma; los ventiladores inician cuando el amplificador est\u00e1 encendido&comma; velocidad infinitamente variable.<\/li>\n<\/ul><\/div>\n<\/p><\/div>\n<div style='display: flex; flex-wrap: wrap; gap: 30px; margin-bottom: 30px;'>\n<div style='flex: 1 1 300px; min-width: 280px;'>\n<div style='width: 100%; max-width: 100%; margin-bottom: 20px;'> <img style='width: 100%; height: auto; border: 1px solid rgba(150&comma;150&comma;150&comma;0.3); border-radius: 8px;' src='https:\/\/ftp3.syscom.mx\/usuarios\/albamaria\/albamaria\/Epcomproaudio\/sf120tb-2.png' alt=''> <\/div>\n<\/p><\/div>\n<div style='flex: 1 1 300px; min-width: 280px;'>\n<div style='width: 100%; max-width: 100%; margin-bottom: 20px;'> <img style='width: 100%; height: auto; border: 1px solid rgba(150&comma;150&comma;150&comma;0.3); border-radius: 8px;' src='https:\/\/ftp3.syscom.mx\/usuarios\/fotos\/BancoFotografiasSyscom\/EPCOMPROAUDIO\/SF120TB\/SF120TB-AD-2-l.PNG' alt=''> <\/div>\n<\/p><\/div>\n<div style='flex: 1 1 300px; min-width: 280px;'>\n<div style='width: 100%; max-width: 100%; margin-bottom: 20px;'> <img style='width: 100%; height: auto; border: 1px solid rgba(150&comma;150&comma;150&comma;0.3); border-radius: 8px;' src='https:\/\/ftp3.syscom.mx\/usuarios\/albamaria\/albamaria\/Epcomproaudio\/SF120TB-p.png' alt=''> <\/div>\n<\/p><\/div>\n<\/p><\/div>\n<\/p><\/div>\n","protected":false},"excerpt":{"rendered":"<p>Amplificador Mezclador | 120W RMS | Sistema 100V y Baja Impedancia | MP3 | Tuner | Bluetooth | M\u00fasica ambiental y Voceo<\/p>\n","protected":false},"featured_media":32,"comment_status":"open","ping_status":"closed","template":"","meta":[],"product_brand":[],"product_cat":[108],"product_tag":[110,109],"class_list":{"0":"post-89944","1":"product","2":"type-product","3":"status-publish","4":"has-post-thumbnail","6":"product_cat-epcom-proaudio","7":"product_tag-epcom-proaudio","8":"product_tag-megafonia-y-audioevacuacion","10":"first","11":"outofstock","12":"sale","13":"shipping-taxable","14":"purchasable","15":"product-type-simple"},"_links":{"self":[{"href":"https:\/\/soydeaqui.ddns.net\/pachuca\/index.php\/wp-json\/wp\/v2\/product\/89944","targetHints":{"allow":["GET"]}}],"collection":[{"href":"https:\/\/soydeaqui.ddns.net\/pachuca\/index.php\/wp-json\/wp\/v2\/product"}],"about":[{"href":"https:\/\/soydeaqui.ddns.net\/pachuca\/index.php\/wp-json\/wp\/v2\/types\/product"}],"replies":[{"embeddable":true,"href":"https:\/\/soydeaqui.ddns.net\/pachuca\/index.php\/wp-json\/wp\/v2\/comments?post=89944"}],"wp:featuredmedia":[{"embeddable":true,"href":"https:\/\/soydeaqui.ddns.net\/pachuca\/index.php\/wp-json\/wp\/v2\/media\/32"}],"wp:attachment":[{"href":"https:\/\/soydeaqui.ddns.net\/pachuca\/index.php\/wp-json\/wp\/v2\/media?parent=89944"}],"wp:term":[{"taxonomy":"product_brand","embeddable":true,"href":"https:\/\/soydeaqui.ddns.net\/pachuca\/index.php\/wp-json\/wp\/v2\/product_brand?post=89944"},{"taxonomy":"product_cat","embeddable":true,"href":"https:\/\/soydeaqui.ddns.net\/pachuca\/index.php\/wp-json\/wp\/v2\/product_cat?post=89944"},{"taxonomy":"product_tag","embeddable":true,"href":"https:\/\/soydeaqui.ddns.net\/pachuca\/index.php\/wp-json\/wp\/v2\/product_tag?post=89944"}],"curies":[{"name":"wp","href":"https:\/\/api.w.org\/{rel}","templated":true}]}}