{"id":89892,"date":"2026-03-20T03:17:36","date_gmt":"2026-03-20T03:17:36","guid":{"rendered":"https:\/\/soydeaqui.ddns.net\/pachuca\/index.php\/producto\/unifi-switch-enterprise-administrable-capa-3-48-puertos-2-5gbe-rj45-poe-4-puertos-10g-sfp-720w-con-pantalla-tactil-de-1-3\/"},"modified":"2026-03-20T03:17:46","modified_gmt":"2026-03-20T03:17:46","slug":"unifi-switch-enterprise-administrable-capa-3-48-puertos-2-5gbe-rj45-poe-4-puertos-10g-sfp-720w-con-pantalla-tactil-de-1-3","status":"publish","type":"product","link":"https:\/\/soydeaqui.ddns.net\/pachuca\/index.php\/producto\/unifi-switch-enterprise-administrable-capa-3-48-puertos-2-5gbe-rj45-poe-4-puertos-10g-sfp-720w-con-pantalla-tactil-de-1-3\/","title":{"rendered":"UniFi Switch Enterprise administrable capa 3, 48 puertos 2.5GbE RJ45 POE+, 4 puertos 10G SFP+, 720W, con pantalla t\u00e1ctil de 1.3&#8243;"},"content":{"rendered":"<div style='width: 100%; max-width: 1200px; margin: 0 auto; font-family: sans-serif; line-height: 1.6; color: inherit; background-color: transparent;'>\n<div style='display: flex; flex-wrap: wrap; gap: 30px; margin-bottom: 30px;'>\n<div style='flex: 1 1 300px; min-width: 280px;'>\n<h3 style='font-size: 22px; border-bottom: 2px solid currentColor; padding-bottom: 5px; margin-top: 0; color: inherit; opacity: 0.8;'>Caracter\u00edsticas principales<\/h3>\n<ul style='padding-left: 20px; font-size: 15px; color: inherit;'>\n<li style='margin-bottom: 5px;'><strong>Modelo:<\/strong> USW-ENTERPRISE-48-POE<\/li>\n<li style='margin-bottom: 5px;'><strong>Tipo:<\/strong> Switch PoE capa 3<\/li>\n<li style='margin-bottom: 5px;'><strong>Puertos:<\/strong> 48 puertos 2.5GbE RJ45 PoE+ y 4 puertos 10G SFP+<\/li>\n<li style='margin-bottom: 5px;'><strong>Potencia:<\/strong> 720W PoE total disponible<\/li>\n<li style='margin-bottom: 5px;'><strong>Pantalla:<\/strong> T\u00e1ctil a color LCM de 1.3&#8242;<\/li>\n<\/ul><\/div>\n<\/p><\/div>\n<div style='display: flex; flex-wrap: wrap; gap: 20px; margin-bottom: 30px;'>\n<div style='flex: 1 1 250px; border: 1px solid rgba(150&comma; 150&comma; 150&comma; 0.4); border-radius: 8px; overflow: hidden; display: flex; flex-direction: column;'>\n<div style='padding: 15px; border-bottom: 1px solid rgba(150&comma; 150&comma; 150&comma; 0.2); font-weight: bold; font-size: 18px; color: inherit;'>Especificaciones t\u00e9cnicas<\/div>\n<div style='padding: 15px; color: inherit;'>\n<ul style='padding-left: 20px; margin: 0; font-size: 14px; list-style-type: disc;'>\n<li style='margin-bottom: 5px;'><strong>Total Non-Blocking Throughput:<\/strong> 160 Gbps<\/li>\n<li style='margin-bottom: 5px;'><strong>Switching Capacity:<\/strong> 320 Gbps<\/li>\n<li style='margin-bottom: 5px;'><strong>Forwarding Rate:<\/strong> 238.095 Mpps<\/li>\n<li style='margin-bottom: 5px;'><strong>M\u00e1ximo consumo energ\u00e9tico:<\/strong> 150W (Excluyendo salida PoE)<\/li>\n<li style='margin-bottom: 5px;'><strong>M\u00e9todo de alimentaci\u00f3n:<\/strong> Universal AC input&comma; 100-240VAC&comma; 10A Max&comma; 50\/60 Hz y USP-RPS DC input&comma; 52VDC&comma; 13.84A; 11.5VDC&comma; 13A<\/li>\n<\/ul><\/div>\n<\/p><\/div>\n<div style='flex: 1 1 250px; border: 1px solid rgba(150&comma; 150&comma; 150&comma; 0.4); border-radius: 8px; overflow: hidden; display: flex; flex-direction: column;'>\n<div style='padding: 15px; border-bottom: 1px solid rgba(150&comma; 150&comma; 150&comma; 0.2); font-weight: bold; font-size: 18px; color: inherit;'>Detalles de red<\/div>\n<div style='padding: 15px; color: inherit;'>\n<ul style='padding-left: 20px; margin: 0; font-size: 14px; list-style-type: disc;'>\n<li style='margin-bottom: 5px;'><strong>Fuente de poder:<\/strong> AC\/DC&comma; Interna&comma; 100-240V&comma; 10A Max.<\/li>\n<li style='margin-bottom: 5px;'><strong>Interfaces de administraci\u00f3n:<\/strong> Ethernet en banda<\/li>\n<li style='margin-bottom: 5px;'><strong>Interfaces de red:<\/strong> 48 puertos 100MbE\/1GbE\/2.5GbE RJ45<\/li>\n<li style='margin-bottom: 5px;'><strong>Interfaces SFP+:<\/strong> 4 puertos 1\/10G SFP+<\/li>\n<li style='margin-bottom: 5px;'><strong>Interfaces PoE:<\/strong> 48 puertos PoE\/PoE+ (Pins 1&comma; 2+; 3&comma; 6-)<\/li>\n<\/ul><\/div>\n<\/p><\/div>\n<div style='flex: 1 1 250px; border: 1px solid rgba(150&comma; 150&comma; 150&comma; 0.4); border-radius: 8px; overflow: hidden; display: flex; flex-direction: column;'>\n<div style='padding: 15px; border-bottom: 1px solid rgba(150&comma; 150&comma; 150&comma; 0.2); font-weight: bold; font-size: 18px; color: inherit;'>Especificaciones PoE<\/div>\n<div style='padding: 15px; color: inherit;'>\n<ul style='padding-left: 20px; margin: 0; font-size: 14px; list-style-type: disc;'>\n<li style='margin-bottom: 5px;'><strong>PoE Total Disponible:<\/strong> 720W<\/li>\n<li style='margin-bottom: 5px;'><strong>Max. PoE+ Watts por Puerto para PSE:<\/strong> 34.2W<\/li>\n<li style='margin-bottom: 5px;'><strong>Rango de voltaje por POE:<\/strong> 44 to 57V<\/li>\n<li style='margin-bottom: 5px;'><strong>Rango de voltaje por POE+:<\/strong> 50 to 57V<\/li>\n<li style='margin-bottom: 5px;'><strong>Servicios:<\/strong> SMB Capa 3 PoE Gigabit Ethernet Switch<\/li>\n<\/ul><\/div>\n<\/p><\/div>\n<\/p><\/div>\n<div style='display: flex; flex-wrap: wrap; gap: 30px; margin-bottom: 30px;'>\n<div style='flex: 1 1 300px; min-width: 280px;'>\n<h3 style='font-size: 22px; border-bottom: 2px solid currentColor; padding-bottom: 5px; margin-top: 0; color: inherit; opacity: 0.8;'>Funciones avanzadas<\/h3>\n<ul style='padding-left: 20px; font-size: 15px; color: inherit;'>\n<li style='margin-bottom: 5px;'>Funciones de Capa 3<\/li>\n<li style='margin-bottom: 5px;'>Modos de operaci\u00f3n por puerto (switching&comma; mirroring&comma; aggregate)<\/li>\n<li style='margin-bottom: 5px;'>Protecci\u00f3n mejorada contra fallas con fuente de alimentaci\u00f3n redundante SmartPower (USP-RPS&comma; vendido por separado)<\/li>\n<li style='margin-bottom: 5px;'>Monitorizaci\u00f3n y configuraci\u00f3n remota mediante aplicaci\u00f3n web y m\u00f3vil UniFi Network<\/li>\n<\/ul><\/div>\n<\/p><\/div>\n<div style='display: flex; flex-wrap: wrap; gap: 30px; margin-bottom: 30px;'>\n<div style='flex: 1 1 300px; min-width: 280px;'>\n<h3 style='font-size: 22px; border-bottom: 2px solid currentColor; padding-bottom: 5px; margin-top: 0; color: inherit; opacity: 0.8;'>Caracter\u00edsticas adicionales<\/h3>\n<ul style='padding-left: 20px; font-size: 15px; color: inherit;'>\n<li style='margin-bottom: 5px;'>Incluye montaje para rack<\/li>\n<li style='margin-bottom: 5px;'>Incluye cable de corriente<\/li>\n<li style='margin-bottom: 5px;'>Aplicaci\u00f3n m\u00f3vil para gesti\u00f3n remota<\/li>\n<li style='margin-bottom: 5px;'>Soporte para m\u00faltiples redes<\/li>\n<li style='margin-bottom: 5px;'>Informaci\u00f3n en tiempo real de dispositivos<\/li>\n<li style='margin-bottom: 5px;'>Actualizaci\u00f3n remota de firmware<\/li>\n<li style='margin-bottom: 5px;'>Gesti\u00f3n de usuarios e invitados<\/li>\n<li style='margin-bottom: 5px;'>Personalizaci\u00f3n de puntos de acceso para invitados<\/li>\n<\/ul><\/div>\n<\/p><\/div>\n<div style='display: flex; flex-wrap: wrap; gap: 30px; margin-bottom: 30px;'>\n<div style='flex: 1 1 100%;'>\n<h3 style='font-size: 22px; border-bottom: 2px solid currentColor; padding-bottom: 5px; margin-top: 0; color: inherit; opacity: 0.8;'>Aplicaci\u00f3n UniFi Network<\/h3>\n<p style='font-size: 15px; color: inherit; margin-bottom: 15px;'>El switch puede ser monitoreado y configurado desde cualquier lugar con la potente e intuitiva aplicaci\u00f3n web y aplicaci\u00f3n m\u00f3vil UniFi Network&comma; permitiendo:<\/p>\n<ul style='padding-left: 20px; font-size: 15px; color: inherit;'>\n<li style='margin-bottom: 5px;'>Administraci\u00f3n centralizada de m\u00faltiples redes<\/li>\n<li style='margin-bottom: 5px;'>Informaci\u00f3n de dispositivos en tiempo real<\/li>\n<li style='margin-bottom: 5px;'>Opciones de configuraci\u00f3n avanzadas<\/li>\n<li style='margin-bottom: 5px;'>Actualizaci\u00f3n remota de firmware<\/li>\n<li style='margin-bottom: 5px;'>Gesti\u00f3n de usuarios e invitados<\/li>\n<li style='margin-bottom: 5px;'>Personalizaci\u00f3n de puntos de acceso para invitados<\/li>\n<li style='margin-bottom: 5px;'>Configuraci\u00f3n r\u00e1pida y administraci\u00f3n m\u00f3vil<\/li>\n<\/ul><\/div>\n<\/p><\/div>\n<div style='display: flex; flex-wrap: wrap; gap: 30px; margin-bottom: 30px;'>\n<div style='flex: 1 1 100%;'>\n<h3 style='font-size: 22px; border-bottom: 2px solid currentColor; padding-bottom: 5px; margin-top: 0; color: inherit; opacity: 0.8;'>Compatibilidad<\/h3>\n<p style='font-size: 15px; color: inherit; margin-bottom: 15px;'>El USW Enterprise 48 PoE es compatible con el sistema de alimentaci\u00f3n redundante SmartPower (USP-RPS) para protecci\u00f3n mejorada contra fallas en la fuente de alimentaci\u00f3n. El USP-RPS se vende por separado y puede ser adquirido <a href='https:\/\/www.syscom.mx\/producto\/USP-RPS-UBIQUITI-NETWORKS-187906.html' target='_blank' rel='noopener' style='color: inherit; text-decoration: underline;'>aqu\u00ed<\/a>.<\/p>\n<\/p><\/div>\n<\/p><\/div>\n<div style='display: flex; flex-wrap: wrap; gap: 30px; margin-bottom: 30px;'>\n<div style='flex: 1 1 100%;'> <img style='width: 100%; height: auto; border: 1px solid rgba(150&comma;150&comma;150&comma;0.3); border-radius: 8px;' src='https:\/\/cdn.shopify.com\/s\/files\/1\/1439\/1668\/files\/SW-UniFi-Network.png?v=1658934022' alt=''> <\/div>\n<\/p><\/div>\n<hr style='border: 0; border-top: 1px solid rgba(150&comma; 150&comma; 150&comma; 0.3); margin: 30px 0;'> <\/div>\n","protected":false},"excerpt":{"rendered":"<p>UniFi Switch Enterprise administrable capa 3, 48 puertos 2.5GbE RJ45 POE+, 4 puertos 10G SFP+, 720W, con pantalla t\u00e1ctil de 1.3&#8243;<\/p>\n","protected":false},"featured_media":89891,"comment_status":"open","ping_status":"closed","template":"","meta":[],"product_brand":[],"product_cat":[1986],"product_tag":[664,1987,166],"class_list":{"0":"post-89892","1":"product","2":"type-product","3":"status-publish","4":"has-post-thumbnail","6":"product_cat-switches-poe","7":"product_tag-networking","8":"product_tag-switches-poe","9":"product_tag-ubiquiti","11":"first","12":"instock","13":"sale","14":"shipping-taxable","15":"purchasable","16":"product-type-simple"},"_links":{"self":[{"href":"https:\/\/soydeaqui.ddns.net\/pachuca\/index.php\/wp-json\/wp\/v2\/product\/89892","targetHints":{"allow":["GET"]}}],"collection":[{"href":"https:\/\/soydeaqui.ddns.net\/pachuca\/index.php\/wp-json\/wp\/v2\/product"}],"about":[{"href":"https:\/\/soydeaqui.ddns.net\/pachuca\/index.php\/wp-json\/wp\/v2\/types\/product"}],"replies":[{"embeddable":true,"href":"https:\/\/soydeaqui.ddns.net\/pachuca\/index.php\/wp-json\/wp\/v2\/comments?post=89892"}],"wp:featuredmedia":[{"embeddable":true,"href":"https:\/\/soydeaqui.ddns.net\/pachuca\/index.php\/wp-json\/wp\/v2\/media\/89891"}],"wp:attachment":[{"href":"https:\/\/soydeaqui.ddns.net\/pachuca\/index.php\/wp-json\/wp\/v2\/media?parent=89892"}],"wp:term":[{"taxonomy":"product_brand","embeddable":true,"href":"https:\/\/soydeaqui.ddns.net\/pachuca\/index.php\/wp-json\/wp\/v2\/product_brand?post=89892"},{"taxonomy":"product_cat","embeddable":true,"href":"https:\/\/soydeaqui.ddns.net\/pachuca\/index.php\/wp-json\/wp\/v2\/product_cat?post=89892"},{"taxonomy":"product_tag","embeddable":true,"href":"https:\/\/soydeaqui.ddns.net\/pachuca\/index.php\/wp-json\/wp\/v2\/product_tag?post=89892"}],"curies":[{"name":"wp","href":"https:\/\/api.w.org\/{rel}","templated":true}]}}