{"id":89884,"date":"2026-03-20T03:17:18","date_gmt":"2026-03-20T03:17:18","guid":{"rendered":"https:\/\/soydeaqui.ddns.net\/pachuca\/index.php\/producto\/paquete-de-6-epmp-force-300-25l-para-zonas-con-alta-interferencia-hasta-400-mbps-4910-6200-mhz-802-11-ac-wave2-antena-de-25-dbi-baja-latencia\/"},"modified":"2026-03-20T03:17:20","modified_gmt":"2026-03-20T03:17:20","slug":"paquete-de-6-epmp-force-300-25l-para-zonas-con-alta-interferencia-hasta-400-mbps-4910-6200-mhz-802-11-ac-wave2-antena-de-25-dbi-baja-latencia","status":"publish","type":"product","link":"https:\/\/soydeaqui.ddns.net\/pachuca\/index.php\/producto\/paquete-de-6-epmp-force-300-25l-para-zonas-con-alta-interferencia-hasta-400-mbps-4910-6200-mhz-802-11-ac-wave2-antena-de-25-dbi-baja-latencia\/","title":{"rendered":"Paquete de 6 ePMP Force 300-25L para zonas con alta interferencia, hasta 400+ Mbps, 4910 &#8211; 6200 MHz, 802.11 AC Wave2, Antena de 25 dBi, baja latencia"},"content":{"rendered":"<div style='width: 100%; max-width: 1200px; margin: 0 auto; font-family: sans-serif; line-height: 1.6; color: inherit;'> <!-- Logo --> <\/p>\n<div style='text-align: center; margin: 30px 0;'> <img style='width: 100%; max-width: 300px; height: auto; border: 1px solid rgba(150&comma;150&comma;150&comma;0.3); border-radius: 8px;' src='http:\/\/ftp3.syscom.mx\/usuarios\/hortega\/Cambium\/cambium-networks-logo.png' alt='Logo Cambium Networks'> <\/div>\n<hr style='border: 0; border-top: 1px solid rgba(150&comma; 150&comma; 150&comma; 0.3); margin: 30px 0;'> <!-- T\u00edtulo y especificaciones --> <\/p>\n<div style='text-align: center; margin-bottom: 30px;'>\n<h2 style='font-size: 28px; margin: 0 0 15px 0; color: inherit;'>6 Force 300-25L 5 GHz<\/h2>\n<div style='display: flex; flex-wrap: wrap; justify-content: center; gap: 10px;'>\n<div style='background: #ebebeb; border-radius: 8px; padding: 8px 15px; font-size: 15px; color: inherit;'>\n<div style='font-weight: bold;'>5<\/div>\n<div>GHz<\/div>\n<\/p><\/div>\n<div style='background: #ebebeb; border-radius: 8px; padding: 8px 15px; font-size: 15px; color: inherit;'>\n<div style='font-weight: bold;'>400<\/div>\n<div>Mbps<\/div>\n<\/p><\/div>\n<div style='background: #ebebeb; border-radius: 8px; padding: 8px 15px; font-size: 15px; color: inherit;'>\n<div style='font-weight: bold;'>25<\/div>\n<div>dBi<\/div>\n<\/p><\/div>\n<div style='background: #ebebeb; border-radius: 8px; padding: 8px 15px; font-size: 15px; color: inherit;'>\n<div style='font-weight: bold;'>802.11AC<\/div>\n<div>Wave 2<\/div>\n<\/p><\/div>\n<\/p><\/div>\n<\/p><\/div>\n<p> <!-- Secci\u00f3n de caracter\u00edsticas --> <\/p>\n<div style='display: flex; flex-wrap: wrap; gap: 30px; margin-bottom: 30px;'>\n<div style='flex: 1 1 300px; min-width: 280px;'>\n<div style='border: 1px solid rgba(150&comma; 150&comma; 150&comma; 0.4); border-radius: 8px; padding: 20px; margin-bottom: 20px;'>\n<h3 style='font-size: 18px; margin-top: 0; margin-bottom: 10px; color: inherit;'>CALIDAD DE SERVICIO<\/h3>\n<p>Un potente esquema de priorizaci\u00f3n multinivel que puede ser configurado por el operador de red para permitir la entrega de servicios diferenciados.<\/p>\n<\/p><\/div>\n<\/p><\/div>\n<div style='flex: 1 1 300px; min-width: 280px;'>\n<div style='border: 1px solid rgba(150&comma; 150&comma; 150&comma; 0.4); border-radius: 8px; padding: 20px; margin-bottom: 20px;'>\n<h3 style='font-size: 18px; margin-top: 0; margin-bottom: 10px; color: inherit;'>SEGURIDAD<\/h3>\n<p>El cifrado AES de 128 bits&comma; las reglas de firewall L2 y L3&comma; la compatibilidad con diferentes niveles de usuario&comma; la compatibilidad con HTTP \/ SSH proporciona seguridad mejorada.<\/p>\n<\/p><\/div>\n<\/p><\/div>\n<div style='flex: 1 1 300px; min-width: 280px;'>\n<div style='border: 1px solid rgba(150&comma; 150&comma; 150&comma; 0.4); border-radius: 8px; padding: 20px; margin-bottom: 20px;'>\n<h3 style='font-size: 18px; margin-top: 0; margin-bottom: 10px; color: inherit;'>MODOS FLEXIBLES DE OPERACI\u00d3N<\/h3>\n<p>Proporciona una latencia extremadamente baja para implementaciones de PTP&comma; modo altamente escalable sin sincronizaci\u00f3n GPS y operaci\u00f3n TDD para torres sincronizadas<\/p>\n<\/p><\/div>\n<\/p><\/div>\n<div style='flex: 1 1 300px; min-width: 280px;'>\n<div style='border: 1px solid rgba(150&comma; 150&comma; 150&comma; 0.4); border-radius: 8px; padding: 20px; margin-bottom: 20px;'>\n<h3 style='font-size: 18px; margin-top: 0; margin-bottom: 10px; color: inherit;'>NUEVO TAMA\u00d1O DE CANAL Y MODULACI\u00d3N<\/h3>\n<p>Admite configuraci\u00f3n de tama\u00f1os de canal desde 20 MHz hasta 80 MHz y modula hasta 256 QAM<\/p>\n<\/p><\/div>\n<\/p><\/div>\n<\/p><\/div>\n<p> <!-- Analizador de espectro --> <\/p>\n<div style='text-align: center; margin: 30px 0;'>\n<h3 style='font-size: 18px; margin-top: 0; margin-bottom: 10px; color: inherit;'>ANALIZADOR DE ESPECTRO EN VIVO INTEGRADO<\/h3>\n<p>Compatible con el monitoreo constante del espectro de radio y permite la acci\u00f3n en vivo sin tirar el enlace.<\/p>\n<\/p><\/div>\n<p> <!-- Caracter\u00edsticas principales --> <\/p>\n<div style='border: 1px solid rgba(150&comma; 150&comma; 150&comma; 0.4); border-radius: 8px; padding: 20px; margin-bottom: 30px;'>\n<h3 style='font-size: 18px; margin-top: 0; margin-bottom: 15px; color: inherit;'>Funciones principales<\/h3>\n<ul style='padding-left: 20px; font-size: 15px; color: inherit;'>\n<li style='margin-bottom: 8px;'>Puerto Gigabit Ethernet<\/li>\n<li style='margin-bottom: 8px;'>Permite PoE Cambium y PoE est\u00e1ndar (30Vdc)<\/li>\n<li style='margin-bottom: 8px;'>Incluye PoE<\/li>\n<li style='margin-bottom: 8px;'>Incluye herraje con inclinaci\u00f3n<\/li>\n<li style='margin-bottom: 8px;'>Antena parab\u00f3lica integrada de 25 dBi<\/li>\n<\/ul><\/div>\n<p> <!-- Especificaciones t\u00e9cnicas --> <\/p>\n<div style='display: flex; flex-wrap: wrap; gap: 20px; margin-bottom: 30px;'>\n<div style='flex: 1 1 400px; min-width: 300px;'>\n<div style='border: 1px solid rgba(150&comma; 150&comma; 150&comma; 0.4); border-radius: 8px; padding: 15px; margin-bottom: 20px;'>\n<h3 style='font-size: 18px; margin-top: 0; margin-bottom: 15px; color: inherit;'>Especificaciones t\u00e9cnicas<\/h3>\n<ul style='padding-left: 20px; font-size: 14px; color: inherit;'>\n<li style='margin-bottom: 8px;'><strong>MIMO y modulaci\u00f3n:<\/strong> 2&#215;2 MIMO\/OFDM<\/li>\n<li style='margin-bottom: 8px;'><strong>Rango de frecuencias:<\/strong> 4910 \u2013 6200 GHz (definido por pa\u00eds de operaci\u00f3n)<\/li>\n<li style='margin-bottom: 8px;'><strong>Potencia m\u00e1xima output:<\/strong> 0 a +24 dB<\/li>\n<li style='margin-bottom: 8px;'><strong>Ganancia:<\/strong> 25 dBi<\/li>\n<li style='margin-bottom: 8px;'><strong>Consumo de potencia m\u00e1ximo:<\/strong> 12 Watts<\/li>\n<li style='margin-bottom: 8px;'><strong>Protecci\u00f3n exterior:<\/strong> IP55<\/li>\n<li style='margin-bottom: 8px;'><strong>Gesti\u00f3n:<\/strong> HTTPs&comma; SSH&comma; SNMPv2c<\/li>\n<li style='margin-bottom: 8px;'><strong>Espacios de canales:<\/strong> Configurable en incrementos de 5 MHz<\/li>\n<li style='margin-bottom: 8px;'><strong>MAC Layer:<\/strong> Cambium Proprietary<\/li>\n<li style='margin-bottom: 8px;'><strong>Estructura Ethernet:<\/strong> 10\/100\/1000BaseT&comma; rate auto negotiated Cambium PoE or Standard PoE<\/li>\n<li style='margin-bottom: 8px;'><strong>Protocolos usados:<\/strong> IPv4&comma; UDP&comma; TCP&comma; IP&comma; ICMP&comma; SSH&comma; SNMPv2c&comma; HTTPs&comma; STP&comma; SSH&comma; IGMP Snooping<\/li>\n<li style='margin-bottom: 8px;'><strong>VLAN:<\/strong> 802.1Q with 802.1p priority<\/li>\n<li style='margin-bottom: 8px;'><strong>Voltaje de entrada:<\/strong> 30 V (PoE Incluido) (Rango: 14-30 Vcc)<\/li>\n<li style='margin-bottom: 8px;'><strong>Encriptaci\u00f3n:<\/strong> 128-bit AES (CCMP mode)<\/li>\n<li style='margin-bottom: 8px;'><strong>Tipo de Antena:<\/strong> Integrada parab\u00f3lica con montaje<\/li>\n<li style='margin-bottom: 8px;'><strong>Ancho de canal:<\/strong> (1&#215;20&comma;1&#215;40&comma;1&#215;80 Mhz)<\/li>\n<\/ul><\/div>\n<\/p><\/div>\n<div style='flex: 1 1 400px; min-width: 300px;'>\n<div style='border: 1px solid rgba(150&comma; 150&comma; 150&comma; 0.4); border-radius: 8px; padding: 15px; margin-bottom: 20px;'>\n<ul style='padding-left: 20px; font-size: 14px; color: inherit;'>\n<li style='margin-bottom: 8px;'><strong>Garant\u00eda:<\/strong> 3 a\u00f1os<\/li>\n<li style='margin-bottom: 8px;'><strong>Incluye:<\/strong> Fuente de alimentaci\u00f3n (inyector PoE) y montaje<\/li>\n<\/ul><\/div>\n<\/p><\/div>\n<\/p><\/div>\n<p> <!-- Software --> <\/p>\n<div style='margin: 30px 0;'>\n<h3 style='font-size: 18px; margin-top: 0; margin-bottom: 20px; color: inherit; text-align: center;'>Software recomendado<\/h3>\n<div style='display: grid; grid-template-columns: repeat(auto-fit&comma; minmax(200px&comma; 1fr)); gap: 30px;'>\n<div style='text-align: center;'> <img style='width: 100%; max-width: 225px; height: auto; border: 1px solid rgba(150&comma;150&comma;150&comma;0.3); border-radius: 8px;' src='https:\/\/ftp3.syscom.mx\/usuarios\/hortega\/Cambium\/ePMP\/cnMaestro2.png' alt='cnMaestro'> <\/p>\n<h4 style='margin: 15px 0 10px 0; font-size: 16px; color: inherit;'> <a style='color: inherit; text-decoration: none; font-weight: bold;' href='https:\/\/www.cambiumnetworks.com\/products\/software\/cnmaestro\/'>cnMaestro<\/a> <\/h4>\n<p style='font-size: 14px;'>Una plataforma de software local o basada en la nube para un control de red seguro de extremo a extremo. Simplifica la administraci\u00f3n de dispositivos al ofrecer visibilidad completa de la red y aprovisionamiento sin contacto.<\/p>\n<\/p><\/div>\n<div style='text-align: center;'> <img style='width: 100%; max-width: 225px; height: auto; border: 1px solid rgba(150&comma;150&comma;150&comma;0.3); border-radius: 8px;' src='https:\/\/ftp3.syscom.mx\/usuarios\/hortega\/Cambium\/ePMP\/LinkPlanner-225x225.png' alt='LINKPlanner'> <\/p>\n<h4 style='margin: 15px 0 10px 0; font-size: 16px; color: inherit;'> <a style='color: inherit; text-decoration: none; font-weight: bold;' href='https:\/\/www.cambiumnetworks.com\/products\/software\/linkplanner\/'>LINKPlanner<\/a> <\/h4>\n<p style='font-size: 14px;'>Permite modelar escenarios para optimizar el rendimiento del sistema antes de la compra. Dise\u00f1e redes para una implementaci\u00f3n \u00f3ptima y rentabilidad con facilidad.<\/p>\n<\/p><\/div>\n<div style='text-align: center;'> <img style='width: 100%; max-width: 225px; height: auto; border: 1px solid rgba(150&comma;150&comma;150&comma;0.3); border-radius: 8px;' src='https:\/\/ftp3.syscom.mx\/usuarios\/hortega\/Cambium\/ePMP\/cnArcher-225x225.png' alt='cnArcher'> <\/p>\n<h4 style='margin: 15px 0 10px 0; font-size: 16px; color: inherit;'> <a style='color: inherit; text-decoration: none; font-weight: bold;' href='https:\/\/www.cambiumnetworks.com\/products\/software\/cnarcher\/'>cnArcher<\/a> <\/h4>\n<p style='font-size: 14px;'>Aplicaci\u00f3n m\u00f3vil gratuita que proporciona a los t\u00e9cnicos la informaci\u00f3n necesaria para configurar y alinear correctamente los m\u00f3dulos de suscriptores.<\/p>\n<\/p><\/div>\n<div style='text-align: center;'> <img style='width: 100%; max-width: 225px; height: auto; border: 1px solid rgba(150&comma;150&comma;150&comma;0.3); border-radius: 8px;' src='https:\/\/ftp3.syscom.mx\/usuarios\/hortega\/Cambium\/ePMP\/cnHeat.png' alt='cnHeat'> <\/p>\n<h4 style='margin: 15px 0 10px 0; font-size: 16px; color: inherit;'> <a style='color: inherit; text-decoration: none; font-weight: bold;' href='https:\/\/www.cambiumnetworks.com\/products\/software\/cnheat\/'>cnHeat<\/a> <\/h4>\n<p style='font-size: 14px;'>Genera predicciones de RF de alta precisi\u00f3n y servicios derivados que representan con precisi\u00f3n la realidad del mundo RF.<\/p>\n<\/p><\/div>\n<\/p><\/div>\n<\/p><\/div>\n<p> <!-- Video --> <\/p>\n<div style='position: relative; padding-bottom: 56.25%; height: 0; overflow: hidden; margin: 30px 0;'>   <\/div>\n<\/p><\/div>\n","protected":false},"excerpt":{"rendered":"<p>Paquete de 6 ePMP Force 300-25L para zonas con alta interferencia, hasta 400+ Mbps, 4910 &#8211; 6200 MHz, 802.11 AC Wave2, Antena de 25 dBi, baja latencia<\/p>\n","protected":false},"featured_media":89883,"comment_status":"open","ping_status":"closed","template":"","meta":[],"product_brand":[],"product_cat":[1998],"product_tag":[1999,1316,1980],"class_list":{"0":"post-89884","1":"product","2":"type-product","3":"status-publish","4":"has-post-thumbnail","6":"product_cat-5-y-6-ghz","7":"product_tag-5-y-6-ghz","8":"product_tag-cambium-networks","9":"product_tag-enlaces-ptp-y-ptmp","11":"first","12":"outofstock","13":"sale","14":"shipping-taxable","15":"purchasable","16":"product-type-simple"},"_links":{"self":[{"href":"https:\/\/soydeaqui.ddns.net\/pachuca\/index.php\/wp-json\/wp\/v2\/product\/89884","targetHints":{"allow":["GET"]}}],"collection":[{"href":"https:\/\/soydeaqui.ddns.net\/pachuca\/index.php\/wp-json\/wp\/v2\/product"}],"about":[{"href":"https:\/\/soydeaqui.ddns.net\/pachuca\/index.php\/wp-json\/wp\/v2\/types\/product"}],"replies":[{"embeddable":true,"href":"https:\/\/soydeaqui.ddns.net\/pachuca\/index.php\/wp-json\/wp\/v2\/comments?post=89884"}],"wp:featuredmedia":[{"embeddable":true,"href":"https:\/\/soydeaqui.ddns.net\/pachuca\/index.php\/wp-json\/wp\/v2\/media\/89883"}],"wp:attachment":[{"href":"https:\/\/soydeaqui.ddns.net\/pachuca\/index.php\/wp-json\/wp\/v2\/media?parent=89884"}],"wp:term":[{"taxonomy":"product_brand","embeddable":true,"href":"https:\/\/soydeaqui.ddns.net\/pachuca\/index.php\/wp-json\/wp\/v2\/product_brand?post=89884"},{"taxonomy":"product_cat","embeddable":true,"href":"https:\/\/soydeaqui.ddns.net\/pachuca\/index.php\/wp-json\/wp\/v2\/product_cat?post=89884"},{"taxonomy":"product_tag","embeddable":true,"href":"https:\/\/soydeaqui.ddns.net\/pachuca\/index.php\/wp-json\/wp\/v2\/product_tag?post=89884"}],"curies":[{"name":"wp","href":"https:\/\/api.w.org\/{rel}","templated":true}]}}