{"id":89878,"date":"2026-03-20T03:17:01","date_gmt":"2026-03-20T03:17:01","guid":{"rendered":"https:\/\/soydeaqui.ddns.net\/pachuca\/index.php\/producto\/telefono-ip-empresarial-esencial-para-6-lineas-sip-pantalla-grafica-matriz-de-puntos-poe-puertos-gigabit-conferencia-local-de-6-vias\/"},"modified":"2026-03-20T03:17:10","modified_gmt":"2026-03-20T03:17:10","slug":"telefono-ip-empresarial-esencial-para-6-lineas-sip-pantalla-grafica-matriz-de-puntos-poe-puertos-gigabit-conferencia-local-de-6-vias","status":"publish","type":"product","link":"https:\/\/soydeaqui.ddns.net\/pachuca\/index.php\/producto\/telefono-ip-empresarial-esencial-para-6-lineas-sip-pantalla-grafica-matriz-de-puntos-poe-puertos-gigabit-conferencia-local-de-6-vias\/","title":{"rendered":"Tel\u00e9fono IP Empresarial Esencial para 6 l\u00edneas SIP, pantalla grafica matriz de puntos, PoE, puertos Gigabit, conferencia local de 6 v\u00edas."},"content":{"rendered":"<div style='width: 100%; max-width: 1200px; margin: 0 auto; font-family: sans-serif; line-height: 1.6; color: inherit; background-color: transparent;'>\n<div style='display: flex; flex-wrap: wrap; gap: 30px; margin-bottom: 30px;'>\n<div style='flex: 1 1 300px; min-width: 280px;'>\n<h3 style='font-size: 22px; border-bottom: 2px solid currentColor; padding-bottom: 5px; margin-top: 0; color: inherit; opacity: 0.8;'>Gu\u00edas de Configuraci\u00f3n<\/h3>\n<ul style='padding-left: 20px; font-size: 15px; color: inherit;'>\n<li style='margin-bottom: 5px;'><a href='https:\/\/soporte.syscom.mx\/es\/articles\/2612033-fanvil-registro-de-extensiones-sip-en-telefonos-fanvil' target='_blank' rel='noopener' style='color: inherit; text-decoration: underline; opacity: 0.8;'>Gu\u00eda para Configurar Tel\u00e9fonos FANVIL en Conmutadores GRANDSTREAM<\/a><\/li>\n<li style='margin-bottom: 5px;'><a href='https:\/\/soporte.syscom.mx\/es\/articles\/7892816-yeastar-aprovisionar-telefonos-fanvil-con-conmutador-yeastar' target='_blank' rel='noopener' style='color: inherit; text-decoration: underline; opacity: 0.8;'>Gu\u00eda para Configurar Tel\u00e9fonos FANVIL en Conmutadores Yeastar<\/a><\/li>\n<\/ul><\/div>\n<\/p><\/div>\n<div style='margin-bottom: 30px;'>\n<p style='font-size: 15px; color: inherit;'>Fanvil V62 es m\u00e1s que un tel\u00e9fono eficiente&comma; es una delicada obra de arte que brinda una experiencia de comunicaci\u00f3n comercial inteligente y fluida para las empresas. Como el tel\u00e9fono comercial esencial que cuenta con una pantalla gr\u00e1fica de matriz de puntos con retroiluminaci\u00f3n y las funciones necesarias de VoIP y otras funciones ampliadas&comma; el V62 es una excelente combinaci\u00f3n de elegancia exterior y potente interior.<\/p>\n<\/p><\/div>\n<div style='display: flex; flex-wrap: wrap; gap: 20px; margin-bottom: 30px;'>\n<div style='flex: 1 1 250px; border: 1px solid rgba(150&comma; 150&comma; 150&comma; 0.4); border-radius: 8px; overflow: hidden; display: flex; flex-direction: column;'>\n<div style='padding: 15px; border-bottom: 1px solid rgba(150&comma; 150&comma; 150&comma; 0.2); font-weight: bold; font-size: 18px; color: inherit;'>Caracter\u00edsticas principales<\/div>\n<div style='padding: 15px; color: inherit;'>\n<ul style='padding-left: 20px; margin: 0; font-size: 14px; list-style-type: disc;'>\n<li style='margin-bottom: 5px;'>6 l\u00edneas SIP<\/li>\n<li style='margin-bottom: 5px;'>Pantalla gr\u00e1fica de matriz de puntos de 2&comma;7\u201d con retroiluminaci\u00f3n<\/li>\n<li style='margin-bottom: 5px;'>Admite c\u00f3dec de audio G.722 y Opus&comma; audio HD en altavoz y auricular<\/li>\n<li style='margin-bottom: 5px;'>Conferencias locales de 6 participantes<\/li>\n<li style='margin-bottom: 5px;'>Compatible con auriculares Bluetooth (a trav\u00e9s de dongle)<\/li>\n<li style='margin-bottom: 5px;'>Soporta EHS (Compatible con Jabra)<\/li>\n<li style='margin-bottom: 5px;'>Doble puerto Gigabit (PoE integrado)<\/li>\n<li style='margin-bottom: 5px;'>Dos m\u00e9todos de instalaci\u00f3n: soporte de escritorio y montaje en pared<\/li>\n<li style='margin-bottom: 5px;'>Hasta 15 teclas DSS&comma; cada tecla DSS se puede configurar como tecla de l\u00ednea\/BLF\/marcaci\u00f3n r\u00e1pida<\/li>\n<li style='margin-bottom: 5px;'>Compatible con las principales plataformas: Asterisk&comma; Broadsoft&comma; 3CX&comma; Metaswitch&comma; Elastix&comma; Avaya&comma; etc.<\/li>\n<li style='margin-bottom: 5px;'>Garant\u00eda: 2 a\u00f1os<\/li>\n<\/ul><\/div>\n<\/p><\/div>\n<div style='flex: 1 1 250px; border: 1px solid rgba(150&comma; 150&comma; 150&comma; 0.4); border-radius: 8px; overflow: hidden; display: flex; flex-direction: column;'>\n<div style='padding: 15px; border-bottom: 1px solid rgba(150&comma; 150&comma; 150&comma; 0.2); font-weight: bold; font-size: 18px; color: inherit;'>Caracter\u00edsticas F\u00edsicas y El\u00e9ctricas<\/div>\n<div style='padding: 15px; color: inherit;'>\n<ul style='padding-left: 20px; margin: 0; font-size: 14px; list-style-type: disc;'>\n<li style='margin-bottom: 5px;'>Alimentaci\u00f3n v\u00eda PoE 802.3af o 5Vcc y 1.0 A (fuente no incluida)<\/li>\n<li style='margin-bottom: 5px;'>2 puertos RJ45<\/li>\n<li style='margin-bottom: 5px;'>2 puertos RJ9<\/li>\n<li style='margin-bottom: 5px;'>Material: pl\u00e1stico<\/li>\n<li style='margin-bottom: 5px;'>Temperatura de operaci\u00f3n: 0\u00ba ~ 45\u00ba C<\/li>\n<\/ul><\/div>\n<\/p><\/div>\n<div style='flex: 1 1 250px; border: 1px solid rgba(150&comma; 150&comma; 150&comma; 0.4); border-radius: 8px; overflow: hidden; display: flex; flex-direction: column;'>\n<div style='padding: 15px; border-bottom: 1px solid rgba(150&comma; 150&comma; 150&comma; 0.2); font-weight: bold; font-size: 18px; color: inherit;'>Caracter\u00edsticas de Red<\/div>\n<div style='padding: 15px; color: inherit;'>\n<ul style='padding-left: 20px; margin: 0; font-size: 14px; list-style-type: disc;'>\n<li style='margin-bottom: 5px;'>Doble puerto de red 10\/100\/1000Mbps<\/li>\n<li style='margin-bottom: 5px;'>VPN: L2TP \/ OpenVPN<\/li>\n<li style='margin-bottom: 5px;'>VLAN<\/li>\n<li style='margin-bottom: 5px;'>LLDP<\/li>\n<li style='margin-bottom: 5px;'>IPv4\/IPv6\/IPv4&#038;IPv6<\/li>\n<li style='margin-bottom: 5px;'>SIP 2.0 sobre UDP\/TCP\/TLS<\/li>\n<li style='margin-bottom: 5px;'>PPPoE<\/li>\n<li style='margin-bottom: 5px;'>QoS<\/li>\n<\/ul><\/div>\n<\/p><\/div>\n<\/p><\/div>\n<div style='margin-bottom: 30px;'>\n<h3 style='font-size: 20px; margin-top: 0; margin-bottom: 15px; color: inherit; opacity: 0.8;'>Compatibilidad con las marcas l\u00edderes en el mercado de Comunicaciones Unificadas<\/h3>\n<div style='display: flex; flex-wrap: wrap; gap: 20px;'>\n<div style='flex: 1 1 300px; min-width: 280px;'> <img style='width: 100%; height: auto; border: 1px solid rgba(150&comma;150&comma;150&comma;0.3); border-radius: 8px;' src='https:\/\/ftp3.syscom.mx\/usuarios\/fotos\/X3U\/174449-marcas.png' alt='Marcas compatibles'> <\/div>\n<div style='flex: 1 1 300px; min-width: 280px;'>\n<div style='margin-bottom: 20px;'> <strong style='color: inherit;'>Compatibilidad con IP-PBX como:<\/strong> <\/p>\n<ul style='padding-left: 20px; font-size: 14px; color: inherit; margin: 10px 0;'>\n<li style='margin-bottom: 5px;'>3CX<\/li>\n<li style='margin-bottom: 5px;'>Grandstream (compatibilidad total)<\/li>\n<li style='margin-bottom: 5px;'>Avaya<\/li>\n<li style='margin-bottom: 5px;'>Yeastar<\/li>\n<li style='margin-bottom: 5px;'>Asterisk<\/li>\n<\/ul><\/div>\n<div> <strong style='color: inherit;'>Compatibilidad con Auriculares como:<\/strong> <\/p>\n<ul style='padding-left: 20px; font-size: 14px; color: inherit; margin: 10px 0;'>\n<li style='margin-bottom: 5px;'>Jabra<\/li>\n<li style='margin-bottom: 5px;'>Plantronics<\/li>\n<li style='margin-bottom: 5px;'>Axtel Headset<\/li>\n<li style='margin-bottom: 5px;'>Sennheiser<\/li>\n<\/ul><\/div>\n<\/p><\/div>\n<\/p><\/div>\n<\/p><\/div>\n<\/p><\/div>\n","protected":false},"excerpt":{"rendered":"<p>Tel\u00e9fono IP Empresarial Esencial para 6 l\u00edneas SIP, pantalla grafica matriz de puntos, PoE, puertos Gigabit, conferencia local de 6 v\u00edas.<\/p>\n","protected":false},"featured_media":89877,"comment_status":"open","ping_status":"closed","template":"","meta":[],"product_brand":[],"product_cat":[2003],"product_tag":[859,2005,2004],"class_list":{"0":"post-89878","1":"product","2":"type-product","3":"status-publish","4":"has-post-thumbnail","6":"product_cat-telefonos-ip","7":"product_tag-fanvil","8":"product_tag-telefonos-ip","9":"product_tag-voip-telefonia-ip-videoconferencia","11":"first","12":"outofstock","13":"sale","14":"shipping-taxable","15":"purchasable","16":"product-type-simple"},"_links":{"self":[{"href":"https:\/\/soydeaqui.ddns.net\/pachuca\/index.php\/wp-json\/wp\/v2\/product\/89878","targetHints":{"allow":["GET"]}}],"collection":[{"href":"https:\/\/soydeaqui.ddns.net\/pachuca\/index.php\/wp-json\/wp\/v2\/product"}],"about":[{"href":"https:\/\/soydeaqui.ddns.net\/pachuca\/index.php\/wp-json\/wp\/v2\/types\/product"}],"replies":[{"embeddable":true,"href":"https:\/\/soydeaqui.ddns.net\/pachuca\/index.php\/wp-json\/wp\/v2\/comments?post=89878"}],"wp:featuredmedia":[{"embeddable":true,"href":"https:\/\/soydeaqui.ddns.net\/pachuca\/index.php\/wp-json\/wp\/v2\/media\/89877"}],"wp:attachment":[{"href":"https:\/\/soydeaqui.ddns.net\/pachuca\/index.php\/wp-json\/wp\/v2\/media?parent=89878"}],"wp:term":[{"taxonomy":"product_brand","embeddable":true,"href":"https:\/\/soydeaqui.ddns.net\/pachuca\/index.php\/wp-json\/wp\/v2\/product_brand?post=89878"},{"taxonomy":"product_cat","embeddable":true,"href":"https:\/\/soydeaqui.ddns.net\/pachuca\/index.php\/wp-json\/wp\/v2\/product_cat?post=89878"},{"taxonomy":"product_tag","embeddable":true,"href":"https:\/\/soydeaqui.ddns.net\/pachuca\/index.php\/wp-json\/wp\/v2\/product_tag?post=89878"}],"curies":[{"name":"wp","href":"https:\/\/api.w.org\/{rel}","templated":true}]}}