{"id":89855,"date":"2026-03-20T03:15:56","date_gmt":"2026-03-20T03:15:56","guid":{"rendered":"https:\/\/soydeaqui.ddns.net\/pachuca\/index.php\/producto\/inyector-poe-industrial-dc-entrada-12-57v-poe-salida-de-hasta-90w-carcasa-de-metal-riel-din-aplicaciones-cctv\/"},"modified":"2026-03-20T03:16:03","modified_gmt":"2026-03-20T03:16:03","slug":"inyector-poe-industrial-dc-entrada-12-57v-poe-salida-de-hasta-90w-carcasa-de-metal-riel-din-aplicaciones-cctv","status":"publish","type":"product","link":"https:\/\/soydeaqui.ddns.net\/pachuca\/index.php\/producto\/inyector-poe-industrial-dc-entrada-12-57v-poe-salida-de-hasta-90w-carcasa-de-metal-riel-din-aplicaciones-cctv\/","title":{"rendered":"Inyector PoE Industrial \/ DC entrada 12-57V \/ PoE salida de Hasta 90W \/ Carcasa de Metal \/ Riel DIN \/ Aplicaciones CCTV"},"content":{"rendered":"<div style='width: 100%; max-width: 1200px; margin: 0 auto; font-family: sans-serif; line-height: 1.6; color: inherit; background-color: transparent;'> <!-- Imagen principal --> <\/p>\n<div style='margin-bottom: 30px;'> <img style='width: 100%; height: auto; border: 1px solid rgba(150&comma;150&comma;150&comma;0.3); border-radius: 8px;' src='https:\/\/ftp3.syscom.mx\/usuarios\/fotos\/WIPOE58BTIDC\/210234-20220829173050_54731.jpeg' alt=''> <\/div>\n<p> <!-- Secciones de contenido --> <\/p>\n<div style='display: flex; flex-wrap: wrap; gap: 30px; margin-bottom: 30px;'>\n<div style='flex: 1 1 300px; min-width: 280px;'>\n<h3 style='font-size: 22px; border-bottom: 2px solid currentColor; padding-bottom: 5px; margin-top: 0; color: inherit; opacity: 0.8;'>Cuenta con un sistema de alimentaci\u00f3n como y confiable<\/h3>\n<p style='font-size: 15px; color: inherit; opacity: 0.9;'>Adopta la tecnolog\u00eda de alimentaci\u00f3n de 12 a 57 Vcc&comma; con el inyector PoE a 48 V para resolver el problema de la fuente de alimentaci\u00f3n&comma; y proporciona una soluci\u00f3n de alimentaci\u00f3n integrada con una amplia gama de voltajes.<\/p>\n<p> <img style='width: 100%; height: auto; border: 1px solid rgba(150&comma;150&comma;150&comma;0.3); border-radius: 8px; margin: 20px 0;' src='https:\/\/ftp3.syscom.mx\/usuarios\/fotos\/WIPOE58BTIDC\/210234-20220829173050_54731_copia.jpg' alt=''> <\/div>\n<div style='flex: 1 1 300px; min-width: 280px;'>\n<h3 style='font-size: 22px; border-bottom: 2px solid currentColor; padding-bottom: 5px; margin-top: 0; color: inherit; opacity: 0.8;'>LED Indicador Inteligente<\/h3>\n<p style='font-size: 15px; color: inherit; opacity: 0.9;'>Ayuda a los usuarios a monitorear el estado actual de la entrada de energ\u00eda y el uso de energ\u00eda PoE de forma f\u00e1cil y eficiente en tiempo real a trav\u00e9s de los indicadores LED<\/p>\n<p> <img style='width: 100%; height: auto; border: 1px solid rgba(150&comma;150&comma;150&comma;0.3); border-radius: 8px; margin: 20px 0;' src='https:\/\/ftp3.syscom.mx\/usuarios\/fotos\/WIPOE58BTIDC\/210234-20220829173101_32563.jpeg' alt=''> <\/div>\n<div style='flex: 1 1 300px; min-width: 280px;'>\n<h3 style='font-size: 22px; border-bottom: 2px solid currentColor; padding-bottom: 5px; margin-top: 0; color: inherit; opacity: 0.8;'>Todo en un mismo dispositivo<\/h3>\n<p style='font-size: 15px; color: inherit; opacity: 0.9;'>Plug and play&comma; el equipo ya cuenta con todo lo necesario para solamente llegar&comma; instalar y conectar las c\u00e1maras. En las aplicaciones tradicionales&comma; es necesario contar con una mayor cantidad de elementos&comma; esto para la misma aplicaci\u00f3n.<\/p>\n<p> <img style='width: 100%; height: auto; border: 1px solid rgba(150&comma;150&comma;150&comma;0.3); border-radius: 8px; margin: 20px 0;' src='https:\/\/ftp3.syscom.mx\/usuarios\/fotos\/WIPS309GFO\/210172-20220708092843_38034_copia.jpg' alt=''> <\/div>\n<\/p><\/div>\n<p> <!-- Separador --> <\/p>\n<hr style='border: 0; border-top: 1px solid rgba(150&comma; 150&comma; 150&comma; 0.3); margin: 30px 0;'> <!-- Especificaciones --> <\/p>\n<div style='display: flex; flex-wrap: wrap; gap: 20px; margin-bottom: 30px;'>\n<div style='flex: 1 1 250px; border: 1px solid rgba(150&comma; 150&comma; 150&comma; 0.4); border-radius: 8px; overflow: hidden; display: flex; flex-direction: column;'>\n<div style='padding: 15px; border-bottom: 1px solid rgba(150&comma; 150&comma; 150&comma; 0.2); font-weight: bold; font-size: 18px; color: inherit;'>Especificaciones<\/div>\n<div style='padding: 15px; color: inherit;'>\n<ul style='padding-left: 20px; margin: 0; font-size: 14px; list-style-type: disc;'>\n<li style='margin-bottom: 5px;'><strong>Dimensiones:<\/strong> 186 x 93 x 41 mm<\/li>\n<li style='margin-bottom: 5px;'><strong>Interfaces de Red:<\/strong> (2) 10\/100\/1000 Mbps RJ45<\/li>\n<li style='margin-bottom: 5px;'><strong>Fuente de alimentaci\u00f3n:<\/strong> 12-57 Vcc<\/li>\n<li style='margin-bottom: 5px;'><strong>Puertos PoE (RJ45):<\/strong> 1 puerto PoE hasta 90W<\/li>\n<li style='margin-bottom: 5px;'><strong>Bandwidth:<\/strong> 2 Gbps<\/li>\n<\/ul><\/div>\n<\/p><\/div>\n<div style='flex: 1 1 250px; border: 1px solid rgba(150&comma; 150&comma; 150&comma; 0.4); border-radius: 8px; overflow: hidden; display: flex; flex-direction: column;'>\n<div style='padding: 15px; border-bottom: 1px solid rgba(150&comma; 150&comma; 150&comma; 0.2); font-weight: bold; font-size: 18px; color: inherit;'>Especificaciones T\u00e9cnicas<\/div>\n<div style='padding: 15px; color: inherit;'>\n<ul style='padding-left: 20px; margin: 0; font-size: 14px; list-style-type: disc;'>\n<li style='margin-bottom: 5px;'><strong>PoE PIN:<\/strong> 1\/2(-) 3\/6(+); 4\/5(+) 7\/8(-)<\/li>\n<li style='margin-bottom: 5px;'><strong>Ventiladores:<\/strong> Sin ventiladores<\/li>\n<li style='margin-bottom: 5px;'><strong>Nivel de protecci\u00f3n:<\/strong> Lightning protection 6KV<br \/>6KV ESD Contact discharge<\/li>\n<li style='margin-bottom: 5px;'><strong>Temperatura de operaci\u00f3n:<\/strong> -40 to 80\u00b0 C<\/li>\n<li style='margin-bottom: 5px;'><strong>Certificaciones:<\/strong> CE&comma; FCC&comma; RoHS<\/li>\n<\/ul><\/div>\n<\/p><\/div>\n<div style='flex: 1 1 250px; border: 1px solid rgba(150&comma; 150&comma; 150&comma; 0.4); border-radius: 8px; overflow: hidden; display: flex; flex-direction: column;'>\n<div style='padding: 15px; border-bottom: 1px solid rgba(150&comma; 150&comma; 150&comma; 0.2); font-weight: bold; font-size: 18px; color: inherit;'>Caracter\u00edsticas<\/div>\n<div style='padding: 15px; color: inherit;'>\n<ul style='padding-left: 20px; margin: 0; font-size: 14px; list-style-type: disc;'>\n<li style='margin-bottom: 5px;'><strong>M\u00e9todo de Transmisi\u00f3n:<\/strong> Store-And-Forward<\/li>\n<li style='margin-bottom: 5px;'><strong>Indicador LED:<\/strong> PoE bt: 90 W<br \/>PoE at: 30 W<br \/>PoE af: 15 W<\/li>\n<\/ul><\/div>\n<\/p><\/div>\n<div style='flex: 1 1 250px; border: 1px solid rgba(150&comma; 150&comma; 150&comma; 0.4); border-radius: 8px; overflow: hidden; display: flex; flex-direction: column;'>\n<div style='padding: 15px; border-bottom: 1px solid rgba(150&comma; 150&comma; 150&comma; 0.2); font-weight: bold; font-size: 18px; color: inherit;'>Otros<\/div>\n<div style='padding: 15px; color: inherit;'>\n<ul style='padding-left: 20px; margin: 0; font-size: 14px; list-style-type: disc;'>\n<li style='margin-bottom: 5px;'><strong>Contenido del Paquete:<\/strong> Inyector PoE industrial<br \/>Kit montaje<br \/>Gu\u00eda de Usuario\/Garant\u00eda<\/li>\n<\/ul><\/div>\n<\/p><\/div>\n<\/p><\/div>\n<\/p><\/div>\n","protected":false},"excerpt":{"rendered":"<p>Inyector PoE Industrial \/ DC entrada 12-57V \/ PoE salida de Hasta 90W \/ Carcasa de Metal \/ Riel DIN \/ Aplicaciones CCTV<\/p>\n","protected":false},"featured_media":89854,"comment_status":"open","ping_status":"closed","template":"","meta":[],"product_brand":[],"product_cat":[1260],"product_tag":[1261,664,1262],"class_list":{"0":"post-89855","1":"product","2":"type-product","3":"status-publish","4":"has-post-thumbnail","6":"product_cat-inyectores-poe","7":"product_tag-inyectores-poe","8":"product_tag-networking","9":"product_tag-wi-tek","11":"first","12":"instock","13":"sale","14":"shipping-taxable","15":"purchasable","16":"product-type-simple"},"_links":{"self":[{"href":"https:\/\/soydeaqui.ddns.net\/pachuca\/index.php\/wp-json\/wp\/v2\/product\/89855","targetHints":{"allow":["GET"]}}],"collection":[{"href":"https:\/\/soydeaqui.ddns.net\/pachuca\/index.php\/wp-json\/wp\/v2\/product"}],"about":[{"href":"https:\/\/soydeaqui.ddns.net\/pachuca\/index.php\/wp-json\/wp\/v2\/types\/product"}],"replies":[{"embeddable":true,"href":"https:\/\/soydeaqui.ddns.net\/pachuca\/index.php\/wp-json\/wp\/v2\/comments?post=89855"}],"wp:featuredmedia":[{"embeddable":true,"href":"https:\/\/soydeaqui.ddns.net\/pachuca\/index.php\/wp-json\/wp\/v2\/media\/89854"}],"wp:attachment":[{"href":"https:\/\/soydeaqui.ddns.net\/pachuca\/index.php\/wp-json\/wp\/v2\/media?parent=89855"}],"wp:term":[{"taxonomy":"product_brand","embeddable":true,"href":"https:\/\/soydeaqui.ddns.net\/pachuca\/index.php\/wp-json\/wp\/v2\/product_brand?post=89855"},{"taxonomy":"product_cat","embeddable":true,"href":"https:\/\/soydeaqui.ddns.net\/pachuca\/index.php\/wp-json\/wp\/v2\/product_cat?post=89855"},{"taxonomy":"product_tag","embeddable":true,"href":"https:\/\/soydeaqui.ddns.net\/pachuca\/index.php\/wp-json\/wp\/v2\/product_tag?post=89855"}],"curies":[{"name":"wp","href":"https:\/\/api.w.org\/{rel}","templated":true}]}}