{"id":89811,"date":"2026-03-20T03:13:55","date_gmt":"2026-03-20T03:13:55","guid":{"rendered":"https:\/\/soydeaqui.ddns.net\/pachuca\/index.php\/producto\/punto-de-acceso-wi-fi-802-11-ac-2-03-gbps-wave-2-mu-mimo-4x44-5ghz-y-mu-mimo-2x22-2-4ghz-con-administracion-desde-la-nube-gratuita-o-stand-alone\/"},"modified":"2026-03-20T03:14:01","modified_gmt":"2026-03-20T03:14:01","slug":"punto-de-acceso-wi-fi-802-11-ac-2-03-gbps-wave-2-mu-mimo-4x44-5ghz-y-mu-mimo-2x22-2-4ghz-con-administracion-desde-la-nube-gratuita-o-stand-alone","status":"publish","type":"product","link":"https:\/\/soydeaqui.ddns.net\/pachuca\/index.php\/producto\/punto-de-acceso-wi-fi-802-11-ac-2-03-gbps-wave-2-mu-mimo-4x44-5ghz-y-mu-mimo-2x22-2-4ghz-con-administracion-desde-la-nube-gratuita-o-stand-alone\/","title":{"rendered":"Punto de acceso Wi-Fi 802.11 ac 2.03 Gbps, Wave-2, MU-MIMO 4&#215;4:4 (5GHz) y MU-MIMO 2&#215;2:2 (2.4GHz) con administraci\u00f3n desde la nube gratuita o stand-alone."},"content":{"rendered":"<div style='width: 100%; max-width: 1200px; margin: 0 auto; font-family: sans-serif; line-height: 1.6; color: inherit; background-color: transparent;'>\n<div style='display: flex; flex-direction: column; gap: 30px;'>\n<div>\n<h2 style='font-size: 24px; margin-top: 0; color: inherit;'>Acerca del GWN7625<\/h2>\n<hr style='border: 0; border-top: 2px solid #1056BC; width: 40px; margin: 15px 0; opacity: 0.8;'>\n<p style='text-align: justify; font-size: 15px; color: inherit;'>El GWN7625 es un punto de acceso Wi-Fi 802.11ac Wave-2 ideal para peque\u00f1as a medianas empresas&comma; oficinas en casa&comma; tiendas&comma; restaurantes y m\u00e1s. Ofrece tecnolog\u00eda MU-MIMO 4&#215;4:4 en la banda 5G y MU-MIMO 2&#215;2:2 en la banda 2.4G&comma; as\u00ed como un sofisticado dise\u00f1o de antena para m\u00e1ximo rendimiento de la red y alcance expandido de la cobertura Wi-Fi. Para facilitar la instalaci\u00f3n y gesti\u00f3n&comma; el GWN7625 utiliza un dise\u00f1o de gesti\u00f3n de redes sin controladores en donde el controlador est\u00e1 integrado dentro de la interfaz de usuario web del producto. El GWN7625 es tambi\u00e9n compatible con GWN.Cloud y GWN Manager&comma; la plataforma gratuita de gesti\u00f3n Wi-Fi en la nube y en sitio de Grandstream. Es el punto de acceso Wi-Fi ideal para implementaciones de voz sobre Wi-Fi y ofrece una conexi\u00f3n ininterrumpida con los tel\u00e9fonos IP con capacidad Wi-Fi de Grandstream. Con soporte para QoS avanzado&comma; aplicaciones en tiempo real de baja latencia&comma; redes mesh&comma; portales cautivos&comma; m\u00e1s de 200 clientes simult\u00e1neos por punto de acceso y dos puertos de red Gigabit con PoE\/PoE+&comma; el GWN7625 es el punto de acceso Wi-Fi ideal para implementaciones de redes inal\u00e1mbricas con densidad media de usuarios.<\/p>\n<\/p><\/div>\n<div>\n<h2 style='font-size: 24px; color: inherit;'>Caracter\u00edsticas Competitivas<\/h2>\n<hr style='border: 0; border-top: 2px solid #1056BC; width: 40px; margin: 15px 0; opacity: 0.8;'>\n<ul style='padding-left: 20px; font-size: 15px; color: inherit;'>\n<li style='margin-bottom: 8px;'>Rango de cobertura de hasta 175 metros<\/li>\n<li style='margin-bottom: 8px;'>Rendimiento inal\u00e1mbrico de 2.03 Gbps y 2 puertos Gigabit con cable<\/li>\n<li style='margin-bottom: 8px;'>Tecnolog\u00eda MU-MIMO 4\u00d74:4 en 5GHz y MU-MIMO 2&#215;2:2 en 2.4GHz&comma; doble banda<\/li>\n<li style='margin-bottom: 8px;'>Adaptaci\u00f3n de alimentaci\u00f3n propia en la detecci\u00f3n autom\u00e1tica de PoE o PoE+<\/li>\n<li style='margin-bottom: 8px;'>Capacidad para m\u00e1s de 200 dispositivos de clientes wifi conectados al mismo tiempo<\/li>\n<li style='margin-bottom: 8px;'>Arranque seguro antipirater\u00eda y bloqueo de control\/datos cr\u00edticos mediante firmas digitales<\/li>\n<li style='margin-bottom: 8px;'>El controlador integrado puede gestionar hasta 50 puntos de acceso locales de la serie GWN.<\/li>\n<\/ul><\/div>\n<div>\n<h2 style='font-size: 24px; color: inherit;'>Especificaciones t\u00e9cnicas<\/h2>\n<hr style='border: 0; border-top: 2px solid #1056BC; width: 40px; margin: 15px 0; opacity: 0.8;'>\n<div style='display: flex; flex-wrap: wrap; gap: 20px; margin-top: 20px;'>\n<div style='flex: 1 1 250px; min-width: 280px; border: 1px solid rgba(150&comma; 150&comma; 150&comma; 0.4); border-radius: 8px; overflow: hidden; display: flex; flex-direction: column;'>\n<div style='padding: 15px; border-bottom: 1px solid rgba(150&comma; 150&comma; 150&comma; 0.2); font-weight: bold; font-size: 18px; color: inherit;'>Conectividad<\/div>\n<div style='padding: 15px; color: inherit;'>\n<ul style='padding-left: 20px; margin: 0; font-size: 14px; list-style-type: disc;'>\n<li style='margin-bottom: 5px;'><strong>Est\u00e1ndares Wi-Fi:<\/strong> IEEE 802.11a\/b\/g\/n\/ac (Wave-2)<\/li>\n<li style='margin-bottom: 5px;'><strong>Bandas de Frecuencia:<\/strong> Radio 2.4 GHz: 2412 &#8211; 2484 GHz \/ Radio 5 GHz: 5180 &#8211; 5825 GHz<\/li>\n<\/ul><\/div>\n<\/p><\/div>\n<div style='flex: 1 1 250px; min-width: 280px; border: 1px solid rgba(150&comma; 150&comma; 150&comma; 0.4); border-radius: 8px; overflow: hidden; display: flex; flex-direction: column;'>\n<div style='padding: 15px; border-bottom: 1px solid rgba(150&comma; 150&comma; 150&comma; 0.2); font-weight: bold; font-size: 18px; color: inherit;'>Antenas<\/div>\n<div style='padding: 15px; color: inherit;'>\n<ul style='padding-left: 20px; margin: 0; font-size: 14px; list-style-type: disc;'>\n<li style='margin-bottom: 5px;'><strong>Antenas:<\/strong> 6 antenas internas de doble banda<\/li>\n<li style='margin-bottom: 5px;'><strong>Soporte:<\/strong> Formaci\u00f3n de haces 2.4 GHz<\/li>\n<li style='margin-bottom: 5px;'><strong>Ganancia:<\/strong> 2.4 GHz: 3.5 dBi \/ 5 GHz: 4.5 dBi<\/li>\n<\/ul><\/div>\n<\/p><\/div>\n<div style='flex: 1 1 250px; min-width: 280px; border: 1px solid rgba(150&comma; 150&comma; 150&comma; 0.4); border-radius: 8px; overflow: hidden; display: flex; flex-direction: column;'>\n<div style='padding: 15px; border-bottom: 1px solid rgba(150&comma; 150&comma; 150&comma; 0.2); font-weight: bold; font-size: 18px; color: inherit;'>Rendimiento<\/div>\n<div style='padding: 15px; color: inherit;'>\n<ul style='padding-left: 20px; margin: 0; font-size: 14px; list-style-type: disc;'>\n<li style='margin-bottom: 5px;'><strong>Cobertura:<\/strong> Hasta 175 metros (el rango puede variar seg\u00fan el entorno)<\/li>\n<li style='margin-bottom: 5px;'><strong>Clientes Concurrentes:<\/strong> Hasta 200<\/li>\n<li style='margin-bottom: 5px;'><strong>Rendimiento inal\u00e1mbrico:<\/strong> 2.03 Gbps<\/li>\n<\/ul><\/div>\n<\/p><\/div>\n<div style='flex: 1 1 250px; min-width: 280px; border: 1px solid rgba(150&comma; 150&comma; 150&comma; 0.4); border-radius: 8px; overflow: hidden; display: flex; flex-direction: column;'>\n<div style='padding: 15px; border-bottom: 1px solid rgba(150&comma; 150&comma; 150&comma; 0.2); font-weight: bold; font-size: 18px; color: inherit;'>Seguridad<\/div>\n<div style='padding: 15px; color: inherit;'>\n<ul style='padding-left: 20px; margin: 0; font-size: 14px; list-style-type: disc;'>\n<li style='margin-bottom: 5px;'>WEP&comma; WPA\/WPA2-PSK&comma; WPA\/WPA2 Enterprise<\/li>\n<li style='margin-bottom: 5px;'>Arranque seguro antipirater\u00eda<\/li>\n<li style='margin-bottom: 5px;'>Bloqueo de seguridad de datos cr\u00edticos\/control por medio de firmas digitales<\/li>\n<li style='margin-bottom: 5px;'>Certificado de seguridad \u00fanico por dispositivo<\/li>\n<li style='margin-bottom: 5px;'>Contrase\u00f1a predeterminada aleatoria por dispositivo<\/li>\n<\/ul><\/div>\n<\/p><\/div>\n<div style='flex: 1 1 250px; min-width: 280px; border: 1px solid rgba(150&comma; 150&comma; 150&comma; 0.4); border-radius: 8px; overflow: hidden; display: flex; flex-direction: column;'>\n<div style='padding: 15px; border-bottom: 1px solid rgba(150&comma; 150&comma; 150&comma; 0.2); font-weight: bold; font-size: 18px; color: inherit;'>Interfaces<\/div>\n<div style='padding: 15px; color: inherit;'>\n<ul style='padding-left: 20px; margin: 0; font-size: 14px; list-style-type: disc;'>\n<li style='margin-bottom: 5px;'><strong>Interfaces de red:<\/strong> 2 puertos Ethernet de 10\/100\/1000Base-T con detecci\u00f3n autom\u00e1tica<\/li>\n<li style='margin-bottom: 5px;'><strong>Alimentaci\u00f3n:<\/strong> Detecci\u00f3n autom\u00e1tica de PoE\/PoE+<\/li>\n<\/ul><\/div>\n<\/p><\/div>\n<div style='flex: 1 1 250px; min-width: 280px; border: 1px solid rgba(150&comma; 150&comma; 150&comma; 0.4); border-radius: 8px; overflow: hidden; display: flex; flex-direction: column;'>\n<div style='padding: 15px; border-bottom: 1px solid rgba(150&comma; 150&comma; 150&comma; 0.2); font-weight: bold; font-size: 18px; color: inherit;'>Contenido del paquete<\/div>\n<div style='padding: 15px; color: inherit;'>\n<ul style='padding-left: 20px; margin: 0; font-size: 14px; list-style-type: disc;'>\n<li style='margin-bottom: 5px;'>Punto de acceso inal\u00e1mbrico 802.11ac Wave-2 modelo GWN7625<\/li>\n<li style='margin-bottom: 5px;'>Kits de montaje<\/li>\n<li style='margin-bottom: 5px;'>Gu\u00eda de Inicio R\u00e1pido<\/li>\n<li style='margin-bottom: 5px;'>No incluye PoE<\/li>\n<\/ul><\/div>\n<\/p><\/div>\n<div style='flex: 1 1 250px; min-width: 280px; border: 1px solid rgba(150&comma; 150&comma; 150&comma; 0.4); border-radius: 8px; overflow: hidden; display: flex; flex-direction: column;'>\n<div style='padding: 15px; border-bottom: 1px solid rgba(150&comma; 150&comma; 150&comma; 0.2); font-weight: bold; font-size: 18px; color: inherit;'>Accesorios<\/div>\n<div style='padding: 15px; color: inherit;'>\n<ul style='padding-left: 20px; margin: 0; font-size: 14px; list-style-type: disc;'>\n<li style='margin-bottom: 5px;'><a style='color: inherit; text-decoration: underline;' href='https:\/\/www.syscom.mx\/principal\/searchcont?route=G0720-480-050-GRANDSTREAM-207158&#038;autodetect=poe_gwn'>PoE recomendado: G0720-480-050<\/a><\/li>\n<li style='margin-bottom: 5px;'><a style='color: inherit; text-decoration: underline;' href='https:\/\/www.syscom.mx\/principal\/searchcont?route=U-POE-AT-UBIQUITI-NETWORKS-205327&#038;autodetect=poe'>U-POE-AT<\/a><\/li>\n<\/ul><\/div>\n<\/p><\/div>\n<\/p><\/div>\n<\/p><\/div>\n<div style='margin-top: 30px;'> <img style='width: 100%; height: auto; border: 1px solid rgba(150&comma;150&comma;150&comma;0.3); border-radius: 8px;' src='https:\/\/ftp3.syscom.mx\/usuarios\/fotos\/GWN7630LR\/183557-captura_de_pantalla_2021-08-05_a_la(s)_15.57.14.png' alt=''> <\/div>\n<\/p><\/div>\n<\/p><\/div>\n","protected":false},"excerpt":{"rendered":"<p>Punto de acceso Wi-Fi 802.11 ac 2.03 Gbps, Wave-2, MU-MIMO 4&#215;4:4 (5GHz) y MU-MIMO 2&#215;2:2 (2.4GHz) con administraci\u00f3n desde la nube gratuita o stand-alone.<\/p>\n","protected":false},"featured_media":89810,"comment_status":"open","ping_status":"closed","template":"","meta":[],"product_brand":[],"product_cat":[1794],"product_tag":[909,1795,1479],"class_list":{"0":"post-89811","1":"product","2":"type-product","3":"status-publish","4":"has-post-thumbnail","6":"product_cat-puntos-de-acceso","7":"product_tag-grandstream","8":"product_tag-puntos-de-acceso","9":"product_tag-redes-wifi","11":"first","12":"instock","13":"sale","14":"shipping-taxable","15":"purchasable","16":"product-type-simple"},"_links":{"self":[{"href":"https:\/\/soydeaqui.ddns.net\/pachuca\/index.php\/wp-json\/wp\/v2\/product\/89811","targetHints":{"allow":["GET"]}}],"collection":[{"href":"https:\/\/soydeaqui.ddns.net\/pachuca\/index.php\/wp-json\/wp\/v2\/product"}],"about":[{"href":"https:\/\/soydeaqui.ddns.net\/pachuca\/index.php\/wp-json\/wp\/v2\/types\/product"}],"replies":[{"embeddable":true,"href":"https:\/\/soydeaqui.ddns.net\/pachuca\/index.php\/wp-json\/wp\/v2\/comments?post=89811"}],"wp:featuredmedia":[{"embeddable":true,"href":"https:\/\/soydeaqui.ddns.net\/pachuca\/index.php\/wp-json\/wp\/v2\/media\/89810"}],"wp:attachment":[{"href":"https:\/\/soydeaqui.ddns.net\/pachuca\/index.php\/wp-json\/wp\/v2\/media?parent=89811"}],"wp:term":[{"taxonomy":"product_brand","embeddable":true,"href":"https:\/\/soydeaqui.ddns.net\/pachuca\/index.php\/wp-json\/wp\/v2\/product_brand?post=89811"},{"taxonomy":"product_cat","embeddable":true,"href":"https:\/\/soydeaqui.ddns.net\/pachuca\/index.php\/wp-json\/wp\/v2\/product_cat?post=89811"},{"taxonomy":"product_tag","embeddable":true,"href":"https:\/\/soydeaqui.ddns.net\/pachuca\/index.php\/wp-json\/wp\/v2\/product_tag?post=89811"}],"curies":[{"name":"wp","href":"https:\/\/api.w.org\/{rel}","templated":true}]}}