{"id":89809,"date":"2026-03-20T03:13:50","date_gmt":"2026-03-20T03:13:50","guid":{"rendered":"https:\/\/soydeaqui.ddns.net\/pachuca\/index.php\/producto\/amplificador-de-senal-celular-pro4000-reacondicionado-4-amplificadores-en-1-soporta-hasta-16-antenas-internas-amplifica-multiples-operadores-tecnologias-4g-y-3g-hasta-9200-m2-de-cobertura\/"},"modified":"2026-03-20T03:13:52","modified_gmt":"2026-03-20T03:13:52","slug":"amplificador-de-senal-celular-pro4000-reacondicionado-4-amplificadores-en-1-soporta-hasta-16-antenas-internas-amplifica-multiples-operadores-tecnologias-4g-y-3g-hasta-9200-m2-de-cobertura","status":"publish","type":"product","link":"https:\/\/soydeaqui.ddns.net\/pachuca\/index.php\/producto\/amplificador-de-senal-celular-pro4000-reacondicionado-4-amplificadores-en-1-soporta-hasta-16-antenas-internas-amplifica-multiples-operadores-tecnologias-4g-y-3g-hasta-9200-m2-de-cobertura\/","title":{"rendered":"Amplificador de Se\u00f1al Celular PRO4000, Reacondicionado | 4 Amplificadores en 1, Soporta hasta 16 antenas internas | Amplifica m\u00faltiples operadores | Tecnolog\u00edas 4G y 3G | Hasta 9,200 m2 de Cobertura"},"content":{"rendered":"<div style='width: 100%; max-width: 1200px; margin: 0 auto; font-family: sans-serif; line-height: 1.6; color: inherit; background-color: transparent;'> <!-- Banner principal --> <\/p>\n<div style='width: 100%; margin-bottom: 30px;'> <img style='width: 100%; height: auto; border: 1px solid rgba(150&comma;150&comma;150&comma;0.3); border-radius: 8px;' src='http:\/\/ftp3.syscom.mx\/usuarios\/sapodaca\/Amplificadores\/BANNER-WILSONPRO.jpg' alt='Banner WilsonPro'> <\/div>\n<p> <!-- T\u00edtulo y estado reacondicionado --> <\/p>\n<div style='text-align: center; margin-bottom: 30px;'>\n<h1 style='font-size: 22px; margin: 0 0 10px; color: inherit; opacity: 0.9;'>Amplificador de Se\u00f1al Celular Pro 4000<\/h1>\n<p style='margin: 0; font-size: 14px; color: #e74c3c;'><strong>Amplificador Restaurado<\/strong><\/p>\n<\/p><\/div>\n<p> <!-- Descripci\u00f3n principal --> <\/p>\n<div style='margin-bottom: 30px;'>\n<p style='font-size: 15px; color: inherit;'>Pro 4000 es un amplificador de nivel profesional que brinda cobertura expandida de tel\u00e9fonos celulares en grandes edificios y espacios comerciales de 9&comma;200 metros cuadrados o m\u00e1s. Ideal para hospitales&comma; hoteles&comma; almacenes&comma; oficinas y otros edificios grandes&comma; el Pro 4000 amplifica las se\u00f1ales de celular d\u00e9biles para proporcionar una cobertura confiable de voz y datos que incluye 4G LTE a espacios interiores donde las se\u00f1ales del exterior no pueden penetrar.<\/p>\n<p style='font-size: 15px; color: inherit;'>Este potente dise\u00f1o de doble refuerzo permite a los clientes con casas grandes disfrutar de la m\u00e1xima cobertura de se\u00f1al celular en interiores: no m\u00e1s llamadas perdidas o conexiones perdidas&comma; cargas \/ descargas m\u00e1s r\u00e1pidas y una se\u00f1al confiable&comma; hasta 32 veces m\u00e1s potente.<\/p>\n<\/p><\/div>\n<p> <!-- Comparaci\u00f3n sin vs con WilsonPro --> <\/p>\n<div style='display: flex; flex-direction: column; gap: 30px; margin-bottom: 30px;'>\n<div style='border: 1px solid rgba(150&comma;150&comma;150&comma;0.3); border-radius: 15px; padding: 20px; background-color: rgba(255&comma;255&comma;255&comma;0.02);'>\n<h2 style='color: #e74c3c; text-align: center; margin-top: 0; font-size: 18px; color: inherit;'>Sin WilsonPro<\/h2>\n<p> <img style='width: 100%; height: auto; border: 1px solid rgba(150&comma;150&comma;150&comma;0.3); border-radius: 8px;' src='https:\/\/ftp3.syscom.mx\/usuarios\/ftp\/single_page\/amplificadores\/WP_No-Signal_02[1].gif' alt='Comparaci\u00f3n sin WilsonPro'> <\/div>\n<div style='border: 1px solid rgba(150&comma;150&comma;150&comma;0.3); border-radius: 15px; padding: 20px; background-color: rgba(255&comma;255&comma;255&comma;0.02);'>\n<h2 style='color: #3498db; text-align: center; margin-top: 0; font-size: 18px; color: inherit;'>Con WilsonPro<\/h2>\n<p> <img style='width: 100%; height: auto; border: 1px solid rgba(150&comma;150&comma;150&comma;0.3); border-radius: 8px;' src='https:\/\/ftp3.syscom.mx\/usuarios\/ftp\/single_page\/amplificadores\/WP_Good-Signal_03[2].gif' alt='Comparaci\u00f3n con WilsonPro'> <\/div>\n<\/p><\/div>\n<p> <!-- Secci\u00f3n de funcionamiento --> <\/p>\n<div style='margin-bottom: 30px;'>\n<h2 style='font-size: 20px; border-bottom: 2px solid currentColor; padding-bottom: 5px; margin-top: 0; color: inherit; opacity: 0.8;'>\u00bfC\u00f3mo funciona?<\/h2>\n<div style='display: flex; flex-wrap: wrap; gap: 20px; justify-content: center; margin-top: 20px;'> <img style='width: 100%; max-width: 600px; height: auto; border: 1px solid rgba(150&comma;150&comma;150&comma;0.3); border-radius: 8px;' src='http:\/\/ftp3.syscom.mx\/usuarios\/sapodaca\/Amplificadores\/Edi-4000.png' alt='Diagrama de funcionamiento'> <img style='width: 100%; max-width: 600px; height: auto; border: 1px solid rgba(150&comma;150&comma;150&comma;0.3); border-radius: 8px;' src='http:\/\/ftp3.syscom.mx\/usuarios\/sapodaca\/Amplificadores\/Captura%20de%20pantalla%202019-06-19%20a%20la%28s%29%2015.06.46.png' alt='Diagrama t\u00e9cnico'> <\/div>\n<\/p><\/div>\n<p> <!-- Caracter\u00edsticas clave --> <\/p>\n<div style='margin-bottom: 30px;'>\n<h2 style='font-size: 20px; border-bottom: 2px solid currentColor; padding-bottom: 5px; margin-top: 0; color: inherit; opacity: 0.8;'>Caracter\u00edsticas Clave<\/h2>\n<p> <img style='width: 100%; max-width: 800px; height: auto; margin: 20px auto; display: block; border: 1px solid rgba(150&comma;150&comma;150&comma;0.3); border-radius: 8px;' src='http:\/\/ftp3.syscom.mx\/usuarios\/sapodaca\/Amplificadores\/Carac-4000.png' alt='Caracter\u00edsticas clave'> <\/div>\n<p> <!-- Especificaciones --> <\/p>\n<div style='margin-bottom: 30px;'>\n<h2 style='font-size: 20px; border-bottom: 2px solid currentColor; padding-bottom: 5px; margin-top: 0; color: inherit; opacity: 0.8;'>Especificaciones<\/h2>\n<p> <img style='width: 100%; max-width: 700px; height: auto; margin: 20px auto; display: block; border: 1px solid rgba(150&comma;150&comma;150&comma;0.3); border-radius: 8px;' src='http:\/\/ftp3.syscom.mx\/usuarios\/sapodaca\/Amplificadores\/espe-4000.png' alt='Especificaciones t\u00e9cnicas'> <\/div>\n<p> <!-- Contenido incluido --> <\/p>\n<div style='margin-bottom: 30px;'>\n<h2 style='font-size: 20px; border-bottom: 2px solid currentColor; padding-bottom: 5px; margin-top: 0; color: inherit; opacity: 0.8;'>\u00bfQu\u00e9 incluye?<\/h2>\n<p style='font-size: 15px; color: inherit; margin-top: 15px;'><strong>Amplificador y cable de alimentaci\u00f3n.<\/strong><\/p>\n<\/p><\/div>\n<p> <!-- Videos de apoyo --> <\/p>\n<div style='margin-bottom: 30px;'>\n<h2 style='font-size: 20px; border-bottom: 2px solid currentColor; padding-bottom: 5px; margin-top: 0; color: inherit; opacity: 0.8;'>Videos de Apoyo<\/h2>\n<div style='margin-top: 20px;'>\n<p style='font-size: 15px; margin-bottom: 15px; color: inherit;'>\u00bfPor qu\u00e9 se pierden llamadas en su celular?<\/p>\n<div style='position: relative; padding-bottom: 56.25%; height: 0; overflow: hidden; margin-bottom: 30px;'>   <\/div>\n<\/p><\/div>\n<div style='margin-top: 20px;'>\n<p style='font-size: 15px; margin-bottom: 15px; color: inherit;'>\u00bfC\u00f3mo funciona un sistema de amplificador de se\u00f1al celular?<\/p>\n<div style='position: relative; padding-bottom: 56.25%; height: 0; overflow: hidden; margin-bottom: 30px;'>   <\/div>\n<\/p><\/div>\n<div style='margin-top: 20px;'>\n<p style='font-size: 15px; margin-bottom: 15px; color: inherit;'>\u00bfPor qu\u00e9 var\u00eda el \u00e1rea de cobertura celular?<\/p>\n<div style='position: relative; padding-bottom: 56.25%; height: 0; overflow: hidden; margin-bottom: 30px;'>   <\/div>\n<\/p><\/div>\n<\/p><\/div>\n<\/p><\/div>\n","protected":false},"excerpt":{"rendered":"<p>Amplificador de Se\u00f1al Celular PRO4000, Reacondicionado | 4 Amplificadores en 1, Soporta hasta 16 antenas internas | Amplifica m\u00faltiples operadores | Tecnolog\u00edas 4G y 3G | Hasta 9,200 m2 de Cobertura<\/p>\n","protected":false},"featured_media":89808,"comment_status":"open","ping_status":"closed","template":"","meta":[],"product_brand":[],"product_cat":[1570,1552],"product_tag":[1535,1571,1553,1525],"class_list":{"0":"post-89809","1":"product","2":"type-product","3":"status-publish","4":"has-post-thumbnail","6":"product_cat-amplificadores-de-senal-celular-adsc","7":"product_cat-cobertura-para-celular-4g-lte","8":"product_tag-3g-y-voz","9":"product_tag-amplificadores-de-senal-celular-adsc","10":"product_tag-cobertura-para-celular-4g-lte","11":"product_tag-wilsonpro-weboost","13":"first","14":"outofstock","15":"sale","16":"shipping-taxable","17":"purchasable","18":"product-type-simple"},"_links":{"self":[{"href":"https:\/\/soydeaqui.ddns.net\/pachuca\/index.php\/wp-json\/wp\/v2\/product\/89809","targetHints":{"allow":["GET"]}}],"collection":[{"href":"https:\/\/soydeaqui.ddns.net\/pachuca\/index.php\/wp-json\/wp\/v2\/product"}],"about":[{"href":"https:\/\/soydeaqui.ddns.net\/pachuca\/index.php\/wp-json\/wp\/v2\/types\/product"}],"replies":[{"embeddable":true,"href":"https:\/\/soydeaqui.ddns.net\/pachuca\/index.php\/wp-json\/wp\/v2\/comments?post=89809"}],"wp:featuredmedia":[{"embeddable":true,"href":"https:\/\/soydeaqui.ddns.net\/pachuca\/index.php\/wp-json\/wp\/v2\/media\/89808"}],"wp:attachment":[{"href":"https:\/\/soydeaqui.ddns.net\/pachuca\/index.php\/wp-json\/wp\/v2\/media?parent=89809"}],"wp:term":[{"taxonomy":"product_brand","embeddable":true,"href":"https:\/\/soydeaqui.ddns.net\/pachuca\/index.php\/wp-json\/wp\/v2\/product_brand?post=89809"},{"taxonomy":"product_cat","embeddable":true,"href":"https:\/\/soydeaqui.ddns.net\/pachuca\/index.php\/wp-json\/wp\/v2\/product_cat?post=89809"},{"taxonomy":"product_tag","embeddable":true,"href":"https:\/\/soydeaqui.ddns.net\/pachuca\/index.php\/wp-json\/wp\/v2\/product_tag?post=89809"}],"curies":[{"name":"wp","href":"https:\/\/api.w.org\/{rel}","templated":true}]}}