{"id":89797,"date":"2026-03-20T03:13:16","date_gmt":"2026-03-20T03:13:16","guid":{"rendered":"https:\/\/soydeaqui.ddns.net\/pachuca\/index.php\/producto\/router-inalambrico-mesh-wi-fi-6-1-27-gbps-doble-banda-mu-mimo-2x22-servidor-vpn-con-administracion-desde-la-nube-gratuita-o-stand-alone\/"},"modified":"2026-03-20T03:13:40","modified_gmt":"2026-03-20T03:13:40","slug":"router-inalambrico-mesh-wi-fi-6-1-27-gbps-doble-banda-mu-mimo-2x22-servidor-vpn-con-administracion-desde-la-nube-gratuita-o-stand-alone","status":"publish","type":"product","link":"https:\/\/soydeaqui.ddns.net\/pachuca\/index.php\/producto\/router-inalambrico-mesh-wi-fi-6-1-27-gbps-doble-banda-mu-mimo-2x22-servidor-vpn-con-administracion-desde-la-nube-gratuita-o-stand-alone\/","title":{"rendered":"Router Inal\u00e1mbrico Mesh Wi-Fi 6, 1.27 Gbps, doble banda, MU-MIMO 2&#215;2:2, servidor VPN con administraci\u00f3n desde la nube gratuita o stand-alone."},"content":{"rendered":"<div style='width: 100%; max-width: 1200px; margin: 0 auto; font-family: sans-serif; line-height: 1.6; color: inherit; background-color: transparent;'>\n<div style='display: flex; flex-wrap: wrap; gap: 30px; margin-bottom: 30px;'>\n<div style='flex: 1 1 300px; min-width: 280px;'>\n<h3 style='font-size: 22px; border-bottom: 2px solid currentColor; padding-bottom: 5px; margin-top: 0; color: inherit; opacity: 0.8;'>Acerca del GWN7062<\/h3>\n<p style='font-size: 15px; color: inherit; margin-bottom: 15px; text-align: justify;'>El GWN7062 es un router seguro de doble banda equipado con la tecnolog\u00eda Wi-Fi 6 (802.11ax) m\u00e1s reciente. Ideal para oficinas peque\u00f1as&comma; oficinas en casa y empleados remotos&comma; el GWN7062 proporciona MU-MIMO 2&#215;2:2 de doble banda con tecnolog\u00eda DL\/UL OFDMA y soporta redes mesh inal\u00e1mbricas y conexiones cableadas para puntos de acceso.<\/p>\n<p style='font-size: 15px; color: inherit; margin-bottom: 15px; text-align: justify;'>Cuenta con un potente procesador Quad Core 1.2GHz de 64 bits para ofrecer velocidades ultrarr\u00e1pidas de Wi-Fi de hasta 1.77 Gbps con capacidad de datos 4 veces mayor para 256 dispositivos inal\u00e1mbricos&comma; permitiendo que el GWN7062 haga funcionar la automatizaci\u00f3n inteligente de la casa y oficina&comma; la transmisi\u00f3n fluida 4K y Ultra HD&comma; las reuniones web&comma; las videoconferencias&comma; los juegos en l\u00ednea y m\u00e1s.<\/p>\n<p style='font-size: 15px; color: inherit; margin-bottom: 15px; text-align: justify;'>Soporta una VPN para permitir que los empleados remotos se conecten de forma segura a la red corporativa de las oficinas en casa u oficinas auxiliares. El GWN7062 tambi\u00e9n proporciona elementos de seguridad dise\u00f1ados para empresas para garantizar un acceso seguro a Wi-Fi y VPN&comma; incluyendo certificados de seguridad \u00fanicos y contrase\u00f1as predeterminadas aleatorias.<\/p>\n<p style='font-size: 15px; color: inherit; margin-bottom: 15px; text-align: justify;'>Al permitir triple play&comma; se pueden asignar diferentes VLAN y prioridades a diferentes servicios como Internet&comma; IPTV y VoIP. Para garantizar la facilidad de su instalaci\u00f3n y gesti\u00f3n&comma; el GWN7062 incluye un controlador integrado en la interfaz de usuario web del producto. Tambi\u00e9n est\u00e1 respaldado por GWN.Cloud (pr\u00f3ximamente disponible)&comma; la plataforma gratuita de gesti\u00f3n Wi-Fi en la nube de Grandstream.<\/p>\n<p style='font-size: 15px; color: inherit; margin-bottom: 15px; text-align: justify;'>Gracias a la combinaci\u00f3n de velocidades aceleradas de Wi-Fi&comma; redes mesh y conexiones cableadas para puntos de acceso con caracter\u00edsticas avanzadas incluyendo VPN&comma; tecnolog\u00eda Beamforming y QoS inteligente&comma; el GWN7062 es el router ideal para una red dom\u00e9stica cada vez mayor.<\/p>\n<\/p><\/div>\n<\/p><\/div>\n<div style='display: flex; flex-wrap: wrap; gap: 30px; margin-bottom: 30px;'>\n<div style='flex: 1 1 100%; min-width: 280px;'> <img style='width: 100%; height: auto; border: 1px solid rgba(150&comma;150&comma;150&comma;0.3); border-radius: 8px;' src='https:\/\/ftp3.syscom.mx\/usuarios\/fotos\/GWN7062\/210571-gwn7062.jpg' alt=''> <\/div>\n<\/p><\/div>\n<div style='display: flex; flex-wrap: wrap; gap: 30px; margin-bottom: 30px;'>\n<div style='flex: 1 1 100%; min-width: 280px;'> <img style='width: 100%; height: auto; border: 1px solid rgba(150&comma;150&comma;150&comma;0.3); border-radius: 8px;' src='https:\/\/ftp3.syscom.mx\/usuarios\/fotos\/GWN7630LR\/183557-captura_de_pantalla_2021-08-05_a_la(s)_15.57.14.png' alt=''> <\/div>\n<\/p><\/div>\n<hr style='border: 0; border-top: 1px solid rgba(150&comma; 150&comma; 150&comma; 0.3); margin: 30px 0;'> <\/div>\n","protected":false},"excerpt":{"rendered":"<p>Router Inal\u00e1mbrico Mesh Wi-Fi 6, 1.27 Gbps, doble banda, MU-MIMO 2&#215;2:2, servidor VPN con administraci\u00f3n desde la nube gratuita o stand-alone.<\/p>\n","protected":false},"featured_media":89796,"comment_status":"open","ping_status":"closed","template":"","meta":[],"product_brand":[],"product_cat":[1794],"product_tag":[909,1795,1479],"class_list":{"0":"post-89797","1":"product","2":"type-product","3":"status-publish","4":"has-post-thumbnail","6":"product_cat-puntos-de-acceso","7":"product_tag-grandstream","8":"product_tag-puntos-de-acceso","9":"product_tag-redes-wifi","11":"first","12":"outofstock","13":"sale","14":"shipping-taxable","15":"purchasable","16":"product-type-simple"},"_links":{"self":[{"href":"https:\/\/soydeaqui.ddns.net\/pachuca\/index.php\/wp-json\/wp\/v2\/product\/89797","targetHints":{"allow":["GET"]}}],"collection":[{"href":"https:\/\/soydeaqui.ddns.net\/pachuca\/index.php\/wp-json\/wp\/v2\/product"}],"about":[{"href":"https:\/\/soydeaqui.ddns.net\/pachuca\/index.php\/wp-json\/wp\/v2\/types\/product"}],"replies":[{"embeddable":true,"href":"https:\/\/soydeaqui.ddns.net\/pachuca\/index.php\/wp-json\/wp\/v2\/comments?post=89797"}],"wp:featuredmedia":[{"embeddable":true,"href":"https:\/\/soydeaqui.ddns.net\/pachuca\/index.php\/wp-json\/wp\/v2\/media\/89796"}],"wp:attachment":[{"href":"https:\/\/soydeaqui.ddns.net\/pachuca\/index.php\/wp-json\/wp\/v2\/media?parent=89797"}],"wp:term":[{"taxonomy":"product_brand","embeddable":true,"href":"https:\/\/soydeaqui.ddns.net\/pachuca\/index.php\/wp-json\/wp\/v2\/product_brand?post=89797"},{"taxonomy":"product_cat","embeddable":true,"href":"https:\/\/soydeaqui.ddns.net\/pachuca\/index.php\/wp-json\/wp\/v2\/product_cat?post=89797"},{"taxonomy":"product_tag","embeddable":true,"href":"https:\/\/soydeaqui.ddns.net\/pachuca\/index.php\/wp-json\/wp\/v2\/product_tag?post=89797"}],"curies":[{"name":"wp","href":"https:\/\/api.w.org\/{rel}","templated":true}]}}