{"id":89759,"date":"2026-03-20T03:11:28","date_gmt":"2026-03-20T03:11:28","guid":{"rendered":"https:\/\/soydeaqui.ddns.net\/pachuca\/index.php\/producto\/conector-mecnico-monomodo-sc-upc-pre-pulido-3-mm-0-12-pulgadas-bolsa-con-10-piezas-2\/"},"modified":"2026-03-20T03:11:39","modified_gmt":"2026-03-20T03:11:39","slug":"conector-mecnico-monomodo-sc-upc-pre-pulido-3-mm-0-12-pulgadas-bolsa-con-10-piezas-2","status":"publish","type":"product","link":"https:\/\/soydeaqui.ddns.net\/pachuca\/index.php\/producto\/conector-mecnico-monomodo-sc-upc-pre-pulido-3-mm-0-12-pulgadas-bolsa-con-10-piezas-2\/","title":{"rendered":"Conector Mec?nico Monomodo SC\/UPC Pre-Pulido 3 mm (0.12 Pulgadas) (Bolsa con 10 Piezas)"},"content":{"rendered":"<div style='width: 100%; max-width: 1200px; margin: 0 auto; font-family: sans-serif; line-height: 1.6; color: inherit; background-color: transparent;'>\n<div style='display: flex; flex-wrap: wrap; gap: 30px; margin-bottom: 30px;'>\n<div style='flex: 1 1 300px; min-width: 280px;'>\n<h3 style='font-size: 22px; border-bottom: 2px solid currentColor; padding-bottom: 5px; margin-top: 0; color: inherit; opacity: 0.8;'>Descripci\u00f3n<\/h3>\n<p style='margin: 0 0 15px; font-size: 15px; color: inherit;'>El conector mec\u00e1nico SC\/UPC de 3 mm est\u00e1 dise\u00f1ado para una terminaci\u00f3n de campo r\u00e1pida y sencilla de cables de fibra \u00f3ptica monomodo con revestimiento de 3 mm sin pulido ni epoxi.<\/p>\n<p style='margin: 0 0 15px; font-size: 15px; color: inherit;'>El conector mec\u00e1nico est\u00e1 hecho con f\u00e9rulas de zirconio de precisi\u00f3n y alta calidad y proporciona una conexi\u00f3n de baja p\u00e9rdida de inserci\u00f3n y reflexi\u00f3n.<\/p>\n<div style='margin: 20px 0;'> <img style='width: 100%; height: auto; border: 1px solid rgba(150&comma;150&comma;150&comma;0.3); border-radius: 8px;' src='https:\/\/ftp3.syscom.mx\/usuarios\/orobles\/GREENLEE\/TEMPO-COMMUNICATIONS-lg.jpg' alt=''> <\/div>\n<\/p><\/div>\n<\/p><\/div>\n<div style='display: flex; flex-wrap: wrap; gap: 20px; margin-bottom: 30px;'>\n<div style='flex: 1 1 250px; border: 1px solid rgba(150&comma; 150&comma; 150&comma; 0.4); border-radius: 8px; overflow: hidden; display: flex; flex-direction: column;'>\n<div style='padding: 15px; border-bottom: 1px solid rgba(150&comma; 150&comma; 150&comma; 0.2); font-weight: bold; font-size: 18px; color: inherit;'>Especificaciones<\/div>\n<div style='padding: 15px; color: inherit;'>\n<ul style='padding-left: 20px; margin: 0; font-size: 14px; list-style-type: disc;'>\n<li style='margin-bottom: 5px;'><strong>Tipo de conector:<\/strong> SC\/UPC<\/li>\n<li style='margin-bottom: 5px;'><strong>Para fibra:<\/strong> Tight Buffer (900 \u00b5m) o fibra Drop<\/li>\n<li style='margin-bottom: 5px;'><strong>Reterminable:<\/strong> Hasta 5 veces<\/li>\n<\/ul><\/div>\n<\/p><\/div>\n<div style='flex: 1 1 250px; border: 1px solid rgba(150&comma; 150&comma; 150&comma; 0.4); border-radius: 8px; overflow: hidden; display: flex; flex-direction: column;'>\n<div style='padding: 15px; border-bottom: 1px solid rgba(150&comma; 150&comma; 150&comma; 0.2); font-weight: bold; font-size: 18px; color: inherit;'>Rendimiento<\/div>\n<div style='padding: 15px; color: inherit;'>\n<ul style='padding-left: 20px; margin: 0; font-size: 14px; list-style-type: disc;'>\n<li style='margin-bottom: 5px;'><strong>P\u00e9rdida de inserci\u00f3n:<\/strong><\/li>\n<ul style='padding-left: 30px; margin: 5px 0;'>\n<li style='margin-bottom: 5px;'>M\u00e1ximo \u2264 0.4 dB<\/li>\n<li style='margin-bottom: 5px;'>T\u00edpico \u2264 0.2 dB<\/li>\n<\/ul>\n<li style='margin-bottom: 5px;'><strong>P\u00e9rdida de retorno:<\/strong><\/li>\n<ul style='padding-left: 30px; margin: 5px 0;'>\n<li style='margin-bottom: 5px;'>UPC \u2265 45 dB<\/li>\n<li style='margin-bottom: 5px;'>APC \u2265 55 dB<\/li>\n<\/ul>\n<\/ul><\/div>\n<\/p><\/div>\n<div style='flex: 1 1 250px; border: 1px solid rgba(150&comma; 150&comma; 150&comma; 0.4); border-radius: 8px; overflow: hidden; display: flex; flex-direction: column;'>\n<div style='padding: 15px; border-bottom: 1px solid rgba(150&comma; 150&comma; 150&comma; 0.2); font-weight: bold; font-size: 18px; color: inherit;'>Caracter\u00edsticas<\/div>\n<div style='padding: 15px; color: inherit;'>\n<ul style='padding-left: 20px; margin: 0; font-size: 14px; list-style-type: disc;'>\n<li style='margin-bottom: 5px;'>Incluye holder para conectorizar m\u00e1s r\u00e1pido y sencillo<\/li>\n<\/ul><\/div>\n<\/p><\/div>\n<div style='flex: 1 1 250px; border: 1px solid rgba(150&comma; 150&comma; 150&comma; 0.4); border-radius: 8px; overflow: hidden; display: flex; flex-direction: column;'>\n<div style='padding: 15px; border-bottom: 1px solid rgba(150&comma; 150&comma; 150&comma; 0.2); font-weight: bold; font-size: 18px; color: inherit;'>Homologaciones<\/div>\n<div style='padding: 15px; color: inherit;'>\n<ul style='padding-left: 20px; margin: 0; font-size: 14px; list-style-type: disc;'>\n<li style='margin-bottom: 5px;'>Telmex<\/li>\n<li style='margin-bottom: 5px;'>Total Play<\/li>\n<li style='margin-bottom: 5px;'>Megacable<\/li>\n<li style='margin-bottom: 5px;'>IZZI<\/li>\n<\/ul><\/div>\n<\/p><\/div>\n<\/p><\/div>\n<div style='margin: 30px 0;'>\n<div style='position: relative; padding-bottom: 56.25%; height: 0; overflow: hidden; margin-bottom: 30px;'>   <\/div>\n<\/p><\/div>\n<\/p><\/div>\n","protected":false},"excerpt":{"rendered":"<p>Conector Mec?nico Monomodo SC\/UPC Pre-Pulido 3 mm (0.12 Pulgadas) (Bolsa con 10 Piezas)<\/p>\n","protected":false},"featured_media":89758,"comment_status":"open","ping_status":"closed","template":"","meta":[],"product_brand":[],"product_cat":[615],"product_tag":[616,611,658],"class_list":{"0":"post-89759","1":"product","2":"type-product","3":"status-publish","4":"has-post-thumbnail","6":"product_cat-conectores","7":"product_tag-conectores","8":"product_tag-fibra-optica","9":"product_tag-tempo","11":"first","12":"outofstock","13":"sale","14":"shipping-taxable","15":"purchasable","16":"product-type-simple"},"_links":{"self":[{"href":"https:\/\/soydeaqui.ddns.net\/pachuca\/index.php\/wp-json\/wp\/v2\/product\/89759","targetHints":{"allow":["GET"]}}],"collection":[{"href":"https:\/\/soydeaqui.ddns.net\/pachuca\/index.php\/wp-json\/wp\/v2\/product"}],"about":[{"href":"https:\/\/soydeaqui.ddns.net\/pachuca\/index.php\/wp-json\/wp\/v2\/types\/product"}],"replies":[{"embeddable":true,"href":"https:\/\/soydeaqui.ddns.net\/pachuca\/index.php\/wp-json\/wp\/v2\/comments?post=89759"}],"wp:featuredmedia":[{"embeddable":true,"href":"https:\/\/soydeaqui.ddns.net\/pachuca\/index.php\/wp-json\/wp\/v2\/media\/89758"}],"wp:attachment":[{"href":"https:\/\/soydeaqui.ddns.net\/pachuca\/index.php\/wp-json\/wp\/v2\/media?parent=89759"}],"wp:term":[{"taxonomy":"product_brand","embeddable":true,"href":"https:\/\/soydeaqui.ddns.net\/pachuca\/index.php\/wp-json\/wp\/v2\/product_brand?post=89759"},{"taxonomy":"product_cat","embeddable":true,"href":"https:\/\/soydeaqui.ddns.net\/pachuca\/index.php\/wp-json\/wp\/v2\/product_cat?post=89759"},{"taxonomy":"product_tag","embeddable":true,"href":"https:\/\/soydeaqui.ddns.net\/pachuca\/index.php\/wp-json\/wp\/v2\/product_tag?post=89759"}],"curies":[{"name":"wp","href":"https:\/\/api.w.org\/{rel}","templated":true}]}}