{"id":89718,"date":"2026-03-20T03:09:34","date_gmt":"2026-03-20T03:09:34","guid":{"rendered":"https:\/\/soydeaqui.ddns.net\/pachuca\/index.php\/producto\/adaptador-voip-grandstream-de-24-fxs-p-montaje-en-rack-2\/"},"modified":"2026-03-20T03:09:43","modified_gmt":"2026-03-20T03:09:43","slug":"adaptador-voip-grandstream-de-24-fxs-p-montaje-en-rack-2","status":"publish","type":"product","link":"https:\/\/soydeaqui.ddns.net\/pachuca\/index.php\/producto\/adaptador-voip-grandstream-de-24-fxs-p-montaje-en-rack-2\/","title":{"rendered":"Adaptador VoIP GrandStream de 24 FXS p\/montaje en rack"},"content":{"rendered":"<div style='width: 100%; max-width: 1200px; margin: 0 auto; font-family: sans-serif; line-height: 1.6; color: inherit; background-color: transparent;'> <!-- Secci\u00f3n de descripci\u00f3n --> <\/p>\n<div style='margin-bottom: 30px; font-size: 15px; color: inherit;'>\n<p>El GXW4216\/4224\/4232\/4248 es la nueva generaci\u00f3n de Gateway VoIP de alto rendimiento y alta densidad de puertos an\u00e1logos. Son totalmente compatibles con los est\u00e1ndares SIP y ampliamente interoperables con diversos sistemas de VoIP&comma; PBX anal\u00f3gica y tel\u00e9fonos en el mercado. Cuenta con m\u00faltiples puertos FXS anal\u00f3gicos de telefon\u00eda (16\/24\/32\/48)&comma; calidad de voz extraordinaria&comma; ricas funciones de telefon\u00eda&comma; aprovisionamiento f\u00e1cil&comma; adem\u00e1s de planes de marcaci\u00f3n flexibles&comma; protecci\u00f3n de seguridad avanzada y un rendimiento excelente en el manejo de altos vol\u00famenes de llamadas de voz.<\/p>\n<p>La serie de los Gateway GXW4216\/4224\/4232\/4248 ofrece a las peque\u00f1as y medianas empresas un h\u00edbrido IP de costo asequible y un sistema de tel\u00e9fono anal\u00f3gico que les permite disfrutar de los beneficios de las comunicaciones VoIP&comma; preservando las inversiones en los actuales tel\u00e9fonos anal\u00f3gicos&comma; faxes y sistemas PBX.<\/p>\n<\/p><\/div>\n<p> <!-- Secci\u00f3n de caracter\u00edsticas principales --> <\/p>\n<div style='margin-bottom: 30px;'>\n<h3 style='font-size: 22px; border-bottom: 2px solid currentColor; padding-bottom: 5px; margin-top: 0; color: inherit; opacity: 0.8;'>Caracter\u00edsticas principales<\/h3>\n<ul style='padding-left: 20px; font-size: 15px; color: inherit;'>\n<li style='margin-bottom: 5px;'>Compatibilidad total con est\u00e1ndares SIP<\/li>\n<li style='margin-bottom: 5px;'>Calidad de voz extraordinaria asegurada<\/li>\n<li style='margin-bottom: 5px;'>Planes de marcaci\u00f3n flexibles integrados<\/li>\n<li style='margin-bottom: 5px;'>Protecci\u00f3n de seguridad avanzada incorporada<\/li>\n<li style='margin-bottom: 5px;'>Hasta 24 puertos FXS anal\u00f3gicos disponibles<\/li>\n<\/ul><\/div>\n<p> <!-- Secci\u00f3n de especificaciones --> <\/p>\n<div style='display: flex; flex-wrap: wrap; gap: 20px; margin-bottom: 30px;'>\n<div style='flex: 1 1 250px; border: 1px solid rgba(150&comma; 150&comma; 150&comma; 0.4); border-radius: 8px; overflow: hidden; display: flex; flex-direction: column;'>\n<div style='padding: 15px; border-bottom: 1px solid rgba(150&comma; 150&comma; 150&comma; 0.2); font-weight: bold; font-size: 18px; color: inherit;'>Interfaces<\/div>\n<div style='padding: 15px; color: inherit;'>\n<ul style='padding-left: 20px; margin: 0; font-size: 14px; list-style-type: disc;'>\n<li style='margin-bottom: 5px;'>24 x RJ11 puertos FXS<\/li>\n<li style='margin-bottom: 5px;'>1 conector Telco de 50-pin<\/li>\n<li style='margin-bottom: 5px;'>1 puerto LAN 10\/100\/1000 Mbps (RJ45)<\/li>\n<\/ul><\/div>\n<\/p><\/div>\n<div style='flex: 1 1 250px; border: 1px solid rgba(150&comma; 150&comma; 150&comma; 0.4); border-radius: 8px; overflow: hidden; display: flex; flex-direction: column;'>\n<div style='padding: 15px; border-bottom: 1px solid rgba(150&comma; 150&comma; 150&comma; 0.2); font-weight: bold; font-size: 18px; color: inherit;'>Especificaciones de Voz<\/div>\n<div style='padding: 15px; color: inherit;'>\n<ul style='padding-left: 20px; margin: 0; font-size: 14px; list-style-type: disc;'>\n<li style='margin-bottom: 5px;'>G.711&comma; G.723.1&comma; G.726&comma; G.729 A\/B&comma; iLBC<\/li>\n<li style='margin-bottom: 5px;'>Cancelaci\u00f3n de eco en la l\u00ednea<\/li>\n<li style='margin-bottom: 5px;'>B\u00fafer de fluctuaci\u00f3n din\u00e1mica<\/li>\n<li style='margin-bottom: 5px;'>Detecci\u00f3n de modem &#038; auto conexi\u00f3n<\/li>\n<\/ul><\/div>\n<\/p><\/div>\n<div style='flex: 1 1 250px; border: 1px solid rgba(150&comma; 150&comma; 150&comma; 0.4); border-radius: 8px; overflow: hidden; display: flex; flex-direction: column;'>\n<div style='padding: 15px; border-bottom: 1px solid rgba(150&comma; 150&comma; 150&comma; 0.2); font-weight: bold; font-size: 18px; color: inherit;'>Funciones de Telefon\u00eda<\/div>\n<div style='padding: 15px; color: inherit;'>\n<ul style='padding-left: 20px; margin: 0; font-size: 14px; list-style-type: disc;'>\n<li style='margin-bottom: 5px;'>Visualizaci\u00f3n o bloqueo del identificador de llamada<\/li>\n<li style='margin-bottom: 5px;'>Llamada en espera<\/li>\n<li style='margin-bottom: 5px;'>Transferencia de llamadas (ciega o asistida)<\/li>\n<li style='margin-bottom: 5px;'>Desv\u00edo de llamadas<\/li>\n<li style='margin-bottom: 5px;'>No molestar<\/li>\n<li style='margin-bottom: 5px;'>Conferencia de 3 v\u00edas<\/li>\n<\/ul><\/div>\n<\/p><\/div>\n<div style='flex: 1 1 250px; border: 1px solid rgba(150&comma; 150&comma; 150&comma; 0.4); border-radius: 8px; overflow: hidden; display: flex; flex-direction: column;'>\n<div style='padding: 15px; border-bottom: 1px solid rgba(150&comma; 150&comma; 150&comma; 0.2); font-weight: bold; font-size: 18px; color: inherit;'>Caracter\u00edsticas de Fax<\/div>\n<div style='padding: 15px; color: inherit;'>\n<ul style='padding-left: 20px; margin: 0; font-size: 14px; list-style-type: disc;'>\n<li style='margin-bottom: 5px;'>Rel\u00e9 de fax conforme a T.38<\/li>\n<li style='margin-bottom: 5px;'>Soporta fax T.38 hasta 14.4 kbps<\/li>\n<li style='margin-bottom: 5px;'>Auto conmutaci\u00f3n en G.711<\/li>\n<li style='margin-bottom: 5px;'>Fax Datapump V.17&comma; V.21&comma; V.27ter&comma; V.29 por T.38 rel\u00e9 fax<\/li>\n<\/ul><\/div>\n<\/p><\/div>\n<div style='flex: 1 1 250px; border: 1px solid rgba(150&comma; 150&comma; 150&comma; 0.4); border-radius: 8px; overflow: hidden; display: flex; flex-direction: column;'>\n<div style='padding: 15px; border-bottom: 1px solid rgba(150&comma; 150&comma; 150&comma; 0.2); font-weight: bold; font-size: 18px; color: inherit;'>Seguridad<\/div>\n<div style='padding: 15px; color: inherit;'>\n<ul style='padding-left: 20px; margin: 0; font-size: 14px; list-style-type: disc;'>\n<li style='margin-bottom: 5px;'>SRTP<\/li>\n<li style='margin-bottom: 5px;'>TLS\/SIPS<\/li>\n<li style='margin-bottom: 5px;'>HTTPS (AES-128 encryption)<\/li>\n<li style='margin-bottom: 5px;'>Protecci\u00f3n TR-069<\/li>\n<\/ul><\/div>\n<\/p><\/div>\n<div style='flex: 1 1 250px; border: 1px solid rgba(150&comma; 150&comma; 150&comma; 0.4); border-radius: 8px; overflow: hidden; display: flex; flex-direction: column;'>\n<div style='padding: 15px; border-bottom: 1px solid rgba(150&comma; 150&comma; 150&comma; 0.2); font-weight: bold; font-size: 18px; color: inherit;'>Conectividad<\/div>\n<div style='padding: 15px; color: inherit;'>\n<ul style='padding-left: 20px; margin: 0; font-size: 14px; list-style-type: disc;'>\n<li style='margin-bottom: 5px;'>Soporta QoS (DiffServ&comma; TOS&comma; 802.1P\/Q VLAN tagging)<\/li>\n<li style='margin-bottom: 5px;'>Protocolos de red: TCP\/UDP&comma; RTP\/RTCP&comma; HTTP\/HTTPS&comma; ARP&comma; ICMP&comma; DNS&comma; DHCP&comma; NTP&comma; TFTP&comma; PPPoE<\/li>\n<li style='margin-bottom: 5px;'>M\u00e9todos de transmisi\u00f3n DTMF: audio de entrada&comma; RFC2833&comma; INFO SIP<\/li>\n<\/ul><\/div>\n<\/p><\/div>\n<div style='flex: 1 1 250px; border: 1px solid rgba(150&comma; 150&comma; 150&comma; 0.4); border-radius: 8px; overflow: hidden; display: flex; flex-direction: column;'>\n<div style='padding: 15px; border-bottom: 1px solid rgba(150&comma; 150&comma; 150&comma; 0.2); font-weight: bold; font-size: 18px; color: inherit;'>Caracter\u00edsticas F\u00edsicas<\/div>\n<div style='padding: 15px; color: inherit;'>\n<ul style='padding-left: 20px; margin: 0; font-size: 14px; list-style-type: disc;'>\n<li style='margin-bottom: 5px;'>Dimensiones: 440mm (L) x 185mm (W) x 44mm (H) (1U)<\/li>\n<li style='margin-bottom: 5px;'>Peso: 2.57 KG<\/li>\n<li style='margin-bottom: 5px;'>Montaje: escritorio y rack con soportes delanteros<\/li>\n<li style='margin-bottom: 5px;'>Temperatura de operaci\u00f3n: 0\u00b0C ~ 40\u00b0C<\/li>\n<li style='margin-bottom: 5px;'>Humedad: 10% ~ 90% (sin condensaci\u00f3n)<\/li>\n<\/ul><\/div>\n<\/p><\/div>\n<div style='flex: 1 1 250px; border: 1px solid rgba(150&comma; 150&comma; 150&comma; 0.4); border-radius: 8px; overflow: hidden; display: flex; flex-direction: column;'>\n<div style='padding: 15px; border-bottom: 1px solid rgba(150&comma; 150&comma; 150&comma; 0.2); font-weight: bold; font-size: 18px; color: inherit;'>Alimentaci\u00f3n<\/div>\n<div style='padding: 15px; color: inherit;'>\n<ul style='padding-left: 20px; margin: 0; font-size: 14px; list-style-type: disc;'>\n<li style='margin-bottom: 5px;'>Entrada: 12VDC&comma; 5A<\/li>\n<li style='margin-bottom: 5px;'>Salida: 100 ~ 240VAC&comma; 50 ~ 60 Hz<\/li>\n<li style='margin-bottom: 5px;'>Adaptador de corriente universal<\/li>\n<\/ul><\/div>\n<\/p><\/div>\n<div style='flex: 1 1 250px; border: 1px solid rgba(150&comma; 150&comma; 150&comma; 0.4); border-radius: 8px; overflow: hidden; display: flex; flex-direction: column;'>\n<div style='padding: 15px; border-bottom: 1px solid rgba(150&comma; 150&comma; 150&comma; 0.2); font-weight: bold; font-size: 18px; color: inherit;'>Conformidad<\/div>\n<div style='padding: 15px; color: inherit;'>\n<ul style='padding-left: 20px; margin: 0; font-size: 14px; list-style-type: disc;'>\n<li style='margin-bottom: 5px;'>FCC: Part 15 Class B<\/li>\n<li style='margin-bottom: 5px;'>CE: EN55022 Class B&comma; EN55024<\/li>\n<li style='margin-bottom: 5px;'>EN61000-3-2&comma; EN61000-3-3<\/li>\n<li style='margin-bottom: 5px;'>EN60950-1&comma; RoHS<\/li>\n<li style='margin-bottom: 5px;'>C-TICK: AS\/NZS CISPR 22 Class B<\/li>\n<li style='margin-bottom: 5px;'>ITU-T K.21 (Basic Test Level)<\/li>\n<li style='margin-bottom: 5px;'>UL 60950 (power adapter)<\/li>\n<\/ul><\/div>\n<\/p><\/div>\n<div style='flex: 1 1 250px; border: 1px solid rgba(150&comma; 150&comma; 150&comma; 0.4); border-radius: 8px; overflow: hidden; display: flex; flex-direction: column;'>\n<div style='padding: 15px; border-bottom: 1px solid rgba(150&comma; 150&comma; 150&comma; 0.2); font-weight: bold; font-size: 18px; color: inherit;'>Gesti\u00f3n y Aprovisionamiento<\/div>\n<div style='padding: 15px; color: inherit;'>\n<ul style='padding-left: 20px; margin: 0; font-size: 14px; list-style-type: disc;'>\n<li style='margin-bottom: 5px;'>Aprovisionamiento: TFTP&comma; HTTP&comma; HTTPS&comma; TR069<\/li>\n<li style='margin-bottom: 5px;'>Gesti\u00f3n: Syslog&comma; HTTPS&comma; navegador Web&comma; mensaje de voz&comma; TR-069<\/li>\n<li style='margin-bottom: 5px;'>Soporta 4 perfiles de servidores SIP por sistema<\/li>\n<li style='margin-bottom: 5px;'>Cuenta independiente SIP por puerto<\/li>\n<\/ul><\/div>\n<\/p><\/div>\n<\/p><\/div>\n<p> <!-- Separador --> <\/p>\n<hr style='border: 0; border-top: 1px solid rgba(150&comma; 150&comma; 150&comma; 0.3); margin: 30px 0;'> <\/div>\n","protected":false},"excerpt":{"rendered":"<p>Adaptador VoIP GrandStream de 24 FXS p\/montaje en rack<\/p>\n","protected":false},"featured_media":89717,"comment_status":"open","ping_status":"closed","template":"","meta":[],"product_brand":[],"product_cat":[2070],"product_tag":[2071,909,2004],"class_list":{"0":"post-89718","1":"product","2":"type-product","3":"status-publish","4":"has-post-thumbnail","6":"product_cat-gateways-y-atas","7":"product_tag-gateways-y-atas","8":"product_tag-grandstream","9":"product_tag-voip-telefonia-ip-videoconferencia","11":"first","12":"instock","13":"sale","14":"shipping-taxable","15":"purchasable","16":"product-type-simple"},"_links":{"self":[{"href":"https:\/\/soydeaqui.ddns.net\/pachuca\/index.php\/wp-json\/wp\/v2\/product\/89718","targetHints":{"allow":["GET"]}}],"collection":[{"href":"https:\/\/soydeaqui.ddns.net\/pachuca\/index.php\/wp-json\/wp\/v2\/product"}],"about":[{"href":"https:\/\/soydeaqui.ddns.net\/pachuca\/index.php\/wp-json\/wp\/v2\/types\/product"}],"replies":[{"embeddable":true,"href":"https:\/\/soydeaqui.ddns.net\/pachuca\/index.php\/wp-json\/wp\/v2\/comments?post=89718"}],"wp:featuredmedia":[{"embeddable":true,"href":"https:\/\/soydeaqui.ddns.net\/pachuca\/index.php\/wp-json\/wp\/v2\/media\/89717"}],"wp:attachment":[{"href":"https:\/\/soydeaqui.ddns.net\/pachuca\/index.php\/wp-json\/wp\/v2\/media?parent=89718"}],"wp:term":[{"taxonomy":"product_brand","embeddable":true,"href":"https:\/\/soydeaqui.ddns.net\/pachuca\/index.php\/wp-json\/wp\/v2\/product_brand?post=89718"},{"taxonomy":"product_cat","embeddable":true,"href":"https:\/\/soydeaqui.ddns.net\/pachuca\/index.php\/wp-json\/wp\/v2\/product_cat?post=89718"},{"taxonomy":"product_tag","embeddable":true,"href":"https:\/\/soydeaqui.ddns.net\/pachuca\/index.php\/wp-json\/wp\/v2\/product_tag?post=89718"}],"curies":[{"name":"wp","href":"https:\/\/api.w.org\/{rel}","templated":true}]}}