{"id":89699,"date":"2026-03-20T03:08:42","date_gmt":"2026-03-20T03:08:42","guid":{"rendered":"https:\/\/soydeaqui.ddns.net\/pachuca\/index.php\/producto\/telefono-ip-wi-fi-grado-operador-12-lineas-sip-con-6-cuentas-pantalla-tactil-7-puertos-gigabit-bluetooth-poe-codec-opus-ipv4-ipv6-con-gestion-en-la-nube-gdms\/"},"modified":"2026-03-20T03:08:57","modified_gmt":"2026-03-20T03:08:57","slug":"telefono-ip-wi-fi-grado-operador-12-lineas-sip-con-6-cuentas-pantalla-tactil-7-puertos-gigabit-bluetooth-poe-codec-opus-ipv4-ipv6-con-gestion-en-la-nube-gdms","status":"publish","type":"product","link":"https:\/\/soydeaqui.ddns.net\/pachuca\/index.php\/producto\/telefono-ip-wi-fi-grado-operador-12-lineas-sip-con-6-cuentas-pantalla-tactil-7-puertos-gigabit-bluetooth-poe-codec-opus-ipv4-ipv6-con-gestion-en-la-nube-gdms\/","title":{"rendered":"Tel\u00e9fono IP Wi-Fi, Grado Operador, 12 l\u00edneas SIP con 6 cuentas, pantalla t\u00e1ctil  7&#8243;, puertos Gigabit, Bluetooth, PoE, codec Opus, IPV4\/IPV6 con gesti\u00f3n en la nube GDMS"},"content":{"rendered":"<div style='width: 100%; max-width: 1200px; margin: 0 auto; font-family: sans-serif; line-height: 1.6; color: inherit; background-color: transparent;'> <!-- Imagen principal y descripci\u00f3n --> <\/p>\n<div style='display: flex; flex-wrap: wrap; gap: 30px; margin-bottom: 30px;'>\n<div style='flex: 1 1 300px; min-width: 280px;'> <img style='width: 100%; height: auto; border: 1px solid rgba(150&comma;150&comma;150&comma;0.3); border-radius: 8px;' src='https:\/\/ftp3.syscom.mx\/usuarios\/fotos\/GRP2601P\/192328-flyer_grps_gdms_spa_-_abril_2020.png' alt=''> <\/div>\n<div style='flex: 1 1 300px; min-width: 280px;'>\n<h2 style='font-size: 24px; border-bottom: 2px solid currentColor; padding-bottom: 5px; margin-top: 0; color: inherit; opacity: 0.8;'>Tel\u00e9fono IP Carrier-Grade<\/h2>\n<p style='text-align: justify; font-size: 15px; color: inherit; margin-bottom: 15px;'>Perteneciente a la serie GRP de Tel\u00e9fonos IP Profesionales Carrier-Grade&comma; el GRP2670 es un modelo de calidad ejecutiva de 12 l\u00edneas dise\u00f1ado con aprovisionamiento zero-touch para implementaci\u00f3n masiva y facilidad de gesti\u00f3n. Cuenta con un dise\u00f1o moderno y un paquete de caracter\u00edsticas de pr\u00f3xima generaci\u00f3n incluyendo una pantalla t\u00e1ctil de 7 pulgadas&comma; Wi-Fi integrado de doble banda&comma; soporte de Bluetooth&comma; conferencia de voz de 5 participantes&comma; PoE integrado&comma; audio full HD y m\u00e1s.<\/p>\n<ul style='padding-left: 20px; font-size: 15px; color: inherit;'>\n<li style='margin-bottom: 5px; text-align: justify;'>12 teclas de l\u00ednea con hasta 6 cuentas SIP.<\/li>\n<li style='margin-bottom: 5px; text-align: justify;'>64 teclas BLF digitales incorporadas<\/li>\n<li style='margin-bottom: 5px; text-align: justify;'>Wi-Fi 802.11 a\/b\/g\/n\/ac de doble banda integrado<\/li>\n<li style='margin-bottom: 5px; text-align: justify;'>Dos puertos Ethernet Gigabit conmutados de detecci\u00f3n autom\u00e1tica de 10\/100\/1000 Mbps con PoE integrado.<\/li>\n<li style='margin-bottom: 5px; text-align: justify;'>Bluetooth integrado<\/li>\n<li style='margin-bottom: 5px; text-align: justify;'>Gesti\u00f3n y aprovisionamiento en la nube de los dispositivos a trav\u00e9s de GDMS.<\/li>\n<li style='margin-bottom: 5px; text-align: justify;'>Conferencia de audio de 5 participantes para llamadas de conferencia f\u00e1ciles.<\/li>\n<li style='margin-bottom: 5px; text-align: justify;'>Audio HD admitiendo todos los c\u00f3decs principales&comma; incluyendo los c\u00f3decs de banda ancha G.722 y Opus.<\/li>\n<li style='margin-bottom: 5px; text-align: justify;'>Conector para auriculares RJ9 (permitiendo EHS con aud\u00edfonos Plantronics).<\/li>\n<li style='margin-bottom: 5px; text-align: justify;'>Protecci\u00f3n de nivel empresarial incluyendo arranque seguro&comma; im\u00e1genes de firmware dual y almacenamiento de datos cifrados.<\/li>\n<\/ul>\n<p style='text-align: justify; font-size: 15px; color: inherit; margin-top: 15px;'>Creado para las necesidades de empleados de escritorio con mucho trabajo y dise\u00f1ado para una f\u00e1cil implementaci\u00f3n por empresas&comma; proveedores de servicios y otros mercados de gran volumen&comma; el GRP2670 ofrece una plataforma de voz f\u00e1cil de usar e implementar.<\/p>\n<\/p><\/div>\n<\/p><\/div>\n<p> <!-- Secci\u00f3n de soporte GDMS --> <\/p>\n<div style='margin-bottom: 30px;'>\n<h2 style='font-size: 22px; border-bottom: 2px solid currentColor; padding-bottom: 5px; color: inherit; opacity: 0.8;'>El GRP2670 est\u00e1 soportado por GDMS<\/h2>\n<p style='text-align: justify; font-size: 15px; color: inherit;'>Para el aprovisionamiento en la nube y la gesti\u00f3n centralizada&comma; el GRP2670 est\u00e1 soportado por GDMS&comma; el cual proporciona una interfaz centralizada para configurar&comma; aprovisionar&comma; gestionar y monitorear la implementaci\u00f3n de dispositivos Grandstream. Con 64 teclas virtuales multifuncionales (VPK)&comma; una pantalla t\u00e1ctil capacitiva&comma; f\u00e1cil de usar de 7 pulgadas y soporte para Bluetooth&comma; aud\u00edfonos EHS (Plantronics) y USB&comma; el GRP2670 es la elecci\u00f3n ideal para profesionales&comma; ejecutivos y recepcionistas que atienden grandes vol\u00famenes de llamadas. Dise\u00f1ado para una f\u00e1cil implementaci\u00f3n masiva por empresas&comma; proveedores de servicios y otros mercados de gran volumen&comma; el GRP2670 ofrece un dispositivo de voz de alta calidad&comma; f\u00e1cil de usar y de implementar.<\/p>\n<\/p><\/div>\n<p> <!-- Cards de especificaciones --> <\/p>\n<div style='display: flex; flex-wrap: wrap; gap: 20px; margin-bottom: 30px;'>\n<div style='flex: 1 1 250px; border: 1px solid rgba(150&comma; 150&comma; 150&comma; 0.4); border-radius: 8px; overflow: hidden; display: flex; flex-direction: column;'>\n<div style='padding: 15px; border-bottom: 1px solid rgba(150&comma; 150&comma; 150&comma; 0.2); font-weight: bold; font-size: 18px; color: inherit;'>Caracter\u00edsticas principales:<\/div>\n<div style='padding: 15px; color: inherit;'>\n<ul style='padding-left: 20px; margin: 0; font-size: 14px; list-style-type: disc;'>\n<li style='margin-bottom: 5px; text-align: justify;'>12 lineas SIP.<\/li>\n<li style='margin-bottom: 5px; text-align: justify;'>6 cuentas SIP.<\/li>\n<li style='margin-bottom: 5px; text-align: justify;'>PoE.<\/li>\n<li style='margin-bottom: 5px; text-align: justify;'>Compatibilidad con GDMS.<\/li>\n<li style='margin-bottom: 5px; text-align: justify;'>Pantalla t\u00e1ctil 7&#8242;.<\/li>\n<li style='margin-bottom: 5px; text-align: justify;'>Bluetooth.<\/li>\n<li style='margin-bottom: 5px; text-align: justify;'>Wi-Fi 802.11 a\/b\/g\/n\/ac de doble banda integrado (2.4GHz y 5GHz).<\/li>\n<li style='margin-bottom: 5px; text-align: justify;'>Soporte para G.729A\/B&comma; G.711\u00b5\/a-law&comma; G.726&comma; G.722 (banda ancha)&comma; G.723&comma; iLBC&comma; OPUS&comma; DTMF en banda y fuera de banda (in audio&comma; RFC2833&comma; SIP INFO)&comma; VAD&comma; AEC&comma; CNG&comma; PLC&comma; AGC.<\/li>\n<li style='margin-bottom: 5px; text-align: justify;'>Dos puertos Gigabit Ethernet conmutados de 10\/100\/1000 Mbps.<\/li>\n<li style='margin-bottom: 5px; text-align: justify;'>Conector RJ9 para auriculares (permitiendo EHS con auriculares Plantronics)<\/li>\n<li style='margin-bottom: 5px; text-align: justify;'>2 posiciones de \u00e1ngulo disponibles&comma; montable en la pared (el soporte de pared se vende por separado).<\/li>\n<\/ul><\/div>\n<\/p><\/div>\n<div style='flex: 1 1 250px; border: 1px solid rgba(150&comma; 150&comma; 150&comma; 0.4); border-radius: 8px; overflow: hidden; display: flex; flex-direction: column;'>\n<div style='padding: 15px; border-bottom: 1px solid rgba(150&comma; 150&comma; 150&comma; 0.2); font-weight: bold; font-size: 18px; color: inherit;'>Contenido del paquete:<\/div>\n<div style='padding: 15px; color: inherit;'>\n<ul style='padding-left: 20px; margin: 0; font-size: 14px; list-style-type: disc;'>\n<li style='margin-bottom: 5px;'>Tel\u00e9fono GRP270.<\/li>\n<li style='margin-bottom: 5px;'>Auricular con cord\u00f3n.<\/li>\n<li style='margin-bottom: 5px;'>Fuente de alimentaci\u00f3n.<\/li>\n<li style='margin-bottom: 5px;'>Base.<\/li>\n<li style='margin-bottom: 5px;'>Cable de red.<\/li>\n<li style='margin-bottom: 5px;'>Gu\u00eda de Instalaci\u00f3n R\u00e1pida.<\/li>\n<\/ul><\/div>\n<\/p><\/div>\n<div style='flex: 1 1 250px; border: 1px solid rgba(150&comma; 150&comma; 150&comma; 0.4); border-radius: 8px; overflow: hidden; display: flex; flex-direction: column;'>\n<div style='padding: 15px; border-bottom: 1px solid rgba(150&comma; 150&comma; 150&comma; 0.2); font-weight: bold; font-size: 18px; color: inherit;'>Caracter\u00edsticas F\u00edsicas y El\u00e9ctricas:<\/div>\n<div style='padding: 15px; color: inherit;'>\n<ul style='padding-left: 20px; margin: 0; font-size: 14px; list-style-type: disc;'>\n<li style='margin-bottom: 5px; text-align: justify;'>Adaptador de corriente universal incluido: Entrada: 100 &#8211; 240V; Salida: +12V&comma; 1A Power-over-Ethernet integrado (802.3af) Consumo m\u00e1ximo de energ\u00eda 6.5W (adaptador de corriente) o 7.8W (PoE).<\/li>\n<li style='margin-bottom: 5px; text-align: justify;'>Dimensi\u00f3n: 267 mm x 228 mm x 82.0 mm.<\/li>\n<li style='margin-bottom: 5px; text-align: justify;'>Operaci\u00f3n: 0 \u00b0C a 40 \u00b0C Almacenamiento: -10 \u00b0C a 60 \u00b0C Humedad: 10% a 90% sin condensaci\u00f3n.<\/li>\n<\/ul><\/div>\n<\/p><\/div>\n<\/p><\/div>\n<p> <!-- Imagen y video --> <\/p>\n<div style='display: flex; flex-wrap: wrap; gap: 30px; margin-bottom: 30px;'>\n<div style='flex: 1 1 300px; min-width: 280px;'> <img style='width: 100%; height: auto; border: 1px solid rgba(150&comma;150&comma;150&comma;0.3); border-radius: 8px;' src='https:\/\/ftp3.syscom.mx\/usuarios\/fotos\/GRP2612\/169963-captura_de_pantalla_2021-04-01_a_la(s)_15.32.31.png' alt=''> <\/div>\n<div style='flex: 1 1 300px; min-width: 280px;'>\n<div style='position: relative; padding-bottom: 56.25%; height: 0; overflow: hidden; margin-bottom: 30px;'>   <\/div>\n<\/p><\/div>\n<\/p><\/div>\n<p> <!-- T\u00edtulo del video --> <\/p>\n<div style='margin-bottom: 30px;'>\n<h1 style='font-size: 22px; border-bottom: 2px solid currentColor; padding-bottom: 5px; color: inherit; opacity: 0.8;'>Introducci\u00f3n y Configuraci\u00f3n B\u00e1sica de GDMS compatible con Tel\u00e9fonos GRP2600.<\/h1>\n<\/p><\/div>\n<\/p><\/div>\n","protected":false},"excerpt":{"rendered":"<p>Tel\u00e9fono IP Wi-Fi, Grado Operador, 12 l\u00edneas SIP con 6 cuentas, pantalla t\u00e1ctil  7&#8243;, puertos Gigabit, Bluetooth, PoE, codec Opus, IPV4\/IPV6 con gesti\u00f3n en la nube GDMS<\/p>\n","protected":false},"featured_media":89698,"comment_status":"open","ping_status":"closed","template":"","meta":[],"product_brand":[],"product_cat":[2003],"product_tag":[909,2005,2004],"class_list":{"0":"post-89699","1":"product","2":"type-product","3":"status-publish","4":"has-post-thumbnail","6":"product_cat-telefonos-ip","7":"product_tag-grandstream","8":"product_tag-telefonos-ip","9":"product_tag-voip-telefonia-ip-videoconferencia","11":"first","12":"instock","13":"sale","14":"shipping-taxable","15":"purchasable","16":"product-type-simple"},"_links":{"self":[{"href":"https:\/\/soydeaqui.ddns.net\/pachuca\/index.php\/wp-json\/wp\/v2\/product\/89699","targetHints":{"allow":["GET"]}}],"collection":[{"href":"https:\/\/soydeaqui.ddns.net\/pachuca\/index.php\/wp-json\/wp\/v2\/product"}],"about":[{"href":"https:\/\/soydeaqui.ddns.net\/pachuca\/index.php\/wp-json\/wp\/v2\/types\/product"}],"replies":[{"embeddable":true,"href":"https:\/\/soydeaqui.ddns.net\/pachuca\/index.php\/wp-json\/wp\/v2\/comments?post=89699"}],"wp:featuredmedia":[{"embeddable":true,"href":"https:\/\/soydeaqui.ddns.net\/pachuca\/index.php\/wp-json\/wp\/v2\/media\/89698"}],"wp:attachment":[{"href":"https:\/\/soydeaqui.ddns.net\/pachuca\/index.php\/wp-json\/wp\/v2\/media?parent=89699"}],"wp:term":[{"taxonomy":"product_brand","embeddable":true,"href":"https:\/\/soydeaqui.ddns.net\/pachuca\/index.php\/wp-json\/wp\/v2\/product_brand?post=89699"},{"taxonomy":"product_cat","embeddable":true,"href":"https:\/\/soydeaqui.ddns.net\/pachuca\/index.php\/wp-json\/wp\/v2\/product_cat?post=89699"},{"taxonomy":"product_tag","embeddable":true,"href":"https:\/\/soydeaqui.ddns.net\/pachuca\/index.php\/wp-json\/wp\/v2\/product_tag?post=89699"}],"curies":[{"name":"wp","href":"https:\/\/api.w.org\/{rel}","templated":true}]}}