{"id":89687,"date":"2026-03-20T03:08:11","date_gmt":"2026-03-20T03:08:11","guid":{"rendered":"https:\/\/soydeaqui.ddns.net\/pachuca\/index.php\/producto\/router-inalambrico-ac-1200-doble-banda-mu-mimo-1-puerto-wan-10-100-1000-mbps-4-puertos-lan-10-100-1000-mbps-compatible-con-easymesh-administracion-web-o-app-tether\/"},"modified":"2026-03-20T03:08:28","modified_gmt":"2026-03-20T03:08:28","slug":"router-inalambrico-ac-1200-doble-banda-mu-mimo-1-puerto-wan-10-100-1000-mbps-4-puertos-lan-10-100-1000-mbps-compatible-con-easymesh-administracion-web-o-app-tether","status":"publish","type":"product","link":"https:\/\/soydeaqui.ddns.net\/pachuca\/index.php\/producto\/router-inalambrico-ac-1200-doble-banda-mu-mimo-1-puerto-wan-10-100-1000-mbps-4-puertos-lan-10-100-1000-mbps-compatible-con-easymesh-administracion-web-o-app-tether\/","title":{"rendered":"Router Inal\u00e1mbrico AC 1200 \/ Doble Banda MU-MIMO \/ 1 puerto WAN 10\/100\/1000 Mbps \/ 4 puertos LAN 10\/100\/1000 Mbps \/ Compatible con EasyMesh \/ Administraci\u00f3n Web o App Tether"},"content":{"rendered":"<div style=\"width: 100%; max-width: 1200px; margin: 0 auto; font-family: sans-serif; line-height: 1.6; color: inherit; background-color: transparent;\"><!-- Imagen principal centrada --><\/p>\n<div style=\"width: 100%; margin-bottom: 30px;\"><img decoding=\"async\" style=\"width: 100%; height: auto; border: 1px solid rgba(150&comma; 150&comma; 150&comma; 0.3); border-radius: 8px;\" src=\"https:\/\/ftp3.syscom.mx\/usuarios\/fotos\/ARCHERC64\/205143-9.jpg\" alt=\"Router inal\u00e1mbrico AC1200 MU-MIMO\" class=\"fr-fic fr-dii\"><\/div>\n<p><!-- Informaci\u00f3n principal y caracter\u00edsticas --><\/p>\n<div style=\"display: flex; flex-wrap: wrap; gap: 30px; margin-bottom: 30px;\"><!-- Descripci\u00f3n principal --><\/p>\n<div style=\"flex: 1 1 600px; min-width: 300px;\">\n<h1 style=\"font-size: 24px; font-weight: 600; margin-top: 0; margin-bottom: 15px; color: inherit; opacity: 0.95;\">Router inal&aacute;mbrico AC1200 MU-MIMO<\/h1>\n<p style=\"font-size: 15px; margin-bottom: 20px; color: inherit; opacity: 0.9;\">El Archer C64 le permite conectar m&aacute;s dispositivos y trasnmitis simult&aacute;neamente con sus bandas duales de 2.4 GHz y 5 GHz. La banda de 2.4 GHz proporciona conexiones fiables para enviar correos electr&oacute;nicos&comma; navegar por internet y otras tareas sencillas. La banda de 5 GHz ofrece una velocidad de hasta 867 Mbps&comma; excelente para aplicaciones de uso intensivo de medios&comma; como transmisi&oacute;n de video y juegos en l&iacute;nea.<\/p>\n<h3 style=\"font-size: 20px; border-bottom: 2px solid currentColor; padding-bottom: 5px; margin-top: 25px; margin-bottom: 15px; color: inherit; opacity: 0.8;\">Caracter&iacute;sticas principales<\/h3>\n<ul style=\"padding-left: 20px; font-size: 15px; color: inherit;\">\n<li style=\"margin-bottom: 8px;\"><strong>WiFi 802.11ac Wave2:<\/strong> 867 Mbps en 5 GHz y 400 Mbps en 2.4 GHz<\/li>\n<li style=\"margin-bottom: 8px;\"><strong>Cobertura WiFi mejorada:<\/strong> 4 antenas proporcionan conexiones inal&aacute;mbricas estables y una cobertura &oacute;ptima.<\/li>\n<li style=\"margin-bottom: 8px;\"><strong>MU-MIMO:<\/strong> Se puede ofrecer m&uacute;ltiples conexiones&comma; ayudando a los equipos a tener una mayor velocidad en la transferencia de datos.<\/li>\n<li style=\"margin-bottom: 8px;\"><strong>Beamforming:<\/strong> La tecnolog&iacute;a Beamforming ofrece una transmisi&oacute;n inal&aacute;mbrica altamente eficiente&comma; escuchando solo al dispositivo en conexi&oacute;n.<\/li>\n<li style=\"margin-bottom: 8px;\"><strong>F&aacute;cil configuraci&oacute;n:<\/strong> A trav&eacute;s de la aplicaci&oacute;n TP-Link Tether podemos generar una red de una forma sencilla.<\/li>\n<li style=\"margin-bottom: 8px;\"><strong>Conexi&oacute;n:<\/strong> Smart Connect dirige a los clientes a la banda menos congestionada y Airtime Fairness optimiza el uso de su tiempo.<\/li>\n<\/ul>\n<\/div>\n<p><!-- Informaci\u00f3n t\u00e9cnica --><\/p>\n<div style=\"flex: 1 1 300px; min-width: 280px;\"><!-- Caracter\u00edsticas principales --><\/p>\n<div style=\"border: 1px solid rgba(150&comma; 150&comma; 150&comma; 0.4); border-radius: 8px; overflow: hidden; margin-bottom: 20px;\">\n<div style=\"padding: 15px; border-bottom: 1px solid rgba(150&comma; 150&comma; 150&comma; 0.2); font-weight: bold; font-size: 18px; color: inherit;\">Caracter&iacute;sticas principales<\/div>\n<div style=\"padding: 15px; color: inherit;\">\n<ul style=\"padding-left: 20px; margin: 0; font-size: 14px; list-style-type: disc;\">\n<li style=\"margin-bottom: 8px;\">1 puerto WAN Gigabit<\/li>\n<li style=\"margin-bottom: 8px;\">4 puertos LAN Gigabit<\/li>\n<li style=\"margin-bottom: 8px;\">Bot&oacute;n WPS\/Reset<\/li>\n<li style=\"margin-bottom: 8px;\">Est&aacute;ndares IEEE 802.11 ax\/ac\/n\/a 5 GHz&comma; 802.11 ax\/n\/b\/g 2.4 GHz<\/li>\n<li style=\"margin-bottom: 8px;\">4 antenas internas<\/li>\n<li style=\"margin-bottom: 8px;\">Procesador: 1.2 GHz CPU<\/li>\n<li style=\"margin-bottom: 8px;\">MU-MIMO 2&#215;2<\/li>\n<li style=\"margin-bottom: 8px;\">Modo Router\/Punto de acceso<\/li>\n<li style=\"margin-bottom: 8px;\">Bot&oacute;n de reinicio<\/li>\n<li style=\"margin-bottom: 8px;\">Controles parentales<\/li>\n<li style=\"margin-bottom: 8px;\">Filtrado por URL<\/li>\n<li style=\"margin-bottom: 8px;\">QoS Calidad en el servicio<\/li>\n<li style=\"margin-bottom: 0;\">Administraci&oacute;n: Aplicaci&oacute;n Tether\/Interfaz gr&aacute;fica<\/li>\n<\/ul>\n<\/div>\n<\/div>\n<p><!-- Caracter\u00edsticas F\u00edsicas y El\u00e9ctricas --><\/p>\n<div style=\"border: 1px solid rgba(150&comma; 150&comma; 150&comma; 0.4); border-radius: 8px; overflow: hidden; margin-bottom: 20px;\">\n<div style=\"padding: 15px; border-bottom: 1px solid rgba(150&comma; 150&comma; 150&comma; 0.2); font-weight: bold; font-size: 18px; color: inherit;\">Caracter&iacute;sticas F&iacute;sicas y El&eacute;ctricas<\/div>\n<div style=\"padding: 15px; color: inherit;\">\n<ul style=\"padding-left: 20px; margin: 0; font-size: 14px; list-style-type: disc;\">\n<li style=\"margin-bottom: 8px;\">Dimensiones 120 &times; 120 &times; 27.9 mm (4.7 &times; 4.7 &times; 1.1 pulg.)<\/li>\n<li style=\"margin-bottom: 8px;\">Instalaci&oacute;n en escritorio<\/li>\n<li style=\"margin-bottom: 8px;\">Temperatura de Funcionamiento: 0&deg;C~40&deg;C (32&deg;F~104&deg;F)<\/li>\n<li style=\"margin-bottom: 8px;\">Temperatura de Almacenamiento: -40&deg;C~70&deg;C (-40&deg;F~158&deg;F)<\/li>\n<li style=\"margin-bottom: 8px;\">Humedad de Funcionamiento: 10%~90% sin condensaci&oacute;n<\/li>\n<li style=\"margin-bottom: 8px;\">Humedad de Almacenamiento: 5%~90% sin condensaci&oacute;n<\/li>\n<li style=\"margin-bottom: 8px;\">Alimentaci&oacute;n DC: 12 V 1.2 A<\/li>\n<li style=\"margin-bottom: 8px;\">Potencia transmisi&oacute;n CE: &lt;20 dBm (2.4 GHz) &#8211; &lt;23 dBm (5 GHz)<\/li>\n<li style=\"margin-bottom: 0;\">Potencia transmisi&oacute;n FCC: &lt;30 dBm (2.4 GHz) &#8211; &lt;30 dBm (5 GHz)<\/li>\n<\/ul>\n<\/div>\n<\/div>\n<p><!-- Contenido --><\/p>\n<div style=\"border: 1px solid rgba(150&comma; 150&comma; 150&comma; 0.4); border-radius: 8px; overflow: hidden;\">\n<div style=\"padding: 15px; border-bottom: 1px solid rgba(150&comma; 150&comma; 150&comma; 0.2); font-weight: bold; font-size: 18px; color: inherit;\">Contenido<\/div>\n<div style=\"padding: 15px; color: inherit;\">\n<ul style=\"padding-left: 20px; margin: 0; font-size: 14px; list-style-type: disc;\">\n<li style=\"margin-bottom: 8px;\">1 Router Archer C64<\/li>\n<li style=\"margin-bottom: 8px;\">1 adaptador de corriente<\/li>\n<li style=\"margin-bottom: 8px;\">1 cable RJ45<\/li>\n<li style=\"margin-bottom: 0;\">1 gu&iacute;a de instalaci&oacute;n r&aacute;pida<\/li>\n<\/ul>\n<\/div>\n<\/div>\n<\/div>\n<\/div>\n<p><!-- Im\u00e1genes adicionales --><\/p>\n<div style=\"display: flex; flex-wrap: wrap; gap: 15px; margin-bottom: 30px;\">\n<div style=\"flex: 1 1 300px; min-width: 280px;\"><img decoding=\"async\" style=\"width: 100%; height: auto; border: 1px solid rgba(150&comma; 150&comma; 150&comma; 0.3); border-radius: 8px;\" src=\"https:\/\/ftp3.syscom.mx\/usuarios\/fotos\/ARCHERC64\/205143-image_(20).png\" alt=\"\" class=\"fr-fic fr-dii\"><\/div>\n<div style=\"flex: 1 1 300px; min-width: 280px;\"><img decoding=\"async\" style=\"width: 100%; height: auto; border: 1px solid rgba(150&comma; 150&comma; 150&comma; 0.3); border-radius: 8px;\" src=\"https:\/\/ftp3.syscom.mx\/usuarios\/fotos\/ARCHERC64\/205143-image_(21).png\" alt=\"\" class=\"fr-fic fr-dii\"><\/div>\n<div style=\"flex: 1 1 300px; min-width: 280px;\"><img decoding=\"async\" style=\"width: 100%; height: auto; border: 1px solid rgba(150&comma; 150&comma; 150&comma; 0.3); border-radius: 8px;\" src=\"https:\/\/ftp3.syscom.mx\/usuarios\/fotos\/ARCHERC64\/205143-image_(22).png\" alt=\"\" class=\"fr-fic fr-dii\"><\/div>\n<div style=\"flex: 1 1 300px; min-width: 280px;\"><img decoding=\"async\" style=\"width: 100%; height: auto; border: 1px solid rgba(150&comma; 150&comma; 150&comma; 0.3); border-radius: 8px;\" src=\"https:\/\/ftp3.syscom.mx\/usuarios\/fotos\/ARCHERC64\/205143-image_(23).png\" alt=\"\" class=\"fr-fic fr-dii\"><\/div>\n<\/div>\n<p><!-- Separador final --><\/p>\n<hr style=\"border: 0; border-top: 1px solid rgba(150&comma; 150&comma; 150&comma; 0.3); margin: 30px 0;\"><\/div>\n","protected":false},"excerpt":{"rendered":"<p>Router Inal\u00e1mbrico AC 1200 \/ Doble Banda MU-MIMO \/ 1 puerto WAN 10\/100\/1000 Mbps \/ 4 puertos LAN 10\/100\/1000 Mbps \/ Compatible con EasyMesh \/ Administraci\u00f3n Web o App Tether<\/p>\n","protected":false},"featured_media":89686,"comment_status":"open","ping_status":"closed","template":"","meta":[],"product_brand":[],"product_cat":[2024],"product_tag":[1479,2025,71],"class_list":{"0":"post-89687","1":"product","2":"type-product","3":"status-publish","4":"has-post-thumbnail","6":"product_cat-routers-inalambricos","7":"product_tag-redes-wifi","8":"product_tag-routers-inalambricos","9":"product_tag-tp-link","11":"first","12":"instock","13":"sale","14":"shipping-taxable","15":"purchasable","16":"product-type-simple"},"_links":{"self":[{"href":"https:\/\/soydeaqui.ddns.net\/pachuca\/index.php\/wp-json\/wp\/v2\/product\/89687","targetHints":{"allow":["GET"]}}],"collection":[{"href":"https:\/\/soydeaqui.ddns.net\/pachuca\/index.php\/wp-json\/wp\/v2\/product"}],"about":[{"href":"https:\/\/soydeaqui.ddns.net\/pachuca\/index.php\/wp-json\/wp\/v2\/types\/product"}],"replies":[{"embeddable":true,"href":"https:\/\/soydeaqui.ddns.net\/pachuca\/index.php\/wp-json\/wp\/v2\/comments?post=89687"}],"wp:featuredmedia":[{"embeddable":true,"href":"https:\/\/soydeaqui.ddns.net\/pachuca\/index.php\/wp-json\/wp\/v2\/media\/89686"}],"wp:attachment":[{"href":"https:\/\/soydeaqui.ddns.net\/pachuca\/index.php\/wp-json\/wp\/v2\/media?parent=89687"}],"wp:term":[{"taxonomy":"product_brand","embeddable":true,"href":"https:\/\/soydeaqui.ddns.net\/pachuca\/index.php\/wp-json\/wp\/v2\/product_brand?post=89687"},{"taxonomy":"product_cat","embeddable":true,"href":"https:\/\/soydeaqui.ddns.net\/pachuca\/index.php\/wp-json\/wp\/v2\/product_cat?post=89687"},{"taxonomy":"product_tag","embeddable":true,"href":"https:\/\/soydeaqui.ddns.net\/pachuca\/index.php\/wp-json\/wp\/v2\/product_tag?post=89687"}],"curies":[{"name":"wp","href":"https:\/\/api.w.org\/{rel}","templated":true}]}}