{"id":89677,"date":"2026-03-20T03:07:42","date_gmt":"2026-03-20T03:07:42","guid":{"rendered":"https:\/\/soydeaqui.ddns.net\/pachuca\/index.php\/producto\/licencia-utm-offload-5-anos-para-ar4050s\/"},"modified":"2026-03-20T03:07:44","modified_gmt":"2026-03-20T03:07:44","slug":"licencia-utm-offload-5-anos-para-ar4050s","status":"publish","type":"product","link":"https:\/\/soydeaqui.ddns.net\/pachuca\/index.php\/producto\/licencia-utm-offload-5-anos-para-ar4050s\/","title":{"rendered":"Licencia UTM Offload 5 A\u00f1os para AR4050S"},"content":{"rendered":"<div style='width: 100%; max-width: 1200px; margin: 0 auto; font-family: sans-serif; line-height: 1.6; color: inherit; background-color: transparent;'>\n<div style='display: flex; flex-wrap: wrap; gap: 30px; margin-bottom: 30px;'>\n<div style='flex: 1 1 300px; min-width: 280px;'>\n<h3 style='font-size: 22px; border-bottom: 2px solid currentColor; padding-bottom: 5px; margin-top: 0; color: inherit; opacity: 0.8;'>Descripci\u00f3n<\/h3>\n<p style='margin-bottom: 1rem; font-size: 15px; color: inherit;'> La funci\u00f3n de descarga de gesti\u00f3n unificada de amenazas (UTM) es beneficiosa cuando existe la necesidad empresarial de mantener un alto nivel de seguridad&comma; junto con un alto rendimiento de reenv\u00edo y un gran n\u00famero de caracter\u00edsticas. <\/p>\n<p style='margin-bottom: 1rem; font-size: 15px; color: inherit;'> UTM Offload mejora el rendimiento del reenv\u00edo de red al descargar algunas de las caracter\u00edsticas de seguridad avanzadas a una segunda m\u00e1quina f\u00edsica o virtual que es administrada autom\u00e1ticamente por el AR4050S. <\/p>\n<p style='margin-bottom: 1rem; font-size: 15px; color: inherit;'> Las caracter\u00edsticas que se han descargado se presentan en el dispositivo de reenv\u00edo (AR4050S) como si se estuvieran ejecutando localmente. El dispositivo de reenv\u00edo tambi\u00e9n funciona como un servidor de arranque PXE. PXE es la abreviatura de Entorno de ejecuci\u00f3n de preinicio. PXE permite que una estaci\u00f3n de trabajo arranque desde un servidor en una red. <\/p>\n<p style='margin-bottom: 1rem; font-size: 15px; color: inherit;'> El dispositivo de descarga puede ser cualquier m\u00e1quina virtual o f\u00edsica. Un dispositivo de descarga f\u00edsica debe tener una conexi\u00f3n Ethernet directa entre \u00e9l y el AR4050S&comma; es decir&comma; desde eth1\/eth2 en el AR4050S hasta un puerto Ethernet en el dispositivo de descarga. <\/p>\n<\/p><\/div>\n<\/p><\/div>\n<\/p><\/div>\n","protected":false},"excerpt":{"rendered":"<p>Licencia UTM Offload 5 A\u00f1os para AR4050S<\/p>\n","protected":false},"featured_media":32,"comment_status":"open","ping_status":"closed","template":"","meta":[],"product_brand":[],"product_cat":[1996],"product_tag":[1995,1997,664],"class_list":{"0":"post-89677","1":"product","2":"type-product","3":"status-publish","4":"has-post-thumbnail","6":"product_cat-licencias-suscripciones","7":"product_tag-allied-telesis","8":"product_tag-licencias-suscripciones","9":"product_tag-networking","11":"first","12":"outofstock","13":"sale","14":"shipping-taxable","15":"purchasable","16":"product-type-simple"},"_links":{"self":[{"href":"https:\/\/soydeaqui.ddns.net\/pachuca\/index.php\/wp-json\/wp\/v2\/product\/89677","targetHints":{"allow":["GET"]}}],"collection":[{"href":"https:\/\/soydeaqui.ddns.net\/pachuca\/index.php\/wp-json\/wp\/v2\/product"}],"about":[{"href":"https:\/\/soydeaqui.ddns.net\/pachuca\/index.php\/wp-json\/wp\/v2\/types\/product"}],"replies":[{"embeddable":true,"href":"https:\/\/soydeaqui.ddns.net\/pachuca\/index.php\/wp-json\/wp\/v2\/comments?post=89677"}],"wp:featuredmedia":[{"embeddable":true,"href":"https:\/\/soydeaqui.ddns.net\/pachuca\/index.php\/wp-json\/wp\/v2\/media\/32"}],"wp:attachment":[{"href":"https:\/\/soydeaqui.ddns.net\/pachuca\/index.php\/wp-json\/wp\/v2\/media?parent=89677"}],"wp:term":[{"taxonomy":"product_brand","embeddable":true,"href":"https:\/\/soydeaqui.ddns.net\/pachuca\/index.php\/wp-json\/wp\/v2\/product_brand?post=89677"},{"taxonomy":"product_cat","embeddable":true,"href":"https:\/\/soydeaqui.ddns.net\/pachuca\/index.php\/wp-json\/wp\/v2\/product_cat?post=89677"},{"taxonomy":"product_tag","embeddable":true,"href":"https:\/\/soydeaqui.ddns.net\/pachuca\/index.php\/wp-json\/wp\/v2\/product_tag?post=89677"}],"curies":[{"name":"wp","href":"https:\/\/api.w.org\/{rel}","templated":true}]}}