{"id":89655,"date":"2026-03-20T03:06:39","date_gmt":"2026-03-20T03:06:39","guid":{"rendered":"https:\/\/soydeaqui.ddns.net\/pachuca\/index.php\/producto\/switch-gigabit-ethernet-no-administrado-16-puertos-10-100-1000-mbps\/"},"modified":"2026-03-20T03:06:41","modified_gmt":"2026-03-20T03:06:41","slug":"switch-gigabit-ethernet-no-administrado-16-puertos-10-100-1000-mbps","status":"publish","type":"product","link":"https:\/\/soydeaqui.ddns.net\/pachuca\/index.php\/producto\/switch-gigabit-ethernet-no-administrado-16-puertos-10-100-1000-mbps\/","title":{"rendered":"Switch Gigabit Ethernet no administrado 16 puertos 10\/100\/1000 Mbps"},"content":{"rendered":"<div style='width: 100%; max-width: 1200px; margin: 0 auto; font-family: sans-serif; line-height: 1.6; color: inherit; background-color: transparent;'> <!-- Secci\u00f3n de descripci\u00f3n --> <\/p>\n<div style='margin-bottom: 30px;'>\n<h2 style='font-size: 24px; margin-top: 0; color: inherit; opacity: 0.9;'>Switch Gigabit Ethernet no administrado<\/h2>\n<p style='font-size: 15px; margin-top: 15px; margin-bottom: 0; color: inherit;'> La serie Allied Telesis GS910 ofrece soluciones de conmutaci\u00f3n Gigabit no administradas para el escritorio y redes peque\u00f1as. Con una configuraci\u00f3n m\u00ednima o nula&comma; los conmutadores de la serie GS910 proporcionan una conectividad simple y sin problemas a la infraestructura de red existente. <\/p>\n<\/p><\/div>\n<p> <!-- Secci\u00f3n de especificaciones --> <\/p>\n<div style='margin-bottom: 30px;'>\n<h3 style='font-size: 20px; border-bottom: 2px solid currentColor; padding-bottom: 5px; margin-top: 0; color: inherit; opacity: 0.8;'>Especificaciones<\/h3>\n<p> <!-- Card de especificaciones --> <\/p>\n<div style='display: flex; flex-wrap: wrap; gap: 20px; margin-top: 20px;'>\n<div style='flex: 1 1 250px; border: 1px solid rgba(150&comma; 150&comma; 150&comma; 0.4); border-radius: 8px; overflow: hidden; display: flex; flex-direction: column;'>\n<div style='padding: 15px; border-bottom: 1px solid rgba(150&comma; 150&comma; 150&comma; 0.2); font-weight: bold; font-size: 16px; color: inherit; background-color: rgba(77&comma; 115&comma; 138&comma; 0.1);'>Caracter\u00edsticas f\u00edsicas<\/div>\n<div style='padding: 15px; color: inherit;'>\n<ul style='padding-left: 20px; margin: 0; font-size: 14px; list-style-type: disc;'>\n<li style='margin-bottom: 5px;'><strong>Dimensiones:<\/strong> 263 x 179 x 38 mm (10&comma;35 x 7&comma;04 x 1&comma;49 pulgadas)<\/li>\n<li style='margin-bottom: 5px;'><strong>Temperatura de funcionamiento:<\/strong> 0-50 \u00b0C (32-122 \u00b0F)<\/li>\n<li style='margin-bottom: 5px;'><strong>Peso:<\/strong> 1&comma;5 kg (3&comma;30 lb)<\/li>\n<\/ul><\/div>\n<\/p><\/div>\n<div style='flex: 1 1 250px; border: 1px solid rgba(150&comma; 150&comma; 150&comma; 0.4); border-radius: 8px; overflow: hidden; display: flex; flex-direction: column;'>\n<div style='padding: 15px; border-bottom: 1px solid rgba(150&comma; 150&comma; 150&comma; 0.2); font-weight: bold; font-size: 16px; color: inherit; background-color: rgba(77&comma; 115&comma; 138&comma; 0.1);'>Rendimiento<\/div>\n<div style='padding: 15px; color: inherit;'>\n<ul style='padding-left: 20px; margin: 0; font-size: 14px; list-style-type: disc;'>\n<li style='margin-bottom: 5px;'><strong>Capacidad de conmutaci\u00f3n:<\/strong> 32 Gbps<\/li>\n<li style='margin-bottom: 5px;'><strong>Rendimiento:<\/strong> 23&comma;8 Mpps<\/li>\n<li style='margin-bottom: 5px;'><strong>Direcci\u00f3n MAC:<\/strong> M\u00e1ximo 8K<\/li>\n<\/ul><\/div>\n<\/p><\/div>\n<div style='flex: 1 1 250px; border: 1px solid rgba(150&comma; 150&comma; 150&comma; 0.4); border-radius: 8px; overflow: hidden; display: flex; flex-direction: column;'>\n<div style='padding: 15px; border-bottom: 1px solid rgba(150&comma; 150&comma; 150&comma; 0.2); font-weight: bold; font-size: 16px; color: inherit; background-color: rgba(77&comma; 115&comma; 138&comma; 0.1);'>Energ\u00eda<\/div>\n<div style='padding: 15px; color: inherit;'>\n<ul style='padding-left: 20px; margin: 0; font-size: 14px; list-style-type: disc;'>\n<li style='margin-bottom: 5px;'><strong>Corriente de potencia:<\/strong> 0&comma;3 A<\/li>\n<li style='margin-bottom: 5px;'><strong>Consumo m\u00e1ximo de Pwr:<\/strong> 12 W<\/li>\n<\/ul><\/div>\n<\/p><\/div>\n<\/p><\/div>\n<\/p><\/div>\n<p> <!-- Separador --> <\/p>\n<hr style='border: 0; border-top: 1px solid rgba(150&comma; 150&comma; 150&comma; 0.3); margin: 30px 0;'> <\/div>\n","protected":false},"excerpt":{"rendered":"<p>Switch Gigabit Ethernet no administrado 16 puertos 10\/100\/1000 Mbps<\/p>\n","protected":false},"featured_media":89654,"comment_status":"open","ping_status":"closed","template":"","meta":[],"product_brand":[],"product_cat":[1970],"product_tag":[1995,664,1971],"class_list":{"0":"post-89655","1":"product","2":"type-product","3":"status-publish","4":"has-post-thumbnail","6":"product_cat-switches","7":"product_tag-allied-telesis","8":"product_tag-networking","9":"product_tag-switches","11":"first","12":"outofstock","13":"sale","14":"shipping-taxable","15":"purchasable","16":"product-type-simple"},"_links":{"self":[{"href":"https:\/\/soydeaqui.ddns.net\/pachuca\/index.php\/wp-json\/wp\/v2\/product\/89655","targetHints":{"allow":["GET"]}}],"collection":[{"href":"https:\/\/soydeaqui.ddns.net\/pachuca\/index.php\/wp-json\/wp\/v2\/product"}],"about":[{"href":"https:\/\/soydeaqui.ddns.net\/pachuca\/index.php\/wp-json\/wp\/v2\/types\/product"}],"replies":[{"embeddable":true,"href":"https:\/\/soydeaqui.ddns.net\/pachuca\/index.php\/wp-json\/wp\/v2\/comments?post=89655"}],"wp:featuredmedia":[{"embeddable":true,"href":"https:\/\/soydeaqui.ddns.net\/pachuca\/index.php\/wp-json\/wp\/v2\/media\/89654"}],"wp:attachment":[{"href":"https:\/\/soydeaqui.ddns.net\/pachuca\/index.php\/wp-json\/wp\/v2\/media?parent=89655"}],"wp:term":[{"taxonomy":"product_brand","embeddable":true,"href":"https:\/\/soydeaqui.ddns.net\/pachuca\/index.php\/wp-json\/wp\/v2\/product_brand?post=89655"},{"taxonomy":"product_cat","embeddable":true,"href":"https:\/\/soydeaqui.ddns.net\/pachuca\/index.php\/wp-json\/wp\/v2\/product_cat?post=89655"},{"taxonomy":"product_tag","embeddable":true,"href":"https:\/\/soydeaqui.ddns.net\/pachuca\/index.php\/wp-json\/wp\/v2\/product_tag?post=89655"}],"curies":[{"name":"wp","href":"https:\/\/api.w.org\/{rel}","templated":true}]}}