{"id":89644,"date":"2026-03-20T03:06:07","date_gmt":"2026-03-20T03:06:07","guid":{"rendered":"https:\/\/soydeaqui.ddns.net\/pachuca\/index.php\/producto\/switch-gigabit-ethernet-no-administrado-24-puertos-10-100-1000-mbps\/"},"modified":"2026-03-20T03:06:10","modified_gmt":"2026-03-20T03:06:10","slug":"switch-gigabit-ethernet-no-administrado-24-puertos-10-100-1000-mbps","status":"publish","type":"product","link":"https:\/\/soydeaqui.ddns.net\/pachuca\/index.php\/producto\/switch-gigabit-ethernet-no-administrado-24-puertos-10-100-1000-mbps\/","title":{"rendered":"Switch Gigabit Ethernet no administrado 24 puertos 10\/100\/1000 Mbps"},"content":{"rendered":"<div style='width: 100%; max-width: 1200px; margin: 0 auto; font-family: sans-serif; line-height: 1.6; color: inherit; background-color: transparent;'> <!-- T\u00edtulo y descripci\u00f3n --> <\/p>\n<div style='margin-bottom: 30px;'>\n<h1 style='font-size: 28px; margin: 0 0 10px; font-weight: 400; color: inherit; line-height: 1.2em;'>GS910\/24<\/h1>\n<div style='font-size: 16px; color: inherit; opacity: 0.85; margin-bottom: 15px;'>Switch Gigabit Ethernet no administrado<\/div>\n<\/p><\/div>\n<p> <!-- Descripci\u00f3n general --> <\/p>\n<div style='margin-bottom: 30px;'>\n<p style='font-size: 15px; margin: 0 0 15px; color: inherit;'> La serie Allied Telesis GS910 ofrece soluciones de conmutaci\u00f3n Gigabit no administradas para el escritorio y redes peque\u00f1as. Con una configuraci\u00f3n m\u00ednima o nula&comma; los conmutadores de la serie GS910 proporcionan una conectividad simple y sin problemas a la infraestructura de red existente. <\/p>\n<\/p><\/div>\n<p> <!-- Secci\u00f3n de especificaciones --> <\/p>\n<div style='margin-bottom: 30px;'>\n<h3 style='font-size: 20px; border-bottom: 2px solid currentColor; padding-bottom: 5px; margin-top: 0; margin-bottom: 20px; color: inherit; opacity: 0.8;'>Especificaciones<\/h3>\n<p> <!-- Tabla de especificaciones responsiva --> <\/p>\n<div style='overflow-x: auto; -webkit-overflow-scrolling: touch; margin-bottom: 20px; border: 1px solid rgba(150&comma;150&comma;150&comma;0.3); border-radius: 8px;'>\n<table style='width: 100%; border-collapse: collapse; color: inherit; font-size: 14px;'>\n<thead style='background-color: rgba(77&comma; 115&comma; 138&comma; 0.9); color: #ffffff;'>\n<tr>\n<th style='padding: 12px 15px; border-right: 1px solid rgba(255&comma;255&comma;255&comma;0.2); font-weight: 500; text-align: left; min-width: 120px;'>Producto<\/th>\n<th style='padding: 12px 15px; border-right: 1px solid rgba(255&comma;255&comma;255&comma;0.2); font-weight: 500; text-align: left; min-width: 150px;'>Ancho x Profundo x Alto<\/th>\n<th style='padding: 12px 15px; border-right: 1px solid rgba(255&comma;255&comma;255&comma;0.2); font-weight: 500; text-align: left; min-width: 140px;'>Temperatura de funcionamiento<\/th>\n<th style='padding: 12px 15px; border-right: 1px solid rgba(255&comma;255&comma;255&comma;0.2); font-weight: 500; text-align: left; min-width: 100px;'>Peso<\/th>\n<th style='padding: 12px 15px; border-right: 1px solid rgba(255&comma;255&comma;255&comma;0.2); font-weight: 500; text-align: left; min-width: 120px;'>Capacidad de conmutaci\u00f3n<\/th>\n<th style='padding: 12px 15px; border-right: 1px solid rgba(255&comma;255&comma;255&comma;0.2); font-weight: 500; text-align: left; min-width: 100px;'>Rendimiento<\/th>\n<th style='padding: 12px 15px; border-right: 1px solid rgba(255&comma;255&comma;255&comma;0.2); font-weight: 500; text-align: left; min-width: 100px;'>Direcci\u00f3n MAC<\/th>\n<th style='padding: 12px 15px; border-right: 1px solid rgba(255&comma;255&comma;255&comma;0.2); font-weight: 500; text-align: left; min-width: 120px;'>Corriente de potencia<\/th>\n<th style='padding: 12px 15px; font-weight: 500; text-align: left; min-width: 120px;'>Consumo m\u00e1ximo de Pwr<\/th>\n<\/tr>\n<\/thead>\n<tbody style='background-color: transparent;'>\n<tr style='border-bottom: 1px solid rgba(150&comma;150&comma;150&comma;0.3);'>\n<td style='padding: 12px 15px; border-right: 1px solid rgba(150&comma;150&comma;150&comma;0.3); color: inherit;'>GS910\/24<\/td>\n<td style='padding: 12px 15px; border-right: 1px solid rgba(150&comma;150&comma;150&comma;0.3); color: inherit;'>341 x 210 x 44 mm<br \/>(13&comma;42 x 8&comma;26 x 1&comma;73 pulgadas)<\/td>\n<td style='padding: 12px 15px; border-right: 1px solid rgba(150&comma;150&comma;150&comma;0.3); color: inherit;'>0-50 \u00b0C<br \/>(32-122 \u00b0F)<\/td>\n<td style='padding: 12px 15px; border-right: 1px solid rgba(150&comma;150&comma;150&comma;0.3); color: inherit;'>2&comma;1 kg (4&comma;62 lb)<\/td>\n<td style='padding: 12px 15px; border-right: 1px solid rgba(150&comma;150&comma;150&comma;0.3); color: inherit;'>48 Gbps<\/td>\n<td style='padding: 12px 15px; border-right: 1px solid rgba(150&comma;150&comma;150&comma;0.3); color: inherit;'>35&comma;7 Mpps<\/td>\n<td style='padding: 12px 15px; border-right: 1px solid rgba(150&comma;150&comma;150&comma;0.3); color: inherit;'>M\u00e1ximo 8K<\/td>\n<td style='padding: 12px 15px; border-right: 1px solid rgba(150&comma;150&comma;150&comma;0.3); color: inherit;'>0&comma;4A<\/td>\n<td style='padding: 12px 15px; color: inherit;'>17W<\/td>\n<\/tr>\n<\/tbody>\n<\/table><\/div>\n<\/p><\/div>\n<p> <!-- Separador --> <\/p>\n<hr style='border: 0; border-top: 1px solid rgba(150&comma; 150&comma; 150&comma; 0.3); margin: 30px 0;'> <\/div>\n","protected":false},"excerpt":{"rendered":"<p>Switch Gigabit Ethernet no administrado 24 puertos 10\/100\/1000 Mbps<\/p>\n","protected":false},"featured_media":89643,"comment_status":"open","ping_status":"closed","template":"","meta":[],"product_brand":[],"product_cat":[1970],"product_tag":[1995,664,1971],"class_list":{"0":"post-89644","1":"product","2":"type-product","3":"status-publish","4":"has-post-thumbnail","6":"product_cat-switches","7":"product_tag-allied-telesis","8":"product_tag-networking","9":"product_tag-switches","11":"first","12":"outofstock","13":"sale","14":"shipping-taxable","15":"purchasable","16":"product-type-simple"},"_links":{"self":[{"href":"https:\/\/soydeaqui.ddns.net\/pachuca\/index.php\/wp-json\/wp\/v2\/product\/89644","targetHints":{"allow":["GET"]}}],"collection":[{"href":"https:\/\/soydeaqui.ddns.net\/pachuca\/index.php\/wp-json\/wp\/v2\/product"}],"about":[{"href":"https:\/\/soydeaqui.ddns.net\/pachuca\/index.php\/wp-json\/wp\/v2\/types\/product"}],"replies":[{"embeddable":true,"href":"https:\/\/soydeaqui.ddns.net\/pachuca\/index.php\/wp-json\/wp\/v2\/comments?post=89644"}],"wp:featuredmedia":[{"embeddable":true,"href":"https:\/\/soydeaqui.ddns.net\/pachuca\/index.php\/wp-json\/wp\/v2\/media\/89643"}],"wp:attachment":[{"href":"https:\/\/soydeaqui.ddns.net\/pachuca\/index.php\/wp-json\/wp\/v2\/media?parent=89644"}],"wp:term":[{"taxonomy":"product_brand","embeddable":true,"href":"https:\/\/soydeaqui.ddns.net\/pachuca\/index.php\/wp-json\/wp\/v2\/product_brand?post=89644"},{"taxonomy":"product_cat","embeddable":true,"href":"https:\/\/soydeaqui.ddns.net\/pachuca\/index.php\/wp-json\/wp\/v2\/product_cat?post=89644"},{"taxonomy":"product_tag","embeddable":true,"href":"https:\/\/soydeaqui.ddns.net\/pachuca\/index.php\/wp-json\/wp\/v2\/product_tag?post=89644"}],"curies":[{"name":"wp","href":"https:\/\/api.w.org\/{rel}","templated":true}]}}