{"id":89637,"date":"2026-03-20T03:05:49","date_gmt":"2026-03-20T03:05:49","guid":{"rendered":"https:\/\/soydeaqui.ddns.net\/pachuca\/index.php\/producto\/antena-direccional-de-alto-rendimiento-2-ft-7-1-8-5-ghz-2-conectores-n-hembra-ganancia-de-31-dbi-radomo-y-montaje-incluido\/"},"modified":"2026-03-20T03:05:51","modified_gmt":"2026-03-20T03:05:51","slug":"antena-direccional-de-alto-rendimiento-2-ft-7-1-8-5-ghz-2-conectores-n-hembra-ganancia-de-31-dbi-radomo-y-montaje-incluido","status":"publish","type":"product","link":"https:\/\/soydeaqui.ddns.net\/pachuca\/index.php\/producto\/antena-direccional-de-alto-rendimiento-2-ft-7-1-8-5-ghz-2-conectores-n-hembra-ganancia-de-31-dbi-radomo-y-montaje-incluido\/","title":{"rendered":"Antena direccional de alto rendimiento, (2 ft), 7.1 &#8211; 8.5 GHz, 2 conectores N-hembra, Ganancia de 31 dBi, Radomo y montaje incluido."},"content":{"rendered":"<div style='width: 100%; max-width: 1200px; margin: 0 auto; font-family: sans-serif; line-height: 1.6; color: inherit; background-color: transparent;'>\n<div style='display: flex; flex-wrap: wrap; gap: 30px; margin-bottom: 30px;'>\n<div style='flex: 1 1 300px; min-width: 280px;'>\n<h3 style='font-size: 22px; border-bottom: 2px solid currentColor; padding-bottom: 5px; margin-top: 0; color: inherit; opacity: 0.8;'>Caracter\u00edsticas<\/h3>\n<ul style='padding-left: 20px; font-size: 15px; color: inherit;'>\n<li style='margin-bottom: 5px;'>Antenas de alto desempe\u00f1o Carrier-Class<\/li>\n<li style='margin-bottom: 5px;'><strong>Radomo incluido para reducci\u00f3n de problema por el viento<\/strong><\/li>\n<li style='margin-bottom: 5px;'>Alta selectividad para mitigaci\u00f3n de interferencias<\/li>\n<li style='margin-bottom: 5px;'>Antenas pre-ensambladas para facilidad de instalaci\u00f3n en campo<\/li>\n<li style='margin-bottom: 5px;'>Montaje s\u00faper robusto para alineaci\u00f3n precisa en azimut y elevaci\u00f3n<\/li>\n<li style='margin-bottom: 5px;'><strong>Garant\u00eda de 7 a\u00f1os al m\u00e1ximo desempe\u00f1o<\/strong><\/li>\n<li style='margin-bottom: 5px;'>Soportan todo tipo de intemperie<\/li>\n<li style='margin-bottom: 5px;'>Se pueden instalar en cualquier sitio<\/li>\n<\/ul><\/div>\n<\/p><\/div>\n<div style='display: flex; flex-wrap: wrap; gap: 20px; margin-bottom: 30px;'>\n<div style='flex: 1 1 250px; border: 1px solid rgba(150&comma; 150&comma; 150&comma; 0.4); border-radius: 8px; overflow: hidden; display: flex; flex-direction: column;'>\n<div style='padding: 15px; border-bottom: 1px solid rgba(150&comma; 150&comma; 150&comma; 0.2); font-weight: bold; font-size: 18px; color: inherit;'>Especificaciones El\u00e9ctricas<\/div>\n<div style='padding: 15px; color: inherit;'>\n<ul style='padding-left: 20px; margin: 0; font-size: 14px; list-style-type: disc;'>\n<li style='margin-bottom: 5px;'><strong>Medida:<\/strong> 0.6 m (2 ft)<\/li>\n<li style='margin-bottom: 5px;'><strong>Polarizaci\u00f3n:<\/strong> Doble<\/li>\n<li style='margin-bottom: 5px;'><strong>Conectores:<\/strong> N-Hembra (x2)<\/li>\n<li style='margin-bottom: 5px;'><strong>Frecuencia:<\/strong> 7.1 &#8211; 8.5 GHz<\/li>\n<li style='margin-bottom: 5px;'><strong>Ancho de haz horizontal\/vertical:<\/strong> 4.2 \u00b0<\/li>\n<li style='margin-bottom: 5px;'><strong>Discriminaci\u00f3n en polarizaci\u00f3n cruzada:<\/strong> 30 dB<\/li>\n<li style='margin-bottom: 5px;'><strong>Front to Back Ratio (F\/B):<\/strong> 54 dB<\/li>\n<li style='margin-bottom: 5px;'><strong>Ganancia en frecuencia baja:<\/strong> 30 dBi<\/li>\n<li style='margin-bottom: 5px;'><strong>Ganancia en frecuencia media:<\/strong> 30.6 dBi<\/li>\n<li style='margin-bottom: 5px;'><strong>Ganancia en frecuencia alta:<\/strong> 31.6 dBi<\/li>\n<li style='margin-bottom: 5px;'><strong>P\u00e9rdida por retorno:<\/strong> -16.1 dB<\/li>\n<\/ul><\/div>\n<\/p><\/div>\n<div style='flex: 1 1 250px; border: 1px solid rgba(150&comma; 150&comma; 150&comma; 0.4); border-radius: 8px; overflow: hidden; display: flex; flex-direction: column;'>\n<div style='padding: 15px; border-bottom: 1px solid rgba(150&comma; 150&comma; 150&comma; 0.2); font-weight: bold; font-size: 18px; color: inherit;'>Especificaciones Mec\u00e1nicas<\/div>\n<div style='padding: 15px; color: inherit;'>\n<ul style='padding-left: 20px; margin: 0; font-size: 14px; list-style-type: disc;'>\n<li style='margin-bottom: 5px;'><strong>Ajuste fino de azimut:<\/strong> \u00b1 10 \u00b0<\/li>\n<li style='margin-bottom: 5px;'><strong>Ajuste fino de elevaci\u00f3n:<\/strong> \u00b1 25 \u00b0<\/li>\n<li style='margin-bottom: 5px;'><strong>Di\u00e1metro m\u00ednimo del tubo de montaje:<\/strong> 5.08 cm (2 in)<\/li>\n<li style='margin-bottom: 5px;'><strong>Di\u00e1metro m\u00e1ximo del tubo de montaje:<\/strong> 11.4 cm (4.5 in)<\/li>\n<li style='margin-bottom: 5px;'><strong>Peso neto:<\/strong> 12.3 kg (27 lbs)<\/li>\n<li style='margin-bottom: 5px;'><strong>Velocidad de resistencia al viento operacional:<\/strong> 145 km\/h (90 mph)<\/li>\n<li style='margin-bottom: 5px;'><strong>Rango de temperatura de operaci\u00f3n:<\/strong> -40 a 60 \u00b0C<\/li>\n<li style='margin-bottom: 5px;'><strong>Radomo:<\/strong> Incluido<\/li>\n<li style='margin-bottom: 5px;'><strong>Garant\u00eda:<\/strong> 7 a\u00f1os<\/li>\n<\/ul><\/div>\n<\/p><\/div>\n<div style='flex: 1 1 250px; border: 1px solid rgba(150&comma; 150&comma; 150&comma; 0.4); border-radius: 8px; overflow: hidden; display: flex; flex-direction: column;'>\n<div style='padding: 15px; border-bottom: 1px solid rgba(150&comma; 150&comma; 150&comma; 0.2); font-weight: bold; font-size: 18px; color: inherit;'>Informaci\u00f3n de Env\u00edo<\/div>\n<div style='padding: 15px; color: inherit;'>\n<ul style='padding-left: 20px; margin: 0; font-size: 14px; list-style-type: disc;'>\n<li style='margin-bottom: 5px;'><strong>Dimensiones:<\/strong> 79 (largo) x 79 (ancho) x 64 (altura) cm<\/li>\n<li style='margin-bottom: 5px;'>\/ 31 (largo) x 31 (ancho) x 25 (altura) in<\/li>\n<li style='margin-bottom: 5px;'><strong>Empaque:<\/strong> Cart\u00f3n<\/li>\n<\/ul><\/div>\n<\/p><\/div>\n<\/p><\/div>\n<hr style='border: 0; border-top: 1px solid rgba(150&comma; 150&comma; 150&comma; 0.3); margin: 30px 0;'> <\/div>\n","protected":false},"excerpt":{"rendered":"<p>Antena direccional de alto rendimiento, (2 ft), 7.1 &#8211; 8.5 GHz, 2 conectores N-hembra, Ganancia de 31 dBi, Radomo y montaje incluido.<\/p>\n","protected":false},"featured_media":32,"comment_status":"open","ping_status":"closed","template":"","meta":[],"product_brand":[],"product_cat":[1918],"product_tag":[1404,1919,938],"class_list":{"0":"post-89637","1":"product","2":"type-product","3":"status-publish","4":"has-post-thumbnail","6":"product_cat-direccionales","7":"product_tag-antenas","8":"product_tag-direccionales","9":"product_tag-radiowaves","11":"first","12":"outofstock","13":"sale","14":"shipping-taxable","15":"purchasable","16":"product-type-simple"},"_links":{"self":[{"href":"https:\/\/soydeaqui.ddns.net\/pachuca\/index.php\/wp-json\/wp\/v2\/product\/89637","targetHints":{"allow":["GET"]}}],"collection":[{"href":"https:\/\/soydeaqui.ddns.net\/pachuca\/index.php\/wp-json\/wp\/v2\/product"}],"about":[{"href":"https:\/\/soydeaqui.ddns.net\/pachuca\/index.php\/wp-json\/wp\/v2\/types\/product"}],"replies":[{"embeddable":true,"href":"https:\/\/soydeaqui.ddns.net\/pachuca\/index.php\/wp-json\/wp\/v2\/comments?post=89637"}],"wp:featuredmedia":[{"embeddable":true,"href":"https:\/\/soydeaqui.ddns.net\/pachuca\/index.php\/wp-json\/wp\/v2\/media\/32"}],"wp:attachment":[{"href":"https:\/\/soydeaqui.ddns.net\/pachuca\/index.php\/wp-json\/wp\/v2\/media?parent=89637"}],"wp:term":[{"taxonomy":"product_brand","embeddable":true,"href":"https:\/\/soydeaqui.ddns.net\/pachuca\/index.php\/wp-json\/wp\/v2\/product_brand?post=89637"},{"taxonomy":"product_cat","embeddable":true,"href":"https:\/\/soydeaqui.ddns.net\/pachuca\/index.php\/wp-json\/wp\/v2\/product_cat?post=89637"},{"taxonomy":"product_tag","embeddable":true,"href":"https:\/\/soydeaqui.ddns.net\/pachuca\/index.php\/wp-json\/wp\/v2\/product_tag?post=89637"}],"curies":[{"name":"wp","href":"https:\/\/api.w.org\/{rel}","templated":true}]}}