{"id":89632,"date":"2026-03-20T03:05:34","date_gmt":"2026-03-20T03:05:34","guid":{"rendered":"https:\/\/soydeaqui.ddns.net\/pachuca\/index.php\/producto\/sandisk-extreme-pro-microsd-card-64gb-incluye-adaptador\/"},"modified":"2026-03-20T03:05:46","modified_gmt":"2026-03-20T03:05:46","slug":"sandisk-extreme-pro-microsd-card-64gb-incluye-adaptador","status":"publish","type":"product","link":"https:\/\/soydeaqui.ddns.net\/pachuca\/index.php\/producto\/sandisk-extreme-pro-microsd-card-64gb-incluye-adaptador\/","title":{"rendered":"SANDISK EXTREME PRO MICROSD CARD 64GB, INCLUYE ADAPTADOR"},"content":{"rendered":"<div style='width: 100%; max-width: 1200px; margin: 0 auto; font-family: sans-serif; line-height: 1.6; color: inherit; background-color: transparent;'>\n<div style='display: flex; flex-wrap: wrap; gap: 30px; margin-bottom: 30px;'>\n<div style='flex: 1 1 300px; min-width: 280px;'>\n<h3 style='font-size: 22px; border-bottom: 2px solid currentColor; padding-bottom: 5px; margin-top: 0; color: inherit; opacity: 0.8;'>Caracter\u00edsticas<\/h3>\n<ul style='padding-left: 20px; font-size: 15px; color: inherit;'>\n<li style='margin-bottom: 5px;'><strong>Lo suficientemente r\u00e1pida para seguir el ritmo de la acci\u00f3n<\/strong><\/li>\n<li style='margin-bottom: 5px;'><strong>Ahorra tiempo transfiriendo contenido<\/strong><\/li>\n<li style='margin-bottom: 5px;'><strong>Velocidades de escritura de hasta 90 MB\/S<\/strong><\/li>\n<li style='margin-bottom: 5px;'><strong>Perfecta para capturar video 4K UHD<\/strong><\/li>\n<li style='margin-bottom: 5px;'><strong>Carga aplicaciones m\u00e1s r\u00e1pido con clasificaci\u00f3n A2<\/strong><\/li>\n<li style='margin-bottom: 5px;'><strong>Dise\u00f1o duradero para uso en ambientes extremos<\/strong><\/li>\n<li style='margin-bottom: 5px;'><strong>Compatible con el lector MobileMate\u00ae USB 3.0<\/strong><\/li>\n<\/ul><\/div>\n<div style='flex: 1 1 300px; min-width: 280px;'>\n<h3 style='font-size: 22px; border-bottom: 2px solid currentColor; padding-bottom: 5px; margin-top: 0; color: inherit; opacity: 0.8;'>Especificaciones<\/h3>\n<ul style='padding-left: 20px; font-size: 15px; color: inherit;'>\n<li style='margin-bottom: 5px;'><strong>Velocidad de lectura:<\/strong> Hasta 170 MB\/s<\/li>\n<li style='margin-bottom: 5px;'><strong>Velocidad de escritura:<\/strong> Hasta 90 MB\/s<\/li>\n<li style='margin-bottom: 5px;'><strong>Clase de velocidad:<\/strong> UHS-I<\/li>\n<li style='margin-bottom: 5px;'><strong>Clasificaci\u00f3n UHS:<\/strong> Clase 3 (U3)<\/li>\n<li style='margin-bottom: 5px;'><strong>Velocidad de video:<\/strong> Clase 30 (V30)<\/li>\n<li style='margin-bottom: 5px;'><strong>Clase de aplicaci\u00f3n:<\/strong> A2<\/li>\n<li style='margin-bottom: 5px;'><strong>Resistencia:<\/strong> A prueba de agua&comma; golpes y rayos X<\/li>\n<li style='margin-bottom: 5px;'><strong>Capacidad:<\/strong> 64GB<\/li>\n<li style='margin-bottom: 5px;'><strong>Compatibilidad:<\/strong> Tel\u00e9fonos Android&comma; c\u00e1maras de acci\u00f3n&comma; drones<\/li>\n<li style='margin-bottom: 5px;'><strong>Incluye:<\/strong> Adaptador SD<\/li>\n<\/ul><\/div>\n<\/p><\/div>\n<div style='display: flex; flex-wrap: wrap; gap: 30px; margin-bottom: 30px;'>\n<div style='flex: 1 1 300px; min-width: 280px;'>\n<h3 style='font-size: 22px; border-bottom: 2px solid currentColor; padding-bottom: 5px; margin-top: 0; color: inherit; opacity: 0.8;'>Detalles t\u00e9cnicos<\/h3>\n<p style='font-size: 15px; color: inherit; margin-top: 0;'>Disfruta de velocidades extremas para una transferencia r\u00e1pida&comma; rendimiento de las aplicaciones y contenido 4K UHD. Esta tarjeta microSD\u2122 de alto rendimiento es perfecta para los tel\u00e9fonos inteligentes Android\u2122 y c\u00e1maras de acci\u00f3n o drones&comma; con capacidad de grabaci\u00f3n de video 4K UHD&comma; video full HD y fotos de alta resoluci\u00f3n. Las velocidades de lectura r\u00e1pidas de hasta 170 MB\/s8 te permiten transferir 1000 fotos de alta resoluci\u00f3n y 30 minutos de video 4K (24 GB) en menos de 3 minutos.<\/p>\n<\/p><\/div>\n<div style='flex: 1 1 300px; min-width: 280px;'>\n<h3 style='font-size: 22px; border-bottom: 2px solid currentColor; padding-bottom: 5px; margin-top: 0; color: inherit; opacity: 0.8;'>Aplicaciones<\/h3>\n<p style='font-size: 15px; color: inherit; margin-top: 0;'>Resulta perfecta para grabar aventuras al aire libre&comma; viajes de fin de semana o eventos deportivos sin omitir ni un solo fotograma. Captura fotos de acci\u00f3n r\u00e1pida o filma videos 4K UHD con velocidades de escritura de hasta 90 MB\/s. La tarjeta SanDisk Extreme\u00ae PRO microSDXC\u2122 UHS-I te permite tomar m\u00e1s fotos y m\u00e1s r\u00e1pido.<\/p>\n<\/p><\/div>\n<div style='flex: 1 1 300px; min-width: 280px;'>\n<h3 style='font-size: 22px; border-bottom: 2px solid currentColor; padding-bottom: 5px; margin-top: 0; color: inherit; opacity: 0.8;'>Durabilidad<\/h3>\n<p style='font-size: 15px; color: inherit; margin-top: 0;'>Las tarjetas SanDisk Extreme\u00ae PRO microSDHC\u2122 y microSDXC\u2122 UHS-I est\u00e1n dise\u00f1adas a prueba de golpes y rayos X3 y son resistentes al agua&comma; para que puedas disfrutar de tus aventuras sin preocuparte por la durabilidad de tu tarjeta de memoria.<\/p>\n<\/p><\/div>\n<\/p><\/div>\n<div style='display: flex; flex-wrap: wrap; gap: 20px; margin-bottom: 30px;'>\n<div style='flex: 1 1 250px; border: 1px solid rgba(150&comma; 150&comma; 150&comma; 0.4); border-radius: 8px; overflow: hidden; display: flex; flex-direction: column;'>\n<div style='padding: 15px; border-bottom: 1px solid rgba(150&comma; 150&comma; 150&comma; 0.2); font-weight: bold; font-size: 18px; color: inherit;'>Rendimiento<\/div>\n<div style='padding: 15px; color: inherit;'>\n<ul style='padding-left: 20px; margin: 0; font-size: 14px; list-style-type: disc;'>\n<li style='margin-bottom: 5px;'><strong>Velocidad de lectura:<\/strong> Hasta 170 MB\/s<\/li>\n<li style='margin-bottom: 5px;'><strong>Velocidad de escritura:<\/strong> Hasta 90 MB\/s<\/li>\n<li style='margin-bottom: 5px;'><strong>Clase de velocidad:<\/strong> UHS-I<\/li>\n<li style='margin-bottom: 5px;'><strong>Clasificaci\u00f3n UHS:<\/strong> Clase 3 (U3)<\/li>\n<li style='margin-bottom: 5px;'><strong>Velocidad de video:<\/strong> Clase 30 (V30)<\/li>\n<li style='margin-bottom: 5px;'><strong>Clase de aplicaci\u00f3n:<\/strong> A2<\/li>\n<\/ul><\/div>\n<\/p><\/div>\n<div style='flex: 1 1 250px; border: 1px solid rgba(150&comma; 150&comma; 150&comma; 0.4); border-radius: 8px; overflow: hidden; display: flex; flex-direction: column;'>\n<div style='padding: 15px; border-bottom: 1px solid rgba(150&comma; 150&comma; 150&comma; 0.2); font-weight: bold; font-size: 18px; color: inherit;'>Caracter\u00edsticas<\/div>\n<div style='padding: 15px; color: inherit;'>\n<ul style='padding-left: 20px; margin: 0; font-size: 14px; list-style-type: disc;'>\n<li style='margin-bottom: 5px;'><strong>Capacidad:<\/strong> 64GB<\/li>\n<li style='margin-bottom: 5px;'><strong>Compatibilidad:<\/strong> Tel\u00e9fonos Android&comma; c\u00e1maras de acci\u00f3n&comma; drones<\/li>\n<li style='margin-bottom: 5px;'><strong>Resistencia:<\/strong> A prueba de agua&comma; golpes y rayos X<\/li>\n<li style='margin-bottom: 5px;'><strong>Incluye:<\/strong> Adaptador SD<\/li>\n<\/ul><\/div>\n<\/p><\/div>\n<div style='flex: 1 1 250px; border: 1px solid rgba(150&comma; 150&comma; 150&comma; 0.4); border-radius: 8px; overflow: hidden; display: flex; flex-direction: column;'>\n<div style='padding: 15px; border-bottom: 1px solid rgba(150&comma; 150&comma; 150&comma; 0.2); font-weight: bold; font-size: 18px; color: inherit;'>Beneficios<\/div>\n<div style='padding: 15px; color: inherit;'>\n<ul style='padding-left: 20px; margin: 0; font-size: 14px; list-style-type: disc;'>\n<li style='margin-bottom: 5px;'>Transferencia de 1000 fotos de alta resoluci\u00f3n y 30 minutos de video 4K (24 GB) en menos de 3 minutos<\/li>\n<li style='margin-bottom: 5px;'>Permite tomar m\u00e1s fotos y m\u00e1s r\u00e1pido<\/li>\n<li style='margin-bottom: 5px;'>Dise\u00f1o compacto y resistente para uso en ambientes extremos<\/li>\n<li style='margin-bottom: 5px;'>Compatibilidad con lector MobileMate\u00ae USB 3.0<\/li>\n<\/ul><\/div>\n<\/p><\/div>\n<\/p><\/div>\n<hr style='border: 0; border-top: 1px solid rgba(150&comma; 150&comma; 150&comma; 0.3); margin: 30px 0;'>\n<div style='display: flex; flex-wrap: wrap; gap: 30px; margin-bottom: 30px;'>\n<div style='flex: 1 1 300px; min-width: 280px;'>\n<h3 style='font-size: 22px; border-bottom: 2px solid currentColor; padding-bottom: 5px; margin-top: 0; color: inherit; opacity: 0.8;'>Compatibilidad<\/h3>\n<p style='font-size: 15px; color: inherit; margin-top: 0;'>La tarjeta SanDisk Extreme\u00ae PRO microSDXC\u2122 UHS-I es compatible con tel\u00e9fonos inteligentes Android\u2122&comma; c\u00e1maras de acci\u00f3n&comma; drones y el lector MobileMate\u00ae USB 3.0 microSD\u2122 con velocidades de transferencia de hasta 170 MB\/s.<\/p>\n<\/p><\/div>\n<div style='flex: 1 1 300px; min-width: 280px;'>\n<h3 style='font-size: 22px; border-bottom: 2px solid currentColor; padding-bottom: 5px; margin-top: 0; color: inherit; opacity: 0.8;'>Resistencia<\/h3>\n<p style='font-size: 15px; color: inherit; margin-top: 0;'>Dise\u00f1ada para soportar condiciones extremas con protecci\u00f3n contra agua&comma; golpes y rayos X&comma; asegurando la seguridad de tus datos en cualquier situaci\u00f3n.<\/p>\n<\/p><\/div>\n<\/p><\/div>\n<\/p><\/div>\n","protected":false},"excerpt":{"rendered":"<p>SANDISK EXTREME PRO MICROSD CARD 64GB, INCLUYE ADAPTADOR<\/p>\n","protected":false},"featured_media":89631,"comment_status":"open","ping_status":"closed","template":"","meta":[],"product_brand":[],"product_cat":[2109],"product_tag":[1974,2110,2180],"class_list":{"0":"post-89632","1":"product","2":"type-product","3":"status-publish","4":"has-post-thumbnail","6":"product_cat-memorias-sd-microsd","7":"product_tag-almacenamiento","8":"product_tag-memorias-sd-microsd","9":"product_tag-sandisk","11":"first","12":"instock","13":"sale","14":"shipping-taxable","15":"purchasable","16":"product-type-simple"},"_links":{"self":[{"href":"https:\/\/soydeaqui.ddns.net\/pachuca\/index.php\/wp-json\/wp\/v2\/product\/89632","targetHints":{"allow":["GET"]}}],"collection":[{"href":"https:\/\/soydeaqui.ddns.net\/pachuca\/index.php\/wp-json\/wp\/v2\/product"}],"about":[{"href":"https:\/\/soydeaqui.ddns.net\/pachuca\/index.php\/wp-json\/wp\/v2\/types\/product"}],"replies":[{"embeddable":true,"href":"https:\/\/soydeaqui.ddns.net\/pachuca\/index.php\/wp-json\/wp\/v2\/comments?post=89632"}],"wp:featuredmedia":[{"embeddable":true,"href":"https:\/\/soydeaqui.ddns.net\/pachuca\/index.php\/wp-json\/wp\/v2\/media\/89631"}],"wp:attachment":[{"href":"https:\/\/soydeaqui.ddns.net\/pachuca\/index.php\/wp-json\/wp\/v2\/media?parent=89632"}],"wp:term":[{"taxonomy":"product_brand","embeddable":true,"href":"https:\/\/soydeaqui.ddns.net\/pachuca\/index.php\/wp-json\/wp\/v2\/product_brand?post=89632"},{"taxonomy":"product_cat","embeddable":true,"href":"https:\/\/soydeaqui.ddns.net\/pachuca\/index.php\/wp-json\/wp\/v2\/product_cat?post=89632"},{"taxonomy":"product_tag","embeddable":true,"href":"https:\/\/soydeaqui.ddns.net\/pachuca\/index.php\/wp-json\/wp\/v2\/product_tag?post=89632"}],"curies":[{"name":"wp","href":"https:\/\/api.w.org\/{rel}","templated":true}]}}