{"id":89628,"date":"2026-03-20T03:05:25","date_gmt":"2026-03-20T03:05:25","guid":{"rendered":"https:\/\/soydeaqui.ddns.net\/pachuca\/index.php\/producto\/sandisk-extreme-pro-microsd-card-512gb-incluye-adaptador\/"},"modified":"2026-03-20T03:05:26","modified_gmt":"2026-03-20T03:05:26","slug":"sandisk-extreme-pro-microsd-card-512gb-incluye-adaptador","status":"publish","type":"product","link":"https:\/\/soydeaqui.ddns.net\/pachuca\/index.php\/producto\/sandisk-extreme-pro-microsd-card-512gb-incluye-adaptador\/","title":{"rendered":"SANDISK EXTREME PRO MICROSD CARD 512GB, INCLUYE ADAPTADOR"},"content":{"rendered":"<div style='width: 100%; max-width: 1200px; margin: 0 auto; font-family: sans-serif; line-height: 1.6; color: inherit; background-color: transparent;'> <!-- Secci\u00f3n de contenido con flex\/grid --> <\/p>\n<div style='display: flex; flex-wrap: wrap; gap: 30px; margin-bottom: 30px;'>\n<div style='flex: 1 1 300px; min-width: 280px;'>\n<h3 style='font-size: 22px; border-bottom: 2px solid currentColor; padding-bottom: 5px; margin-top: 0; color: inherit; opacity: 0.8;'>Lo suficientemente r\u00e1pida para seguir el ritmo de la acci\u00f3n<\/h3>\n<ul style='padding-left: 20px; font-size: 15px; color: inherit;'>\n<li style='margin-bottom: 5px;'>Disfruta de velocidades extremas para una transferencia r\u00e1pida&comma; rendimiento de las aplicaciones y contenido 4K UHD. Esta tarjeta microSD\u2122 de alto rendimiento es perfecta para los tel\u00e9fonos inteligentes Android\u2122 y c\u00e1maras de acci\u00f3n o drones&comma; con capacidad de grabaci\u00f3n de video 4K UHD&comma; video full HD y fotos de alta resoluci\u00f3n. La tarjeta de memoria superr\u00e1pida SanDisk Extreme\u00ae PRO microSDXC\u2122 tiene una velocidad de lectura de hasta 170 MB\/s y de escritura de hasta 90 MB\/s. Adem\u00e1s&comma; es de clase A2&comma; lo que aporta un rendimiento de las aplicaciones excelente para disfrutar de una experiencia excepcional con los tel\u00e9fonos inteligentes.<\/li>\n<\/ul><\/div>\n<\/p><\/div>\n<div style='display: flex; flex-wrap: wrap; gap: 30px; margin-bottom: 30px;'>\n<div style='flex: 1 1 300px; min-width: 280px;'>\n<h3 style='font-size: 22px; border-bottom: 2px solid currentColor; padding-bottom: 5px; margin-top: 0; color: inherit; opacity: 0.8;'>Ahorra tiempo transfiriendo contenido<\/h3>\n<ul style='padding-left: 20px; font-size: 15px; color: inherit;'>\n<li style='margin-bottom: 5px;'>Las velocidades de lectura r\u00e1pidas de hasta 170 MB\/s8 te permiten transferir 1000 fotos de alta resoluci\u00f3n y 30 minutos de video 4K (24 GB) en menos de 3 minutos.<\/li>\n<\/ul><\/div>\n<\/p><\/div>\n<div style='display: flex; flex-wrap: wrap; gap: 30px; margin-bottom: 30px;'>\n<div style='flex: 1 1 300px; min-width: 280px;'>\n<h3 style='font-size: 22px; border-bottom: 2px solid currentColor; padding-bottom: 5px; margin-top: 0; color: inherit; opacity: 0.8;'>Velocidades de escritura de hasta 90 MB\/S<\/h3>\n<ul style='padding-left: 20px; font-size: 15px; color: inherit;'>\n<li style='margin-bottom: 5px;'>Captura fotos de acci\u00f3n r\u00e1pida o filma videos 4K UHD con velocidades de escritura de hasta 90 MB\/s. La tarjeta SanDisk Extreme\u00ae PRO microSDXC\u2122 UHS-I te permite tomar m\u00e1s fotos y m\u00e1s r\u00e1pido.<\/li>\n<\/ul><\/div>\n<\/p><\/div>\n<div style='display: flex; flex-wrap: wrap; gap: 30px; margin-bottom: 30px;'>\n<div style='flex: 1 1 300px; min-width: 280px;'>\n<h3 style='font-size: 22px; border-bottom: 2px solid currentColor; padding-bottom: 5px; margin-top: 0; color: inherit; opacity: 0.8;'>Perfecta para capturar video 4K UHD<\/h3>\n<ul style='padding-left: 20px; font-size: 15px; color: inherit;'>\n<li style='margin-bottom: 5px;'>Resulta perfecta para grabar aventuras al aire libre&comma; viajes de fin de semana o eventos deportivos sin omitir ni un solo fotograma. Con clasificaciones de velocidad UHS clase 3 (U3) y velocidad de video clase 30 (V30)&comma; las tarjetas SanDisk Extreme\u00ae PRO microSD\u2122 UHS-I de 400 GB1 te permiten capturar videos ininterrumpidos en calidad 4K UHD y full HD.<\/li>\n<\/ul><\/div>\n<\/p><\/div>\n<div style='display: flex; flex-wrap: wrap; gap: 30px; margin-bottom: 30px;'>\n<div style='flex: 1 1 300px; min-width: 280px;'>\n<h3 style='font-size: 22px; border-bottom: 2px solid currentColor; padding-bottom: 5px; margin-top: 0; color: inherit; opacity: 0.8;'>Carga aplicaciones m\u00e1s r\u00e1pido con clasificaci\u00f3n A2<\/h3>\n<ul style='padding-left: 20px; font-size: 15px; color: inherit;'>\n<li style='margin-bottom: 5px;'>Consigue un rendimiento de las aplicaciones superior para disfrutar de una excelente experiencia con los tel\u00e9fonos inteligentes gracias a la tarjeta microSD SanDisk Extreme\u00ae PRO de clase A2.<\/li>\n<\/ul><\/div>\n<\/p><\/div>\n<div style='display: flex; flex-wrap: wrap; gap: 30px; margin-bottom: 30px;'>\n<div style='flex: 1 1 300px; min-width: 280px;'>\n<h3 style='font-size: 22px; border-bottom: 2px solid currentColor; padding-bottom: 5px; margin-top: 0; color: inherit; opacity: 0.8;'>Dise\u00f1o duradero para uso en ambientes extremos<\/h3>\n<ul style='padding-left: 20px; font-size: 15px; color: inherit;'>\n<li style='margin-bottom: 5px;'>Las tarjetas SanDisk Extreme\u00ae PRO microSDHC\u2122 y microSDXC\u2122 UHS-I est\u00e1n dise\u00f1adas a prueba de golpes y rayos X3 y son resistentes al agua&comma; para que puedas disfrutar de tus aventuras sin preocuparte por la durabilidad de tu tarjeta de memoria.<\/li>\n<\/ul><\/div>\n<\/p><\/div>\n<div style='display: flex; flex-wrap: wrap; gap: 30px; margin-bottom: 30px;'>\n<div style='flex: 1 1 300px; min-width: 280px;'>\n<h3 style='font-size: 22px; border-bottom: 2px solid currentColor; padding-bottom: 5px; margin-top: 0; color: inherit; opacity: 0.8;'>Compatible con el lector MobileMate\u00ae USB 3.0<\/h3>\n<ul style='padding-left: 20px; font-size: 15px; color: inherit;'>\n<li style='margin-bottom: 5px;'>Gracias al lector de tarjetas MobileMate\u00ae USB 3.0 microSD\u2122 con velocidades de transferencia de hasta 170 MB\/s&comma; puedes mover archivos grandes r\u00e1pidamente&comma; mover muchos archivos r\u00e1pidamente o simplemente hacer transferencias frecuentes de archivos mucho m\u00e1s r\u00e1pido.<\/li>\n<\/ul><\/div>\n<\/p><\/div>\n<p> <!-- Separador --> <\/p>\n<hr style='border: 0; border-top: 1px solid rgba(150&comma; 150&comma; 150&comma; 0.3); margin: 30px 0;'> <\/div>\n","protected":false},"excerpt":{"rendered":"<p>SANDISK EXTREME PRO MICROSD CARD 512GB, INCLUYE ADAPTADOR<\/p>\n","protected":false},"featured_media":89627,"comment_status":"open","ping_status":"closed","template":"","meta":[],"product_brand":[],"product_cat":[2109],"product_tag":[1974,2110,2180],"class_list":{"0":"post-89628","1":"product","2":"type-product","3":"status-publish","4":"has-post-thumbnail","6":"product_cat-memorias-sd-microsd","7":"product_tag-almacenamiento","8":"product_tag-memorias-sd-microsd","9":"product_tag-sandisk","11":"first","12":"instock","13":"sale","14":"shipping-taxable","15":"purchasable","16":"product-type-simple"},"_links":{"self":[{"href":"https:\/\/soydeaqui.ddns.net\/pachuca\/index.php\/wp-json\/wp\/v2\/product\/89628","targetHints":{"allow":["GET"]}}],"collection":[{"href":"https:\/\/soydeaqui.ddns.net\/pachuca\/index.php\/wp-json\/wp\/v2\/product"}],"about":[{"href":"https:\/\/soydeaqui.ddns.net\/pachuca\/index.php\/wp-json\/wp\/v2\/types\/product"}],"replies":[{"embeddable":true,"href":"https:\/\/soydeaqui.ddns.net\/pachuca\/index.php\/wp-json\/wp\/v2\/comments?post=89628"}],"wp:featuredmedia":[{"embeddable":true,"href":"https:\/\/soydeaqui.ddns.net\/pachuca\/index.php\/wp-json\/wp\/v2\/media\/89627"}],"wp:attachment":[{"href":"https:\/\/soydeaqui.ddns.net\/pachuca\/index.php\/wp-json\/wp\/v2\/media?parent=89628"}],"wp:term":[{"taxonomy":"product_brand","embeddable":true,"href":"https:\/\/soydeaqui.ddns.net\/pachuca\/index.php\/wp-json\/wp\/v2\/product_brand?post=89628"},{"taxonomy":"product_cat","embeddable":true,"href":"https:\/\/soydeaqui.ddns.net\/pachuca\/index.php\/wp-json\/wp\/v2\/product_cat?post=89628"},{"taxonomy":"product_tag","embeddable":true,"href":"https:\/\/soydeaqui.ddns.net\/pachuca\/index.php\/wp-json\/wp\/v2\/product_tag?post=89628"}],"curies":[{"name":"wp","href":"https:\/\/api.w.org\/{rel}","templated":true}]}}