{"id":89588,"date":"2026-03-20T03:03:37","date_gmt":"2026-03-20T03:03:37","guid":{"rendered":"https:\/\/soydeaqui.ddns.net\/pachuca\/index.php\/producto\/adaptador-poe-ubiquiti-48-vdc-0-65a-puerto-gigabit-ideal-para-equipos-unifi\/"},"modified":"2026-03-20T03:03:57","modified_gmt":"2026-03-20T03:03:57","slug":"adaptador-poe-ubiquiti-48-vdc-0-65a-puerto-gigabit-ideal-para-equipos-unifi","status":"publish","type":"product","link":"https:\/\/soydeaqui.ddns.net\/pachuca\/index.php\/producto\/adaptador-poe-ubiquiti-48-vdc-0-65a-puerto-gigabit-ideal-para-equipos-unifi\/","title":{"rendered":"Adaptador PoE Ubiquiti (48 VDC, 0.65A) puerto Gigabit, ideal para equipos UniFi"},"content":{"rendered":"<div style='width: 100%; max-width: 1200px; margin: 0 auto; font-family: sans-serif; line-height: 1.6; color: inherit; background-color: transparent;'>\n<div style='display: flex; flex-wrap: wrap; gap: 30px; margin-bottom: 30px;'>\n<div style='flex: 1 1 300px; min-width: 280px;'>\n<h3 style='font-size: 22px; border-bottom: 2px solid currentColor; padding-bottom: 5px; margin-top: 0; color: inherit; opacity: 0.8;'>Sustituto recomendado<\/h3>\n<p style='margin: 15px 0; font-size: 15px; color: inherit;'> <a href='https:\/\/www.syscom.mx\/producto\/U-POE+-Ubiquiti-Inc-237732.html' target='_blank' rel='noopener' style='color: inherit; text-decoration: none; border-bottom: 1px solid rgba(0&comma;122&comma;255&comma;0.6);'>U-POE+<\/a> <\/p>\n<\/p><\/div>\n<\/p><\/div>\n<div style='display: flex; flex-wrap: wrap; gap: 30px; margin-bottom: 30px;'>\n<div style='flex: 1 1 300px; min-width: 280px;'>\n<h3 style='font-size: 22px; border-bottom: 2px solid currentColor; padding-bottom: 5px; margin-top: 0; color: inherit; opacity: 0.8;'>Descripci\u00f3n general<\/h3>\n<p style='margin: 15px 0; font-size: 15px; color: inherit;'> Adaptador compacto capaz de entregar 30 W de PoE+ al U6 LR&comma; U6 Pro y otros dispositivos POE+. <\/p>\n<p style='margin: 15px 0; font-size: 15px; color: inherit;'> Ofrece hasta 30 W que se pueden usar para alimentar el punto de acceso WiFi 6 de largo alcance (U6-LR)&comma; Pro (U6-Pro) y otros dispositivos que se apeguen al est\u00e1ndar PoE+. Tambi\u00e9n proporciona una protecci\u00f3n mejorada contra sobretensiones el\u00e9ctricas. <\/p>\n<\/p><\/div>\n<\/p><\/div>\n<div style='display: flex; flex-wrap: wrap; gap: 30px; margin-bottom: 30px;'>\n<div style='flex: 1 1 300px; min-width: 280px;'>\n<h3 style='font-size: 22px; border-bottom: 2px solid currentColor; padding-bottom: 5px; margin-top: 0; color: inherit; opacity: 0.8;'>Caracter\u00edsticas<\/h3>\n<ul style='padding-left: 20px; font-size: 15px; color: inherit;'>\n<li style='margin-bottom: 5px;'>Ofrece hasta 30 W de PoE+<\/li>\n<li style='margin-bottom: 5px;'>Compatible con <a href='https:\/\/www.syscom.mx\/producto\/U6-LR-UBIQUITI-NETWORKS-195400.html' target='_blank' rel='noopener' style='color: inherit; text-decoration: none; border-bottom: 1px solid rgba(0&comma;122&comma;255&comma;0.6);'>U6 LR<\/a>&comma; <a href='https:\/\/www.syscom.mx\/producto\/ubiquiti_networks-u6-pro-205324.html' target='_blank' rel='noopener' style='color: inherit; text-decoration: none; border-bottom: 1px solid rgba(0&comma;122&comma;255&comma;0.6);'>U6 Pro<\/a> y otros dispositivos PoE+<\/li>\n<li style='margin-bottom: 5px;'>Protecci\u00f3n contra sobretensiones&comma; picos de voltaje y sobrecorriente<\/li>\n<li style='margin-bottom: 5px;'>Cable de AC con toma de tierra<\/li>\n<li style='margin-bottom: 5px;'>Indicador LED para monitoreo de estado<\/li>\n<\/ul><\/div>\n<\/p><\/div>\n<div style='display: flex; flex-wrap: wrap; gap: 20px; margin-bottom: 30px;'>\n<div style='flex: 1 1 250px; border: 1px solid rgba(150&comma; 150&comma; 150&comma; 0.4); border-radius: 8px; overflow: hidden; display: flex; flex-direction: column;'>\n<div style='padding: 15px; border-bottom: 1px solid rgba(150&comma; 150&comma; 150&comma; 0.2); font-weight: bold; font-size: 18px; color: inherit;'>Especificaciones t\u00e9cnicas<\/div>\n<div style='padding: 15px; color: inherit;'>\n<ul style='padding-left: 20px; margin: 0; font-size: 14px; list-style-type: disc;'>\n<li style='margin-bottom: 5px;'><strong>Dimensiones:<\/strong> 93 x 62 x 35 mm (3&comma;66 x 2&comma;44 x 1&comma;38&#8242;)<\/li>\n<li style='margin-bottom: 5px;'><strong>Peso:<\/strong> 156 g (5&comma;5 onzas)<\/li>\n<li style='margin-bottom: 5px;'><strong>Tensi\u00f3n de salida:<\/strong> 48 V CC a 0&comma;65 A<\/li>\n<li style='margin-bottom: 5px;'><strong>Indicador de actividad de LAN:<\/strong> No<\/li>\n<li style='margin-bottom: 5px;'><strong>Puerto LAN Gigabit:<\/strong> S\u00ed<\/li>\n<li style='margin-bottom: 5px;'><strong>Bot\u00f3n de reinicio:<\/strong> No<\/li>\n<li style='margin-bottom: 5px;'><strong>Pines:<\/strong> 4&comma;5 (+) y 7&comma;8 (-)<\/li>\n<\/ul><\/div>\n<\/p><\/div>\n<\/p><\/div>\n<\/p><\/div>\n","protected":false},"excerpt":{"rendered":"<p>Adaptador PoE Ubiquiti (48 VDC, 0.65A) puerto Gigabit, ideal para equipos UniFi<\/p>\n","protected":false},"featured_media":89587,"comment_status":"open","ping_status":"closed","template":"","meta":[],"product_brand":[],"product_cat":[1260],"product_tag":[1261,664,166],"class_list":{"0":"post-89588","1":"product","2":"type-product","3":"status-publish","4":"has-post-thumbnail","6":"product_cat-inyectores-poe","7":"product_tag-inyectores-poe","8":"product_tag-networking","9":"product_tag-ubiquiti","11":"first","12":"outofstock","13":"sale","14":"shipping-taxable","15":"purchasable","16":"product-type-simple"},"_links":{"self":[{"href":"https:\/\/soydeaqui.ddns.net\/pachuca\/index.php\/wp-json\/wp\/v2\/product\/89588","targetHints":{"allow":["GET"]}}],"collection":[{"href":"https:\/\/soydeaqui.ddns.net\/pachuca\/index.php\/wp-json\/wp\/v2\/product"}],"about":[{"href":"https:\/\/soydeaqui.ddns.net\/pachuca\/index.php\/wp-json\/wp\/v2\/types\/product"}],"replies":[{"embeddable":true,"href":"https:\/\/soydeaqui.ddns.net\/pachuca\/index.php\/wp-json\/wp\/v2\/comments?post=89588"}],"wp:featuredmedia":[{"embeddable":true,"href":"https:\/\/soydeaqui.ddns.net\/pachuca\/index.php\/wp-json\/wp\/v2\/media\/89587"}],"wp:attachment":[{"href":"https:\/\/soydeaqui.ddns.net\/pachuca\/index.php\/wp-json\/wp\/v2\/media?parent=89588"}],"wp:term":[{"taxonomy":"product_brand","embeddable":true,"href":"https:\/\/soydeaqui.ddns.net\/pachuca\/index.php\/wp-json\/wp\/v2\/product_brand?post=89588"},{"taxonomy":"product_cat","embeddable":true,"href":"https:\/\/soydeaqui.ddns.net\/pachuca\/index.php\/wp-json\/wp\/v2\/product_cat?post=89588"},{"taxonomy":"product_tag","embeddable":true,"href":"https:\/\/soydeaqui.ddns.net\/pachuca\/index.php\/wp-json\/wp\/v2\/product_tag?post=89588"}],"curies":[{"name":"wp","href":"https:\/\/api.w.org\/{rel}","templated":true}]}}