{"id":89582,"date":"2026-03-20T03:03:22","date_gmt":"2026-03-20T03:03:22","guid":{"rendered":"https:\/\/soydeaqui.ddns.net\/pachuca\/index.php\/producto\/unifi-switch-empresarial-capa-3-de-24-puertos-poe-802-3af-at-12-puertos-2-5g-y-12-puertos-1g-2-puertos-1-10g-sfp-400w-pantalla-informativa\/"},"modified":"2026-03-20T03:03:35","modified_gmt":"2026-03-20T03:03:35","slug":"unifi-switch-empresarial-capa-3-de-24-puertos-poe-802-3af-at-12-puertos-2-5g-y-12-puertos-1g-2-puertos-1-10g-sfp-400w-pantalla-informativa","status":"publish","type":"product","link":"https:\/\/soydeaqui.ddns.net\/pachuca\/index.php\/producto\/unifi-switch-empresarial-capa-3-de-24-puertos-poe-802-3af-at-12-puertos-2-5g-y-12-puertos-1g-2-puertos-1-10g-sfp-400w-pantalla-informativa\/","title":{"rendered":"UniFi Switch Empresarial Capa 3 de 24 puertos PoE 802.3af\/at (12 puertos 2.5G y 12 puertos 1G) + 2 puertos 1\/10G SFP+, 400W, pantalla informativa"},"content":{"rendered":"<div style='width: 100%; max-width: 1200px; margin: 0 auto; font-family: sans-serif; line-height: 1.6; color: inherit; background-color: transparent;'>\n<div style='display: flex; flex-wrap: wrap; gap: 30px; margin-bottom: 30px;'>\n<div style='flex: 1 1 300px; min-width: 280px;'>\n<h3 style='font-size: 22px; border-bottom: 2px solid currentColor; padding-bottom: 5px; margin-top: 0; color: inherit; opacity: 0.8;'>Caracter\u00edsticas Clave<\/h3>\n<ul style='padding-left: 20px; font-size: 15px; color: inherit;'>\n<li style='margin-bottom: 5px;'><img style='width: 16px; height: 16px; vertical-align: middle; margin-right: 8px; border: 1px solid rgba(150&comma;150&comma;150&comma;0.3); border-radius: 4px;' src='https:\/\/assets.ecomm.ui.com\/static\/key-features\/wired_plug.svg' alt=''>12 puertos 2.5 GbE y 12 puertos GbE; todos los puertos son PoE+<\/li>\n<li style='margin-bottom: 5px;'><img style='width: 16px; height: 16px; vertical-align: middle; margin-right: 8px; border: 1px solid rgba(150&comma;150&comma;150&comma;0.3); border-radius: 4px;' src='https:\/\/assets.ecomm.ui.com\/static\/key-features\/sfp.svg' alt=''>2 puertos SFP+ 10G<\/li>\n<li style='margin-bottom: 5px;'><img style='width: 16px; height: 16px; vertical-align: middle; margin-right: 8px; border: 1px solid rgba(150&comma;150&comma;150&comma;0.3); border-radius: 4px;' src='https:\/\/assets.ecomm.ui.com\/static\/key-features\/poe.svg' alt=''>400W de presupuesto PoE<\/li>\n<li style='margin-bottom: 5px;'><img style='width: 16px; height: 16px; vertical-align: middle; margin-right: 8px; border: 1px solid rgba(150&comma;150&comma;150&comma;0.3); border-radius: 4px;' src='https:\/\/assets.ecomm.ui.com\/static\/key-features\/power_support.svg' alt=''>Preparado para respaldo de energ\u00eda DC con <a style='color: #3598db;' href='https:\/\/www.syscom.mx\/producto\/USP-RPS-UBIQUITI-NETWORKS-187906.html' target='_blank' rel='noopener'>USP-RPS<\/a><\/li>\n<li style='margin-bottom: 5px;'><img style='width: 16px; height: 16px; vertical-align: middle; margin-right: 8px; border: 1px solid rgba(150&comma;150&comma;150&comma;0.3); border-radius: 4px;' src='https:\/\/assets.ecomm.ui.com\/static\/key-features\/layer3.svg' alt=''>Funciones de capa 3<\/li>\n<\/ul>\n<p style='font-size: 12px; color: inherit; margin-top: 15px;'><strong>Nota:<\/strong> Estos switches no son compatibles con los requisitos de PoE++ de los nuevos Puntos de Acceso U7 y E7. Recomendamos usar <a style='color: #3598db;' href='https:\/\/www.syscom.mx\/producto\/ECS-24-POE-Ubiquiti-Inc-237378.html' target='_blank' rel='noopener'>Campus Empresarial<\/a> conmutadores para tales implementaciones.<\/p>\n<\/p><\/div>\n<\/p><\/div>\n<div style='display: flex; flex-wrap: wrap; gap: 20px; margin-bottom: 30px;'>\n<div style='flex: 1 1 250px; border: 1px solid rgba(150&comma; 150&comma; 150&comma; 0.4); border-radius: 8px; overflow: hidden; display: flex; flex-direction: column;'>\n<div style='padding: 15px; border-bottom: 1px solid rgba(150&comma; 150&comma; 150&comma; 0.2); font-weight: bold; font-size: 18px; color: inherit;'>Especificaciones F\u00edsicas<\/div>\n<div style='padding: 15px; color: inherit;'>\n<ul style='padding-left: 20px; margin: 0; font-size: 14px; list-style-type: disc;'>\n<li style='margin-bottom: 5px;'><strong>Dimensiones:<\/strong> 442 x 325 x 44 mm (17&comma;4 x 12&comma;8 x 1&comma;7&#8242;)<\/li>\n<li style='margin-bottom: 5px;'><strong>Factor de Forma:<\/strong> Soporte de rack (1U)<\/li>\n<\/ul><\/div>\n<\/p><\/div>\n<div style='flex: 1 1 250px; border: 1px solid rgba(150&comma; 150&comma; 150&comma; 0.4); border-radius: 8px; overflow: hidden; display: flex; flex-direction: column;'>\n<div style='padding: 15px; border-bottom: 1px solid rgba(150&comma; 150&comma; 150&comma; 0.2); font-weight: bold; font-size: 18px; color: inherit;'>Especificaciones de Puerto<\/div>\n<div style='padding: 15px; color: inherit;'>\n<ul style='padding-left: 20px; margin: 0; font-size: 14px; list-style-type: disc;'>\n<li style='margin-bottom: 5px;'>12 puertos 1 GbE RJ45 (Todo PoE+) (1G\/100M\/10M)<\/li>\n<li style='margin-bottom: 5px;'>12 puertos 2.5 GbE RJ45 (Todo PoE+) (2.5G\/1G\/100M\/10M)<\/li>\n<li style='margin-bottom: 5px;'>2 puertos 10G SFP+<\/li>\n<\/ul><\/div>\n<\/p><\/div>\n<div style='flex: 1 1 250px; border: 1px solid rgba(150&comma; 150&comma; 150&comma; 0.4); border-radius: 8px; overflow: hidden; display: flex; flex-direction: column;'>\n<div style='padding: 15px; border-bottom: 1px solid rgba(150&comma; 150&comma; 150&comma; 0.2); font-weight: bold; font-size: 18px; color: inherit;'>Especificaciones PoE<\/div>\n<div style='padding: 15px; color: inherit;'>\n<ul style='padding-left: 20px; margin: 0; font-size: 14px; list-style-type: disc;'>\n<li style='margin-bottom: 5px;'><strong>Max. Salida PoE:<\/strong> Hasta PoE+<\/li>\n<li style='margin-bottom: 5px;'><strong>Disponibilidad Total de PoE:<\/strong> 400W<\/li>\n<li style='margin-bottom: 5px;'><strong>Redundancia:<\/strong> Copia de seguridad de energ\u00eda de DC<\/li>\n<\/ul><\/div>\n<\/p><\/div>\n<div style='flex: 1 1 250px; border: 1px solid rgba(150&comma; 150&comma; 150&comma; 0.4); border-radius: 8px; overflow: hidden; display: flex; flex-direction: column;'>\n<div style='padding: 15px; border-bottom: 1px solid rgba(150&comma; 150&comma; 150&comma; 0.2); font-weight: bold; font-size: 18px; color: inherit;'>Rendimiento<\/div>\n<div style='padding: 15px; color: inherit;'>\n<ul style='padding-left: 20px; margin: 0; font-size: 14px; list-style-type: disc;'>\n<li style='margin-bottom: 5px;'><strong>Capacidad de Cambio:<\/strong> 124 Gbps<\/li>\n<li style='margin-bottom: 5px;'><strong>Rendimiento Total No Bloqueante:<\/strong> 62 Gbps<\/li>\n<li style='margin-bottom: 5px;'><strong>Tasa de Reenv\u00edo:<\/strong> 92 Mpps<\/li>\n<li style='margin-bottom: 5px;'><strong>VLAN compatibles:<\/strong> 1.000<\/li>\n<li style='margin-bottom: 5px;'><strong>Tama\u00f1o de la Tabla de Direcciones MAC:<\/strong> 16.000<\/li>\n<li style='margin-bottom: 5px;'><strong>Tama\u00f1o de la tabla L3:<\/strong> Entradas ARP: 4.000&comma; Rutas IPv4: 1.000<\/li>\n<li><strong>Tama\u00f1o del Buffer del Paquete:<\/strong> 2 MB<\/li>\n<\/ul><\/div>\n<\/p><\/div>\n<div style='flex: 1 1 250px; border: 1px solid rgba(150&comma; 150&comma; 150&comma; 0.4); border-radius: 8px; overflow: hidden; display: flex; flex-direction: column;'>\n<div style='padding: 15px; border-bottom: 1px solid rgba(150&comma; 150&comma; 150&comma; 0.2); font-weight: bold; font-size: 18px; color: inherit;'>Caracter\u00edsticas Capa 3<\/div>\n<div style='padding: 15px; color: inherit;'>\n<ul style='padding-left: 20px; margin: 0; font-size: 14px; list-style-type: disc;'>\n<li style='margin-bottom: 5px;'>Servidor DHCP (Redes Locales)<\/li>\n<li style='margin-bottom: 5px;'>Rel\u00e9 DHCP<\/li>\n<li style='margin-bottom: 5px;'>Enrutamiento Inter-VLAN (Redes Locales)<\/li>\n<li>Enrutamiento Est\u00e1tico (Redes Locales)<\/li>\n<\/ul><\/div>\n<\/p><\/div>\n<\/p><\/div>\n<div style='display: flex; flex-wrap: wrap; gap: 30px; margin-bottom: 30px;'>\n<div style='flex: 1 1 300px; min-width: 280px;'>\n<h3 style='font-size: 22px; border-bottom: 2px solid currentColor; padding-bottom: 5px; margin-top: 0; color: inherit; opacity: 0.8;'>Contenido del paquete<\/h3>\n<ul style='padding-left: 20px; font-size: 15px; color: inherit; list-style-type: disc;'>\n<li style='margin-bottom: 5px;'>Switch Enterprise 24 PoE<\/li>\n<li style='margin-bottom: 5px;'>Gu\u00eda de instalaci\u00f3n r\u00e1pida<\/li>\n<li style='margin-bottom: 5px;'>Soporte de montaje en rack<\/li>\n<li style='margin-bottom: 5px;'>Kit de tornillos<\/li>\n<li style='margin-bottom: 5px;'>Fuentes de alimentaci\u00f3n<\/li>\n<li style='margin-bottom: 5px;'>Cable de alimentaci\u00f3n<\/li>\n<li style='margin-bottom: 5px;'>Cable de consola<\/li>\n<\/ul><\/div>\n<div style='flex: 1 1 300px; min-width: 280px;'> <img style='width: 100%; height: auto; border: 1px solid rgba(150&comma;150&comma;150&comma;0.3); border-radius: 8px;' src='https:\/\/images.svc.ui.com\/?u=https%3A%2F%2Fcdn.ecomm.ui.com%2Fproducts%2F9f693a84-9dcb-452f-889a-faba29ac4b73%2Feb31a495-61bc-4e97-b3c9-b58dea225595.png&#038;q=75&#038;w=750' alt=''> <\/div>\n<\/p><\/div>\n<div style='display: flex; flex-wrap: wrap; gap: 30px; margin-bottom: 30px;'>\n<div style='flex: 1 1 300px; min-width: 280px;'> <img style='width: 100%; height: auto; border: 1px solid rgba(150&comma;150&comma;150&comma;0.3); border-radius: 8px;' src='https:\/\/images.svc.ui.com\/?u=https%3A%2F%2Fcdn.ecomm.ui.com%2Fproducts%2F9f693a84-9dcb-452f-889a-faba29ac4b73%2F7f1053ac-0a2b-400b-af4d-57213c9c4ea3.png&#038;q=75&#038;w=750' alt=''> <\/div>\n<div style='flex: 1 1 300px; min-width: 280px;'> <img style='width: 100%; height: auto; border: 1px solid rgba(150&comma;150&comma;150&comma;0.3); border-radius: 8px;' src='https:\/\/images.svc.ui.com\/?u=https%3A%2F%2Fcdn.ecomm.ui.com%2Fproducts%2F9f693a84-9dcb-452f-889a-faba29ac4b73%2Fb6cc0aef-58be-4022-92d3-5c579f9ac280.png&#038;q=75&#038;w=750' alt=''> <\/div>\n<\/p><\/div>\n<div style='display: flex; flex-wrap: wrap; gap: 30px; margin-bottom: 30px;'>\n<div style='flex: 1 1 300px; min-width: 280px;'>\n<h3 style='font-size: 22px; border-bottom: 2px solid currentColor; padding-bottom: 5px; margin-top: 0; color: inherit; opacity: 0.8;'>Caracter\u00edsticas de Gesti\u00f3n<\/h3>\n<ul style='padding-left: 20px; font-size: 15px; color: inherit; list-style-type: disc;'>\n<li style='margin-bottom: 5px;'>Administre de forma centralizada m\u00faltiples redes desde una interfaz intuitiva<\/li>\n<li style='margin-bottom: 5px;'>Disfrute de informaci\u00f3n de dispositivos en tiempo real y opciones de configuraci\u00f3n profundas<\/li>\n<li style='margin-bottom: 5px;'>Actualice el firmware del dispositivo de forma remota<\/li>\n<li style='margin-bottom: 5px;'>Administre usuarios de red e invitados con facilidad<\/li>\n<li style='margin-bottom: 5px;'>Personalice el dise\u00f1o&comma; la arquitectura y la privacidad de los puntos de acceso para invitados<\/li>\n<li style='margin-bottom: 5px;'>Configure dispositivos r\u00e1pidamente y admin\u00edstrelos sobre la marcha con una potente aplicaci\u00f3n m\u00f3vil<\/li>\n<\/ul><\/div>\n<div style='flex: 1 1 300px; min-width: 280px;'> <img style='width: 100%; height: auto; border: 1px solid rgba(150&comma;150&comma;150&comma;0.3); border-radius: 8px;' src='https:\/\/cdn.shopify.com\/s\/files\/1\/1439\/1668\/files\/SW-UniFi-Network.png?v=1658934022' alt=''> <\/div>\n<\/p><\/div>\n<hr style='border: 0; border-top: 1px solid rgba(150&comma; 150&comma; 150&comma; 0.3); margin: 30px 0;'>\n<div style='display: flex; flex-wrap: wrap; gap: 30px; margin-bottom: 30px;'>\n<div style='flex: 1 1 300px; min-width: 280px;'>\n<h3 style='font-size: 22px; border-bottom: 2px solid currentColor; padding-bottom: 5px; margin-top: 0; color: inherit; opacity: 0.8;'>Funciona con la aplicaci\u00f3n UniFi Network<\/h3>\n<p style='font-size: 14px; color: inherit;'>La aplicaci\u00f3n UniFi Network proporciona una gesti\u00f3n centralizada y sencilla de todos sus dispositivos de red. Con esta aplicaci\u00f3n podr\u00e1:<\/p>\n<ul style='padding-left: 20px; font-size: 14px; color: inherit; list-style-type: disc;'>\n<li style='margin-bottom: 5px;'>Administrar m\u00faltiples redes desde una \u00fanica interfaz<\/li>\n<li style='margin-bottom: 5px;'>Monitorear el estado de sus dispositivos en tiempo real<\/li>\n<li style='margin-bottom: 5px;'>Realizar actualizaciones de firmware remotas<\/li>\n<li style='margin-bottom: 5px;'>Configurar usuarios e invitados<\/li>\n<li style='margin-bottom: 5px;'>Personalizar redes para invitados<\/li>\n<li style='margin-bottom: 5px;'>Administrar dispositivos desde cualquier lugar con la aplicaci\u00f3n m\u00f3vil<\/li>\n<\/ul><\/div>\n<\/p><\/div>\n<\/p><\/div>\n","protected":false},"excerpt":{"rendered":"<p>UniFi Switch Empresarial Capa 3 de 24 puertos PoE 802.3af\/at (12 puertos 2.5G y 12 puertos 1G) + 2 puertos 1\/10G SFP+, 400W, pantalla informativa<\/p>\n","protected":false},"featured_media":89581,"comment_status":"open","ping_status":"closed","template":"","meta":[],"product_brand":[],"product_cat":[1986],"product_tag":[664,1987,166],"class_list":{"0":"post-89582","1":"product","2":"type-product","3":"status-publish","4":"has-post-thumbnail","6":"product_cat-switches-poe","7":"product_tag-networking","8":"product_tag-switches-poe","9":"product_tag-ubiquiti","11":"first","12":"instock","13":"sale","14":"shipping-taxable","15":"purchasable","16":"product-type-simple"},"_links":{"self":[{"href":"https:\/\/soydeaqui.ddns.net\/pachuca\/index.php\/wp-json\/wp\/v2\/product\/89582","targetHints":{"allow":["GET"]}}],"collection":[{"href":"https:\/\/soydeaqui.ddns.net\/pachuca\/index.php\/wp-json\/wp\/v2\/product"}],"about":[{"href":"https:\/\/soydeaqui.ddns.net\/pachuca\/index.php\/wp-json\/wp\/v2\/types\/product"}],"replies":[{"embeddable":true,"href":"https:\/\/soydeaqui.ddns.net\/pachuca\/index.php\/wp-json\/wp\/v2\/comments?post=89582"}],"wp:featuredmedia":[{"embeddable":true,"href":"https:\/\/soydeaqui.ddns.net\/pachuca\/index.php\/wp-json\/wp\/v2\/media\/89581"}],"wp:attachment":[{"href":"https:\/\/soydeaqui.ddns.net\/pachuca\/index.php\/wp-json\/wp\/v2\/media?parent=89582"}],"wp:term":[{"taxonomy":"product_brand","embeddable":true,"href":"https:\/\/soydeaqui.ddns.net\/pachuca\/index.php\/wp-json\/wp\/v2\/product_brand?post=89582"},{"taxonomy":"product_cat","embeddable":true,"href":"https:\/\/soydeaqui.ddns.net\/pachuca\/index.php\/wp-json\/wp\/v2\/product_cat?post=89582"},{"taxonomy":"product_tag","embeddable":true,"href":"https:\/\/soydeaqui.ddns.net\/pachuca\/index.php\/wp-json\/wp\/v2\/product_tag?post=89582"}],"curies":[{"name":"wp","href":"https:\/\/api.w.org\/{rel}","templated":true}]}}