{"id":89572,"date":"2026-03-20T03:02:52","date_gmt":"2026-03-20T03:02:52","guid":{"rendered":"https:\/\/soydeaqui.ddns.net\/pachuca\/index.php\/producto\/access-point-unifi-wifi-6-pro-doble-banda-para-interior-hasta-5-3-gbps-5-ghz-mu-mimo-4x4-y-ofdma-y-2-4-ghz-mimo-2x2\/"},"modified":"2026-03-20T03:03:17","modified_gmt":"2026-03-20T03:03:17","slug":"access-point-unifi-wifi-6-pro-doble-banda-para-interior-hasta-5-3-gbps-5-ghz-mu-mimo-4x4-y-ofdma-y-2-4-ghz-mimo-2x2","status":"publish","type":"product","link":"https:\/\/soydeaqui.ddns.net\/pachuca\/index.php\/producto\/access-point-unifi-wifi-6-pro-doble-banda-para-interior-hasta-5-3-gbps-5-ghz-mu-mimo-4x4-y-ofdma-y-2-4-ghz-mimo-2x2\/","title":{"rendered":"Access Point UniFi WiFi 6 Pro doble banda, para interior, hasta 5.3 Gbps, 5 GHz (MU-MIMO 4&#215;4 y OFDMA) y 2.4 GHz (MIMO 2&#215;2)"},"content":{"rendered":"<div style='width: 100%; max-width: 1200px; margin: 0 auto; font-family: sans-serif; line-height: 1.6; color: inherit; background-color: transparent;'> <!-- Secci\u00f3n de caracter\u00edsticas --> <\/p>\n<div style='display: flex; flex-wrap: wrap; gap: 30px; margin-bottom: 30px;'>\n<div style='flex: 1 1 300px; min-width: 280px;'>\n<h3 style='font-size: 22px; border-bottom: 2px solid currentColor; padding-bottom: 5px; margin-top: 0; color: inherit; opacity: 0.8;'>Caracter\u00edsticas principales<\/h3>\n<ul style='padding-left: 20px; font-size: 15px; color: inherit;'>\n<li style='margin-bottom: 5px; display: flex; align-items: center;'> <img style='width: 20px; height: 20px; margin-right: 10px; border: none;' src='https:\/\/assets.ecomm.ui.com\/static\/key-features\/wifi6.svg' alt='WiFi 6'> <span>WiFi 6<\/span> <\/li>\n<li style='margin-bottom: 5px; display: flex; align-items: center;'> <img style='width: 20px; height: 20px; margin-right: 10px; border: none;' src='https:\/\/assets.ecomm.ui.com\/static\/key-features\/streams.svg' alt='Cadenas de transmisi\u00f3n'> <span>6 cadenas de transmisi\u00f3n<\/span> <\/li>\n<li style='margin-bottom: 5px; display: flex; align-items: center;'> <img style='width: 20px; height: 20px; margin-right: 10px; border: none;' src='https:\/\/assets.ecomm.ui.com\/static\/key-features\/floorplan.svg' alt='Cobertura'> <span>Cobertura hasta 140 m\u00b2 (1&comma;500 ft\u00b2)<\/span> <\/li>\n<li style='margin-bottom: 5px; display: flex; align-items: center;'> <img style='width: 20px; height: 20px; margin-right: 10px; border: none;' src='https:\/\/assets.ecomm.ui.com\/static\/key-features\/connection.svg' alt='Dispositivos conectados'> <span>350+ dispositivos conectados<\/span> <\/li>\n<li style='margin-bottom: 5px; display: flex; align-items: center;'> <img style='width: 20px; height: 20px; margin-right: 10px; border: none;' src='https:\/\/assets.ecomm.ui.com\/static\/key-features\/poe.svg' alt='POE'> <span>Energizado con POE 802.3af (NO incluye inyector&comma; recomendado <a style='color: #3598db;' href='https:\/\/www.syscom.mx\/producto\/U-POE-UBIQUITI-INC.-237708.html' target='_blank' rel='noopener'>U-POE<\/a>)<\/span> <\/li>\n<li style='margin-bottom: 5px; display: flex; align-items: center;'> <img style='width: 20px; height: 20px; margin-right: 10px; border: none;' src='https:\/\/assets.ecomm.ui.com\/static\/key-features\/uplink.svg' alt='Puerto'> <span>Puerto 1 GbE<\/span> <\/li>\n<\/ul><\/div>\n<\/p><\/div>\n<p> <!-- Im\u00e1genes del producto --> <\/p>\n<div style='display: flex; flex-wrap: wrap; gap: 20px; margin-bottom: 30px;'>\n<div style='flex: 1 1 300px; min-width: 280px;'> <img style='width: 100%; height: auto; border: 1px solid rgba(150&comma;150&comma;150&comma;0.3); border-radius: 8px;' src='https:\/\/images.svc.ui.com\/?u=https%3A%2F%2Fcdn.ecomm.ui.com%2Fproducts%2F8e88b222-7a55-4cf0-8677-ae9b6347fe84%2F286291ad-d4f2-4ad6-a89a-2c52a3110027.png&#038;q=75&#038;w=3840' alt=''> <\/div>\n<div style='flex: 1 1 300px; min-width: 280px;'> <img style='width: 100%; height: auto; border: 1px solid rgba(150&comma;150&comma;150&comma;0.3); border-radius: 8px;' src='https:\/\/images.svc.ui.com\/?u=https%3A%2F%2Fcdn.ecomm.ui.com%2Fproducts%2F8e88b222-7a55-4cf0-8677-ae9b6347fe84%2Fbaa9c2dc-a3e4-45bf-838c-edd16936375d.png&#038;q=75&#038;w=3840' alt=''> <\/div>\n<div style='flex: 1 1 300px; min-width: 280px;'> <img style='width: 100%; height: auto; border: 1px solid rgba(150&comma;150&comma;150&comma;0.3); border-radius: 8px;' src='https:\/\/images.svc.ui.com\/?u=https%3A%2F%2Fcdn.ecomm.ui.com%2Fproducts%2F8e88b222-7a55-4cf0-8677-ae9b6347fe84%2F49ab09b6-d6ed-484e-bd78-baf2f8917c92.png&#038;q=75&#038;w=3840' alt=''> <\/div>\n<\/p><\/div>\n<p> <!-- Video --> <\/p>\n<div style='position: relative; padding-bottom: 56.25%; height: 0; overflow: hidden; margin-bottom: 30px;'> <video style='position: absolute; top: 0; left: 0; width: 100%; height: 100%; border: none;' controls><source src='https:\/\/cdn.ecomm.ui.com\/products\/8e88b222-7a55-4cf0-8677-ae9b6347fe84\/cd166ef4-e1cd-451d-b589-d65f8300885a.mp4' type='video\/mp4'><\/video> <\/div>\n<p> <!-- Secci\u00f3n de especificaciones --> <\/p>\n<div style='display: flex; flex-wrap: wrap; gap: 20px; margin-bottom: 30px;'>\n<div style='flex: 1 1 250px; border: 1px solid rgba(150&comma; 150&comma; 150&comma; 0.4); border-radius: 8px; overflow: hidden; display: flex; flex-direction: column;'>\n<div style='padding: 15px; border-bottom: 1px solid rgba(150&comma; 150&comma; 150&comma; 0.2); font-weight: bold; font-size: 18px; color: inherit;'>Hardware<\/div>\n<div style='padding: 15px; color: inherit;'>\n<ul style='padding-left: 20px; margin: 0; font-size: 14px; list-style-type: disc;'>\n<li style='margin-bottom: 5px;'><strong>Interfaces de gesti\u00f3n:<\/strong> Ethernet \/ Bluetooth<\/li>\n<li style='margin-bottom: 5px;'><strong>Interfaz de red:<\/strong> (1) puerto RJ45 GbE<\/li>\n<li style='margin-bottom: 5px;'><strong>Bot\u00f3n:<\/strong> Restablecimiento de f\u00e1brica<\/li>\n<li style='margin-bottom: 5px;'><strong>LED:<\/strong> Blanco\/azul<\/li>\n<li style='margin-bottom: 5px;'><strong>M\u00e9todo de alimentaci\u00f3n:<\/strong> POE (802.3af)<\/li>\n<li style='margin-bottom: 5px;'><strong>Medio de alimentaci\u00f3n:<\/strong> Switch UniFi PoE (No incluido)&comma; Adaptador PoE 48V&comma; 0.5A (no incluido&comma; recomendado <a style='color: #3598db;' href='https:\/\/www.syscom.mx\/producto\/U-POE-UBIQUITI-INC.-237708.html' target='_blank' rel='noopener'>U-POE<\/a>)<\/li>\n<li style='margin-bottom: 5px;'><strong>Rango de voltaje admitido:<\/strong> 44\u201457 VCC<\/li>\n<li style='margin-bottom: 5px;'><strong>Consumo m\u00e1ximo de energ\u00eda:<\/strong> 13W<\/li>\n<li style='margin-bottom: 5px;'><strong>Potencia de transmisi\u00f3n:<\/strong><\/li>\n<li style='margin-bottom: 5px; padding-left: 20px;'>2.4 GHz: 22 dBm<\/li>\n<li style='margin-bottom: 5px; padding-left: 20px;'>5 GHz: 26 dBm<\/li>\n<li style='margin-bottom: 5px;'><strong>MIMO:<\/strong><\/li>\n<li style='margin-bottom: 5px; padding-left: 20px;'>2.4 GHz: 2 x 2 (UL MU-MIMO)<\/li>\n<li style='margin-bottom: 5px; padding-left: 20px;'>5 GHz: 4 x 4 (DL\/UL MU-MIMO)<\/li>\n<li style='margin-bottom: 5px;'><strong>Tasa de rendimiento:<\/strong><\/li>\n<li style='margin-bottom: 5px; padding-left: 20px;'>2.4 GHz: 573.5 Mbps<\/li>\n<li style='margin-bottom: 5px; padding-left: 20px;'>5 GHz: 4.8 Gbps<\/li>\n<li style='margin-bottom: 5px;'><strong>Ganancia de antena:<\/strong><\/li>\n<li style='margin-bottom: 5px; padding-left: 20px;'>2.4 GHz: 4 dBi<\/li>\n<li style='margin-bottom: 5px; padding-left: 20px;'>5 GHz: 6 dBi<\/li>\n<li style='margin-bottom: 5px;'><strong>Montaje:<\/strong> Pared\/techo (incluido)<\/li>\n<li style='margin-bottom: 5px;'><strong>Temperatura de funcionamiento:<\/strong> -30 a 60 \u00b0C (-22 a 140 \u00b0F)<\/li>\n<\/ul><\/div>\n<\/p><\/div>\n<div style='flex: 1 1 250px; border: 1px solid rgba(150&comma; 150&comma; 150&comma; 0.4); border-radius: 8px; overflow: hidden; display: flex; flex-direction: column;'>\n<div style='padding: 15px; border-bottom: 1px solid rgba(150&comma; 150&comma; 150&comma; 0.2); font-weight: bold; font-size: 18px; color: inherit;'>Software<\/div>\n<div style='padding: 15px; color: inherit;'>\n<ul style='padding-left: 20px; margin: 0; font-size: 14px; list-style-type: disc;'>\n<li style='margin-bottom: 5px;'><strong>Est\u00e1ndares Wi-Fi:<\/strong> 802.11a\/b\/g&comma; WiFi 4\/WiFi 5\/WiFi 6<\/li>\n<li style='margin-bottom: 5px;'><strong>Seguridad inal\u00e1mbrica:<\/strong> WPA-PSK&comma; WPA-Empresa (WPA\/WPA2\/WPA3)<\/li>\n<li style='margin-bottom: 5px;'><strong>BSSID:<\/strong> 8 por radio<\/li>\n<li style='margin-bottom: 5px;'><strong>VLAN:<\/strong> 802.1Q<\/li>\n<li style='margin-bottom: 5px;'><strong>Calidad de servicio avanzada:<\/strong> L\u00edmite de velocidad por usuario<\/li>\n<li style='margin-bottom: 5px;'><strong>Aislamiento del tr\u00e1fico de invitados:<\/strong> Soportado<\/li>\n<li style='margin-bottom: 5px;'><strong>Clientes concurrentes:<\/strong> 300+<\/li>\n<\/ul><\/div>\n<\/p><\/div>\n<\/p><\/div>\n<p> <!-- Contenido del paquete --> <\/p>\n<div style='display: flex; flex-wrap: wrap; gap: 30px; margin-bottom: 30px;'>\n<div style='flex: 1 1 300px; min-width: 280px;'>\n<h3 style='font-size: 22px; border-bottom: 2px solid currentColor; padding-bottom: 5px; margin-top: 0; color: inherit; opacity: 0.8;'>Contenido del paquete<\/h3>\n<p> <img style='width: 100%; height: auto; border: 1px solid rgba(150&comma;150&comma;150&comma;0.3); border-radius: 8px;' src='https:\/\/images.svc.ui.com\/?u=https%3A%2F%2Fcdn.ecomm.ui.com%2Fproducts%2F8e88b222-7a55-4cf0-8677-ae9b6347fe84%2F082baeda-9859-48d7-9b7a-f4b2be179642.png&#038;q=75&#038;w=1920' alt=''> <\/div>\n<div style='flex: 1 1 300px; min-width: 280px;'> <img style='width: 100%; height: auto; border: 1px solid rgba(150&comma;150&comma;150&comma;0.3); border-radius: 8px;' src='https:\/\/cdn.shopify.com\/s\/files\/1\/1439\/1668\/files\/SW-UniFi-Network.png?v=1658934022' alt=''> <\/p>\n<ul style='padding-left: 20px; margin: 20px 0 0 0; font-size: 14px; color: inherit;'>\n<li style='margin-bottom: 5px;'><strong>Funciona con la aplicaci\u00f3n UniFi Network<\/strong><\/li>\n<li style='margin-bottom: 5px;'>Administre de forma centralizada m\u00faltiples redes desde una interfaz intuitiva<\/li>\n<li style='margin-bottom: 5px;'>Disfrute de informaci\u00f3n de dispositivos en tiempo real y opciones de configuraci\u00f3n profundas<\/li>\n<li style='margin-bottom: 5px;'>Actualice el firmware del dispositivo de forma remota<\/li>\n<li style='margin-bottom: 5px;'>Administre usuarios de red e invitados con facilidad<\/li>\n<li style='margin-bottom: 5px;'>Personalice el dise\u00f1o&comma; la arquitectura y la privacidad de los puntos de acceso para invitados<\/li>\n<li style='margin-bottom: 5px;'>Configure dispositivos r\u00e1pidamente y admin\u00edstrelos sobre la marcha con una potente aplicaci\u00f3n m\u00f3vil<\/li>\n<\/ul><\/div>\n<\/p><\/div>\n<p> <!-- Separador --> <\/p>\n<hr style='border: 0; border-top: 1px solid rgba(150&comma; 150&comma; 150&comma; 0.3); margin: 30px 0;'> <\/div>\n","protected":false},"excerpt":{"rendered":"<p>Access Point UniFi WiFi 6 Pro doble banda, para interior, hasta 5.3 Gbps, 5 GHz (MU-MIMO 4&#215;4 y OFDMA) y 2.4 GHz (MIMO 2&#215;2)<\/p>\n","protected":false},"featured_media":89571,"comment_status":"open","ping_status":"closed","template":"","meta":[],"product_brand":[],"product_cat":[1794],"product_tag":[1795,1479,166],"class_list":{"0":"post-89572","1":"product","2":"type-product","3":"status-publish","4":"has-post-thumbnail","6":"product_cat-puntos-de-acceso","7":"product_tag-puntos-de-acceso","8":"product_tag-redes-wifi","9":"product_tag-ubiquiti","11":"first","12":"instock","13":"sale","14":"shipping-taxable","15":"purchasable","16":"product-type-simple"},"_links":{"self":[{"href":"https:\/\/soydeaqui.ddns.net\/pachuca\/index.php\/wp-json\/wp\/v2\/product\/89572","targetHints":{"allow":["GET"]}}],"collection":[{"href":"https:\/\/soydeaqui.ddns.net\/pachuca\/index.php\/wp-json\/wp\/v2\/product"}],"about":[{"href":"https:\/\/soydeaqui.ddns.net\/pachuca\/index.php\/wp-json\/wp\/v2\/types\/product"}],"replies":[{"embeddable":true,"href":"https:\/\/soydeaqui.ddns.net\/pachuca\/index.php\/wp-json\/wp\/v2\/comments?post=89572"}],"wp:featuredmedia":[{"embeddable":true,"href":"https:\/\/soydeaqui.ddns.net\/pachuca\/index.php\/wp-json\/wp\/v2\/media\/89571"}],"wp:attachment":[{"href":"https:\/\/soydeaqui.ddns.net\/pachuca\/index.php\/wp-json\/wp\/v2\/media?parent=89572"}],"wp:term":[{"taxonomy":"product_brand","embeddable":true,"href":"https:\/\/soydeaqui.ddns.net\/pachuca\/index.php\/wp-json\/wp\/v2\/product_brand?post=89572"},{"taxonomy":"product_cat","embeddable":true,"href":"https:\/\/soydeaqui.ddns.net\/pachuca\/index.php\/wp-json\/wp\/v2\/product_cat?post=89572"},{"taxonomy":"product_tag","embeddable":true,"href":"https:\/\/soydeaqui.ddns.net\/pachuca\/index.php\/wp-json\/wp\/v2\/product_tag?post=89572"}],"curies":[{"name":"wp","href":"https:\/\/api.w.org\/{rel}","templated":true}]}}