{"id":89558,"date":"2026-03-20T03:02:09","date_gmt":"2026-03-20T03:02:09","guid":{"rendered":"https:\/\/soydeaqui.ddns.net\/pachuca\/index.php\/producto\/detector-de-fibra-activa-y-potencia-optica-fiberlert-para-fibras-monomodo-y-multimodo-en-lambdas-de-850-a-1625-nm-deteccion-sin-contacto-compatibles-con-conectores-upc-y-apc\/"},"modified":"2026-03-20T03:02:20","modified_gmt":"2026-03-20T03:02:20","slug":"detector-de-fibra-activa-y-potencia-optica-fiberlert-para-fibras-monomodo-y-multimodo-en-lambdas-de-850-a-1625-nm-deteccion-sin-contacto-compatibles-con-conectores-upc-y-apc","status":"publish","type":"product","link":"https:\/\/soydeaqui.ddns.net\/pachuca\/index.php\/producto\/detector-de-fibra-activa-y-potencia-optica-fiberlert-para-fibras-monomodo-y-multimodo-en-lambdas-de-850-a-1625-nm-deteccion-sin-contacto-compatibles-con-conectores-upc-y-apc\/","title":{"rendered":"Detector de Fibra Activa y Potencia \u00d3ptica FiberLert\u2122, Para Fibras Monomodo y Multimodo en Lambdas de 850 a 1625 nm, Detecci\u00f3n sin Contacto, Compatibles con Conectores UPC y APC"},"content":{"rendered":"<div style='width: 100%; max-width: 1200px; margin: 0 auto; font-family: sans-serif; line-height: 1.6; color: inherit; background-color: transparent;'>\n<div style='display: flex; flex-wrap: wrap; gap: 30px; margin-bottom: 30px;'>\n<div style='flex: 1 1 300px; min-width: 280px;'>\n<h3 style='font-size: 22px; border-bottom: 2px solid currentColor; padding-bottom: 5px; margin-top: 0; color: inherit; opacity: 0.8;'>Descripci\u00f3n<\/h3>\n<p style='font-size: 15px; color: inherit; margin-top: 0; margin-bottom: 15px;'>Verifique r\u00e1pidamente la actividad en la fibra&comma; la polaridad y la conectividad con el detector de fibra activa FiberLert\u2122. Basta con colocarlo delante de la terminaci\u00f3n o el puerto de fibra e indicar\u00e1 si hay una fibra activa (de 850 nm a 1625 nm) mediante una luz y un tono&comma; sin necesidad de configuraci\u00f3n ni an\u00e1lisis. Esta herramienta de bolsillo comprueba puertos y Jumpers UPC y APC tanto monomodo como multimodo con un detector sin contacto no contaminante. La funci\u00f3n LightBeat\u2122 hace parpadear el LED para indicar que est\u00e1 encendido y con las pilas en buen estado. Un temporizador apaga el FiberLert\u2122 tras cinco minutos de inactividad para prolongar la vida \u00fatil de las bater\u00edas (2 x AAA&comma; incluidas). El dise\u00f1o robusto incluye un pr\u00e1ctico clip de bolsillo y cuenta con el respaldo de dos a\u00f1os de garant\u00eda.<\/p>\n<\/p><\/div>\n<\/p><\/div>\n<div style='display: flex; flex-wrap: wrap; gap: 20px; margin-bottom: 30px;'>\n<div style='flex: 1 1 250px; border: 1px solid rgba(150&comma; 150&comma; 150&comma; 0.4); border-radius: 8px; overflow: hidden; display: flex; flex-direction: column;'>\n<div style='padding: 15px; border-bottom: 1px solid rgba(150&comma; 150&comma; 150&comma; 0.2); font-weight: bold; font-size: 18px; color: inherit;'>Especificaciones T\u00e9cnicas<\/div>\n<div style='padding: 15px; color: inherit;'>\n<ul style='padding-left: 20px; margin: 0; font-size: 14px; list-style-type: disc;'>\n<li style='margin-bottom: 5px;'><strong>Interfaz \u00f3ptica:<\/strong> F\u00e9rula cer\u00e1mica sin contacto. Encaja directamente en recept\u00e1culos LC de 1&comma;25 mm. Lleva atado un adaptador de f\u00e9rula para comprobar latiguillos con f\u00e9rula de 1&comma;25 mm. Admite conectores y puertos monomodo&comma; multimodo&comma; UPC y APC.<\/li>\n<li style='margin-bottom: 5px;'><strong>Detecci\u00f3n de longitud de onda:<\/strong> De 850 nm a 1625 nm<\/li>\n<li style='margin-bottom: 5px;'><strong>Rango de detecci\u00f3n de potencia \u00f3ptica:<\/strong> De +3 dBm a -30 dBm<\/li>\n<li style='margin-bottom: 5px;'><strong>Detecci\u00f3n de luz:<\/strong> Indicador LED rojo continuo visible cuando se detecta potencia \u00f3ptica<\/li>\n<li style='margin-bottom: 5px;'><strong>Indicador Lightbeat\u2122:<\/strong> Parpadea dos veces cada dos segundos cuando la unidad est\u00e1 encendida y la carga de las pilas es suficiente.<\/li>\n<li style='margin-bottom: 5px;'><strong>Bater\u00edas:<\/strong> 2 bater\u00edas alcalinas AAA incluidas<\/li>\n<li style='margin-bottom: 5px;'><strong>Duraci\u00f3n de la bater\u00eda:<\/strong> Normalmente&comma; m\u00e1s de 1 a\u00f1o (5 horas de uso a la semana)<\/li>\n<li style='margin-bottom: 5px;'><strong>Dimensiones:<\/strong> 2.87 in x 1.42 in x 10.27 in \/ 7.4 cm x 3.6 cm x 26.1 cm<\/li>\n<li style='margin-bottom: 5px;'><strong>Peso:<\/strong> 59 g<\/li>\n<li style='margin-bottom: 5px;'><strong>Rango de temperatura de funcionamiento:<\/strong> -10 \u00b0C a 50 \u00b0C<\/li>\n<li style='margin-bottom: 5px;'><strong>Intervalos de humedad de funcionamiento:<\/strong> 95% (de 10 \u00b0C a 35 \u00b0C)&comma; 75% sin condensaci\u00f3n (de 35 \u00b0C a 40 \u00b0C). No regulado sin condensaci\u00f3n por debajo de 10 \u00b0C<\/li>\n<li style='margin-bottom: 5px;'><strong>Altitud en funcionamiento:<\/strong> \u2264 3000 metros<\/li>\n<li style='margin-bottom: 5px;'><strong>Temperatura de almacenamiento:<\/strong> -20 \u00b0C a 50 \u00b0C<\/li>\n<\/ul><\/div>\n<\/p><\/div>\n<\/p><\/div>\n<hr style='border: 0; border-top: 1px solid rgba(150&comma; 150&comma; 150&comma; 0.3); margin: 30px 0;'> <\/div>\n","protected":false},"excerpt":{"rendered":"<p>Detector de Fibra Activa y Potencia \u00d3ptica FiberLert\u2122, Para Fibras Monomodo y Multimodo en Lambdas de 850 a 1625 nm, Detecci\u00f3n sin Contacto, Compatibles con Conectores UPC y APC<\/p>\n","protected":false},"featured_media":89557,"comment_status":"open","ping_status":"closed","template":"","meta":[],"product_brand":[],"product_cat":[2140],"product_tag":[730,25,2011],"class_list":{"0":"post-89558","1":"product","2":"type-product","3":"status-publish","4":"has-post-thumbnail","6":"product_cat-herramientas-redes-ftth-pon","7":"product_tag-fluke-networks","8":"product_tag-herramientas","9":"product_tag-redes-ftth-pon","11":"first","12":"outofstock","13":"sale","14":"shipping-taxable","15":"purchasable","16":"product-type-simple"},"_links":{"self":[{"href":"https:\/\/soydeaqui.ddns.net\/pachuca\/index.php\/wp-json\/wp\/v2\/product\/89558","targetHints":{"allow":["GET"]}}],"collection":[{"href":"https:\/\/soydeaqui.ddns.net\/pachuca\/index.php\/wp-json\/wp\/v2\/product"}],"about":[{"href":"https:\/\/soydeaqui.ddns.net\/pachuca\/index.php\/wp-json\/wp\/v2\/types\/product"}],"replies":[{"embeddable":true,"href":"https:\/\/soydeaqui.ddns.net\/pachuca\/index.php\/wp-json\/wp\/v2\/comments?post=89558"}],"wp:featuredmedia":[{"embeddable":true,"href":"https:\/\/soydeaqui.ddns.net\/pachuca\/index.php\/wp-json\/wp\/v2\/media\/89557"}],"wp:attachment":[{"href":"https:\/\/soydeaqui.ddns.net\/pachuca\/index.php\/wp-json\/wp\/v2\/media?parent=89558"}],"wp:term":[{"taxonomy":"product_brand","embeddable":true,"href":"https:\/\/soydeaqui.ddns.net\/pachuca\/index.php\/wp-json\/wp\/v2\/product_brand?post=89558"},{"taxonomy":"product_cat","embeddable":true,"href":"https:\/\/soydeaqui.ddns.net\/pachuca\/index.php\/wp-json\/wp\/v2\/product_cat?post=89558"},{"taxonomy":"product_tag","embeddable":true,"href":"https:\/\/soydeaqui.ddns.net\/pachuca\/index.php\/wp-json\/wp\/v2\/product_tag?post=89558"}],"curies":[{"name":"wp","href":"https:\/\/api.w.org\/{rel}","templated":true}]}}