{"id":89542,"date":"2026-03-20T03:01:26","date_gmt":"2026-03-20T03:01:26","guid":{"rendered":"https:\/\/soydeaqui.ddns.net\/pachuca\/index.php\/producto\/rb5009ugsin-routerboard-cpu-4-nucleos-8-puertos-gigabit-1-sfp-solo-routeros-v7\/"},"modified":"2026-03-20T03:01:30","modified_gmt":"2026-03-20T03:01:30","slug":"rb5009ugsin-routerboard-cpu-4-nucleos-8-puertos-gigabit-1-sfp-solo-routeros-v7","status":"publish","type":"product","link":"https:\/\/soydeaqui.ddns.net\/pachuca\/index.php\/producto\/rb5009ugsin-routerboard-cpu-4-nucleos-8-puertos-gigabit-1-sfp-solo-routeros-v7\/","title":{"rendered":"(RB5009UG+S+IN) RouterBoard, CPU 4 N\u00facleos, 8 Puertos Gigabit, 1 SFP+, Solo RouterOS v7"},"content":{"rendered":"<div style='width: 100%; max-width: 1200px; margin: 0 auto; font-family: sans-serif; line-height: 1.6; color: inherit; background-color: transparent;'>\n<div style='display: flex; flex-wrap: wrap; gap: 30px; margin-bottom: 30px;'>\n<div style='flex: 1 1 300px; min-width: 280px;'>\n<h3 style='font-size: 22px; border-bottom: 2px solid currentColor; padding-bottom: 5px; margin-top: 0; color: inherit; opacity: 0.8;'>Descripci\u00f3n<\/h3>\n<p style='font-size: 15px; color: inherit; margin-bottom: 15px;'> Duplica el rendimiento habitual: tomamos tus comentarios de las reuniones de usuarios de MikroTik para crear el router de laboratorio dom\u00e9stico perfecto: compacto&comma; potente&comma; con m\u00faltiples opciones de alimentaci\u00f3n y refrigeraci\u00f3n eficiente. RB5009 lo tiene todo&comma; \u00a1y a\u00fan m\u00e1s! <\/p>\n<p style='font-size: 15px; color: inherit; margin-bottom: 15px;'> La placa cuenta con 9 puertos con cable y un USB 3.0 de tama\u00f1o completo. Siete de los puertos son Gigabit Ethernet&comma; otro es 2&comma;5 Gigabit Ethernet y el \u00faltimo es una jaula 10G SFP+. Todos los puertos est\u00e1n conectados a un potente chip de conmutaci\u00f3n de la familia Marvell Amethyst con una l\u00ednea d\u00faplex completa de 10 Gbps que conduce a la CPU Marvell Armada Quad-core ARMv8 de 1&comma;4 GHz. Tanto la CPU como el chip del interruptor se encuentran en la parte inferior de la placa&comma; \u00a1as\u00ed que el estuche act\u00faa como un disipador de calor masivo! <\/p>\n<p style='font-size: 15px; color: inherit; margin-bottom: 15px;'> RB5009UG+S+IN se puede alimentar de 3 maneras diferentes: <\/p>\n<ul style='padding-left: 20px; font-size: 15px; color: inherit;'>\n<li style='margin-bottom: 5px;'>a) PoE-in desde el puerto Ethernet #1<\/li>\n<li style='margin-bottom: 15px;'>b) DC Jack<\/li>\n<li style='margin-bottom: 15px;'>c) Terminal de 2 pines en el lateral<\/li>\n<\/ul>\n<p style='font-size: 15px; color: inherit; margin-bottom: 15px;'> Las placas vienen con 1 GB de RAM DDR4 y 1 GB de almacenamiento NAND. Esta combinaci\u00f3n de puertos y componentes&comma; en comparaci\u00f3n con nuestros otros productos en un factor de forma similar&comma; proporciona casi el doble de rendimiento en configuraciones con cargas pesadas de CPU. <\/p>\n<p style='font-size: 15px; color: inherit; margin-bottom: 15px;'> Con un simple conjunto de accesorios de montaje&comma; \u00a1puedes montar CUATRO de estos routers en un solo espacio de montaje en rack de 1U! No m\u00e1s tetris de sala de servidores&comma; solo pura productividad. <\/p>\n<\/p><\/div>\n<div style='flex: 1 1 300px; min-width: 280px; display: flex; flex-direction: column; gap: 15px;'> <a href='http:\/\/soporte.syscom.mx\/networking#mikrotik'> <img style='width: 100%; height: auto; border: 1px solid rgba(150&comma;150&comma;150&comma;0.3); border-radius: 8px;' src='https:\/\/ftp3.syscom.mx\/usuarios\/raragon\/Imagenes_Generales\/Manuales_de_configuracion.jpg' alt='Manuales de configuraci\u00f3n'> <\/a> <img style='width: 100%; height: auto; border: 1px solid rgba(150&comma;150&comma;150&comma;0.3); border-radius: 8px;' src='https:\/\/ftp3.syscom.mx\/usuarios\/fotos\/RB5009UG+S+IN\/208071-rb5009ugplussplusin_banner_esp.png' alt=''> <img style='width: 100%; height: auto; border: 1px solid rgba(150&comma;150&comma;150&comma;0.3); border-radius: 8px;' src='https:\/\/ftp3.syscom.mx\/usuarios\/fotos\/RB5009UG+S+IN\/208071-rb5009ug+s+in_banner_esp.png' alt=''> <\/div>\n<\/p><\/div>\n<div style='display: flex; flex-wrap: wrap; gap: 20px; margin-bottom: 30px;'>\n<div style='flex: 1 1 250px; border: 1px solid rgba(150&comma; 150&comma; 150&comma; 0.4); border-radius: 8px; overflow: hidden; display: flex; flex-direction: column;'>\n<div style='padding: 15px; border-bottom: 1px solid rgba(150&comma; 150&comma; 150&comma; 0.2); font-weight: bold; font-size: 18px; color: inherit;'>Especificaciones<\/div>\n<div style='padding: 15px; color: inherit;'>\n<ul style='padding-left: 20px; margin: 0; font-size: 14px; list-style-type: disc;'>\n<li style='margin-bottom: 5px;'><strong>C\u00f3digo de producto:<\/strong> RB5009UG+S+IN<\/li>\n<li style='margin-bottom: 5px;'><strong>Arquitectura:<\/strong> ARM 64 bits<\/li>\n<li style='margin-bottom: 5px;'><strong>CPU:<\/strong> 88F7040<\/li>\n<li style='margin-bottom: 5px;'><strong>N\u00facleos de CPU:<\/strong> 4<\/li>\n<li style='margin-bottom: 5px;'><strong>Frecuencia CPU:<\/strong> 350-1400 MHz (autom\u00e1tico)<\/li>\n<li style='margin-bottom: 5px;'><strong>Licencia RouterOS:<\/strong> 5<\/li>\n<li style='margin-bottom: 5px;'><strong>Sistema operativo:<\/strong> RouterOS (solo v7)<\/li>\n<li style='margin-bottom: 5px;'><strong>RAM:<\/strong> 1 GB<\/li>\n<li style='margin-bottom: 5px;'><strong>Almacenamiento:<\/strong> 1 GB<\/li>\n<li style='margin-bottom: 5px;'><strong>Tipo de almacenamiento:<\/strong> NAND<\/li>\n<li style='margin-bottom: 5px;'><strong>MTBF:<\/strong> Aproximadamente 200&comma;000 horas a 25 \u00b0C<\/li>\n<li style='margin-bottom: 5px;'><strong>Temperatura:<\/strong> -40 \u00b0C a 60 \u00b0C<\/li>\n<\/ul><\/div>\n<\/p><\/div>\n<div style='flex: 1 1 250px; border: 1px solid rgba(150&comma; 150&comma; 150&comma; 0.4); border-radius: 8px; overflow: hidden; display: flex; flex-direction: column;'>\n<div style='padding: 15px; border-bottom: 1px solid rgba(150&comma; 150&comma; 150&comma; 0.2); font-weight: bold; font-size: 18px; color: inherit;'>Alimentaci\u00f3n<\/div>\n<div style='padding: 15px; color: inherit;'>\n<ul style='padding-left: 20px; margin: 0; font-size: 14px; list-style-type: disc;'>\n<li style='margin-bottom: 5px;'><strong>Entradas:<\/strong> 3 (conector de CC&comma; PoE-IN&comma; terminal de 2 pines)<\/li>\n<li style='margin-bottom: 5px;'><strong>Voltaje DC Jack:<\/strong> 24-57 V<\/li>\n<li style='margin-bottom: 5px;'><strong>Voltaje terminal:<\/strong> 24-57 V<\/li>\n<li style='margin-bottom: 5px;'><strong>Consumo m\u00e1ximo:<\/strong> 20 W<\/li>\n<li style='margin-bottom: 5px;'><strong>Consumo sin accesorios:<\/strong> 14 W<\/li>\n<li style='margin-bottom: 5px;'><strong>Refrigeraci\u00f3n:<\/strong> Pasivo<\/li>\n<li style='margin-bottom: 5px;'><strong>PoE entrada:<\/strong> 802.3af\/at<\/li>\n<li style='margin-bottom: 5px;'><strong>Voltaje PoE:<\/strong> 24-57 V<\/li>\n<\/ul><\/div>\n<\/p><\/div>\n<div style='flex: 1 1 250px; border: 1px solid rgba(150&comma; 150&comma; 150&comma; 0.4); border-radius: 8px; overflow: hidden; display: flex; flex-direction: column;'>\n<div style='padding: 15px; border-bottom: 1px solid rgba(150&comma; 150&comma; 150&comma; 0.2); font-weight: bold; font-size: 18px; color: inherit;'>Conectividad<\/div>\n<div style='padding: 15px; color: inherit;'>\n<ul style='padding-left: 20px; margin: 0; font-size: 14px; list-style-type: disc;'>\n<li style='margin-bottom: 5px;'><strong>Ethernet 10\/100\/1000:<\/strong> 7 puertos<\/li>\n<li style='margin-bottom: 5px;'><strong>Ethernet 2.5G:<\/strong> 1 puerto<\/li>\n<li style='margin-bottom: 5px;'><strong>SFP+:<\/strong> 1 puerto<\/li>\n<li style='margin-bottom: 5px;'><strong>USB:<\/strong> 1 puerto (3.0 tipo A)<\/li>\n<li style='margin-bottom: 5px;'><strong>Monitor de temperatura:<\/strong> S\u00ed<\/li>\n<\/ul><\/div>\n<\/p><\/div>\n<div style='flex: 1 1 250px; border: 1px solid rgba(150&comma; 150&comma; 150&comma; 0.4); border-radius: 8px; overflow: hidden; display: flex; flex-direction: column;'>\n<div style='padding: 15px; border-bottom: 1px solid rgba(150&comma; 150&comma; 150&comma; 0.2); font-weight: bold; font-size: 18px; color: inherit;'>Certificaciones<\/div>\n<div style='padding: 15px; color: inherit;'>\n<ul style='padding-left: 20px; margin: 0; font-size: 14px; list-style-type: disc;'>\n<li style='margin-bottom: 5px;'>CE<\/li>\n<li style='margin-bottom: 5px;'>EAC<\/li>\n<li style='margin-bottom: 5px;'>ROHS<\/li>\n<\/ul><\/div>\n<\/p><\/div>\n<\/p><\/div>\n<hr style='border: 0; border-top: 1px solid rgba(150&comma; 150&comma; 150&comma; 0.3); margin: 30px 0;'>\n<div style='display: flex; flex-wrap: wrap; gap: 30px; margin-bottom: 30px;'>\n<div style='flex: 1 1 300px; min-width: 280px;'>\n<h3 style='font-size: 22px; border-bottom: 2px solid currentColor; padding-bottom: 5px; margin-top: 0; color: inherit; opacity: 0.8;'>Piezas incluidas<\/h3>\n<div style='display: flex; flex-wrap: wrap; gap: 15px;'>\n<div style='flex: 1 1 120px;'> <a href='https:\/\/i.mt.lv\/cdn\/rb_images\/part771632132141m.jpg'> <img style='width: 100%; height: auto; border: 1px solid rgba(150&comma;150&comma;150&comma;0.3); border-radius: 8px;' src='https:\/\/i.mt.lv\/cdn\/rb_images\/part771632132141s.jpg' alt='Kit de tornillos K-55'> <\/p>\n<p style='text-align: center; font-size: 14px; margin: 8px 0 0; color: inherit;'>Kit de tornillos K-55<\/p>\n<p> <\/a> <\/div>\n<div style='flex: 1 1 120px;'> <a href='https:\/\/i.mt.lv\/cdn\/rb_images\/part681502957925m.jpg'> <img style='width: 100%; height: auto; border: 1px solid rgba(150&comma;150&comma;150&comma;0.3); border-radius: 8px;' src='https:\/\/i.mt.lv\/cdn\/rb_images\/part681502957925s.jpg' alt='Adaptador de corriente de 24 V y 1&comma;5 A'> <\/p>\n<p style='text-align: center; font-size: 14px; margin: 8px 0 0; color: inherit;'>Adaptador de corriente de 24 V y 1&comma;5 A<\/p>\n<p> <\/a> <\/div>\n<\/p><\/div>\n<\/p><\/div>\n<\/p><\/div>\n<hr style='border: 0; border-top: 1px solid rgba(150&comma;150&comma;150&comma;0.3); margin: 30px 0;'>\n<div style='display: flex; flex-wrap: wrap; gap: 30px; margin-bottom: 30px;'>\n<div style='flex: 1 1 300px; min-width: 280px;'>\n<h3 style='font-size: 22px; border-bottom: 2px solid currentColor; padding-bottom: 5px; margin-top: 0; color: inherit; opacity: 0.8;'>Garant\u00eda<\/h3>\n<p> <img style='width: 100%; max-width: 302px; height: auto; border: 1px solid rgba(150&comma;150&comma;150&comma;0.3); border-radius: 8px;' src='https:\/\/ftp3.syscom.mx\/usuarios\/fotos\/RB4011IGSPLUSRM\/162174-garantia1.png' alt='Garant\u00eda'> <\/div>\n<\/p><\/div>\n<div style='margin-top: 30px; font-size: 14px; color: inherit; text-align: center;'> <em style='font-style: italic; color: inherit; opacity: 0.8;'> El dispositivo tiene un sistema operativo preinstalado y con licencia. No es necesaria ninguna compra por separado y el producto est\u00e1 listo para usar. El dispositivo incluye actualizaciones de software gratuitas durante la vida \u00fatil del producto o un m\u00ednimo de 5 a\u00f1os a partir de la fecha de compra. <\/em> <\/div>\n<\/p><\/div>\n","protected":false},"excerpt":{"rendered":"<p>(RB5009UG+S+IN) RouterBoard, CPU 4 N\u00facleos, 8 Puertos Gigabit, 1 SFP+, Solo RouterOS v7<\/p>\n","protected":false},"featured_media":89541,"comment_status":"open","ping_status":"closed","template":"","meta":[],"product_brand":[],"product_cat":[2036,2035,2034],"product_tag":[2039,2038,643,664,2037],"class_list":{"0":"post-89542","1":"product","2":"type-product","3":"status-publish","4":"has-post-thumbnail","6":"product_cat-balanceadores","7":"product_cat-firewalls","8":"product_cat-routers","9":"product_tag-balanceadores","10":"product_tag-firewalls","11":"product_tag-mikrotik","12":"product_tag-networking","13":"product_tag-routers","15":"first","16":"outofstock","17":"sale","18":"shipping-taxable","19":"purchasable","20":"product-type-simple"},"_links":{"self":[{"href":"https:\/\/soydeaqui.ddns.net\/pachuca\/index.php\/wp-json\/wp\/v2\/product\/89542","targetHints":{"allow":["GET"]}}],"collection":[{"href":"https:\/\/soydeaqui.ddns.net\/pachuca\/index.php\/wp-json\/wp\/v2\/product"}],"about":[{"href":"https:\/\/soydeaqui.ddns.net\/pachuca\/index.php\/wp-json\/wp\/v2\/types\/product"}],"replies":[{"embeddable":true,"href":"https:\/\/soydeaqui.ddns.net\/pachuca\/index.php\/wp-json\/wp\/v2\/comments?post=89542"}],"wp:featuredmedia":[{"embeddable":true,"href":"https:\/\/soydeaqui.ddns.net\/pachuca\/index.php\/wp-json\/wp\/v2\/media\/89541"}],"wp:attachment":[{"href":"https:\/\/soydeaqui.ddns.net\/pachuca\/index.php\/wp-json\/wp\/v2\/media?parent=89542"}],"wp:term":[{"taxonomy":"product_brand","embeddable":true,"href":"https:\/\/soydeaqui.ddns.net\/pachuca\/index.php\/wp-json\/wp\/v2\/product_brand?post=89542"},{"taxonomy":"product_cat","embeddable":true,"href":"https:\/\/soydeaqui.ddns.net\/pachuca\/index.php\/wp-json\/wp\/v2\/product_cat?post=89542"},{"taxonomy":"product_tag","embeddable":true,"href":"https:\/\/soydeaqui.ddns.net\/pachuca\/index.php\/wp-json\/wp\/v2\/product_tag?post=89542"}],"curies":[{"name":"wp","href":"https:\/\/api.w.org\/{rel}","templated":true}]}}