{"id":8954,"date":"2026-03-18T07:16:08","date_gmt":"2026-03-18T07:16:08","guid":{"rendered":"https:\/\/soydeaqui.ddns.net\/pachuca\/index.php\/producto\/conector-de-fibra-optica-sc-simplex-opticam-multimodo-62-125-om1-pre-pulido-color-beige\/"},"modified":"2026-03-18T07:16:11","modified_gmt":"2026-03-18T07:16:11","slug":"conector-de-fibra-optica-sc-simplex-opticam-multimodo-62-125-om1-pre-pulido-color-beige","status":"publish","type":"product","link":"https:\/\/soydeaqui.ddns.net\/pachuca\/index.php\/producto\/conector-de-fibra-optica-sc-simplex-opticam-multimodo-62-125-om1-pre-pulido-color-beige\/","title":{"rendered":"Conector de Fibra \u00d3ptica SC Simplex OptiCam, Multimodo 62\/125 OM1, Pre-pulido, Color Beige"},"content":{"rendered":"<div style='width: 100%; max-width: 1200px; margin: 0 auto; font-family: sans-serif; line-height: 1.6; color: inherit;'> <!-- Secci\u00f3n de descripci\u00f3n --> <\/p>\n<div style='margin-bottom: 30px;'>\n<p style='margin: 0 0 15px; color: inherit;'>Los conectores de fibra \u00f3ptica prepulidos SC cumplen con TIA \/ EIA-604 FOCIS-3 y contienen una fibra terminada en f\u00e1brica&comma; eliminando el pulido y adhesivo en el campo. Los conectores prepulidos SC tienen una p\u00e9rdida de inserci\u00f3n promedio de 0.3dB por par acoplado para fibra multimodo y monomodo. Los conectores SC prepulidos capturan la fibra y el b\u00fafer en una sola acci\u00f3n&comma; permitiendo hasta dos terminaciones sin degradaci\u00f3n en el rendimiento.<\/p>\n<\/p><\/div>\n<p> <!-- Secci\u00f3n de especificaciones --> <\/p>\n<div style='margin-bottom: 30px;'>\n<h3 style='font-size: 22px; border-bottom: 2px solid currentColor; padding-bottom: 5px; margin-top: 0; margin-bottom: 15px; color: inherit; opacity: 0.8;'>Especificaciones T\u00e9cnicas<\/h3>\n<ul style='padding-left: 20px; font-size: 15px; color: inherit;'>\n<li style='margin-bottom: 5px;'>Compatible con TIA\/EIA-604 FOCIS-10; excede requisitos de TIA \/ EIA-568-B.3<\/li>\n<li style='margin-bottom: 5px;'>Compatibilidad de fibra: OM1<\/li>\n<li style='margin-bottom: 5px;'>Tipo de cable: Solo cable de 900\u03bcm (Tight Buffer)<\/li>\n<li style='margin-bottom: 5px;'>Tipo de f\u00e9rula: cer\u00e1mica de circonio con un trozo de fibra prepulido<\/li>\n<li style='margin-bottom: 5px;'>P\u00e9rdida de inserci\u00f3n: 0.3dB promedio (multimodo y monomodo)<\/li>\n<li style='margin-bottom: 5px;'>P\u00e9rdida de retorno: > 20dB (multimodo)&comma; > 26dB (10Gig \u2122 multimodo)&comma; > 50dB (monomodo)<\/li>\n<\/ul><\/div>\n<\/p><\/div>\n","protected":false},"excerpt":{"rendered":"<p>Conector de Fibra \u00d3ptica SC Simplex OptiCam, Multimodo 62\/125 OM1, Pre-pulido, Color Beige<\/p>\n","protected":false},"featured_media":8953,"comment_status":"open","ping_status":"closed","template":"","meta":[],"product_brand":[],"product_cat":[615],"product_tag":[616,611,445],"class_list":{"0":"post-8954","1":"product","2":"type-product","3":"status-publish","4":"has-post-thumbnail","6":"product_cat-conectores","7":"product_tag-conectores","8":"product_tag-fibra-optica","9":"product_tag-panduit","11":"first","12":"outofstock","13":"sale","14":"shipping-taxable","15":"purchasable","16":"product-type-simple"},"_links":{"self":[{"href":"https:\/\/soydeaqui.ddns.net\/pachuca\/index.php\/wp-json\/wp\/v2\/product\/8954","targetHints":{"allow":["GET"]}}],"collection":[{"href":"https:\/\/soydeaqui.ddns.net\/pachuca\/index.php\/wp-json\/wp\/v2\/product"}],"about":[{"href":"https:\/\/soydeaqui.ddns.net\/pachuca\/index.php\/wp-json\/wp\/v2\/types\/product"}],"replies":[{"embeddable":true,"href":"https:\/\/soydeaqui.ddns.net\/pachuca\/index.php\/wp-json\/wp\/v2\/comments?post=8954"}],"wp:featuredmedia":[{"embeddable":true,"href":"https:\/\/soydeaqui.ddns.net\/pachuca\/index.php\/wp-json\/wp\/v2\/media\/8953"}],"wp:attachment":[{"href":"https:\/\/soydeaqui.ddns.net\/pachuca\/index.php\/wp-json\/wp\/v2\/media?parent=8954"}],"wp:term":[{"taxonomy":"product_brand","embeddable":true,"href":"https:\/\/soydeaqui.ddns.net\/pachuca\/index.php\/wp-json\/wp\/v2\/product_brand?post=8954"},{"taxonomy":"product_cat","embeddable":true,"href":"https:\/\/soydeaqui.ddns.net\/pachuca\/index.php\/wp-json\/wp\/v2\/product_cat?post=8954"},{"taxonomy":"product_tag","embeddable":true,"href":"https:\/\/soydeaqui.ddns.net\/pachuca\/index.php\/wp-json\/wp\/v2\/product_tag?post=8954"}],"curies":[{"name":"wp","href":"https:\/\/api.w.org\/{rel}","templated":true}]}}