{"id":89521,"date":"2026-03-20T03:00:26","date_gmt":"2026-03-20T03:00:26","guid":{"rendered":"https:\/\/soydeaqui.ddns.net\/pachuca\/index.php\/producto\/switch-omada-sdn-administrable-48-puertos-gigabit-y-4-puertos-sfp-funciones-sflow-qinq-y-qos-administracion-centralizada-omada-2\/"},"modified":"2026-03-20T03:00:33","modified_gmt":"2026-03-20T03:00:33","slug":"switch-omada-sdn-administrable-48-puertos-gigabit-y-4-puertos-sfp-funciones-sflow-qinq-y-qos-administracion-centralizada-omada-2","status":"publish","type":"product","link":"https:\/\/soydeaqui.ddns.net\/pachuca\/index.php\/producto\/switch-omada-sdn-administrable-48-puertos-gigabit-y-4-puertos-sfp-funciones-sflow-qinq-y-qos-administracion-centralizada-omada-2\/","title":{"rendered":"Switch Omada SDN Administrable \/ 48 puertos Gigabit y 4 puertos SFP+ \/ Funciones sFlow, QinQ y QoS \/ Administraci\u00f3n centralizada OMADA"},"content":{"rendered":"<div style='width: 100%; max-width: 1200px; margin: 0 auto; font-family: sans-serif; line-height: 1.6; color: inherit; background-color: transparent;'>\n<div style='text-align: center; margin: 30px 0;'>\n<h2 style='margin: 0; font-size: 24px; color: inherit; opacity: 0.8;'> <a href='https:\/\/www.tp-link.com\/es\/omada-sdn\/' style='color: inherit; text-decoration: none; font-weight: bold;'>Aprende m\u00e1s sobre Omada<\/a> <\/h2>\n<\/p><\/div>\n<div style='margin: 30px 0;'> <img style='width: 100%; height: auto; border: 1px solid rgba(150&comma;150&comma;150&comma;0.3); border-radius: 8px;' src='https:\/\/ftp3.syscom.mx\/usuarios\/fotos\/TLSG3452X\/208030-image_-_2023-02-27t113140.314.png' alt=''> <\/div>\n<div style='margin: 30px 0;'>\n<div style='text-align: center; margin-bottom: 20px;'>\n<h2 style='font-size: 24px; margin: 0; color: inherit; opacity: 0.8;'>Administraci\u00f3n con el controlador Omada&comma; generando una red unificada<\/h2>\n<\/p><\/div>\n<div style='margin: 20px 0;'> <img style='width: 100%; height: auto; border: 1px solid rgba(150&comma;150&comma;150&comma;0.3); border-radius: 8px;' src='https:\/\/ftp3.syscom.mx\/usuarios\/fotos\/TLSX3008F\/208029-image_-_2023-02-27t093757.672.png' alt=''> <\/div>\n<\/p><\/div>\n<div style='margin: 30px 0;'>\n<div style='text-align: center; margin-bottom: 20px;'>\n<h2 style='font-size: 24px; margin: 0; color: inherit; opacity: 0.8;'>Funciones avanzadas para la administraci\u00f3n de la red empresarial.<\/h2>\n<\/p><\/div>\n<div style='margin: 20px 0;'> <img style='width: 100%; height: auto; border: 1px solid rgba(150&comma;150&comma;150&comma;0.3); border-radius: 8px;' src='https:\/\/ftp3.syscom.mx\/usuarios\/fotos\/TLSX3008F\/208029-image_-_2023-02-27t093748.969.png' alt=''> <\/div>\n<\/p><\/div>\n<div style='margin: 30px 0;'>\n<div style='text-align: center; margin-bottom: 20px;'>\n<h2 style='font-size: 24px; margin: 0; color: inherit; opacity: 0.8;'>Alto rendimiento para una red empresarial.<\/h2>\n<\/p><\/div>\n<div style='margin: 20px 0;'> <img style='width: 100%; height: auto; border: 1px solid rgba(150&comma;150&comma;150&comma;0.3); border-radius: 8px;' src='https:\/\/ftp3.syscom.mx\/usuarios\/fotos\/TLSG3452X\/208030-image_-_2023-02-27t113152.601.png' alt=''> <\/div>\n<\/p><\/div>\n<div style='margin: 30px 0;'>\n<div style='margin: 20px 0;'> <img style='width: 100%; height: auto; border: 1px solid rgba(150&comma;150&comma;150&comma;0.3); border-radius: 8px;' src='https:\/\/ftp3.syscom.mx\/usuarios\/fotos\/TLSG3452X\/208030-image_-_2023-02-27t113146.866.png' alt=''> <\/div>\n<\/p><\/div>\n<div style='margin: 30px 0;'>\n<div style='margin: 20px 0; text-align: center;'>\n<p style='margin: 0; color: inherit; opacity: 0.7;'>&nbsp;<\/p>\n<\/p><\/div>\n<\/p><\/div>\n<div style='margin: 30px 0;'>\n<div style='margin: 20px 0;'>\n<div style='margin-bottom: 20px; font-size: 18px; font-weight: bold; color: inherit; opacity: 0.8;'>Especificaciones<\/div>\n<div style='display: flex; flex-wrap: wrap; gap: 20px; margin-bottom: 30px;'>\n<div style='flex: 1 1 250px; border: 1px solid rgba(150&comma; 150&comma; 150&comma; 0.4); border-radius: 8px; overflow: hidden; display: flex; flex-direction: column;'>\n<div style='padding: 15px; border-bottom: 1px solid rgba(150&comma; 150&comma; 150&comma; 0.2); font-weight: bold; font-size: 16px; color: inherit;'>Caracter\u00edsticas f\u00edsicas<\/div>\n<div style='padding: 15px; color: inherit;'>\n<ul style='padding-left: 20px; margin: 0; font-size: 14px; list-style-type: disc;'>\n<li style='margin-bottom: 5px;'><strong>Dimensiones:<\/strong> 440 x 220 x 44 mm<\/li>\n<li style='margin-bottom: 5px;'><strong>Ventilador:<\/strong> Sin ventilador<\/li>\n<li style='margin-bottom: 5px;'><strong>Alimentaci\u00f3n:<\/strong> 100-240 Vca &comma; 50\/60Hz (fuentes redundante)<\/li>\n<li style='margin-bottom: 5px;'><strong>Consumo M\u00e1ximo:<\/strong> 32.72 W<\/li>\n<\/ul><\/div>\n<\/p><\/div>\n<div style='flex: 1 1 250px; border: 1px solid rgba(150&comma; 150&comma; 150&comma; 0.4); border-radius: 8px; overflow: hidden; display: flex; flex-direction: column;'>\n<div style='padding: 15px; border-bottom: 1px solid rgba(150&comma; 150&comma; 150&comma; 0.2); font-weight: bold; font-size: 16px; color: inherit;'>Rendimiento<\/div>\n<div style='padding: 15px; color: inherit;'>\n<ul style='padding-left: 20px; margin: 0; font-size: 14px; list-style-type: disc;'>\n<li style='margin-bottom: 5px;'><strong>Rendimiento:<\/strong> 176 Gbps<\/li>\n<li style='margin-bottom: 5px;'><strong>Reenv\u00edo de paquetes:<\/strong> 130.9 Mpps<\/li>\n<li style='margin-bottom: 5px;'><strong>Memoria del buffer:<\/strong> 12 Mbit<\/li>\n<\/ul><\/div>\n<\/p><\/div>\n<div style='flex: 1 1 250px; border: 1px solid rgba(150&comma; 150&comma; 150&comma; 0.4); border-radius: 8px; overflow: hidden; display: flex; flex-direction: column;'>\n<div style='padding: 15px; border-bottom: 1px solid rgba(150&comma; 150&comma; 150&comma; 0.2); font-weight: bold; font-size: 16px; color: inherit;'>Puertos<\/div>\n<div style='padding: 15px; color: inherit;'>\n<ul style='padding-left: 20px; margin: 0; font-size: 14px; list-style-type: disc;'>\n<li style='margin-bottom: 5px;'><strong>Puertos:<\/strong> (48) puertos RJ45 Gigabit<\/li>\n<li style='margin-bottom: 5px;'><strong>Puertos SFP+:<\/strong> (4) puertos 10G SFP+<\/li>\n<li style='margin-bottom: 5px;'><strong>Puerto consola:<\/strong> (1) puerto consola micro-USB \/ consola RJ45<\/li>\n<\/ul><\/div>\n<\/p><\/div>\n<div style='flex: 1 1 250px; border: 1px solid rgba(150&comma; 150&comma; 150&comma; 0.4); border-radius: 8px; overflow: hidden; display: flex; flex-direction: column;'>\n<div style='padding: 15px; border-bottom: 1px solid rgba(150&comma; 150&comma; 150&comma; 0.2); font-weight: bold; font-size: 16px; color: inherit;'>Funcionalidades<\/div>\n<div style='padding: 15px; color: inherit;'>\n<ul style='padding-left: 20px; margin: 0; font-size: 14px; list-style-type: disc;'>\n<li style='margin-bottom: 5px;'><strong>Gesti\u00f3n centralizada:<\/strong> Controladora basada en la nube&comma; OC300&comma; OC200&comma; Controlador software Omada<\/li>\n<li style='margin-bottom: 5px;'><strong>Calidad de Servicio:<\/strong> 8 colas de prioridad&comma; Control de ancho de banda&comma; Mirror&comma; Prioridad 802.1p CoS\/DSCP&comma; Rendimiento m\u00e1s fluido<\/li>\n<li style='margin-bottom: 5px;'><strong>Caracter\u00edsticas L2 y L2+:<\/strong> Link Agregation&comma; LACP 802.3ad&comma; STP&comma; Control de flujo&comma; Reflejo<\/li>\n<li style='margin-bottom: 5px;'><strong>Caracter\u00edsticas L3:<\/strong> IGMP v2\/v3 proxy&comma; 16 interfaces IPv4 \/ IPv6&comma; Enrutamiento estatico (48)&comma; ARP estatico (128)&comma; Servidor DHCP&comma; ARP proxy<\/li>\n<\/ul><\/div>\n<\/p><\/div>\n<div style='flex: 1 1 250px; border: 1px solid rgba(150&comma; 150&comma; 150&comma; 0.4); border-radius: 8px; overflow: hidden; display: flex; flex-direction: column;'>\n<div style='padding: 15px; border-bottom: 1px solid rgba(150&comma; 150&comma; 150&comma; 0.2); font-weight: bold; font-size: 16px; color: inherit;'>Seguridad y operaci\u00f3n<\/div>\n<div style='padding: 15px; color: inherit;'>\n<ul style='padding-left: 20px; margin: 0; font-size: 14px; list-style-type: disc;'>\n<li style='margin-bottom: 5px;'><strong>Temperatura de operaci\u00f3n:<\/strong> 0 &#8211; 45\u00b0 C<\/li>\n<li style='margin-bottom: 5px;'><strong>Certificaciones:<\/strong> CE&comma; FCC&comma; RoHS<\/li>\n<li style='margin-bottom: 5px;'><strong>IPv4 \/ IPv6:<\/strong> Soporta<\/li>\n<li style='margin-bottom: 5px;'><strong>Seguridad:<\/strong> Enlace de puerto IP-MAC&comma; Enlace IPv6-MAC-Port&comma; Defensa DoS&comma; hasta 64 direcci\u00f3nes MAC por puerto&comma; Aislamiento de puertos<\/li>\n<\/ul><\/div>\n<\/p><\/div>\n<div style='flex: 1 1 250px; border: 1px solid rgba(150&comma; 150&comma; 150&comma; 0.4); border-radius: 8px; overflow: hidden; display: flex; flex-direction: column;'>\n<div style='padding: 15px; border-bottom: 1px solid rgba(150&comma; 150&comma; 150&comma; 0.2); font-weight: bold; font-size: 16px; color: inherit;'>Administraci\u00f3n y configuraci\u00f3n<\/div>\n<div style='padding: 15px; color: inherit;'>\n<ul style='padding-left: 20px; margin: 0; font-size: 14px; list-style-type: disc;'>\n<li style='margin-bottom: 5px;'><strong>Caracteristicas avanzadas:<\/strong> Detecci\u00f3n autom\u00e1tica de dispositivos&comma; Configuraci\u00f3n unificada&comma; Actualizaci\u00f3n por lotes&comma; Advertencia de eventos anormales<\/li>\n<li style='margin-bottom: 5px;'><strong>Aprovisionamiento:<\/strong> Es necesario el controlador<\/li>\n<li style='margin-bottom: 5px;'><strong>Tabla de MAC:<\/strong> 16 K<\/li>\n<\/ul><\/div>\n<\/p><\/div>\n<div style='flex: 1 1 250px; border: 1px solid rgba(150&comma; 150&comma; 150&comma; 0.4); border-radius: 8px; overflow: hidden; display: flex; flex-direction: column;'>\n<div style='padding: 15px; border-bottom: 1px solid rgba(150&comma; 150&comma; 150&comma; 0.2); font-weight: bold; font-size: 16px; color: inherit;'>Contenido del Paquete<\/div>\n<div style='padding: 15px; color: inherit;'>\n<ul style='padding-left: 20px; margin: 0; font-size: 14px; list-style-type: disc;'>\n<li style='margin-bottom: 5px;'>TL-SG3452X<\/li>\n<li style='margin-bottom: 5px;'>Cable de alimentaci\u00f3n<\/li>\n<li style='margin-bottom: 5px;'>Kit de montaje<\/li>\n<li style='margin-bottom: 5px;'>Patas de goma<\/li>\n<li style='margin-bottom: 5px;'>Gu\u00eda de instalaci\u00f3n<\/li>\n<\/ul><\/div>\n<\/p><\/div>\n<\/p><\/div>\n<\/p><\/div>\n<\/p><\/div>\n<hr style='border: 0; border-top: 1px solid rgba(150&comma; 150&comma; 150&comma; 0.3); margin: 30px 0;'> <\/div>\n","protected":false},"excerpt":{"rendered":"<p>Switch Omada SDN Administrable \/ 48 puertos Gigabit y 4 puertos SFP+ \/ Funciones sFlow, QinQ y QoS \/ Administraci\u00f3n centralizada OMADA<\/p>\n","protected":false},"featured_media":89520,"comment_status":"open","ping_status":"closed","template":"","meta":[],"product_brand":[],"product_cat":[1970],"product_tag":[664,1971,71],"class_list":{"0":"post-89521","1":"product","2":"type-product","3":"status-publish","4":"has-post-thumbnail","6":"product_cat-switches","7":"product_tag-networking","8":"product_tag-switches","9":"product_tag-tp-link","11":"first","12":"instock","13":"sale","14":"shipping-taxable","15":"purchasable","16":"product-type-simple"},"_links":{"self":[{"href":"https:\/\/soydeaqui.ddns.net\/pachuca\/index.php\/wp-json\/wp\/v2\/product\/89521","targetHints":{"allow":["GET"]}}],"collection":[{"href":"https:\/\/soydeaqui.ddns.net\/pachuca\/index.php\/wp-json\/wp\/v2\/product"}],"about":[{"href":"https:\/\/soydeaqui.ddns.net\/pachuca\/index.php\/wp-json\/wp\/v2\/types\/product"}],"replies":[{"embeddable":true,"href":"https:\/\/soydeaqui.ddns.net\/pachuca\/index.php\/wp-json\/wp\/v2\/comments?post=89521"}],"wp:featuredmedia":[{"embeddable":true,"href":"https:\/\/soydeaqui.ddns.net\/pachuca\/index.php\/wp-json\/wp\/v2\/media\/89520"}],"wp:attachment":[{"href":"https:\/\/soydeaqui.ddns.net\/pachuca\/index.php\/wp-json\/wp\/v2\/media?parent=89521"}],"wp:term":[{"taxonomy":"product_brand","embeddable":true,"href":"https:\/\/soydeaqui.ddns.net\/pachuca\/index.php\/wp-json\/wp\/v2\/product_brand?post=89521"},{"taxonomy":"product_cat","embeddable":true,"href":"https:\/\/soydeaqui.ddns.net\/pachuca\/index.php\/wp-json\/wp\/v2\/product_cat?post=89521"},{"taxonomy":"product_tag","embeddable":true,"href":"https:\/\/soydeaqui.ddns.net\/pachuca\/index.php\/wp-json\/wp\/v2\/product_tag?post=89521"}],"curies":[{"name":"wp","href":"https:\/\/api.w.org\/{rel}","templated":true}]}}