{"id":89513,"date":"2026-03-20T03:00:05","date_gmt":"2026-03-20T03:00:05","guid":{"rendered":"https:\/\/soydeaqui.ddns.net\/pachuca\/index.php\/producto\/mimosa-planeacion-configuracion-y-alineacion-de-una-red-mimosa-para-enlaces-ptp-y-ptmp\/"},"modified":"2026-03-20T03:00:07","modified_gmt":"2026-03-20T03:00:07","slug":"mimosa-planeacion-configuracion-y-alineacion-de-una-red-mimosa-para-enlaces-ptp-y-ptmp","status":"publish","type":"product","link":"https:\/\/soydeaqui.ddns.net\/pachuca\/index.php\/producto\/mimosa-planeacion-configuracion-y-alineacion-de-una-red-mimosa-para-enlaces-ptp-y-ptmp\/","title":{"rendered":"Mimosa: Planeaci\u00f3n, configuraci\u00f3n y alineaci\u00f3n de una red mimosa para enlaces PTP y PTMP"},"content":{"rendered":"<div style='width: 100%; max-width: 1200px; margin: 0 auto; font-family: sans-serif; line-height: 1.6; color: inherit; background-color: transparent;'> <!-- Secci\u00f3n de objetivos --> <\/p>\n<div style='margin-bottom: 30px;'>\n<h3 style='font-size: 22px; border-bottom: 2px solid currentColor; padding-bottom: 5px; margin-top: 0; color: inherit; opacity: 0.8;'>Objetivo<\/h3>\n<p style='font-size: 15px; color: inherit; margin-top: 15px; margin-bottom: 0;'>Al t\u00e9rmino del curso el participante conocer\u00e1 los principios y propagaci\u00f3n de RF&comma; conocimiento y configuraci\u00f3n de los productos Mimosa by Airspan para los enlaces PTP y PTMP.<\/p>\n<\/p><\/div>\n<p> <!-- Secci\u00f3n de descripci\u00f3n --> <\/p>\n<div style='margin-bottom: 30px;'>\n<h3 style='font-size: 22px; border-bottom: 2px solid currentColor; padding-bottom: 5px; margin-top: 0; color: inherit; opacity: 0.8;'>Descripci\u00f3n<\/h3>\n<p style='font-size: 15px; color: inherit; margin-top: 15px; margin-bottom: 0;'>El curso express en l\u00ednea de Mimosa by Airspan resume cuidadosamente todos los conceptos y fundamentos para aprender las mejores pr\u00e1cticas y conocer el equipamiento ideal para implementar enlaces PTP y PTMP y mantener redes WISP estable&comma; con el mejor rendimiento y capacidad. Capacite a su equipo de trabajo con este entrenamiento especialmente dise\u00f1ado para aprender remotamente de forma efectiva.<\/p>\n<\/p><\/div>\n<p> <!-- Secci\u00f3n de a qui\u00e9n va dirigido --> <\/p>\n<div style='margin-bottom: 30px;'>\n<h3 style='font-size: 22px; border-bottom: 2px solid currentColor; padding-bottom: 5px; margin-top: 0; color: inherit; opacity: 0.8;'>A qui\u00e9n est\u00e1 dirigido<\/h3>\n<p style='font-size: 15px; color: inherit; margin-top: 15px; margin-bottom: 0;'>T\u00e9cnicos instaladores&comma; empresas de telecomunicaciones e integradores de servicios de red.<\/p>\n<\/p><\/div>\n<p> <!-- Secci\u00f3n de temario --> <\/p>\n<div style='margin-bottom: 30px;'>\n<h3 style='font-size: 22px; border-bottom: 2px solid currentColor; padding-bottom: 5px; margin-top: 0; color: inherit; opacity: 0.8;'>Temario<\/h3>\n<p> <!-- M\u00f3dulo 1 --> <\/p>\n<div style='margin-top: 20px;'>\n<h4 style='font-size: 18px; color: inherit; margin-top: 15px; margin-bottom: 10px;'>1. Naturaleza del WISP y Principios b\u00e1sicos de RF<\/h4>\n<ul style='padding-left: 20px; font-size: 14px; color: inherit; margin-top: 10px; margin-bottom: 0;'>\n<li style='margin-bottom: 5px;'><strong>1.1<\/strong> Consideraciones t\u00e9cnicas y modelo de negocio<\/li>\n<li style='margin-bottom: 5px;'><strong>1.2<\/strong> Matem\u00e1tica RF&comma; Ganancia y p\u00e9rdidas<\/li>\n<li style='margin-bottom: 5px;'><strong>1.3<\/strong> Teor\u00eda de propagaci\u00f3n<\/li>\n<li style='margin-bottom: 5px;'><strong>1.4<\/strong> Importancia de antenas<\/li>\n<li style='margin-bottom: 5px;'><strong>1.5<\/strong> L\u00ednea de vista<\/li>\n<\/ul><\/div>\n<p> <!-- M\u00f3dulo 2 --> <\/p>\n<div style='margin-top: 20px;'>\n<h4 style='font-size: 18px; color: inherit; margin-top: 15px; margin-bottom: 10px;'>2. Diferenciador mimosa&comma; Tecnolog\u00edas y Caracter\u00edsticas<\/h4>\n<ul style='padding-left: 20px; font-size: 14px; color: inherit; margin-top: 10px; margin-bottom: 0;'>\n<li style='margin-bottom: 5px;'><strong>2.1<\/strong> Lo b\u00e1sico de mimosa<\/li>\n<li style='margin-bottom: 5px;'><strong>2.2<\/strong> MIMO Masivo<\/li>\n<li style='margin-bottom: 5px;'><strong>2.3<\/strong> Doble canal en equipos Backhaul<\/li>\n<li style='margin-bottom: 5px;'><strong>2.4<\/strong> Colocaci\u00f3n y Sincronizaci\u00f3n<\/li>\n<li style='margin-bottom: 5px;'><strong>2.5<\/strong> Presentaci\u00f3n de Equipos PTP<\/li>\n<li style='margin-bottom: 5px;'><strong>2.6<\/strong> Afinaci\u00f3n detallada<\/li>\n<li style='margin-bottom: 5px;'><strong>2.7<\/strong> Presentaci\u00f3n de equipos PTMP y Antenas<\/li>\n<li style='margin-bottom: 5px;'><strong>2.8<\/strong> CPE para multipunto<\/li>\n<li style='margin-bottom: 5px;'><strong>2.9<\/strong> Dise\u00f1o de proyectos PTMP<\/li>\n<\/ul><\/div>\n<p> <!-- M\u00f3dulo 3 --> <\/p>\n<div style='margin-top: 20px;'>\n<h4 style='font-size: 18px; color: inherit; margin-top: 15px; margin-bottom: 10px;'>3. Mimosa Cloud<\/h4>\n<ul style='padding-left: 20px; font-size: 14px; color: inherit; margin-top: 10px; margin-bottom: 0;'>\n<li style='margin-bottom: 5px;'><strong>3.1<\/strong> Dise\u00f1o&comma; Desbloqueo y Manejo de red<\/li>\n<li style='margin-bottom: 5px;'><strong>3.2<\/strong> Monitoreo&comma; listas de equipos y reportes<\/li>\n<li style='margin-bottom: 5px;'><strong>3.3<\/strong> Administraci\u00f3n pre-ajustes y descarga de firmwares<\/li>\n<li style='margin-bottom: 5px;'><strong>3.4<\/strong> Soporte Mimosa<\/li>\n<\/ul><\/div>\n<p> <!-- M\u00f3dulo 4 --> <\/p>\n<div style='margin-top: 20px;'>\n<h4 style='font-size: 18px; color: inherit; margin-top: 15px; margin-bottom: 10px;'>4. Laboratorio Desbloqueo y Configuraci\u00f3n de equipos<\/h4>\n<ul style='padding-left: 20px; font-size: 14px; color: inherit; margin-top: 10px; margin-bottom: 0;'>\n<li style='margin-bottom: 5px;'><strong>4.1<\/strong> Crear cuenta en mimosa.co<\/li>\n<li style='margin-bottom: 5px;'><strong>4.2<\/strong> Desbloqueo de equipos mimosa<\/li>\n<li style='margin-bottom: 5px;'><strong>4.3<\/strong> Configuraci\u00f3n de equipos PTP<\/li>\n<li style='margin-bottom: 5px;'><strong>4.4<\/strong> Configuraci\u00f3n de equipos PTMP<\/li>\n<li style='margin-bottom: 5px;'><strong>4.5<\/strong> Administraci\u00f3n de ancho de banda<\/li>\n<li style='margin-bottom: 5px;'><strong>4.6<\/strong> Mejores pr\u00e1cticas de instalaci\u00f3n<\/li>\n<\/ul><\/div>\n<\/p><\/div>\n<p> <!-- Secci\u00f3n de requisitos --> <\/p>\n<div style='margin-bottom: 30px;'>\n<h3 style='font-size: 22px; border-bottom: 2px solid currentColor; padding-bottom: 5px; margin-top: 0; color: inherit; opacity: 0.8;'>Requisitos<\/h3>\n<ul style='padding-left: 20px; font-size: 15px; color: inherit; margin-top: 15px; margin-bottom: 0; list-style-type: disc;'>\n<li style='margin-bottom: 5px;'>Estar registrado como integrador SYSCOM<\/li>\n<li style='margin-bottom: 5px;'>Computadora<\/li>\n<li style='margin-bottom: 5px;'>Libreta y pluma a la mano para facilitar tomar apuntes<\/li>\n<\/ul><\/div>\n<p> <!-- Separador final --> <\/p>\n<hr style='border: 0; border-top: 1px solid rgba(150&comma; 150&comma; 150&comma; 0.3); margin: 30px 0;'> <\/div>\n","protected":false},"excerpt":{"rendered":"<p>Mimosa: Planeaci\u00f3n, configuraci\u00f3n y alineaci\u00f3n de una red mimosa para enlaces PTP y PTMP<\/p>\n","protected":false},"featured_media":89512,"comment_status":"open","ping_status":"closed","template":"","meta":[],"product_brand":[],"product_cat":[1998],"product_tag":[1999,1980,2046],"class_list":{"0":"post-89513","1":"product","2":"type-product","3":"status-publish","4":"has-post-thumbnail","6":"product_cat-5-y-6-ghz","7":"product_tag-5-y-6-ghz","8":"product_tag-enlaces-ptp-y-ptmp","9":"product_tag-mimosa-networks","11":"first","12":"outofstock","13":"sale","14":"shipping-taxable","15":"purchasable","16":"product-type-simple"},"_links":{"self":[{"href":"https:\/\/soydeaqui.ddns.net\/pachuca\/index.php\/wp-json\/wp\/v2\/product\/89513","targetHints":{"allow":["GET"]}}],"collection":[{"href":"https:\/\/soydeaqui.ddns.net\/pachuca\/index.php\/wp-json\/wp\/v2\/product"}],"about":[{"href":"https:\/\/soydeaqui.ddns.net\/pachuca\/index.php\/wp-json\/wp\/v2\/types\/product"}],"replies":[{"embeddable":true,"href":"https:\/\/soydeaqui.ddns.net\/pachuca\/index.php\/wp-json\/wp\/v2\/comments?post=89513"}],"wp:featuredmedia":[{"embeddable":true,"href":"https:\/\/soydeaqui.ddns.net\/pachuca\/index.php\/wp-json\/wp\/v2\/media\/89512"}],"wp:attachment":[{"href":"https:\/\/soydeaqui.ddns.net\/pachuca\/index.php\/wp-json\/wp\/v2\/media?parent=89513"}],"wp:term":[{"taxonomy":"product_brand","embeddable":true,"href":"https:\/\/soydeaqui.ddns.net\/pachuca\/index.php\/wp-json\/wp\/v2\/product_brand?post=89513"},{"taxonomy":"product_cat","embeddable":true,"href":"https:\/\/soydeaqui.ddns.net\/pachuca\/index.php\/wp-json\/wp\/v2\/product_cat?post=89513"},{"taxonomy":"product_tag","embeddable":true,"href":"https:\/\/soydeaqui.ddns.net\/pachuca\/index.php\/wp-json\/wp\/v2\/product_tag?post=89513"}],"curies":[{"name":"wp","href":"https:\/\/api.w.org\/{rel}","templated":true}]}}