{"id":89489,"date":"2026-03-20T02:58:55","date_gmt":"2026-03-20T02:58:55","guid":{"rendered":"https:\/\/soydeaqui.ddns.net\/pachuca\/index.php\/producto\/ufiber-wifi-6-gpon-cpe-con-wifi-802-11ax-4-puertos-gbe-lan-y-1-puerto-gpon-wan\/"},"modified":"2026-03-20T02:59:05","modified_gmt":"2026-03-20T02:59:05","slug":"ufiber-wifi-6-gpon-cpe-con-wifi-802-11ax-4-puertos-gbe-lan-y-1-puerto-gpon-wan","status":"publish","type":"product","link":"https:\/\/soydeaqui.ddns.net\/pachuca\/index.php\/producto\/ufiber-wifi-6-gpon-cpe-con-wifi-802-11ax-4-puertos-gbe-lan-y-1-puerto-gpon-wan\/","title":{"rendered":"UFiber WiFi 6 GPON CPE con WiFi 802.11ax + 4 puertos GbE LAN y 1 puerto GPON WAN"},"content":{"rendered":"<div style='width: 100%; max-width: 1200px; margin: 0 auto; font-family: sans-serif; line-height: 1.6; color: inherit; background-color: transparent;'>\n<div style='display: flex; flex-wrap: wrap; gap: 30px; margin-bottom: 30px;'>\n<div style='flex: 1 1 300px; min-width: 280px;'>\n<h3 style='font-size: 22px; border-bottom: 2px solid currentColor; padding-bottom: 5px; margin-top: 0; color: inherit; opacity: 0.8;'>Caracter\u00edsticas<\/h3>\n<ul style='padding-left: 20px; font-size: 15px; color: inherit;'>\n<li style='margin-bottom: 5px;'><strong>Alto rendimiento:<\/strong> CPE WiFi 6 GPON<\/li>\n<li style='margin-bottom: 5px;'><strong>Velocidad:<\/strong> Descarga 2.4 Gbps \/ Subida 1.2 Gbps<\/li>\n<li style='margin-bottom: 5px;'><strong>Puertos LAN:<\/strong> 4 puertos GbE RJ45<\/li>\n<li style='margin-bottom: 5px;'><strong>Puerto WAN:<\/strong> 1 puerto GPON<\/li>\n<li style='margin-bottom: 5px;'><strong>Distancia:<\/strong> Enlaces de fibra hasta 20 km<\/li>\n<\/ul><\/div>\n<div style='flex: 1 1 300px; min-width: 280px;'>\n<h3 style='font-size: 22px; border-bottom: 2px solid currentColor; padding-bottom: 5px; margin-top: 0; color: inherit; opacity: 0.8;'>Descripci\u00f3n<\/h3>\n<p style='font-size: 15px; color: inherit; margin-top: 0;'> El UFiber WiFi6 GPON CPE crea conexiones GPON de alta velocidad capaces de alcanzar una velocidad de descarga de 2.4 Gbps y una velocidad de subida de 1.2 Gbps. El UF WiFi6 tiene 4 puertos GbE RJ45 LAN y 1 puerto GPON WAN para conectar una l\u00ednea de fibra local. Tambi\u00e9n se destaca en el establecimiento de enlaces de fibra de larga distancia confiables y fuertes de hasta 20 kil\u00f3metros&comma; lo que le permite ampliar su rango de servicio y construir su base de clientes. <\/p>\n<\/p><\/div>\n<\/p><\/div>\n<div style='display: flex; flex-wrap: wrap; gap: 20px; margin-bottom: 30px;'>\n<div style='flex: 1 1 250px; border: 1px solid rgba(150&comma; 150&comma; 150&comma; 0.4); border-radius: 8px; overflow: hidden; display: flex; flex-direction: column;'>\n<div style='padding: 15px; border-bottom: 1px solid rgba(150&comma; 150&comma; 150&comma; 0.2); font-weight: bold; font-size: 18px; color: inherit;'>Especificaciones<\/div>\n<div style='padding: 15px; color: inherit;'>\n<ul style='padding-left: 20px; margin: 0; font-size: 14px; list-style-type: disc;'>\n<li style='margin-bottom: 5px;'><strong>Modelo:<\/strong> UFWIFI6<\/li>\n<li style='margin-bottom: 5px;'><strong>Marca:<\/strong> Ubiquiti<\/li>\n<\/ul><\/div>\n<\/p><\/div>\n<div style='flex: 1 1 250px; border: 1px solid rgba(150&comma; 150&comma; 150&comma; 0.4); border-radius: 8px; overflow: hidden; display: flex; flex-direction: column;'>\n<div style='padding: 15px; border-bottom: 1px solid rgba(150&comma; 150&comma; 150&comma; 0.2); font-weight: bold; font-size: 18px; color: inherit;'>Capacidades<\/div>\n<div style='padding: 15px; color: inherit;'>\n<ul style='padding-left: 20px; margin: 0; font-size: 14px; list-style-type: disc;'>\n<li style='margin-bottom: 5px;'><strong>Red GPON:<\/strong> Soporte para redes de fibra \u00f3ptica pasiva<\/li>\n<li style='margin-bottom: 5px;'><strong>WiFi 6:<\/strong> Conectividad inal\u00e1mbrica de \u00faltima generaci\u00f3n<\/li>\n<li style='margin-bottom: 5px;'><strong>Ethernet:<\/strong> Conectividad LAN de alta velocidad<\/li>\n<\/ul><\/div>\n<\/p><\/div>\n<\/p><\/div>\n<div style='display: flex; flex-wrap: wrap; gap: 20px; margin-bottom: 30px;'>\n<div style='flex: 1 1 300px;'> <img style='width: 100%; height: auto; border: 1px solid rgba(150&comma; 150&comma; 150&comma; 0.3); border-radius: 8px;' src='data:image\/png;base64&comma;iVBORw0KGgoAAAANSUhEUgAABUoAAAGLCAYAAAARRKiWAAABQGlDQ1BJQ0MgUHJvZmlsZQAAKJFjYGASSCwoyGFhYGDIzSspCnJ3UoiIjFJgf8bAwiDDwMOgxKCfmFxc4BgQ4ANUwgCjUcG3awyMIPqyLsgs4ZUaBWwJmS+CJnLeCwiq+ImpHgVwpaQWJwPpP0CclFxQVMLAwJgAZCuXlxSA2C1AtkgR0FFA9gwQOx3CXgNiJ0HYB8BqQoKcgewrQLZAckZiCpD9BMjWSUIST0diQ+0FAY5gIxNXY0sDAk4lHZSkVpSAaOf8gsqizPSMEgVHYAilKnjmJevpKBgZGBkxMIDCG6L6sBg4HBnFTiHEUoBhYbwZKLgJIZaryMCwN4mB4W8SA4N9DAw\/CgQ42M3A8LcMA8Pf5\/8\/9v\/\/38v\/\/\/+7hIGB+SYDw4FCAGDcXDo=' alt=''> <\/div>\n<\/p><\/div>\n<hr style='border: 0; border-top: 1px solid rgba(150&comma; 150&comma; 150&comma; 0.3); margin: 30px 0;'> <\/div>\n","protected":false},"excerpt":{"rendered":"<p>UFiber WiFi 6 GPON CPE con WiFi 802.11ax + 4 puertos GbE LAN y 1 puerto GPON WAN<\/p>\n","protected":false},"featured_media":89488,"comment_status":"open","ping_status":"closed","template":"","meta":[],"product_brand":[],"product_cat":[2010],"product_tag":[2012,2011,166],"class_list":{"0":"post-89489","1":"product","2":"type-product","3":"status-publish","4":"has-post-thumbnail","6":"product_cat-onus-onts","7":"product_tag-onus-onts","8":"product_tag-redes-ftth-pon","9":"product_tag-ubiquiti","11":"first","12":"outofstock","13":"sale","14":"shipping-taxable","15":"purchasable","16":"product-type-simple"},"_links":{"self":[{"href":"https:\/\/soydeaqui.ddns.net\/pachuca\/index.php\/wp-json\/wp\/v2\/product\/89489","targetHints":{"allow":["GET"]}}],"collection":[{"href":"https:\/\/soydeaqui.ddns.net\/pachuca\/index.php\/wp-json\/wp\/v2\/product"}],"about":[{"href":"https:\/\/soydeaqui.ddns.net\/pachuca\/index.php\/wp-json\/wp\/v2\/types\/product"}],"replies":[{"embeddable":true,"href":"https:\/\/soydeaqui.ddns.net\/pachuca\/index.php\/wp-json\/wp\/v2\/comments?post=89489"}],"wp:featuredmedia":[{"embeddable":true,"href":"https:\/\/soydeaqui.ddns.net\/pachuca\/index.php\/wp-json\/wp\/v2\/media\/89488"}],"wp:attachment":[{"href":"https:\/\/soydeaqui.ddns.net\/pachuca\/index.php\/wp-json\/wp\/v2\/media?parent=89489"}],"wp:term":[{"taxonomy":"product_brand","embeddable":true,"href":"https:\/\/soydeaqui.ddns.net\/pachuca\/index.php\/wp-json\/wp\/v2\/product_brand?post=89489"},{"taxonomy":"product_cat","embeddable":true,"href":"https:\/\/soydeaqui.ddns.net\/pachuca\/index.php\/wp-json\/wp\/v2\/product_cat?post=89489"},{"taxonomy":"product_tag","embeddable":true,"href":"https:\/\/soydeaqui.ddns.net\/pachuca\/index.php\/wp-json\/wp\/v2\/product_tag?post=89489"}],"curies":[{"name":"wp","href":"https:\/\/api.w.org\/{rel}","templated":true}]}}