{"id":89485,"date":"2026-03-20T02:58:43","date_gmt":"2026-03-20T02:58:43","guid":{"rendered":"https:\/\/soydeaqui.ddns.net\/pachuca\/index.php\/producto\/router-inalambrico-wisp-2-4-ghz-300-mbps-3-antenas-externas-omnidireccional-5-dbi-4-puertos-lan-10-100-mbps-1-puerto-wan-10-100-mbps-iptv-ipv6-2\/"},"modified":"2026-03-20T02:58:52","modified_gmt":"2026-03-20T02:58:52","slug":"router-inalambrico-wisp-2-4-ghz-300-mbps-3-antenas-externas-omnidireccional-5-dbi-4-puertos-lan-10-100-mbps-1-puerto-wan-10-100-mbps-iptv-ipv6-2","status":"publish","type":"product","link":"https:\/\/soydeaqui.ddns.net\/pachuca\/index.php\/producto\/router-inalambrico-wisp-2-4-ghz-300-mbps-3-antenas-externas-omnidireccional-5-dbi-4-puertos-lan-10-100-mbps-1-puerto-wan-10-100-mbps-iptv-ipv6-2\/","title":{"rendered":"Router Inal\u00e1mbrico WISP, 2.4 GHz, 300 Mbps, 3 antenas externas omnidireccional 5 dBi, 4 Puertos LAN 10\/100 Mbps, 1 Puerto WAN 10\/100 Mbps, IPTV, IPV6"},"content":{"rendered":"<div style='width: 100%; max-width: 1200px; margin: 0 auto; font-family: sans-serif; line-height: 1.6; color: inherit; background-color: transparent;'> <!-- Imagen principal --> <\/p>\n<div style='margin-bottom: 30px;'> <img style='width: 100%; height: auto; border: 1px solid rgba(150&comma;150&comma;150&comma;0.3); border-radius: 8px;' src='https:\/\/ftp3.syscom.mx\/usuarios\/fotos\/TLWA1201\/207926-10.jpeg' alt='Router TP-LINK TLWA1201'> <\/div>\n<p> <!-- Informaci\u00f3n general --> <\/p>\n<div style='margin-bottom: 30px;'>\n<h2 style='font-size: 24px; border-bottom: 2px solid currentColor; padding-bottom: 5px; margin-top: 0; color: inherit; opacity: 0.8;'>Router inal\u00e1mbrico AC1200 MU-MIMO<\/h2>\n<p style='color: inherit; font-size: 15px; margin-top: 20px;'> El TL-WA1201 est\u00e1 dise\u00f1ado para generar WiFi en negocios peque\u00f1os&comma; ideal para la publicidad del mismo&comma; con la opci\u00f3n de generar un portal cautivo podemos administrar de una forma sencilla nuestras conexiones. Esta funci\u00f3n la hace ideal para peque\u00f1os negocios. <\/p>\n<\/p><\/div>\n<p> <!-- Caracter\u00edsticas principales --> <\/p>\n<div style='display: flex; flex-wrap: wrap; gap: 20px; margin-bottom: 30px;'>\n<div style='flex: 1 1 300px; min-width: 280px;'>\n<div style='border: 1px solid rgba(150&comma;150&comma;150&comma;0.4); border-radius: 8px; overflow: hidden;'>\n<div style='padding: 15px; border-bottom: 1px solid rgba(150&comma;150&comma;150&comma;0.2); font-weight: bold; font-size: 18px; color: inherit;'>Caracter\u00edsticas principales<\/div>\n<ul style='padding: 15px; margin: 0; font-size: 14px; list-style-type: disc; color: inherit;'>\n<li style='margin-bottom: 5px;'>1 puerto Gigabit (compatible con PoE 24V pasivo)<\/li>\n<li style='margin-bottom: 5px;'>Bot\u00f3n encendido\/apagado<\/li>\n<li style='margin-bottom: 5px;'>Bot\u00f3n WPS<\/li>\n<li style='margin-bottom: 5px;'>Est\u00e1ndares IEEE 802.11 ax\/ac\/n\/a 5 GHz&comma; 802.11 ax\/n\/b\/g 2.4 GHz<\/li>\n<li style='margin-bottom: 5px;'>4 antenas Fijas<\/li>\n<li style='margin-bottom: 5px;'>Modo Router\/Punto de acceso\/Repetidor<\/li>\n<li style='margin-bottom: 5px;'>Bot\u00f3n de reinicio<\/li>\n<li style='margin-bottom: 5px;'>Portal Cautivo<\/li>\n<li style='margin-bottom: 5px;'>Administraci\u00f3n: Interfaz gr\u00e1fica<\/li>\n<\/ul><\/div>\n<\/p><\/div>\n<p> <!-- Caracter\u00edsticas t\u00e9cnicas --> <\/p>\n<div style='flex: 1 1 300px; min-width: 280px;'>\n<div style='border: 1px solid rgba(150&comma;150&comma;150&comma;0.4); border-radius: 8px; overflow: hidden;'>\n<div style='padding: 15px; border-bottom: 1px solid rgba(150&comma;150&comma;150&comma;0.2); font-weight: bold; font-size: 18px; color: inherit;'>Caracter\u00edsticas t\u00e9cnicas<\/div>\n<ul style='padding: 15px; margin: 0; font-size: 14px; list-style-type: disc; color: inherit;'>\n<li style='margin-bottom: 5px;'><strong>WiFi 802.11ac doble banda AC 1200:<\/strong> 867 Mbps en 5 GHz y 400 Mbps en 2.4 GHz<\/li>\n<li style='margin-bottom: 5px;'><strong>Implementaci\u00f3n flexible:<\/strong> Admite PoE pasivo 24V para ser energizado&comma; transportando datos y energ\u00eda por el mismo cable<\/li>\n<li style='margin-bottom: 5px;'><strong>M\u00faltiples modos de trabajo:<\/strong> Admite los modos punto de acceso&comma; extensor de rango&comma; m\u00faltiples SSID<\/li>\n<li style='margin-bottom: 5px;'><strong>Portal cautivo:<\/strong> Ofrece una p\u00e1gina de portal cautivo dise\u00f1ada para mayor seguridad y marketing dentro del sitio donde se instale<\/li>\n<li style='margin-bottom: 5px;'><strong>MU-MIMO:<\/strong> Transfiere datos simult\u00e1neamente a m\u00faltiples dispositivos conectados&comma; dando un rendimiento 2 veces m\u00e1s r\u00e1pido<\/li>\n<li style='margin-bottom: 5px;'><strong>Cobertura mejorada:<\/strong> Cuenta con 4 antenas fijas equipadas con tecnolog\u00eda beamforming<\/li>\n<\/ul><\/div>\n<\/p><\/div>\n<p> <!-- Caracter\u00edsticas f\u00edsicas y el\u00e9ctricas --> <\/p>\n<div style='flex: 1 1 300px; min-width: 280px;'>\n<div style='border: 1px solid rgba(150&comma;150&comma;150&comma;0.4); border-radius: 8px; overflow: hidden;'>\n<div style='padding: 15px; border-bottom: 1px solid rgba(150&comma;150&comma;150&comma;0.2); font-weight: bold; font-size: 18px; color: inherit;'>Caracter\u00edsticas F\u00edsicas y El\u00e9ctricas<\/div>\n<ul style='padding: 15px; margin: 0; font-size: 14px; list-style-type: disc; color: inherit;'>\n<li style='margin-bottom: 5px;'>Dimensiones 225 \u00d7 145.5 \u00d7 37 mm (8.9 \u00d7 5.7 \u00d7 1.5 pulg.)<\/li>\n<li style='margin-bottom: 5px;'>Instalaci\u00f3n en escritorio<\/li>\n<li style='margin-bottom: 5px;'>Temperatura de Funcionamiento: 0\u00b0C~40\u00b0C (32\u00b0F~104\u00b0F)<\/li>\n<li style='margin-bottom: 5px;'>Temperatura de Almacenamiento: -40\u00b0C~70\u00b0C (-40\u00b0F~158\u00b0F)<\/li>\n<li style='margin-bottom: 5px;'>Humedad de Funcionamiento: 10%~90% sin condensaci\u00f3n<\/li>\n<li style='margin-bottom: 5px;'>Humedad de Almacenamiento: 5%~90% sin condensaci\u00f3n<\/li>\n<li style='margin-bottom: 5px;'>Alimentaci\u00f3n DC: 12 V 1.2 A<\/li>\n<li style='margin-bottom: 5px;'>Potencia transmisi\u00f3n CE: <20 dBm (2.4 GHz) - <23 dBm (5 GHz)<\/li>\n<li style='margin-bottom: 5px;'>Potencia transmisi\u00f3n FCC: <30 dBm (2.4 GHz) - <30 dBm (5 GHz)<\/li>\n<\/ul><\/div>\n<\/p><\/div>\n<p> <!-- Contenido del paquete --> <\/p>\n<div style='flex: 1 1 300px; min-width: 280px;'>\n<div style='border: 1px solid rgba(150&comma;150&comma;150&comma;0.4); border-radius: 8px; overflow: hidden;'>\n<div style='padding: 15px; border-bottom: 1px solid rgba(150&comma;150&comma;150&comma;0.2); font-weight: bold; font-size: 18px; color: inherit;'>Contenido del paquete<\/div>\n<ul style='padding: 15px; margin: 0; font-size: 14px; list-style-type: disc; color: inherit;'>\n<li style='margin-bottom: 5px;'>1 Punto de acceso TL-WA1201<\/li>\n<li style='margin-bottom: 5px;'>1 adaptador de corriente<\/li>\n<li style='margin-bottom: 5px;'>1 cable RJ45<\/li>\n<li style='margin-bottom: 5px;'>1 inyector de corriente PoE<\/li>\n<li style='margin-bottom: 5px;'>1 gu\u00eda de instalaci\u00f3n r\u00e1pida<\/li>\n<\/ul><\/div>\n<\/p><\/div>\n<\/p><\/div>\n<p> <!-- Im\u00e1genes adicionales --> <\/p>\n<div style='display: flex; flex-wrap: wrap; gap: 15px; margin-bottom: 30px;'>\n<div style='flex: 1 1 300px; min-width: 280px;'> <img style='width: 100%; height: auto; border: 1px solid rgba(150&comma;150&comma;150&comma;0.3); border-radius: 8px;' src='https:\/\/ftp3.syscom.mx\/usuarios\/fotos\/TLWA1201\/207926-image_(25).png' alt='Imagen 1 TL-WA1201'> <\/div>\n<div style='flex: 1 1 300px; min-width: 280px;'> <img style='width: 100%; height: auto; border: 1px solid rgba(150&comma;150&comma;150&comma;0.3); border-radius: 8px;' src='https:\/\/ftp3.syscom.mx\/usuarios\/fotos\/TLWA1201\/207926-image_(24).png' alt='Imagen 2 TL-WA1201'> <\/div>\n<div style='flex: 1 1 300px; min-width: 280px;'> <img style='width: 100%; height: auto; border: 1px solid rgba(150&comma;150&comma;150&comma;0.3); border-radius: 8px;' src='https:\/\/ftp3.syscom.mx\/usuarios\/fotos\/TLWA1201\/207926-image_(30).png' alt='Imagen 3 TL-WA1201'> <\/div>\n<div style='flex: 1 1 300px; min-width: 280px;'> <img style='width: 100%; height: auto; border: 1px solid rgba(150&comma;150&comma;150&comma;0.3); border-radius: 8px;' src='https:\/\/ftp3.syscom.mx\/usuarios\/fotos\/TLWA1201\/207926-image_(31).png' alt='Imagen 4 TL-WA1201'> <\/div>\n<div style='flex: 1 1 300px; min-width: 280px;'> <img style='width: 100%; height: auto; border: 1px solid rgba(150&comma;150&comma;150&comma;0.3); border-radius: 8px;' src='https:\/\/ftp3.syscom.mx\/usuarios\/fotos\/TLWA1201\/207926-image_(32).png' alt='Imagen 5 TL-WA1201'> <\/div>\n<\/p><\/div>\n<\/p><\/div>\n","protected":false},"excerpt":{"rendered":"<p>Router Inal\u00e1mbrico WISP, 2.4 GHz, 300 Mbps, 3 antenas externas omnidireccional 5 dBi, 4 Puertos LAN 10\/100 Mbps, 1 Puerto WAN 10\/100 Mbps, IPTV, IPV6<\/p>\n","protected":false},"featured_media":89484,"comment_status":"open","ping_status":"closed","template":"","meta":[],"product_brand":[],"product_cat":[2036,2035,2034],"product_tag":[2039,2038,664,2037,71],"class_list":{"0":"post-89485","1":"product","2":"type-product","3":"status-publish","4":"has-post-thumbnail","6":"product_cat-balanceadores","7":"product_cat-firewalls","8":"product_cat-routers","9":"product_tag-balanceadores","10":"product_tag-firewalls","11":"product_tag-networking","12":"product_tag-routers","13":"product_tag-tp-link","15":"first","16":"outofstock","17":"sale","18":"shipping-taxable","19":"purchasable","20":"product-type-simple"},"_links":{"self":[{"href":"https:\/\/soydeaqui.ddns.net\/pachuca\/index.php\/wp-json\/wp\/v2\/product\/89485","targetHints":{"allow":["GET"]}}],"collection":[{"href":"https:\/\/soydeaqui.ddns.net\/pachuca\/index.php\/wp-json\/wp\/v2\/product"}],"about":[{"href":"https:\/\/soydeaqui.ddns.net\/pachuca\/index.php\/wp-json\/wp\/v2\/types\/product"}],"replies":[{"embeddable":true,"href":"https:\/\/soydeaqui.ddns.net\/pachuca\/index.php\/wp-json\/wp\/v2\/comments?post=89485"}],"wp:featuredmedia":[{"embeddable":true,"href":"https:\/\/soydeaqui.ddns.net\/pachuca\/index.php\/wp-json\/wp\/v2\/media\/89484"}],"wp:attachment":[{"href":"https:\/\/soydeaqui.ddns.net\/pachuca\/index.php\/wp-json\/wp\/v2\/media?parent=89485"}],"wp:term":[{"taxonomy":"product_brand","embeddable":true,"href":"https:\/\/soydeaqui.ddns.net\/pachuca\/index.php\/wp-json\/wp\/v2\/product_brand?post=89485"},{"taxonomy":"product_cat","embeddable":true,"href":"https:\/\/soydeaqui.ddns.net\/pachuca\/index.php\/wp-json\/wp\/v2\/product_cat?post=89485"},{"taxonomy":"product_tag","embeddable":true,"href":"https:\/\/soydeaqui.ddns.net\/pachuca\/index.php\/wp-json\/wp\/v2\/product_tag?post=89485"}],"curies":[{"name":"wp","href":"https:\/\/api.w.org\/{rel}","templated":true}]}}