{"id":89481,"date":"2026-03-20T02:58:32","date_gmt":"2026-03-20T02:58:32","guid":{"rendered":"https:\/\/soydeaqui.ddns.net\/pachuca\/index.php\/producto\/punto-de-acceso-omada-doble-banda-ac1200-mu-mimo-diseno-para-pared-con-3-puertos-adicionales-configuruacion-por-controlador-o-stand-alone-alimentacion-poe-af-at\/"},"modified":"2026-03-20T02:58:38","modified_gmt":"2026-03-20T02:58:38","slug":"punto-de-acceso-omada-doble-banda-ac1200-mu-mimo-diseno-para-pared-con-3-puertos-adicionales-configuruacion-por-controlador-o-stand-alone-alimentacion-poe-af-at","status":"publish","type":"product","link":"https:\/\/soydeaqui.ddns.net\/pachuca\/index.php\/producto\/punto-de-acceso-omada-doble-banda-ac1200-mu-mimo-diseno-para-pared-con-3-puertos-adicionales-configuruacion-por-controlador-o-stand-alone-alimentacion-poe-af-at\/","title":{"rendered":"Punto de acceso Omada \/  Doble Banda AC1200 MU-MIMO \/ Dise\u00f1o para Pared con 3 Puertos Adicionales \/ Configuruaci\u00f3n por Controlador o Stand-Alone \/ Alimentaci\u00f3n PoE af\/at"},"content":{"rendered":"<div style='width: 100%; max-width: 1200px; margin: 0 auto; font-family: sans-serif; line-height: 1.6; color: inherit; background-color: transparent;'> <!-- Contenedor principal --> <\/p>\n<div style='display: flex; flex-direction: column; gap: 30px;'> <!-- Enlace Omada SDN --> <\/p>\n<div style='text-align: center;'>\n<h2 style='margin: 0;'><a href='https:\/\/www.tp-link.com\/es\/omada-sdn\/' style='color: inherit; text-decoration: none; font-size: 1.5em; font-weight: bold;'>Aprende m\u00e1s sobre Omada SDN<\/a><\/h2>\n<\/p><\/div>\n<p> <!-- Imagen principal --> <\/p>\n<div> <img style='width: 100%; height: auto; border: 1px solid rgba(150&comma;150&comma;150&comma;0.3); border-radius: 8px;' src='https:\/\/ftp3.syscom.mx\/usuarios\/fotos\/EAP235WALL\/207925-captura_de_pantalla_2024-02-16_a_la(s)_12.41.11 p.m..png' alt='Captura de pantalla Omada SDN'> <\/div>\n<p> <!-- Secci\u00f3n dise\u00f1o simple --> <\/p>\n<div style='display: flex; flex-direction: column; align-items: center; text-align: center;'>\n<h2 style='font-size: 22px; border-bottom: 2px solid currentColor; padding-bottom: 5px; margin-top: 0; color: inherit; opacity: 0.8;'>Dise\u00f1o simple y delgado.<\/h2>\n<p> <img style='width: 100%; height: auto; border: 1px solid rgba(150&comma;150&comma;150&comma;0.3); border-radius: 8px; max-width: 1000px; margin-top: 15px;' src='https:\/\/ftp3.syscom.mx\/usuarios\/fotos\/EAP235WALL\/207925-image_-_2023-02-23t152638.635.png' alt='Dise\u00f1o simple y delgado'> <\/div>\n<p> <!-- Secci\u00f3n red WiFi privada --> <\/p>\n<div style='display: flex; flex-direction: column; align-items: center; text-align: center;'>\n<h2 style='font-size: 22px; border-bottom: 2px solid currentColor; padding-bottom: 5px; margin-top: 0; color: inherit; opacity: 0.8;'>Red WiFi privada en cualquir ubicaci\u00f3n.<\/h2>\n<p> <img style='width: 100%; height: auto; border: 1px solid rgba(150&comma;150&comma;150&comma;0.3); border-radius: 8px; max-width: 1000px; margin-top: 15px;' src='https:\/\/ftp3.syscom.mx\/usuarios\/fotos\/EAP235WALL\/207925-image_(52).png' alt='Red WiFi privada'> <\/div>\n<p> <!-- Secci\u00f3n m\u00faltiples conexiones --> <\/p>\n<div style='display: flex; flex-direction: column; align-items: center; text-align: center;'>\n<h2 style='font-size: 22px; border-bottom: 2px solid currentColor; padding-bottom: 5px; margin-top: 0; color: inherit; opacity: 0.8;'>Multiples conexiones&comma; para una comunicaci\u00f3n m\u00e1s r\u00e1pida.<\/h2>\n<p> <img style='width: 100%; height: auto; border: 1px solid rgba(150&comma;150&comma;150&comma;0.3); border-radius: 8px; max-width: 1000px; margin-top: 15px;' src='https:\/\/ftp3.syscom.mx\/usuarios\/fotos\/EAP235WALL\/207925-image_(53).png' alt='M\u00faltiples conexiones'> <\/div>\n<p> <!-- Secci\u00f3n instalaci\u00f3n sencilla --> <\/p>\n<div style='display: flex; flex-direction: column; align-items: center; text-align: center;'>\n<h2 style='font-size: 22px; border-bottom: 2px solid currentColor; padding-bottom: 5px; margin-top: 0; color: inherit; opacity: 0.8;'>Instalaci\u00f3n Sencilla.<\/h2>\n<p> <img style='width: 100%; height: auto; border: 1px solid rgba(150&comma;150&comma;150&comma;0.3); border-radius: 8px; max-width: 1000px; margin-top: 15px;' src='https:\/\/ftp3.syscom.mx\/usuarios\/fotos\/EAP235WALL\/207925-image_(54).png' alt='Instalaci\u00f3n sencilla'> <\/div>\n<p> <!-- Secci\u00f3n de especificaciones --> <\/p>\n<div style='display: flex; flex-wrap: wrap; gap: 20px; margin-top: 30px;'>\n<div style='flex: 1 1 250px; border: 1px solid rgba(150&comma; 150&comma; 150&comma; 0.4); border-radius: 8px; overflow: hidden; display: flex; flex-direction: column;'>\n<div style='padding: 15px; border-bottom: 1px solid rgba(150&comma; 150&comma; 150&comma; 0.2); font-weight: bold; font-size: 18px; color: inherit;'>Especificaciones<\/div>\n<div style='padding: 15px; color: inherit;'>\n<ul style='padding-left: 20px; margin: 0; font-size: 14px; list-style-type: disc;'>\n<li style='margin-bottom: 5px;'><strong>Dimensiones:<\/strong> 143 x 86 x 20 mm.<\/li>\n<li style='margin-bottom: 5px;'><strong>Puertos:<\/strong> (1) 10\/100\/1000 Mbps RJ45 (PoE entrada) (3) 10\/100\/1000 Mbps (1 puerto soporta PoE de salida&comma; necesita ser alimentado con PoE +) <span style='color: #27ae60;'>Salida m\u00e1xima 13 W.<\/span><\/li>\n<li style='margin-bottom: 5px;'><strong>Boton Reset:<\/strong> Si<\/li>\n<li style='margin-bottom: 5px;'><strong>Alimentaci\u00f3n:<\/strong> PoE 802.3 af\/at (<span style='color: #e74c3c;'>No incluye el inyector PoE<\/span>) Consumo m\u00e1x: 24.4 W<\/li>\n<li style='margin-bottom: 5px;'><strong>Antenas:<\/strong> 2.4 GHz: 2&#215;3 dBi 5 GHz: 2&#215;5 dBi<\/li>\n<li style='margin-bottom: 5px;'><strong>Montaje:<\/strong> Pared (montaje incluido)<\/li>\n<li style='margin-bottom: 5px;'><strong>Gesti\u00f3n web:<\/strong> Si<\/li>\n<li style='margin-bottom: 5px;'><strong>Garant\u00eda:<\/strong> 2 a\u00f1os<\/li>\n<li style='margin-bottom: 5px;'><strong>Estandares inal\u00e1mbricos:<\/strong> IEEE 802.11 ac\/n\/b\/g\/a<\/li>\n<li style='margin-bottom: 5px;'><strong>Potencia de transmisi\u00f3n:<\/strong> CE: &lt;20 dBm 2.4 GHz \/ &lt;23 dBm 5 GHz FCC: &lt;21 dBm 2.4 GHz \/ &lt;21 dBm 5 GHz<\/li>\n<li style='margin-bottom: 5px;'><strong>Temperatura de operaci\u00f3n:<\/strong> 0 &#8211; 40\u00b0 C<\/li>\n<li style='margin-bottom: 5px;'><strong>Certificaciones:<\/strong> CE&comma; RoHS<\/li>\n<\/ul><\/div>\n<\/p><\/div>\n<p> <!-- Secci\u00f3n de caracter\u00edsticas --> <\/p>\n<div style='flex: 1 1 250px; border: 1px solid rgba(150&comma; 150&comma; 150&comma; 0.4); border-radius: 8px; overflow: hidden; display: flex; flex-direction: column;'>\n<div style='padding: 15px; border-bottom: 1px solid rgba(150&comma; 150&comma; 150&comma; 0.2); font-weight: bold; font-size: 18px; color: inherit;'>Caracter\u00edsticas<\/div>\n<div style='padding: 15px; color: inherit;'>\n<ul style='padding-left: 20px; margin: 0; font-size: 14px; list-style-type: disc;'>\n<li style='margin-bottom: 5px;'>Limite de tr\u00e1fico.<\/li>\n<li style='margin-bottom: 5px;'>Multiples SSID (hasta 16&comma; 8 por banda).<\/li>\n<li style='margin-bottom: 5px;'>Asignaci\u00f3n automatica de canales.<\/li>\n<li style='margin-bottom: 5px;'>Programa de reinicio.<\/li>\n<li style='margin-bottom: 5px;'>Portal cautivo (hotspot).<\/li>\n<li style='margin-bottom: 5px;'>App Omada.<\/li>\n<li style='margin-bottom: 5px;'>MU-MIMO.<\/li>\n<\/ul><\/div>\n<\/p><\/div>\n<p> <!-- Secci\u00f3n de otros --> <\/p>\n<div style='flex: 1 1 250px; border: 1px solid rgba(150&comma; 150&comma; 150&comma; 0.4); border-radius: 8px; overflow: hidden; display: flex; flex-direction: column;'>\n<div style='padding: 15px; border-bottom: 1px solid rgba(150&comma; 150&comma; 150&comma; 0.2); font-weight: bold; font-size: 18px; color: inherit;'>Otros<\/div>\n<div style='padding: 15px; color: inherit;'>\n<ul style='padding-left: 20px; margin: 0; font-size: 14px; list-style-type: disc;'>\n<li style='margin-bottom: 5px;'><strong>Contenido del Paquete:<\/strong> EAP235-WALL Kit de montaje Pared Gu\u00eda de instalaci\u00f3n<\/li>\n<\/ul><\/div>\n<\/p><\/div>\n<\/p><\/div>\n<\/p><\/div>\n<\/p><\/div>\n","protected":false},"excerpt":{"rendered":"<p>Punto de acceso Omada \/  Doble Banda AC1200 MU-MIMO \/ Dise\u00f1o para Pared con 3 Puertos Adicionales \/ Configuruaci\u00f3n por Controlador o Stand-Alone \/ Alimentaci\u00f3n PoE af\/at<\/p>\n","protected":false},"featured_media":89480,"comment_status":"open","ping_status":"closed","template":"","meta":[],"product_brand":[],"product_cat":[1794],"product_tag":[1795,1479,71],"class_list":{"0":"post-89481","1":"product","2":"type-product","3":"status-publish","4":"has-post-thumbnail","6":"product_cat-puntos-de-acceso","7":"product_tag-puntos-de-acceso","8":"product_tag-redes-wifi","9":"product_tag-tp-link","11":"first","12":"instock","13":"sale","14":"shipping-taxable","15":"purchasable","16":"product-type-simple"},"_links":{"self":[{"href":"https:\/\/soydeaqui.ddns.net\/pachuca\/index.php\/wp-json\/wp\/v2\/product\/89481","targetHints":{"allow":["GET"]}}],"collection":[{"href":"https:\/\/soydeaqui.ddns.net\/pachuca\/index.php\/wp-json\/wp\/v2\/product"}],"about":[{"href":"https:\/\/soydeaqui.ddns.net\/pachuca\/index.php\/wp-json\/wp\/v2\/types\/product"}],"replies":[{"embeddable":true,"href":"https:\/\/soydeaqui.ddns.net\/pachuca\/index.php\/wp-json\/wp\/v2\/comments?post=89481"}],"wp:featuredmedia":[{"embeddable":true,"href":"https:\/\/soydeaqui.ddns.net\/pachuca\/index.php\/wp-json\/wp\/v2\/media\/89480"}],"wp:attachment":[{"href":"https:\/\/soydeaqui.ddns.net\/pachuca\/index.php\/wp-json\/wp\/v2\/media?parent=89481"}],"wp:term":[{"taxonomy":"product_brand","embeddable":true,"href":"https:\/\/soydeaqui.ddns.net\/pachuca\/index.php\/wp-json\/wp\/v2\/product_brand?post=89481"},{"taxonomy":"product_cat","embeddable":true,"href":"https:\/\/soydeaqui.ddns.net\/pachuca\/index.php\/wp-json\/wp\/v2\/product_cat?post=89481"},{"taxonomy":"product_tag","embeddable":true,"href":"https:\/\/soydeaqui.ddns.net\/pachuca\/index.php\/wp-json\/wp\/v2\/product_tag?post=89481"}],"curies":[{"name":"wp","href":"https:\/\/api.w.org\/{rel}","templated":true}]}}