{"id":89465,"date":"2026-03-20T02:57:50","date_gmt":"2026-03-20T02:57:50","guid":{"rendered":"https:\/\/soydeaqui.ddns.net\/pachuca\/index.php\/producto\/uisp-switch-gigabit-poe-pasivo-de-capa-2-con-8-puertos-para-implementaciones-micropop\/"},"modified":"2026-03-20T02:58:08","modified_gmt":"2026-03-20T02:58:08","slug":"uisp-switch-gigabit-poe-pasivo-de-capa-2-con-8-puertos-para-implementaciones-micropop","status":"publish","type":"product","link":"https:\/\/soydeaqui.ddns.net\/pachuca\/index.php\/producto\/uisp-switch-gigabit-poe-pasivo-de-capa-2-con-8-puertos-para-implementaciones-micropop\/","title":{"rendered":"UISP Switch Gigabit PoE Pasivo de Capa 2 con 8 Puertos para Implementaciones MicroPoP"},"content":{"rendered":"<div style='width: 100%; max-width: 1200px; margin: 0 auto; font-family: sans-serif; line-height: 1.6; color: inherit; background-color: transparent;'> <!-- Hero Section --> <\/p>\n<div style='display: flex; flex-wrap: wrap; gap: 30px; align-items: center; border: 1px solid rgba(150&comma;150&comma;150&comma;0.3); border-radius: 12px; padding: 20px; margin-bottom: 30px;'>\n<div style='flex: 1 1 320px; min-width: 280px;'> <img style='width: 100%; height: auto; border: 1px solid rgba(150&comma;150&comma;150&comma;0.3); border-radius: 8px;' src='https:\/\/ftp3.syscom.mx\/usuarios\/adiaz\/Ubiquiti\/Imagenes\/UISPS\/uisp-s-1.png' alt='UISP-S'> <\/div>\n<div style='flex: 1 1 360px; min-width: 280px;'>\n<h2 style='font-size: 24px; margin-top: 0; margin-bottom: 10px; color: inherit;'>UISP Switch<\/h2>\n<div style='margin-bottom: 15px; font-weight: 600; opacity: 0.8;'>Modelo: <span style='font-weight: 700; opacity: 1;'>UISP-S<\/span><\/div>\n<p style='margin: 0; color: inherit;'>Switch <strong>Gigabit PoE Pasivo<\/strong> de <strong>Capa 2<\/strong> con <strong>8 puertos<\/strong>&comma; dise\u00f1ado para implementaciones <strong>MicroPoP<\/strong> y redes de acceso administradas con <strong>UISP<\/strong>.<\/p>\n<\/p><\/div>\n<\/p><\/div>\n<p> <!-- Specifications Title --> <\/p>\n<div style='text-align: center; margin: 40px 0 20px;'> <span style='font-size: 22px; font-weight: 700; color: inherit;'>Especificaciones<\/span> <\/div>\n<p> <!-- Features Grid --> <\/p>\n<div style='display: flex; flex-wrap: wrap; gap: 20px; margin-bottom: 30px;'> <!-- Main Features --> <\/p>\n<div style='flex: 1 1 250px; border: 1px solid rgba(150&comma;150&comma;150&comma;0.4); border-radius: 8px; overflow: hidden; display: flex; flex-direction: column;'>\n<div style='padding: 15px; border-bottom: 1px solid rgba(150&comma;150&comma;150&comma;0.2); font-weight: bold; font-size: 18px; color: inherit;'>Caracter\u00edsticas principales<\/div>\n<div style='padding: 15px; color: inherit; flex: 1 1 auto;'>\n<ul style='padding-left: 20px; margin: 0; font-size: 14px; list-style-type: disc;'>\n<li style='margin-bottom: 5px;'><strong>(8)<\/strong> Puertos <strong>GbE<\/strong> RJ45 con salida <strong>PoE<\/strong> pasivo de<strong> 27 V<\/strong><\/li>\n<li style='margin-bottom: 5px;'><strong>(1)<\/strong> Puerto <strong>SFP<\/strong><\/li>\n<li style='margin-bottom: 5px;'><strong>Presupuesto<\/strong> total <strong>PoE<\/strong> de <strong>110 W<\/strong> (27 V)<\/li>\n<li style='margin-bottom: 5px;'>Hasta <strong>15 W<\/strong> por puerto (2 pares) o <strong>30 W<\/strong> por puerto (4 pares)<\/li>\n<li style='margin-bottom: 5px;'>Aislamiento de puertos&comma; limitaci\u00f3n de velocidad y DHCP Snooping<\/li>\n<li style='margin-bottom: 5px;'>Gesti\u00f3n local v\u00eda interfaz web e integraci\u00f3n con aplicaciones UISP<\/li>\n<\/ul><\/div>\n<\/p><\/div>\n<p> <!-- Physical & Electrical --> <\/p>\n<div style='flex: 1 1 250px; border: 1px solid rgba(150&comma;150&comma;150&comma;0.4); border-radius: 8px; overflow: hidden; display: flex; flex-direction: column;'>\n<div style='padding: 15px; border-bottom: 1px solid rgba(150&comma;150&comma;150&comma;0.2); font-weight: bold; font-size: 18px; color: inherit;'>Caracter\u00edsticas f\u00edsicas y el\u00e9ctricas<\/div>\n<div style='padding: 15px; color: inherit; flex: 1 1 auto;'>\n<ul style='padding-left: 20px; margin: 0; font-size: 14px; list-style-type: disc;'>\n<li style='margin-bottom: 5px;'><strong>Dimensiones<\/strong>: 210.4 \u00d7 95 \u00d7 29 mm<\/li>\n<li style='margin-bottom: 5px;'><strong>Peso<\/strong>: 610 g<\/li>\n<li style='margin-bottom: 5px;'><strong>Material de la carcasa<\/strong>: Policarbonato<\/li>\n<li style='margin-bottom: 5px;'><strong>Alimentaci\u00f3n<\/strong>: Adaptador ca\/cc 27 Vcc 4.4 A (incluido)<\/li>\n<li style='margin-bottom: 5px;'><strong>Temperatura de operaci\u00f3n<\/strong>: \u221210 a 50 \u00b0C<\/li>\n<li style='margin-bottom: 5px;'><strong>Humedad de operaci\u00f3n<\/strong>: 5\u201395% sin condensaci\u00f3n<\/li>\n<\/ul><\/div>\n<\/p><\/div>\n<p> <!-- Performance --> <\/p>\n<div style='flex: 1 1 250px; border: 1px solid rgba(150&comma;150&comma;150&comma;0.4); border-radius: 8px; overflow: hidden; display: flex; flex-direction: column;'>\n<div style='padding: 15px; border-bottom: 1px solid rgba(150&comma;150&comma;150&comma;0.2); font-weight: bold; font-size: 18px; color: inherit;'>Rendimiento<\/div>\n<div style='padding: 15px; color: inherit; flex: 1 1 auto;'>\n<ul style='padding-left: 20px; margin: 0; font-size: 14px; list-style-type: disc;'>\n<li style='margin-bottom: 5px;'><strong>Throughput non-blocking<\/strong>: 9 Gbps<\/li>\n<li style='margin-bottom: 5px;'><strong>Capacidad de switching<\/strong>: 18 Gbps<\/li>\n<li style='margin-bottom: 5px;'><strong>Forwarding rate<\/strong>: 13.392 Mpps<\/li>\n<\/ul><\/div>\n<\/p><\/div>\n<p> <!-- PoE --> <\/p>\n<div style='flex: 1 1 250px; border: 1px solid rgba(150&comma;150&comma;150&comma;0.4); border-radius: 8px; overflow: hidden; display: flex; flex-direction: column;'>\n<div style='padding: 15px; border-bottom: 1px solid rgba(150&comma;150&comma;150&comma;0.2); font-weight: bold; font-size: 18px; color: inherit;'>PoE<\/div>\n<div style='padding: 15px; color: inherit; flex: 1 1 auto;'>\n<ul style='padding-left: 20px; margin: 0; font-size: 14px; list-style-type: disc;'>\n<li style='margin-bottom: 5px;'><strong>PoE pasivo 27 V<\/strong> en 2 pares (4&comma;5+\/7&comma;8\u2212) o 4 pares (1&comma;2&comma;4&comma;5+\/3&comma;6&comma;7&comma;8\u2212)<\/li>\n<li style='margin-bottom: 5px;'><strong>Presupuesto total PoE<\/strong>: <strong>110 W<\/strong><\/li>\n<\/ul><\/div>\n<\/p><\/div>\n<\/p><\/div>\n<\/p><\/div>\n","protected":false},"excerpt":{"rendered":"<p>UISP Switch Gigabit PoE Pasivo de Capa 2 con 8 Puertos para Implementaciones MicroPoP<\/p>\n","protected":false},"featured_media":89464,"comment_status":"open","ping_status":"closed","template":"","meta":[],"product_brand":[],"product_cat":[1986],"product_tag":[664,1987,166],"class_list":{"0":"post-89465","1":"product","2":"type-product","3":"status-publish","4":"has-post-thumbnail","6":"product_cat-switches-poe","7":"product_tag-networking","8":"product_tag-switches-poe","9":"product_tag-ubiquiti","11":"first","12":"instock","13":"sale","14":"shipping-taxable","15":"purchasable","16":"product-type-simple"},"_links":{"self":[{"href":"https:\/\/soydeaqui.ddns.net\/pachuca\/index.php\/wp-json\/wp\/v2\/product\/89465","targetHints":{"allow":["GET"]}}],"collection":[{"href":"https:\/\/soydeaqui.ddns.net\/pachuca\/index.php\/wp-json\/wp\/v2\/product"}],"about":[{"href":"https:\/\/soydeaqui.ddns.net\/pachuca\/index.php\/wp-json\/wp\/v2\/types\/product"}],"replies":[{"embeddable":true,"href":"https:\/\/soydeaqui.ddns.net\/pachuca\/index.php\/wp-json\/wp\/v2\/comments?post=89465"}],"wp:featuredmedia":[{"embeddable":true,"href":"https:\/\/soydeaqui.ddns.net\/pachuca\/index.php\/wp-json\/wp\/v2\/media\/89464"}],"wp:attachment":[{"href":"https:\/\/soydeaqui.ddns.net\/pachuca\/index.php\/wp-json\/wp\/v2\/media?parent=89465"}],"wp:term":[{"taxonomy":"product_brand","embeddable":true,"href":"https:\/\/soydeaqui.ddns.net\/pachuca\/index.php\/wp-json\/wp\/v2\/product_brand?post=89465"},{"taxonomy":"product_cat","embeddable":true,"href":"https:\/\/soydeaqui.ddns.net\/pachuca\/index.php\/wp-json\/wp\/v2\/product_cat?post=89465"},{"taxonomy":"product_tag","embeddable":true,"href":"https:\/\/soydeaqui.ddns.net\/pachuca\/index.php\/wp-json\/wp\/v2\/product_tag?post=89465"}],"curies":[{"name":"wp","href":"https:\/\/api.w.org\/{rel}","templated":true}]}}