{"id":89461,"date":"2026-03-20T02:57:40","date_gmt":"2026-03-20T02:57:40","guid":{"rendered":"https:\/\/soydeaqui.ddns.net\/pachuca\/index.php\/producto\/router-inalambrico-mesh-interior-para-hogar-doble-banda-wi-fi-6-ax3000-mbps-3-puerto-gigabit-wan-lan-2-antenas-internas-administracion-mediante-la-app-deco-ios-android-proteccion-homeshie-2\/"},"modified":"2026-03-20T02:57:47","modified_gmt":"2026-03-20T02:57:47","slug":"router-inalambrico-mesh-interior-para-hogar-doble-banda-wi-fi-6-ax3000-mbps-3-puerto-gigabit-wan-lan-2-antenas-internas-administracion-mediante-la-app-deco-ios-android-proteccion-homeshie-2","status":"publish","type":"product","link":"https:\/\/soydeaqui.ddns.net\/pachuca\/index.php\/producto\/router-inalambrico-mesh-interior-para-hogar-doble-banda-wi-fi-6-ax3000-mbps-3-puerto-gigabit-wan-lan-2-antenas-internas-administracion-mediante-la-app-deco-ios-android-proteccion-homeshie-2\/","title":{"rendered":"Router Inal\u00e1mbrico MESH Interior para Hogar \/ Doble Banda Wi-Fi 6 AX3000 Mbps \/ 3 Puerto Gigabit WAN\/LAN \/ 2 Antenas Internas \/ Administraci\u00f3n Mediante la App Deco (iOS, Android) \/ Protecci\u00f3n HomeShield"},"content":{"rendered":"<div style='width: 100%; max-width: 1200px; margin: 0 auto; font-family: sans-serif; line-height: 1.6; color: inherit; background-color: transparent;'> <!-- Imagen principal --> <\/p>\n<div style='margin-bottom: 30px;'> <img style='width: 100%; height: auto; border: 1px solid rgba(150&comma;150&comma;150&comma;0.3); border-radius: 8px;' src='https:\/\/ftp3.syscom.mx\/usuarios\/fotos\/DECOX553PACK\/207923-captura_de_pantalla_2024-02-28_a_la(s)_1.45.50 .p.m..png' alt=''> <\/div>\n<p> <!-- Caracter\u00edsticas Principales --> <\/p>\n<h2 style='text-align: center; font-size: 24px; margin-bottom: 20px; border-bottom: 2px solid currentColor; padding-bottom: 10px; color: inherit; opacity: 0.8;'>Caracter\u00edsticas Principales<\/h2>\n<p> <!-- Imagen de caracter\u00edsticas --> <\/p>\n<div style='margin-bottom: 30px;'> <img style='width: 100%; height: auto; border: 1px solid rgba(150&comma;150&comma;150&comma;0.3); border-radius: 8px;' src='https:\/\/ftp3.syscom.mx\/usuarios\/fotos\/DECOX553PACK\/207923-captura_de_pantalla_2024-02-28_a_la(s)_1.46.03 .p.m..png' alt=''> <\/div>\n<p> <!-- Roaming sin interrupciones --> <\/p>\n<h2 style='text-align: center; font-size: 24px; margin-bottom: 20px; border-bottom: 2px solid currentColor; padding-bottom: 10px; color: inherit; opacity: 0.8;'>Roaming sin interrupciones<\/h2>\n<p> <!-- Imagen de roaming --> <\/p>\n<div style='margin-bottom: 30px;'> <img style='width: 100%; height: auto; border: 1px solid rgba(150&comma;150&comma;150&comma;0.3); border-radius: 8px;' src='https:\/\/ftp3.syscom.mx\/usuarios\/fotos\/DECOX553PACK\/207923-captura_de_pantalla_2024-02-28_a_la(s)_1.51.10 .p.m..png' alt=''> <\/div>\n<p> <!-- Configuraci\u00f3n mediante aplicaci\u00f3n celular --> <\/p>\n<h2 style='text-align: center; font-size: 24px; margin-bottom: 20px; border-bottom: 2px solid currentColor; padding-bottom: 10px; color: inherit; opacity: 0.8;'>Configuraci\u00f3n mediante aplicaci\u00f3n celular<\/h2>\n<p> <!-- Imagen de configuraci\u00f3n --> <\/p>\n<div style='margin-bottom: 30px;'> <img style='width: 100%; height: auto; border: 1px solid rgba(150&comma;150&comma;150&comma;0.3); border-radius: 8px;' src='https:\/\/ftp3.syscom.mx\/usuarios\/fotos\/DECOX553PACK\/207923-captura_de_pantalla_2024-02-28_a_la(s)_1.46.40 .p.m..png' alt=''> <\/div>\n<p> <!-- Nueva Banda WiFi 6 --> <\/p>\n<h2 style='text-align: center; font-size: 24px; margin-bottom: 20px; border-bottom: 2px solid currentColor; padding-bottom: 10px; color: inherit; opacity: 0.8;'>Nueva Banda WiFi 6&comma; nuevas posibilidades<\/h2>\n<p> <!-- Imagen WiFi 6 --> <\/p>\n<div style='margin-bottom: 30px;'> <img style='width: 100%; height: auto; border: 1px solid rgba(150&comma;150&comma;150&comma;0.3); border-radius: 8px;' src='https:\/\/ftp3.syscom.mx\/usuarios\/fotos\/DECOX553PACK\/207923-captura_de_pantalla_2024-02-28_a_la(s)_1.46.14 .p.m..png' alt=''> <\/div>\n<p> <!-- Protecci\u00f3n TP-Link HomeShield --> <\/p>\n<h2 style='text-align: center; font-size: 24px; margin-bottom: 20px; border-bottom: 2px solid currentColor; padding-bottom: 10px; color: inherit; opacity: 0.8;'>Protecci\u00f3n de tu red con TP-Link HomeShield<\/h2>\n<p> <!-- Imagen HomeShield --> <\/p>\n<div style='margin-bottom: 30px;'> <img style='width: 100%; height: auto; border: 1px solid rgba(150&comma;150&comma;150&comma;0.3); border-radius: 8px;' src='https:\/\/ftp3.syscom.mx\/usuarios\/fotos\/DECOX50OUTDOOR\/227675-captura_de_pantalla_2024-02-27_a_la(s)_10.51.09 .a.m..png' alt=''> <\/div>\n<p> <!-- Separador --> <\/p>\n<hr style='border: 0; border-top: 1px solid rgba(150&comma; 150&comma; 150&comma; 0.3); margin: 30px 0;'> <!-- Especificaciones --> <\/p>\n<div style='display: flex; flex-wrap: wrap; gap: 20px; margin-bottom: 30px;'>\n<div style='flex: 1 1 300px; min-width: 280px;'>\n<div style='border: 1px solid rgba(150&comma; 150&comma; 150&comma; 0.4); border-radius: 8px; overflow: hidden;'>\n<div style='padding: 15px; border-bottom: 1px solid rgba(150&comma; 150&comma; 150&comma; 0.2); font-weight: bold; font-size: 18px; color: inherit;'>Especificaciones<\/div>\n<div style='padding: 15px; color: inherit;'>\n<ul style='padding-left: 20px; margin: 0; font-size: 14px; list-style-type: disc;'>\n<li style='margin-bottom: 5px;'><strong>Dimensiones:<\/strong> 110 x 110 x 114 mm<\/li>\n<li style='margin-bottom: 5px;'><strong>Puertos:<\/strong> (3) Puerto 10\/100\/1000 Mbps Detecci\u00f3n Autom\u00e1tica WAN\/LAN<\/li>\n<li style='margin-bottom: 5px;'><strong>Modos de Operaci\u00f3n:<\/strong> Router \/ Punto de Acceso<\/li>\n<li style='margin-bottom: 5px;'><strong>Garant\u00eda:<\/strong> 2 a\u00f1os<\/li>\n<li style='margin-bottom: 5px;'><strong>Gesti\u00f3n:<\/strong> Mediante Aplicaci\u00f3n (iOS \/ Android)<\/li>\n<li style='margin-bottom: 5px;'><strong>Consumo m\u00e1x:<\/strong> 16 W<\/li>\n<li style='margin-bottom: 5px;'><strong>Alimentaci\u00f3n:<\/strong> 12 Vcc \/ 1.2A<\/li>\n<li style='margin-bottom: 5px;'><strong>Antenas:<\/strong> 2 Antenas Internas<\/li>\n<li style='margin-bottom: 5px;'><strong>WiFi:<\/strong> WiFi 6<\/li>\n<li style='margin-bottom: 5px;'><strong>Bot\u00f3n Reset:<\/strong> S\u00ed<\/li>\n<\/ul><\/div>\n<\/p><\/div>\n<\/p><\/div>\n<div style='flex: 1 1 300px; min-width: 280px;'>\n<div style='border: 1px solid rgba(150&comma; 150&comma; 150&comma; 0.4); border-radius: 8px; overflow: hidden;'>\n<div style='padding: 15px; border-bottom: 1px solid rgba(150&comma; 150&comma; 150&comma; 0.2); font-weight: bold; font-size: 18px; color: inherit;'>Seguridad Inal\u00e1mbrica<\/div>\n<div style='padding: 15px; color: inherit;'>\n<ul style='padding-left: 20px; margin: 0; font-size: 14px; list-style-type: disc;'>\n<li style='margin-bottom: 5px;'>WPA\/WPA2\/WPA3<\/li>\n<\/ul><\/div>\n<\/p><\/div>\n<\/p><\/div>\n<div style='flex: 1 1 300px; min-width: 280px;'>\n<div style='border: 1px solid rgba(150&comma; 150&comma; 150&comma; 0.4); border-radius: 8px; overflow: hidden;'>\n<div style='padding: 15px; border-bottom: 1px solid rgba(150&comma; 150&comma; 150&comma; 0.2); font-weight: bold; font-size: 18px; color: inherit;'>Reenv\u00edo NAT<\/div>\n<div style='padding: 15px; color: inherit;'>\n<ul style='padding-left: 20px; margin: 0; font-size: 14px; list-style-type: disc;'>\n<li style='margin-bottom: 5px;'>Reenv\u00edo de puertos<\/li>\n<li style='margin-bottom: 5px;'>uPnP<\/li>\n<\/ul><\/div>\n<\/p><\/div>\n<\/p><\/div>\n<div style='flex: 1 1 300px; min-width: 280px;'>\n<div style='border: 1px solid rgba(150&comma; 150&comma; 150&comma; 0.4); border-radius: 8px; overflow: hidden;'>\n<div style='padding: 15px; border-bottom: 1px solid rgba(150&comma; 150&comma; 150&comma; 0.2); font-weight: bold; font-size: 18px; color: inherit;'>Tipos de conexi\u00f3n WAN<\/div>\n<div style='padding: 15px; color: inherit;'>\n<ul style='padding-left: 20px; margin: 0; font-size: 14px; list-style-type: disc;'>\n<li style='margin-bottom: 5px;'>IP est\u00e1tica\/din\u00e1mica<\/li>\n<li style='margin-bottom: 5px;'>PPPoE<\/li>\n<li style='margin-bottom: 5px;'>PPTP<\/li>\n<li style='margin-bottom: 5px;'>L2TP<\/li>\n<li style='margin-bottom: 5px;'>Banda ancha m\u00f3vil<\/li>\n<\/ul><\/div>\n<\/p><\/div>\n<\/p><\/div>\n<div style='flex: 1 1 300px; min-width: 280px;'>\n<div style='border: 1px solid rgba(150&comma; 150&comma; 150&comma; 0.4); border-radius: 8px; overflow: hidden;'>\n<div style='padding: 15px; border-bottom: 1px solid rgba(150&comma; 150&comma; 150&comma; 0.2); font-weight: bold; font-size: 18px; color: inherit;'>Caracter\u00edsticas WiFi<\/div>\n<div style='padding: 15px; color: inherit;'>\n<ul style='padding-left: 20px; margin: 0; font-size: 14px; list-style-type: disc;'>\n<li style='margin-bottom: 5px;'>Tecnolog\u00eda Mesh TP-Link (Solo Compatible con Decos)<\/li>\n<li style='margin-bottom: 5px;'>MU-MIMO 2X2: Se comunica simult\u00e1neamente con m\u00faltiples clientes<\/li>\n<li style='margin-bottom: 5px;'>OFDMA: Se comunica simult\u00e1neamente con m\u00faltiples clientes WiFi 6<\/li>\n<li style='margin-bottom: 5px;'>4 Streams: Ancho de Banda para los dispositivos<\/li>\n<\/ul><\/div>\n<\/p><\/div>\n<\/p><\/div>\n<div style='flex: 1 1 300px; min-width: 280px;'>\n<div style='border: 1px solid rgba(150&comma; 150&comma; 150&comma; 0.4); border-radius: 8px; overflow: hidden;'>\n<div style='padding: 15px; border-bottom: 1px solid rgba(150&comma; 150&comma; 150&comma; 0.2); font-weight: bold; font-size: 18px; color: inherit;'>HomeShield<\/div>\n<div style='padding: 15px; color: inherit;'>\n<ul style='padding-left: 20px; margin: 0; font-size: 14px; list-style-type: disc;'>\n<li style='margin-bottom: 5px;'>Seguridad de la red<\/li>\n<li style='margin-bottom: 5px;'>Calidad de Servicio<\/li>\n<li style='margin-bottom: 5px;'>Controles Parentales<\/li>\n<li style='margin-bottom: 5px;'>Informes Completos<\/li>\n<\/ul>\n<p style='margin-top: 15px; font-size: 14px;'><a href='https:\/\/www.tp-link.com\/mx\/homeshield\/' style='color: inherit; text-decoration: underline;' target='_blank'>M\u00e1s informaci\u00f3n sobre HomeShield<\/a><\/p>\n<\/p><\/div>\n<\/p><\/div>\n<\/p><\/div>\n<div style='flex: 1 1 300px; min-width: 280px;'>\n<div style='border: 1px solid rgba(150&comma; 150&comma; 150&comma; 0.4); border-radius: 8px; overflow: hidden;'>\n<div style='padding: 15px; border-bottom: 1px solid rgba(150&comma; 150&comma; 150&comma; 0.2); font-weight: bold; font-size: 18px; color: inherit;'>Control Parental<\/div>\n<div style='padding: 15px; color: inherit;'>\n<ul style='padding-left: 20px; margin: 0; font-size: 14px; list-style-type: disc;'>\n<li style='margin-bottom: 5px;'>Perfiles de Usuario por edad<\/li>\n<li style='margin-bottom: 5px;'>Bloqueo de aplicaciones<\/li>\n<li style='margin-bottom: 5px;'>Filtrado web<\/li>\n<li style='margin-bottom: 5px;'>B\u00fasqueda segura<\/li>\n<\/ul><\/div>\n<\/p><\/div>\n<\/p><\/div>\n<div style='flex: 1 1 300px; min-width: 280px;'>\n<div style='border: 1px solid rgba(150&comma; 150&comma; 150&comma; 0.4); border-radius: 8px; overflow: hidden;'>\n<div style='padding: 15px; border-bottom: 1px solid rgba(150&comma; 150&comma; 150&comma; 0.2); font-weight: bold; font-size: 18px; color: inherit;'>Potencia de Transmisi\u00f3n WiFi<\/div>\n<div style='padding: 15px; color: inherit;'>\n<ul style='padding-left: 20px; margin: 0; font-size: 14px; list-style-type: disc;'>\n<li style='margin-bottom: 5px;'>CE: &lt;20 dBm (2&comma;4 GHz) \/ &lt;23 dBm (5 GHz)<\/li>\n<li style='margin-bottom: 5px;'>FCC: &lt;30 dBm (2&comma;4 GHz) \/ &lt;30 dBm (5 GHz)<\/li>\n<\/ul><\/div>\n<\/p><\/div>\n<\/p><\/div>\n<div style='flex: 1 1 300px; min-width: 280px;'>\n<div style='border: 1px solid rgba(150&comma; 150&comma; 150&comma; 0.4); border-radius: 8px; overflow: hidden;'>\n<div style='padding: 15px; border-bottom: 1px solid rgba(150&comma; 150&comma; 150&comma; 0.2); font-weight: bold; font-size: 18px; color: inherit;'>Otros<\/div>\n<div style='padding: 15px; color: inherit;'>\n<ul style='padding-left: 20px; margin: 0; font-size: 14px; list-style-type: disc;'>\n<li style='margin-bottom: 5px;'><strong>Temperatura de operaci\u00f3n:<\/strong> 0 a 40\u00b0 C<\/li>\n<li style='margin-bottom: 5px;'><strong>Certificaciones:<\/strong> CE&comma; FCC&comma; RoHS<\/li>\n<li style='margin-bottom: 5px;'><strong>Contenido del Paquete:<\/strong> 1 Deco X55&comma; 1 Cable Ethernet RJ45&comma; 1 Fuente de Poder&comma; 1 Gu\u00eda de instalaci\u00f3n r\u00e1pida<\/li>\n<\/ul><\/div>\n<\/p><\/div>\n<\/p><\/div>\n<\/p><\/div>\n<\/p><\/div>\n","protected":false},"excerpt":{"rendered":"<p>Router Inal\u00e1mbrico MESH Interior para Hogar \/ Doble Banda Wi-Fi 6 AX3000 Mbps \/ 3 Puerto Gigabit WAN\/LAN \/ 2 Antenas Internas \/ Administraci\u00f3n Mediante la App Deco (iOS, Android) \/ Protecci\u00f3n HomeShield<\/p>\n","protected":false},"featured_media":89460,"comment_status":"open","ping_status":"closed","template":"","meta":[],"product_brand":[],"product_cat":[2036,2035,2034],"product_tag":[2039,2038,664,2037,71],"class_list":{"0":"post-89461","1":"product","2":"type-product","3":"status-publish","4":"has-post-thumbnail","6":"product_cat-balanceadores","7":"product_cat-firewalls","8":"product_cat-routers","9":"product_tag-balanceadores","10":"product_tag-firewalls","11":"product_tag-networking","12":"product_tag-routers","13":"product_tag-tp-link","15":"first","16":"instock","17":"sale","18":"shipping-taxable","19":"purchasable","20":"product-type-simple"},"_links":{"self":[{"href":"https:\/\/soydeaqui.ddns.net\/pachuca\/index.php\/wp-json\/wp\/v2\/product\/89461","targetHints":{"allow":["GET"]}}],"collection":[{"href":"https:\/\/soydeaqui.ddns.net\/pachuca\/index.php\/wp-json\/wp\/v2\/product"}],"about":[{"href":"https:\/\/soydeaqui.ddns.net\/pachuca\/index.php\/wp-json\/wp\/v2\/types\/product"}],"replies":[{"embeddable":true,"href":"https:\/\/soydeaqui.ddns.net\/pachuca\/index.php\/wp-json\/wp\/v2\/comments?post=89461"}],"wp:featuredmedia":[{"embeddable":true,"href":"https:\/\/soydeaqui.ddns.net\/pachuca\/index.php\/wp-json\/wp\/v2\/media\/89460"}],"wp:attachment":[{"href":"https:\/\/soydeaqui.ddns.net\/pachuca\/index.php\/wp-json\/wp\/v2\/media?parent=89461"}],"wp:term":[{"taxonomy":"product_brand","embeddable":true,"href":"https:\/\/soydeaqui.ddns.net\/pachuca\/index.php\/wp-json\/wp\/v2\/product_brand?post=89461"},{"taxonomy":"product_cat","embeddable":true,"href":"https:\/\/soydeaqui.ddns.net\/pachuca\/index.php\/wp-json\/wp\/v2\/product_cat?post=89461"},{"taxonomy":"product_tag","embeddable":true,"href":"https:\/\/soydeaqui.ddns.net\/pachuca\/index.php\/wp-json\/wp\/v2\/product_tag?post=89461"}],"curies":[{"name":"wp","href":"https:\/\/api.w.org\/{rel}","templated":true}]}}