{"id":89448,"date":"2026-03-20T02:56:58","date_gmt":"2026-03-20T02:56:58","guid":{"rendered":"https:\/\/soydeaqui.ddns.net\/pachuca\/index.php\/producto\/uisp-router-gigabit-poe-pasivo-con-8-puertos-para-implementaciones-micropop-y-redes-seguras\/"},"modified":"2026-03-20T02:57:11","modified_gmt":"2026-03-20T02:57:11","slug":"uisp-router-gigabit-poe-pasivo-con-8-puertos-para-implementaciones-micropop-y-redes-seguras","status":"publish","type":"product","link":"https:\/\/soydeaqui.ddns.net\/pachuca\/index.php\/producto\/uisp-router-gigabit-poe-pasivo-con-8-puertos-para-implementaciones-micropop-y-redes-seguras\/","title":{"rendered":"UISP Router Gigabit PoE Pasivo con 8 Puertos para Implementaciones MicroPoP y Redes Seguras"},"content":{"rendered":"<div style='width: 100%; max-width: 1200px; margin: 0 auto; font-family: sans-serif; line-height: 1.6; color: inherit; background-color: transparent;'> <!-- Hero --> <\/p>\n<div style='display: flex; flex-wrap: wrap; gap: 30px; align-items: center; border: 1px solid rgba(150&comma;150&comma;150&comma;0.3); border-radius: 12px; padding: 20px;'>\n<div style='flex: 1 1 320px; min-width: 280px;'> <img style='width: 100%; height: auto; border: 1px solid rgba(150&comma;150&comma;150&comma;0.3); border-radius: 12px;' src='https:\/\/ftp3.syscom.mx\/usuarios\/adiaz\/Ubiquiti\/Imagenes\/UISPR\/UISPR.avif' alt='UISP-R'> <\/div>\n<div style='flex: 1 1 360px; min-width: 280px;'>\n<h2 style='font-size: 24px; margin-top: 0; margin-bottom: 8px; color: inherit;'>UISP Router<\/h2>\n<div style='margin-bottom: 12px; font-weight: 600; color: inherit; opacity: 0.8;'>Modelo: <span style='font-weight: bold;'>UISP-R<\/span><\/div>\n<p style='margin: 0;'>Router <strong>Gigabit PoE Pasivo<\/strong> con 8 Puertos para Implementaciones MicroPoP.<\/p>\n<\/p><\/div>\n<\/p><\/div>\n<p> <!-- T\u00edtulo Especificaciones --> <\/p>\n<div style='text-align: center; margin: 30px 0 18px;'> <span style='font-size: 1.35rem; color: inherit; font-weight: bold; border-bottom: 2px solid currentColor; padding-bottom: 6px; display: inline-block;'>Especificaciones<\/span> <\/div>\n<p> <!-- Grid de tarjetas --> <\/p>\n<div style='display: flex; flex-wrap: wrap; gap: 20px; margin-bottom: 30px;'> <!-- Card: Caracter\u00edsticas principales --> <\/p>\n<div style='flex: 1 1 280px; min-width: 260px;'>\n<div style='border: 1px solid rgba(150&comma;150&comma;150&comma;0.4); border-radius: 8px; overflow: hidden; display: flex; flex-direction: column; height: 100%;'>\n<div style='padding: 15px; border-bottom: 1px solid rgba(150&comma;150&comma;150&comma;0.2); font-weight: bold; font-size: 18px; color: inherit;'>Caracter\u00edsticas principales<\/div>\n<div style='padding: 15px; color: inherit; flex: 1 1 auto;'>\n<ul style='padding-left: 20px; margin: 0; font-size: 14px; list-style-type: disc;'>\n<li style='margin-bottom: 8px;'>(8) Puertos GbE RJ45 con salida PoE pasivo de 27 V<\/li>\n<li style='margin-bottom: 8px;'>(1) Puerto SFP<\/li>\n<li style='margin-bottom: 8px;'>Disponibilidad total de PoE de 110 W (27 V)*&comma; 15 W\/puerto (2 pares)\/30 W\/puerto (4 pares)<\/li>\n<li style='margin-bottom: 8px;'>Rendimiento NAT de hasta 1 Gbps**<\/li>\n<li style='margin-bottom: 8px;'>Funcionalidad de Traffic Shaping y suspensi\u00f3n automatizada de clientes<\/li>\n<li style='margin-bottom: 8px;'>Firewall y Enrutamiento OSPF<\/li>\n<li style='margin-bottom: 8px;'>*Al alimentarse con el adaptador CA\/CC incluido.<\/li>\n<li style='margin-bottom: 8px;'>**Hasta 500 Mbps con NetFlow habilitado; hasta 400 Mbps con Traffic Shaping habilitado.<\/li>\n<\/ul><\/div>\n<\/p><\/div>\n<\/p><\/div>\n<p> <!-- Card: F\u00edsicas y el\u00e9ctricas --> <\/p>\n<div style='flex: 1 1 280px; min-width: 260px;'>\n<div style='border: 1px solid rgba(150&comma;150&comma;150&comma;0.4); border-radius: 8px; overflow: hidden; display: flex; flex-direction: column; height: 100%;'>\n<div style='padding: 15px; border-bottom: 1px solid rgba(150&comma;150&comma;150&comma;0.2); font-weight: bold; font-size: 18px; color: inherit;'>Caracter\u00edsticas f\u00edsicas y el\u00e9ctricas<\/div>\n<div style='padding: 15px; color: inherit; flex: 1 1 auto;'>\n<ul style='padding-left: 20px; margin: 0; font-size: 14px; list-style-type: disc;'>\n<li style='margin-bottom: 8px;'>Dimensiones: 210.4 x 95 x 29 mm (8.3 x 3.7 x 1.1&#8242;)<\/li>\n<li style='margin-bottom: 8px;'>Peso: 600&nbsp;g (1.3&nbsp;lb)<\/li>\n<li style='margin-bottom: 8px;'>Material de la carcasa: Policarbonato.<\/li>\n<li style='margin-bottom: 8px;'>Alimentaci\u00f3n: Adaptador ca\/cc: 27 Vcc 4.4A (incluido)<\/li>\n<li style='margin-bottom: 8px;'>Temperatura de operaci\u00f3n: \u221210 a 50&nbsp;\u00b0C (14 a 122&nbsp;\u00b0F)<\/li>\n<li style='margin-bottom: 8px;'>Humedad de operaci\u00f3n: 5\u201395% sin condensaci\u00f3n<\/li>\n<\/ul><\/div>\n<\/p><\/div>\n<\/p><\/div>\n<p> <!-- Card: Caracter\u00edsticas avanzadas --> <\/p>\n<div style='flex: 1 1 280px; min-width: 260px;'>\n<div style='border: 1px solid rgba(150&comma;150&comma;150&comma;0.4); border-radius: 8px; overflow: hidden; display: flex; flex-direction: column; height: 100%;'>\n<div style='padding: 15px; border-bottom: 1px solid rgba(150&comma;150&comma;150&comma;0.2); font-weight: bold; font-size: 18px; color: inherit;'>PoE<\/div>\n<div style='padding: 15px; color: inherit; flex: 1 1 auto;'>\n<ul style='padding-left: 20px; margin: 0; font-size: 14px; list-style-type: disc;'>\n<li style='margin-bottom: 8px;'>Interfaz PoE: (8) PoE pasivo de 27 V: 2 pares (pines 4&comma; 5+\/7&comma; \ud83d\ude0e o 4 pares (pines 1&comma; 2&comma; 4&comma; 5+\/3&comma; 6&comma; 7&comma; 8-).<\/li>\n<li style='margin-bottom: 8px;'>Total de PoE: 110W<\/li>\n<\/ul><\/div>\n<\/p><\/div>\n<\/p><\/div>\n<\/p><\/div>\n<p> <!-- Separador --> <\/p>\n<hr style='border: 0; border-top: 1px solid rgba(150&comma; 150&comma; 150&comma; 0.3); margin: 30px 0;'> <\/div>\n","protected":false},"excerpt":{"rendered":"<p>UISP Router Gigabit PoE Pasivo con 8 Puertos para Implementaciones MicroPoP y Redes Seguras<\/p>\n","protected":false},"featured_media":89447,"comment_status":"open","ping_status":"closed","template":"","meta":[],"product_brand":[],"product_cat":[2036,2035,2034],"product_tag":[2039,2038,664,2037,166],"class_list":{"0":"post-89448","1":"product","2":"type-product","3":"status-publish","4":"has-post-thumbnail","6":"product_cat-balanceadores","7":"product_cat-firewalls","8":"product_cat-routers","9":"product_tag-balanceadores","10":"product_tag-firewalls","11":"product_tag-networking","12":"product_tag-routers","13":"product_tag-ubiquiti","15":"first","16":"instock","17":"sale","18":"shipping-taxable","19":"purchasable","20":"product-type-simple"},"_links":{"self":[{"href":"https:\/\/soydeaqui.ddns.net\/pachuca\/index.php\/wp-json\/wp\/v2\/product\/89448","targetHints":{"allow":["GET"]}}],"collection":[{"href":"https:\/\/soydeaqui.ddns.net\/pachuca\/index.php\/wp-json\/wp\/v2\/product"}],"about":[{"href":"https:\/\/soydeaqui.ddns.net\/pachuca\/index.php\/wp-json\/wp\/v2\/types\/product"}],"replies":[{"embeddable":true,"href":"https:\/\/soydeaqui.ddns.net\/pachuca\/index.php\/wp-json\/wp\/v2\/comments?post=89448"}],"wp:featuredmedia":[{"embeddable":true,"href":"https:\/\/soydeaqui.ddns.net\/pachuca\/index.php\/wp-json\/wp\/v2\/media\/89447"}],"wp:attachment":[{"href":"https:\/\/soydeaqui.ddns.net\/pachuca\/index.php\/wp-json\/wp\/v2\/media?parent=89448"}],"wp:term":[{"taxonomy":"product_brand","embeddable":true,"href":"https:\/\/soydeaqui.ddns.net\/pachuca\/index.php\/wp-json\/wp\/v2\/product_brand?post=89448"},{"taxonomy":"product_cat","embeddable":true,"href":"https:\/\/soydeaqui.ddns.net\/pachuca\/index.php\/wp-json\/wp\/v2\/product_cat?post=89448"},{"taxonomy":"product_tag","embeddable":true,"href":"https:\/\/soydeaqui.ddns.net\/pachuca\/index.php\/wp-json\/wp\/v2\/product_tag?post=89448"}],"curies":[{"name":"wp","href":"https:\/\/api.w.org\/{rel}","templated":true}]}}