{"id":89442,"date":"2026-03-20T02:56:43","date_gmt":"2026-03-20T02:56:43","guid":{"rendered":"https:\/\/soydeaqui.ddns.net\/pachuca\/index.php\/producto\/punto-de-acceso-unifi-wifi-6-mesh-para-interior-exterior-doble-banda-5-ghz-4x4-mu-mimo-y-ofdma-2-4-ghz-2x2-mimo\/"},"modified":"2026-03-20T02:56:55","modified_gmt":"2026-03-20T02:56:55","slug":"punto-de-acceso-unifi-wifi-6-mesh-para-interior-exterior-doble-banda-5-ghz-4x4-mu-mimo-y-ofdma-2-4-ghz-2x2-mimo","status":"publish","type":"product","link":"https:\/\/soydeaqui.ddns.net\/pachuca\/index.php\/producto\/punto-de-acceso-unifi-wifi-6-mesh-para-interior-exterior-doble-banda-5-ghz-4x4-mu-mimo-y-ofdma-2-4-ghz-2x2-mimo\/","title":{"rendered":"Punto de Acceso UniFi WiFi 6 Mesh, para interior\/exterior, doble banda, 5 GHz (4&#215;4 MU-MIMO y OFDMA) \/ 2.4 GHz (2&#215;2 MIMO)"},"content":{"rendered":"<div style='width: 100%; max-width: 1200px; margin: 0 auto; font-family: sans-serif; line-height: 1.6; color: inherit; background-color: transparent;'> <!-- Secci\u00f3n de descripci\u00f3n --> <\/p>\n<div style='display: flex; flex-wrap: wrap; gap: 30px; margin-bottom: 30px;'>\n<div style='flex: 1 1 300px; min-width: 280px;'>\n<h3 style='font-size: 22px; border-bottom: 2px solid currentColor; padding-bottom: 5px; margin-top: 0; color: inherit; opacity: 0.8;'>Descripci\u00f3n<\/h3>\n<p style='font-size: 15px; color: inherit;'>Mesh (U6 Mesh) es un punto de acceso WiFi 6 de cuatro flujos de alto rendimiento que proporciona la mejor malla de se\u00f1al de su clase&comma; para mejorar la cobertura inal\u00e1mbrica de las redes dom\u00e9sticas y empresariales.<\/p>\n<p style='font-size: 15px; color: inherit;'>U6 Mesh puede alcanzar una tasa de rendimiento total de hasta 5&comma;3 Gbps con sus bandas de 5 GHz (4&#215;4 MU-MIMO y OFDMA) y 2&comma;4 GHz (2&#215;2 MIMO). Este punto de acceso opera en MIMO 4&#215;4 con canales de 160 MHz para crear enlaces ascendentes inal\u00e1mbricos de alta capacidad y facilitar una transferencia de datos m\u00e1s r\u00e1pida.<\/p>\n<p style='font-size: 15px; color: inherit;'>U6 Mesh es lo suficientemente discreto como para colocarlo en cualquier lugar de su hogar u oficina&comma; pero tambi\u00e9n lo suficientemente resistente como para operar de manera confiable al aire libre gracias a su carcasa impermeable con clasificaci\u00f3n IPX5.<\/p>\n<p style='font-size: 15px; color: inherit;'>Es un dispositivo plug-and-play dise\u00f1ado para extender f\u00e1cilmente su se\u00f1al inal\u00e1mbrica garantizando una cobertura completa y sin interrupciones y una conectividad WiFi de alta calidad.<\/p>\n<p style='font-size: 15px; color: inherit;'>Se puede configurar en minutos y administrar completamente con la aplicaci\u00f3n web o la aplicaci\u00f3n m\u00f3vil UniFi Network.<\/p>\n<\/p><\/div>\n<\/p><\/div>\n<p> <!-- Secci\u00f3n de caracter\u00edsticas --> <\/p>\n<div style='display: flex; flex-wrap: wrap; gap: 30px; margin-bottom: 30px;'>\n<div style='flex: 1 1 300px; min-width: 280px;'>\n<h3 style='font-size: 22px; border-bottom: 2px solid currentColor; padding-bottom: 5px; margin-top: 0; color: inherit; opacity: 0.8;'>Caracter\u00edsticas principales<\/h3>\n<ul style='padding-left: 20px; font-size: 15px; color: inherit;'>\n<li style='margin-bottom: 5px;'>Compatibilidad con WiFi 6 (bandas de 2&comma;4\/5 GHz)<\/li>\n<li style='margin-bottom: 5px;'>2 x 2 (UL MU-MIMO)<\/li>\n<li style='margin-bottom: 5px;'>4 x 4 (DL\/UL MU-MIMO)<\/li>\n<li style='margin-bottom: 5px;'>Ganancia de 3 dBi en 2.4Ghz y 5 dBi en 5 Ghz<\/li>\n<li style='margin-bottom: 5px;'>Tasa de rendimiento agregado de 5&comma;3 Gbps<\/li>\n<li style='margin-bottom: 5px;'>Patr\u00f3n de antena horizontal para ampliar el \u00e1rea de cobertura<\/li>\n<li style='margin-bottom: 5px;'>(1) puerto GbE RJ45 (entrada PoE)*<\/li>\n<li style='margin-bottom: 5px;'>Carcasa resistente al agua con clasificaci\u00f3n IPX5<\/li>\n<li style='margin-bottom: 5px;'>M\u00e1ximo consumo 11.4W<\/li>\n<li style='margin-bottom: 5px;'>Inyector PoE 48V&comma; 0.32A (INCLUIDO)<\/li>\n<\/ul><\/div>\n<\/p><\/div>\n<p> <!-- Secci\u00f3n de im\u00e1genes --> <\/p>\n<div style='display: flex; flex-wrap: wrap; gap: 30px; margin-bottom: 30px;'>\n<div style='flex: 1 1 300px; min-width: 280px;'> <img style='width: 100%; height: auto; border: 1px solid rgba(150&comma;150&comma;150&comma;0.3); border-radius: 8px;' src='https:\/\/ftp3.syscom.mx\/usuarios\/fotos\/U6MESH\/207903-u6mesh_instalacion.png' alt='Instalaci\u00f3n U6 Mesh'> <\/div>\n<div style='flex: 1 1 300px; min-width: 280px;'> <img style='width: 100%; height: auto; border: 1px solid rgba(150&comma;150&comma;150&comma;0.3); border-radius: 8px;' src='https:\/\/ftp3.syscom.mx\/usuarios\/fotos\/U6MESH\/207903-u6mesh_medidas.png' alt='Medidas U6 Mesh'> <\/div>\n<\/p><\/div>\n<p> <!-- Secci\u00f3n de opciones de montaje --> <\/p>\n<div style='margin-bottom: 30px;'>\n<h3 style='font-size: 22px; border-bottom: 2px solid currentColor; padding-bottom: 5px; margin-top: 0; color: inherit; opacity: 0.8;'>Opciones de montaje<\/h3>\n<div style='margin-bottom: 15px;'> <img style='width: 100%; height: auto; border: 1px solid rgba(150&comma;150&comma;150&comma;0.3); border-radius: 8px;' src='https:\/\/ftp3.syscom.mx\/usuarios\/fotos\/U6MESH\/207903-opciones_u6mesh.png' alt='Opciones de montaje U6 Mesh'> <\/div>\n<p style='font-size: 15px; color: inherit;'><strong>NOTA:<\/strong> Para instalar en exterior es necesario utilizar la base que cubre el fondo.<\/p>\n<\/p><\/div>\n<p> <!-- Secci\u00f3n de contenido del paquete --> <\/p>\n<div style='margin-bottom: 30px;'>\n<h3 style='font-size: 22px; border-bottom: 2px solid currentColor; padding-bottom: 5px; margin-top: 0; color: inherit; opacity: 0.8;'>Contenido del paquete<\/h3>\n<div style='margin-bottom: 15px;'> <img style='width: 100%; height: auto; border: 1px solid rgba(150&comma;150&comma;150&comma;0.3); border-radius: 8px;' src='https:\/\/ftp3.syscom.mx\/usuarios\/fotos\/U6MESH\/207903-u6mesh_contenido.png' alt='Contenido del paquete U6 Mesh'> <\/div>\n<\/p><\/div>\n<p> <!-- Secci\u00f3n de aplicaci\u00f3n UniFi Network --> <\/p>\n<div style='display: flex; flex-wrap: wrap; gap: 30px; margin-bottom: 30px;'>\n<div style='flex: 1 1 300px; min-width: 280px;'> <img style='width: 100%; height: auto; border: 1px solid rgba(150&comma;150&comma;150&comma;0.3); border-radius: 8px;' src='https:\/\/cdn.shopify.com\/s\/files\/1\/1439\/1668\/files\/SW-UniFi-Network.png?v=1658934022' alt='Aplicaci\u00f3n UniFi Network'> <\/div>\n<div style='flex: 1 1 300px; min-width: 280px;'>\n<h3 style='font-size: 22px; border-bottom: 2px solid currentColor; padding-bottom: 5px; margin-top: 0; color: inherit; opacity: 0.8;'>Funciona con la aplicaci\u00f3n UniFi Network<\/h3>\n<ul style='padding-left: 20px; font-size: 15px; color: inherit;'>\n<li style='margin-bottom: 5px;'>Administre de forma IPX5<\/li>\n<li style='margin-bottom: 5px;'>Administre de forma centralizada m\u00faltiples redes desde una interfaz intuitiva<\/li>\n<li style='margin-bottom: 5px;'>Disfrute de informaci\u00f3n de dispositivos en tiempo real y opciones de configuraci\u00f3n profundas<\/li>\n<li style='margin-bottom: 5px;'>Actualice el firmware del dispositivo de forma remota<\/li>\n<li style='margin-bottom: 5px;'>Administre usuarios de red e invitados con facilidad<\/li>\n<li style='margin-bottom: 5px;'>Personalice el dise\u00f1o&comma; la arquitectura y la privacidad de los puntos de acceso para invitados<\/li>\n<li style='margin-bottom: 5px;'>Configure dispositivos r\u00e1pidamente y admin\u00edstrelos sobre la marcha con una potente aplicaci\u00f3n m\u00f3vil<\/li>\n<\/ul><\/div>\n<\/p><\/div>\n<p> <!-- Secci\u00f3n de accesorio opcional --> <\/p>\n<div style='margin-bottom: 30px;'>\n<h3 style='font-size: 22px; border-bottom: 2px solid currentColor; padding-bottom: 5px; margin-top: 0; color: inherit; opacity: 0.8;'>Accesorio opcional<\/h3>\n<div style='display: flex; flex-wrap: wrap; gap: 30px; align-items: center;'>\n<div style='flex: 1 1 300px; min-width: 280px;'> <img style='width: 100%; height: auto; border: 1px solid rgba(150&comma;150&comma;150&comma;0.3); border-radius: 8px;' src='https:\/\/ftp3.syscom.mx\/usuarios\/fotos\/FLEXHDCM3\/193792-flexhdcm3-4.png' alt='FLEXHD-CM-3'> <\/div>\n<div style='flex: 1 1 300px; min-width: 280px;'>\n<p style='font-size: 15px; color: inherit;'>Opcional: Montaje en plaf\u00f3n con el accesorio <a href='https:\/\/www.syscom.mx\/producto\/FLEXHD-CM-3-UBIQUITI-NETWORKS-193792.html' target='_blank' rel='noopener' style='color: #3598db; text-decoration: none;'>FLEXHD-CM-3<\/a> (NO INCLUIDO)<\/p>\n<\/p><\/div>\n<\/p><\/div>\n<\/p><\/div>\n<\/p><\/div>\n","protected":false},"excerpt":{"rendered":"<p>Punto de Acceso UniFi WiFi 6 Mesh, para interior\/exterior, doble banda, 5 GHz (4&#215;4 MU-MIMO y OFDMA) \/ 2.4 GHz (2&#215;2 MIMO)<\/p>\n","protected":false},"featured_media":89441,"comment_status":"open","ping_status":"closed","template":"","meta":[],"product_brand":[],"product_cat":[1794],"product_tag":[1795,1479,166],"class_list":{"0":"post-89442","1":"product","2":"type-product","3":"status-publish","4":"has-post-thumbnail","6":"product_cat-puntos-de-acceso","7":"product_tag-puntos-de-acceso","8":"product_tag-redes-wifi","9":"product_tag-ubiquiti","11":"first","12":"instock","13":"sale","14":"shipping-taxable","15":"purchasable","16":"product-type-simple"},"_links":{"self":[{"href":"https:\/\/soydeaqui.ddns.net\/pachuca\/index.php\/wp-json\/wp\/v2\/product\/89442","targetHints":{"allow":["GET"]}}],"collection":[{"href":"https:\/\/soydeaqui.ddns.net\/pachuca\/index.php\/wp-json\/wp\/v2\/product"}],"about":[{"href":"https:\/\/soydeaqui.ddns.net\/pachuca\/index.php\/wp-json\/wp\/v2\/types\/product"}],"replies":[{"embeddable":true,"href":"https:\/\/soydeaqui.ddns.net\/pachuca\/index.php\/wp-json\/wp\/v2\/comments?post=89442"}],"wp:featuredmedia":[{"embeddable":true,"href":"https:\/\/soydeaqui.ddns.net\/pachuca\/index.php\/wp-json\/wp\/v2\/media\/89441"}],"wp:attachment":[{"href":"https:\/\/soydeaqui.ddns.net\/pachuca\/index.php\/wp-json\/wp\/v2\/media?parent=89442"}],"wp:term":[{"taxonomy":"product_brand","embeddable":true,"href":"https:\/\/soydeaqui.ddns.net\/pachuca\/index.php\/wp-json\/wp\/v2\/product_brand?post=89442"},{"taxonomy":"product_cat","embeddable":true,"href":"https:\/\/soydeaqui.ddns.net\/pachuca\/index.php\/wp-json\/wp\/v2\/product_cat?post=89442"},{"taxonomy":"product_tag","embeddable":true,"href":"https:\/\/soydeaqui.ddns.net\/pachuca\/index.php\/wp-json\/wp\/v2\/product_tag?post=89442"}],"curies":[{"name":"wp","href":"https:\/\/api.w.org\/{rel}","templated":true}]}}