{"id":89410,"date":"2026-03-20T02:55:11","date_gmt":"2026-03-20T02:55:11","guid":{"rendered":"https:\/\/soydeaqui.ddns.net\/pachuca\/index.php\/producto\/router-balanceador-administrable-cloud-con-poe-54w-3-puertos-lan-gigabit-1-puerto-wan-gigabit-y-1-puerto-lan-wan-gigabit-configurable-hasta-100-clientes-con-desempeno-de-600-mbps-asimetricos\/"},"modified":"2026-03-20T02:55:30","modified_gmt":"2026-03-20T02:55:30","slug":"router-balanceador-administrable-cloud-con-poe-54w-3-puertos-lan-gigabit-1-puerto-wan-gigabit-y-1-puerto-lan-wan-gigabit-configurable-hasta-100-clientes-con-desempeno-de-600-mbps-asimetricos","status":"publish","type":"product","link":"https:\/\/soydeaqui.ddns.net\/pachuca\/index.php\/producto\/router-balanceador-administrable-cloud-con-poe-54w-3-puertos-lan-gigabit-1-puerto-wan-gigabit-y-1-puerto-lan-wan-gigabit-configurable-hasta-100-clientes-con-desempeno-de-600-mbps-asimetricos\/","title":{"rendered":"Router Balanceador Administrable Cloud con POE+ 54w, 3 puertos LAN gigabit, 1 Puerto WAN gigabit y 1 puerto LAN\/WAN gigabit configurable, hasta 100 clientes con desempe\u00f1o de 600 Mbps asim\u00e9tricos"},"content":{"rendered":"<div style='width: 100%; max-width: 1200px; margin: 0 auto; font-family: sans-serif; line-height: 1.6; color: inherit; background-color: transparent;'>\n<div style='width: 100%; margin-bottom: 30px;'>\n<div style='position: relative; padding-bottom: 56.25%; height: 0; overflow: hidden; margin-bottom: 30px;'>   <\/div>\n<\/p><\/div>\n<div style='display: flex; flex-wrap: wrap; gap: 20px; margin-bottom: 30px;'>\n<div style='flex: 1 1 300px; min-width: 280px;'>\n<div style='border-left: 5px solid #0091ff; border-radius: 5px; padding: 5px; box-shadow: 2px 2px 10px rgba(216&comma;216&comma;216&comma;0.4); -webkit-box-shadow: 2px 2px 10px rgba(216&comma;216&comma;216&comma;0.4);'> <strong style='font-size: 16px; margin-left: 10px; color: inherit;'>Caracter\u00edsticas principales:<\/strong> <\/p>\n<ul style='padding-left: 20px; font-size: 15px; color: inherit;'>\n<li style='margin-bottom: 5px;'>Administraci\u00f3n en la nube (Sin Costo)<\/li>\n<li style='margin-bottom: 5px;'>Garant\u00eda de 3 a\u00f1os<\/li>\n<li style='margin-bottom: 5px;'>Monitoreo y configuraci\u00f3n remota<\/li>\n<li style='margin-bottom: 5px;'>Tipo: Router Administrable con 4 Puertos PoE+<\/li>\n<li style='margin-bottom: 5px;'>Administraci\u00f3n: Cloud&comma; Interfaz gr\u00e1fica.<\/li>\n<li style='margin-bottom: 5px;'>Capacidad: 600 Mbps asim\u00e9tricos con Flowcontrol activado<\/li>\n<li style='margin-bottom: 5px;'>Usuarios concurrentes: Hasta 100<\/li>\n<li style='margin-bottom: 5px;'>Memoria Ram: 128 MB<\/li>\n<li style='margin-bottom: 5px;'>Consumo de energ\u00eda: 54 watts (con m\u00e1xima carga PoE)<\/li>\n<li style='margin-bottom: 5px;'>Alimentaci\u00f3n por DC: 54v &#8211; 1.5A<\/li>\n<li style='margin-bottom: 5px;'>Temperatura de operaci\u00f3n: 0 a 40\u00b0 C<\/li>\n<li style='margin-bottom: 5px;'>Peso: 0.43 kg<\/li>\n<li style='margin-bottom: 5px;'>Montaje: Escritorio o Charola en rack<\/li>\n<\/ul><\/div>\n<\/p><\/div>\n<div style='flex: 1 1 300px; min-width: 280px;'>\n<div style='border-left: 5px solid #0091ff; border-radius: 5px; padding: 5px; box-shadow: 2px 2px 10px rgba(216&comma;216&comma;216&comma;0.4); -webkit-box-shadow: 2px 2px 10px rgba(216&comma;216&comma;216&comma;0.4);'> <strong style='font-size: 16px; margin-left: 10px; color: inherit;'>Contenido del Paquete:<\/strong> <\/p>\n<ul style='padding-left: 20px; font-size: 15px; color: inherit;'>\n<li style='margin-bottom: 5px;'>1pz Router RG-EG105G-P V2<\/li>\n<li style='margin-bottom: 5px;'>Gu\u00eda r\u00e1pida de instalaci\u00f3n<\/li>\n<li style='margin-bottom: 5px;'>Fuente de alimentaci\u00f3n 54v &#8211; 1.5A<\/li>\n<\/ul><\/div>\n<\/p><\/div>\n<div style='flex: 1 1 300px; min-width: 280px;'>\n<div style='border-left: 5px solid #0091ff; border-radius: 5px; padding: 5px; box-shadow: 2px 2px 10px rgba(216&comma;216&comma;216&comma;0.4); -webkit-box-shadow: 2px 2px 10px rgba(216&comma;216&comma;216&comma;0.4);'> <strong style='font-size: 16px; margin-left: 10px; color: inherit;'>Accesorios sugeridos (No Incluidos):<\/strong> <\/p>\n<ul style='padding-left: 20px; font-size: 15px; color: inherit;'>\n<li style='margin-bottom: 5px;'>Charola para rack 1 unidad<\/li>\n<\/ul><\/div>\n<\/p><\/div>\n<\/p><\/div>\n<hr style='border: 0; border-top: 1px solid rgba(150&comma; 150&comma; 150&comma; 0.3); margin: 30px 0;'>\n<div style='width: 100%; margin-bottom: 30px;'>\n<div style='position: relative; padding-bottom: 56.25%; height: 0; overflow: hidden; margin-bottom: 30px;'>   <\/div>\n<\/p><\/div>\n<div style='width: 100%; margin-bottom: 30px;'>\n<div style='position: relative; padding-bottom: 56.25%; height: 0; overflow: hidden; margin-bottom: 30px;'>   <\/div>\n<\/p><\/div>\n<\/p><\/div>\n","protected":false},"excerpt":{"rendered":"<p>Router Balanceador Administrable Cloud con POE+ 54w, 3 puertos LAN gigabit, 1 Puerto WAN gigabit y 1 puerto LAN\/WAN gigabit configurable, hasta 100 clientes con desempe\u00f1o de 600 Mbps asim\u00e9tricos<\/p>\n","protected":false},"featured_media":89409,"comment_status":"open","ping_status":"closed","template":"","meta":[],"product_brand":[],"product_cat":[2036,2035,2034],"product_tag":[2039,2038,664,2037,2123],"class_list":{"0":"post-89410","1":"product","2":"type-product","3":"status-publish","4":"has-post-thumbnail","6":"product_cat-balanceadores","7":"product_cat-firewalls","8":"product_cat-routers","9":"product_tag-balanceadores","10":"product_tag-firewalls","11":"product_tag-networking","12":"product_tag-routers","13":"product_tag-ruijie","15":"first","16":"outofstock","17":"sale","18":"shipping-taxable","19":"purchasable","20":"product-type-simple"},"_links":{"self":[{"href":"https:\/\/soydeaqui.ddns.net\/pachuca\/index.php\/wp-json\/wp\/v2\/product\/89410","targetHints":{"allow":["GET"]}}],"collection":[{"href":"https:\/\/soydeaqui.ddns.net\/pachuca\/index.php\/wp-json\/wp\/v2\/product"}],"about":[{"href":"https:\/\/soydeaqui.ddns.net\/pachuca\/index.php\/wp-json\/wp\/v2\/types\/product"}],"replies":[{"embeddable":true,"href":"https:\/\/soydeaqui.ddns.net\/pachuca\/index.php\/wp-json\/wp\/v2\/comments?post=89410"}],"wp:featuredmedia":[{"embeddable":true,"href":"https:\/\/soydeaqui.ddns.net\/pachuca\/index.php\/wp-json\/wp\/v2\/media\/89409"}],"wp:attachment":[{"href":"https:\/\/soydeaqui.ddns.net\/pachuca\/index.php\/wp-json\/wp\/v2\/media?parent=89410"}],"wp:term":[{"taxonomy":"product_brand","embeddable":true,"href":"https:\/\/soydeaqui.ddns.net\/pachuca\/index.php\/wp-json\/wp\/v2\/product_brand?post=89410"},{"taxonomy":"product_cat","embeddable":true,"href":"https:\/\/soydeaqui.ddns.net\/pachuca\/index.php\/wp-json\/wp\/v2\/product_cat?post=89410"},{"taxonomy":"product_tag","embeddable":true,"href":"https:\/\/soydeaqui.ddns.net\/pachuca\/index.php\/wp-json\/wp\/v2\/product_tag?post=89410"}],"curies":[{"name":"wp","href":"https:\/\/api.w.org\/{rel}","templated":true}]}}