{"id":89397,"date":"2026-03-20T02:54:31","date_gmt":"2026-03-20T02:54:31","guid":{"rendered":"https:\/\/soydeaqui.ddns.net\/pachuca\/index.php\/producto\/antena-sectorial-asimetrica-starter-horn-de-45o-5150-5950-mhz-ganancia-de-17-dbi-conexion-directa-con-radios-is-5ac-ps-5ac-y-is-m5-conexion-rp-sma\/"},"modified":"2026-03-20T02:54:44","modified_gmt":"2026-03-20T02:54:44","slug":"antena-sectorial-asimetrica-starter-horn-de-45o-5150-5950-mhz-ganancia-de-17-dbi-conexion-directa-con-radios-is-5ac-ps-5ac-y-is-m5-conexion-rp-sma","status":"publish","type":"product","link":"https:\/\/soydeaqui.ddns.net\/pachuca\/index.php\/producto\/antena-sectorial-asimetrica-starter-horn-de-45o-5150-5950-mhz-ganancia-de-17-dbi-conexion-directa-con-radios-is-5ac-ps-5ac-y-is-m5-conexion-rp-sma\/","title":{"rendered":"Antena Sectorial Asim\u00e9trica Starter Horn de 45\u00ba, 5150 &#8211; 5950 MHz, ganancia de 17 dBi, conexi\u00f3n directa con radios IS-5AC, PS-5AC y IS-M5, conexi\u00f3n RP-SMA"},"content":{"rendered":"<div style='width: 100%; max-width: 1200px; margin: 0 auto; font-family: sans-serif; line-height: 1.6; color: inherit; background-color: transparent;'>\n<div style='display: flex; flex-wrap: wrap; gap: 30px; margin-bottom: 30px;'>\n<div style='flex: 1 1 300px; min-width: 280px;'>\n<h3 style='font-size: 22px; border-bottom: 2px solid currentColor; padding-bottom: 5px; margin-top: 0; color: inherit; opacity: 0.8;'>Descripci\u00f3n General<\/h3>\n<p style='text-align: center;'><span style='font-size: 24px;'><strong>STH-A45-USMA<\/strong><\/span><\/p>\n<p style='color: inherit; font-size: 15px;'>La antena STH-A45-USMA tipo cuerno con un patr\u00f3n de radiaci\u00f3n asim\u00e9trico. Tiene gu\u00eda de onda e interfaz RP-SMA para una f\u00e1cil conectividad. La StarterHornTM A45 USMA es un comienzo conveniente para los clientes nuevos en la tecnolog\u00eda de antena de bocina que solicitan una inversi\u00f3n inicial baja.<\/p>\n<\/p><\/div>\n<\/p><\/div>\n<div style='display: flex; flex-wrap: wrap; gap: 20px; margin-bottom: 30px;'>\n<div style='flex: 1 1 250px; border: 1px solid rgba(150&comma; 150&comma; 150&comma; 0.4); border-radius: 8px; overflow: hidden; display: flex; flex-direction: column;'>\n<div style='padding: 15px; border-bottom: 1px solid rgba(150&comma; 150&comma; 150&comma; 0.2); font-weight: bold; font-size: 18px; color: inherit;'>Caracter\u00edsticas RF<\/div>\n<div style='padding: 15px; color: inherit;'>\n<ul style='padding-left: 20px; margin: 0; font-size: 14px; list-style-type: disc;'>\n<li style='margin-bottom: 5px;'><strong>Rango de Frecuencia:<\/strong> 4.9 a 6.4 GHz<\/li>\n<li style='margin-bottom: 5px;'><strong>Ganancia:<\/strong> 17 dBi<\/li>\n<li style='margin-bottom: 5px;'><strong>Dimensiones:<\/strong> 238 \u00d7 245 \u00d7 163 mm (9.4 x 9.6 x 6.4 pulg)<\/li>\n<li style='margin-bottom: 5px;'><strong>Peso:<\/strong> 1.4 kg<\/li>\n<\/ul><\/div>\n<\/p><\/div>\n<div style='flex: 1 1 250px; border: 1px solid rgba(150&comma; 150&comma; 150&comma; 0.4); border-radius: 8px; overflow: hidden; display: flex; flex-direction: column;'>\n<div style='padding: 15px; border-bottom: 1px solid rgba(150&comma; 150&comma; 150&comma; 0.2); font-weight: bold; font-size: 18px; color: inherit;'>Fiabilidad y Garant\u00eda<\/div>\n<div style='padding: 15px; color: inherit;'>\n<ul style='padding-left: 20px; margin: 0; font-size: 14px; list-style-type: disc;'>\n<li style='margin-bottom: 5px;'>Incluye 3 a\u00f1os de Garant\u00eda.<\/li>\n<\/ul><\/div>\n<\/p><\/div>\n<div style='flex: 1 1 250px; border: 1px solid rgba(150&comma; 150&comma; 150&comma; 0.4); border-radius: 8px; overflow: hidden; display: flex; flex-direction: column;'>\n<div style='padding: 15px; border-bottom: 1px solid rgba(150&comma; 150&comma; 150&comma; 0.2); font-weight: bold; font-size: 18px; color: inherit;'>Accesorios Sugeridos (Venta por separado)<\/div>\n<div style='padding: 15px; color: inherit;'>\n<ul style='padding-left: 20px; margin: 0; font-size: 14px; list-style-type: disc;'>\n<li style='margin-bottom: 5px;'>Jumper TXPRPSMA7GHZ<\/li>\n<\/ul><\/div>\n<\/p><\/div>\n<\/p><\/div>\n<hr style='border: 0; border-top: 1px solid rgba(150&comma; 150&comma; 150&comma; 0.3); margin: 30px 0;'> <\/div>\n","protected":false},"excerpt":{"rendered":"<p>Antena Sectorial Asim\u00e9trica Starter Horn de 45\u00ba, 5150 &#8211; 5950 MHz, ganancia de 17 dBi, conexi\u00f3n directa con radios IS-5AC, PS-5AC y IS-M5, conexi\u00f3n RP-SMA<\/p>\n","protected":false},"featured_media":89396,"comment_status":"open","ping_status":"closed","template":"","meta":[],"product_brand":[],"product_cat":[1895],"product_tag":[1404,1988,1896],"class_list":{"0":"post-89397","1":"product","2":"type-product","3":"status-publish","4":"has-post-thumbnail","6":"product_cat-sectoriales","7":"product_tag-antenas","8":"product_tag-rf-elements","9":"product_tag-sectoriales","11":"first","12":"outofstock","13":"sale","14":"shipping-taxable","15":"purchasable","16":"product-type-simple"},"_links":{"self":[{"href":"https:\/\/soydeaqui.ddns.net\/pachuca\/index.php\/wp-json\/wp\/v2\/product\/89397","targetHints":{"allow":["GET"]}}],"collection":[{"href":"https:\/\/soydeaqui.ddns.net\/pachuca\/index.php\/wp-json\/wp\/v2\/product"}],"about":[{"href":"https:\/\/soydeaqui.ddns.net\/pachuca\/index.php\/wp-json\/wp\/v2\/types\/product"}],"replies":[{"embeddable":true,"href":"https:\/\/soydeaqui.ddns.net\/pachuca\/index.php\/wp-json\/wp\/v2\/comments?post=89397"}],"wp:featuredmedia":[{"embeddable":true,"href":"https:\/\/soydeaqui.ddns.net\/pachuca\/index.php\/wp-json\/wp\/v2\/media\/89396"}],"wp:attachment":[{"href":"https:\/\/soydeaqui.ddns.net\/pachuca\/index.php\/wp-json\/wp\/v2\/media?parent=89397"}],"wp:term":[{"taxonomy":"product_brand","embeddable":true,"href":"https:\/\/soydeaqui.ddns.net\/pachuca\/index.php\/wp-json\/wp\/v2\/product_brand?post=89397"},{"taxonomy":"product_cat","embeddable":true,"href":"https:\/\/soydeaqui.ddns.net\/pachuca\/index.php\/wp-json\/wp\/v2\/product_cat?post=89397"},{"taxonomy":"product_tag","embeddable":true,"href":"https:\/\/soydeaqui.ddns.net\/pachuca\/index.php\/wp-json\/wp\/v2\/product_tag?post=89397"}],"curies":[{"name":"wp","href":"https:\/\/api.w.org\/{rel}","templated":true}]}}