{"id":89368,"date":"2026-03-20T02:53:14","date_gmt":"2026-03-20T02:53:14","guid":{"rendered":"https:\/\/soydeaqui.ddns.net\/pachuca\/index.php\/producto\/switch-l3-8x-10-100-1000-mbps-rj45-1x-1-2-5-5-10g-1x-sfp-10g-sin-ventilador\/"},"modified":"2026-03-20T02:53:16","modified_gmt":"2026-03-20T02:53:16","slug":"switch-l3-8x-10-100-1000-mbps-rj45-1x-1-2-5-5-10g-1x-sfp-10g-sin-ventilador","status":"publish","type":"product","link":"https:\/\/soydeaqui.ddns.net\/pachuca\/index.php\/producto\/switch-l3-8x-10-100-1000-mbps-rj45-1x-1-2-5-5-10g-1x-sfp-10g-sin-ventilador\/","title":{"rendered":"Switch L3, 8x 10\/100\/1000 Mbps RJ45, 1x 1\/2.5\/5\/10G, 1x SFP+ 10G, sin ventilador"},"content":{"rendered":"<div style='width: 100%; max-width: 1200px; margin: 0 auto; font-family: sans-serif; line-height: 1.6; color: inherit; background-color: transparent;'> <!-- T\u00edtulo y descripci\u00f3n corta --> <\/p>\n<div style='margin-bottom: 30px;'>\n<h1 style='font-size: 28px; margin: 0 0 10px; font-weight: 400; color: inherit; line-height: 1.2em; margin-top: 0;'>Serie x330<\/h1>\n<div style='font-size: 16px; color: inherit; opacity: 0.8;'>Switch de acceso Gigabit sin ventilador<\/div>\n<\/p><\/div>\n<p> <!-- Secci\u00f3n principal --> <\/p>\n<div style='margin-bottom: 30px; font-size: 15px; color: inherit;'>\n<p style='margin: 0 0 15px;'>La serie Allied Telesis x330 proporciona una excelente soluci\u00f3n de acceso compatible con Gigabit al escritorio para obtener el m\u00e1ximo rendimiento. Con enlaces ascendentes de cobre y fibra Multi-Gigabit y 10 Gigabit&comma; y un dise\u00f1o sin ventilador para un funcionamiento silencioso&comma; la serie x330 es ideal para el per\u00edmetro de las redes empresariales en la era del IoT.<\/p>\n<h3 style='font-size: 22px; border-bottom: 2px solid currentColor; padding-bottom: 5px; margin: 20px 0 10px; color: inherit; opacity: 0.8;'>Descripci\u00f3n general<\/h3>\n<ul style='padding-left: 20px; margin: 0 0 15px 0;'>\n<li style='margin-bottom: 5px;'>Excelente soluci\u00f3n de acceso que proporciona Gigabit al escritorio para obtener el m\u00e1ximo rendimiento<\/li>\n<li style='margin-bottom: 5px;'>Conectividad flexible con enlaces ascendentes Multi-Gigabit y 10 Gigabit de cobre y fibra<\/li>\n<li style='margin-bottom: 5px;'>Despliegue del \u00e1rea de trabajo con un dise\u00f1o sin ventilador para un funcionamiento silencioso<\/li>\n<li style='margin-bottom: 5px;'>Reducci\u00f3n de costes y gesti\u00f3n automatizada de la red con el Marco de Gesti\u00f3n Aut\u00f3nomaTM<\/li>\n<\/ul>\n<h3 style='font-size: 22px; border-bottom: 2px solid currentColor; padding-bottom: 5px; margin: 20px 0 10px; color: inherit; opacity: 0.8;'>Caracter\u00edsticas principales<\/h3>\n<ul style='padding-left: 20px; margin: 0 0 15px 0;'>\n<li style='margin-bottom: 5px;'>Sistema operativo AlliedWareTM Plus Enterprise<\/li>\n<li style='margin-bottom: 5px;'>EPSRingTM y G.8032 ERPS para redes de anillo resistentes de fallo r\u00e1pido<\/li>\n<li style='margin-bottom: 5px;'>Active Fiber MonitoringTM para enlaces ascendentes seguros de fibra<\/li>\n<li style='margin-bottom: 5px;'>ACL para la gesti\u00f3n y el control del tr\u00e1fico<\/li>\n<li style='margin-bottom: 5px;'>Protocolos de enrutamiento din\u00e1mico para entornos de capa 3<\/li>\n<\/ul><\/div>\n<p> <!-- Especificaciones --> <\/p>\n<div style='margin-bottom: 30px;'>\n<h3 style='font-size: 22px; border-bottom: 2px solid currentColor; padding-bottom: 5px; margin: 0 0 15px; color: inherit; opacity: 0.8;'>Especificaciones<\/h3>\n<p> <!-- Especificaciones de puertos --> <\/p>\n<div style='margin-bottom: 20px;'>\n<h4 style='font-size: 18px; margin: 0 0 10px; color: inherit; opacity: 0.8;'>Puertos<\/h4>\n<div style='display: grid; grid-template-columns: repeat(auto-fill&comma; minmax(250px&comma; 1fr)); gap: 15px;'>\n<div style='border: 1px solid rgba(150&comma; 150&comma; 150&comma; 0.4); border-radius: 8px; padding: 15px; background-color: rgba(0&comma;0&comma;0&comma;0.02);'>\n<div style='font-weight: bold; margin-bottom: 5px; color: inherit;'>Puertos de cobre 10\/100\/1000T (RJ-45)<\/div>\n<div style='color: inherit;'>8<\/div>\n<\/p><\/div>\n<div style='border: 1px solid rgba(150&comma; 150&comma; 150&comma; 0.4); border-radius: 8px; padding: 15px; background-color: rgba(0&comma;0&comma;0&comma;0.02);'>\n<div style='font-weight: bold; margin-bottom: 5px; color: inherit;'>Puertos de cobre 1\/2.5\/5\/10G<\/div>\n<div style='color: inherit;'>1<\/div>\n<\/p><\/div>\n<div style='border: 1px solid rgba(150&comma; 150&comma; 150&comma; 0.4); border-radius: 8px; padding: 15px; background-color: rgba(0&comma;0&comma;0&comma;0.02);'>\n<div style='font-weight: bold; margin-bottom: 5px; color: inherit;'>Puertos SFP+ 1\/10G<\/div>\n<div style='color: inherit;'>1<\/div>\n<\/p><\/div>\n<div style='border: 1px solid rgba(150&comma; 150&comma; 150&comma; 0.4); border-radius: 8px; padding: 15px; background-color: rgba(0&comma;0&comma;0&comma;0.02);'>\n<div style='font-weight: bold; margin-bottom: 5px; color: inherit;'>Total de puertos<\/div>\n<div style='color: inherit;'>10<\/div>\n<\/p><\/div>\n<div style='border: 1px solid rgba(150&comma; 150&comma; 150&comma; 0.4); border-radius: 8px; padding: 15px; background-color: rgba(0&comma;0&comma;0&comma;0.02);'>\n<div style='font-weight: bold; margin-bottom: 5px; color: inherit;'>Tejido de conmutaci\u00f3n<\/div>\n<div style='color: inherit;'>52 Gbps<\/div>\n<\/p><\/div>\n<div style='border: 1px solid rgba(150&comma; 150&comma; 150&comma; 0.4); border-radius: 8px; padding: 15px; background-color: rgba(0&comma;0&comma;0&comma;0.02);'>\n<div style='font-weight: bold; margin-bottom: 5px; color: inherit;'>Tasa de reenv\u00edo<\/div>\n<div style='color: inherit;'>41&comma;6 Mpps<\/div>\n<\/p><\/div>\n<\/p><\/div>\n<\/p><\/div>\n<p> <!-- Especificaciones f\u00edsicas --> <\/p>\n<div style='margin-bottom: 20px;'>\n<h4 style='font-size: 18px; margin: 0 0 10px; color: inherit; opacity: 0.8;'>F\u00edsico<\/h4>\n<div style='display: grid; grid-template-columns: repeat(auto-fill&comma; minmax(250px&comma; 1fr)); gap: 15px;'>\n<div style='border: 1px solid rgba(150&comma; 150&comma; 150&comma; 0.4); border-radius: 8px; padding: 15px; background-color: rgba(0&comma;0&comma;0&comma;0.02);'>\n<div style='font-weight: bold; margin-bottom: 5px; color: inherit;'>Ancho x Profundo x Alto<\/div>\n<div style='color: inherit;'>263 x 179 x 38 mm (10&comma;35 x 7&comma;04 x 1&comma;49 pulgadas)<\/div>\n<\/p><\/div>\n<div style='border: 1px solid rgba(150&comma; 150&comma; 150&comma; 0.4); border-radius: 8px; padding: 15px; background-color: rgba(0&comma;0&comma;0&comma;0.02);'>\n<div style='font-weight: bold; margin-bottom: 5px; color: inherit;'>Montaje<\/div>\n<div style='color: inherit;'>Montaje en rack<\/div>\n<\/p><\/div>\n<div style='border: 1px solid rgba(150&comma; 150&comma; 150&comma; 0.4); border-radius: 8px; padding: 15px; background-color: rgba(0&comma;0&comma;0&comma;0.02);'>\n<div style='font-weight: bold; margin-bottom: 5px; color: inherit;'>Peso sin embalar<\/div>\n<div style='color: inherit;'>1&comma;6 kg (3&comma;53 lb)<\/div>\n<\/p><\/div>\n<div style='border: 1px solid rgba(150&comma; 150&comma; 150&comma; 0.4); border-radius: 8px; padding: 15px; background-color: rgba(0&comma;0&comma;0&comma;0.02);'>\n<div style='font-weight: bold; margin-bottom: 5px; color: inherit;'>Peso empaquetado<\/div>\n<div style='color: inherit;'>2&comma;97 kg (6&comma;55 lb)<\/div>\n<\/p><\/div>\n<div style='border: 1px solid rgba(150&comma; 150&comma; 150&comma; 0.4); border-radius: 8px; padding: 15px; background-color: rgba(0&comma;0&comma;0&comma;0.02);'>\n<div style='font-weight: bold; margin-bottom: 5px; color: inherit;'>Dimensiones empaquetadas<\/div>\n<div style='color: inherit;'>462 x 258 x 107 mm (18&comma;19 x 10&comma;15 x 4&comma;21 pulgadas)<\/div>\n<\/p><\/div>\n<\/p><\/div>\n<\/p><\/div>\n<p> <!-- Caracter\u00edsticas de potencia --> <\/p>\n<div>\n<h4 style='font-size: 18px; margin: 0 0 10px; color: inherit; opacity: 0.8;'>Caracter\u00edsticas de potencia<\/h4>\n<div style='display: grid; grid-template-columns: repeat(auto-fill&comma; minmax(250px&comma; 1fr)); gap: 15px;'>\n<div style='border: 1px solid rgba(150&comma; 150&comma; 150&comma; 0.4); border-radius: 8px; padding: 15px; background-color: rgba(0&comma;0&comma;0&comma;0.02);'>\n<div style='font-weight: bold; margin-bottom: 5px; color: inherit;'>Consumo m\u00e1ximo de energ\u00eda<\/div>\n<div style='color: inherit;'>19 W<\/div>\n<\/p><\/div>\n<div style='border: 1px solid rgba(150&comma; 150&comma; 150&comma; 0.4); border-radius: 8px; padding: 15px; background-color: rgba(0&comma;0&comma;0&comma;0.02);'>\n<div style='font-weight: bold; margin-bottom: 5px; color: inherit;'>Disipaci\u00f3n m\u00e1xima de calor<\/div>\n<div style='color: inherit;'>65 BTU\/h<\/div>\n<\/p><\/div>\n<\/p><\/div>\n<\/p><\/div>\n<\/p><\/div>\n<p> <!-- Separador --> <\/p>\n<hr style='border: 0; border-top: 1px solid rgba(150&comma; 150&comma; 150&comma; 0.3); margin: 30px 0;'> <\/div>\n","protected":false},"excerpt":{"rendered":"<p>Switch L3, 8x 10\/100\/1000 Mbps RJ45, 1x 1\/2.5\/5\/10G, 1x SFP+ 10G, sin ventilador<\/p>\n","protected":false},"featured_media":89367,"comment_status":"open","ping_status":"closed","template":"","meta":[],"product_brand":[],"product_cat":[1970],"product_tag":[1995,664,1971],"class_list":{"0":"post-89368","1":"product","2":"type-product","3":"status-publish","4":"has-post-thumbnail","6":"product_cat-switches","7":"product_tag-allied-telesis","8":"product_tag-networking","9":"product_tag-switches","11":"first","12":"outofstock","13":"sale","14":"shipping-taxable","15":"purchasable","16":"product-type-simple"},"_links":{"self":[{"href":"https:\/\/soydeaqui.ddns.net\/pachuca\/index.php\/wp-json\/wp\/v2\/product\/89368","targetHints":{"allow":["GET"]}}],"collection":[{"href":"https:\/\/soydeaqui.ddns.net\/pachuca\/index.php\/wp-json\/wp\/v2\/product"}],"about":[{"href":"https:\/\/soydeaqui.ddns.net\/pachuca\/index.php\/wp-json\/wp\/v2\/types\/product"}],"replies":[{"embeddable":true,"href":"https:\/\/soydeaqui.ddns.net\/pachuca\/index.php\/wp-json\/wp\/v2\/comments?post=89368"}],"wp:featuredmedia":[{"embeddable":true,"href":"https:\/\/soydeaqui.ddns.net\/pachuca\/index.php\/wp-json\/wp\/v2\/media\/89367"}],"wp:attachment":[{"href":"https:\/\/soydeaqui.ddns.net\/pachuca\/index.php\/wp-json\/wp\/v2\/media?parent=89368"}],"wp:term":[{"taxonomy":"product_brand","embeddable":true,"href":"https:\/\/soydeaqui.ddns.net\/pachuca\/index.php\/wp-json\/wp\/v2\/product_brand?post=89368"},{"taxonomy":"product_cat","embeddable":true,"href":"https:\/\/soydeaqui.ddns.net\/pachuca\/index.php\/wp-json\/wp\/v2\/product_cat?post=89368"},{"taxonomy":"product_tag","embeddable":true,"href":"https:\/\/soydeaqui.ddns.net\/pachuca\/index.php\/wp-json\/wp\/v2\/product_tag?post=89368"}],"curies":[{"name":"wp","href":"https:\/\/api.w.org\/{rel}","templated":true}]}}