{"id":89340,"date":"2026-03-20T02:51:50","date_gmt":"2026-03-20T02:51:50","guid":{"rendered":"https:\/\/soydeaqui.ddns.net\/pachuca\/index.php\/producto\/cable-de-fibra-ptica-monomodo-9-125-6-hilos-interior-exterior-tight-buffer-900m-ofnr-riser-dielctrica-precio-por-metro-hasta-2000-metros-en-un-solo-tramo-de-cable\/"},"modified":"2026-03-20T02:52:02","modified_gmt":"2026-03-20T02:52:02","slug":"cable-de-fibra-ptica-monomodo-9-125-6-hilos-interior-exterior-tight-buffer-900m-ofnr-riser-dielctrica-precio-por-metro-hasta-2000-metros-en-un-solo-tramo-de-cable","status":"publish","type":"product","link":"https:\/\/soydeaqui.ddns.net\/pachuca\/index.php\/producto\/cable-de-fibra-ptica-monomodo-9-125-6-hilos-interior-exterior-tight-buffer-900m-ofnr-riser-dielctrica-precio-por-metro-hasta-2000-metros-en-un-solo-tramo-de-cable\/","title":{"rendered":"Cable de Fibra ?ptica Monomodo 9\/125, 6 Hilos, Interior\/Exterior, Tight Buffer 900?m, OFNR Riser, Diel?ctrica, Precio Por Metro, (Hasta 2000 Metros en un Solo Tramo de Cable)"},"content":{"rendered":"<div style='width: 100%; max-width: 1200px; margin: 0 auto; font-family: sans-serif; line-height: 1.6; color: inherit; background-color: transparent;'>\n<div style='display: flex; flex-wrap: wrap; gap: 30px; margin-bottom: 30px;'>\n<div style='flex: 1 1 300px; min-width: 280px;'> <img style='width: 100%; height: auto; border: 1px solid rgba(150&comma;150&comma;150&comma;0.3); border-radius: 8px;' src='https:\/\/ftp3.syscom.mx\/usuarios\/orobles\/LinkedPro\/LinkedPro-fiber2.jpg' alt=''> <\/div>\n<\/p><\/div>\n<div style='display: flex; flex-wrap: wrap; gap: 30px; margin-bottom: 30px;'>\n<div style='flex: 1 1 300px; min-width: 280px;'>\n<h3 style='font-size: 22px; border-bottom: 2px solid currentColor; padding-bottom: 5px; margin-top: 0; color: inherit; opacity: 0.8;'>Caracter\u00edsticas Generales<\/h3>\n<p style='font-size: 15px; color: inherit; margin-top: 0; margin-bottom: 15px;'> El cable de fibra \u00f3ptica LP-IOC-SMF-R-06 est\u00e1 dise\u00f1ado para instalaciones en interiores o exteriores tanto horizontales como verticales al contar con forro retardante al fuego Riser (OFNR). Los hilos de fibra cumplen con la clasificaci\u00f3n G.652D para poder operar en un amplio rango de longitudes de onda a gran velocidad. <\/p>\n<\/p><\/div>\n<\/p><\/div>\n<div style='display: flex; flex-wrap: wrap; gap: 20px; margin-bottom: 30px;'>\n<div style='flex: 1 1 250px; border: 1px solid rgba(150&comma; 150&comma; 150&comma; 0.4); border-radius: 8px; overflow: hidden; display: flex; flex-direction: column;'>\n<div style='padding: 15px; border-bottom: 1px solid rgba(150&comma; 150&comma; 150&comma; 0.2); font-weight: bold; font-size: 18px; color: inherit;'>Especificaciones T\u00e9cnicas<\/div>\n<div style='padding: 15px; color: inherit;'>\n<ul style='padding-left: 20px; margin: 0; font-size: 14px; list-style-type: disc;'>\n<li style='margin-bottom: 5px;'><strong>Fibra \u00d3ptica:<\/strong> G.652D 9\/125 Monomodo<\/li>\n<li style='margin-bottom: 5px;'><strong>Tight Buffer:<\/strong> 900 \u00b5m<\/li>\n<li style='margin-bottom: 5px;'><strong>Forro:<\/strong> OFNR Riser\/LSZH con protecci\u00f3n contra rayos UV<\/li>\n<li style='margin-bottom: 5px;'><strong>Tensi\u00f3n m\u00e1xima:<\/strong> 400 N<\/li>\n<li style='margin-bottom: 5px;'><strong>Temperatura de operaci\u00f3n:<\/strong> -10\u00baC a +60\u00baC<\/li>\n<li style='margin-bottom: 5px;'><strong>Temperatura de almacenaje:<\/strong> -20\u00baC a +60\u00baC<\/li>\n<li style='margin-bottom: 5px;'><strong>Di\u00e1metro nominal:<\/strong> 5.5 \u00b1 0.5 mm<\/li>\n<li style='margin-bottom: 5px;'><strong>Radio m\u00ednimo de curvatura:<\/strong> Instalaci\u00f3n 20D&comma; Operaci\u00f3n 10D<\/li>\n<li style='margin-bottom: 5px;'><strong>Resistencia al aplastamiento:<\/strong> 500N\/10cm<\/li>\n<li style='margin-bottom: 5px;'><strong>N\u00famero de hilos:<\/strong> 6<\/li>\n<li style='margin-bottom: 5px;'><strong>Instalaci\u00f3n:<\/strong> Interior\/Exterior (No instalaci\u00f3n a\u00e9rea&comma; ni enterrado directo)<\/li>\n<\/ul><\/div>\n<\/p><\/div>\n<div style='flex: 1 1 250px; border: 1px solid rgba(150&comma; 150&comma; 150&comma; 0.4); border-radius: 8px; overflow: hidden; display: flex; flex-direction: column;'>\n<div style='padding: 15px; border-bottom: 1px solid rgba(150&comma; 150&comma; 150&comma; 0.2); font-weight: bold; font-size: 18px; color: inherit;'>Informaci\u00f3n Adicional<\/div>\n<div style='padding: 15px; color: inherit;'>\n<ul style='padding-left: 20px; margin: 0; font-size: 14px; list-style-type: disc;'>\n<li style='margin-bottom: 5px;'><strong>Construcci\u00f3n:<\/strong> Diel\u00e9ctrica<\/li>\n<li style='margin-bottom: 5px;'><strong>Clasificaci\u00f3n:<\/strong> OFNR Riser<\/li>\n<li style='margin-bottom: 5px;'><strong>Presentaci\u00f3n:<\/strong> Carretes de 2000 metros (2 KM)<\/li>\n<li style='margin-bottom: 5px;'><strong>Longitud m\u00e1xima por tramo:<\/strong> 2000 metros<\/li>\n<li style='margin-bottom: 5px;'><strong>Precio:<\/strong> Por metro<\/li>\n<\/ul><\/div>\n<\/p><\/div>\n<\/p><\/div>\n<div style='display: flex; flex-wrap: wrap; gap: 30px; margin-bottom: 30px;'>\n<div style='flex: 1 1 300px; min-width: 280px;'>\n<div style='padding: 15px; border-left: 3px solid rgba(255&comma; 165&comma; 0&comma; 0.7); background-color: rgba(255&comma; 255&comma; 255&comma; 0.05);'>\n<p style='margin: 0; font-size: 14px; color: inherit;'> <strong>NOTA:<\/strong> Se recibe en carretes de 2000 metros (2 KM)&comma; hasta 2000 metros en un solo tramo. <\/p>\n<\/p><\/div>\n<\/p><\/div>\n<\/p><\/div>\n<\/p><\/div>\n","protected":false},"excerpt":{"rendered":"<p>Cable de Fibra ?ptica Monomodo 9\/125, 6 Hilos, Interior\/Exterior, Tight Buffer 900?m, OFNR Riser, Diel?ctrica, Precio Por Metro, (Hasta 2000 Metros en un Solo Tramo de Cable)<\/p>\n","protected":false},"featured_media":89339,"comment_status":"open","ping_status":"closed","template":"","meta":[],"product_brand":[],"product_cat":[610],"product_tag":[612,611,435],"class_list":{"0":"post-89340","1":"product","2":"type-product","3":"status-publish","4":"has-post-thumbnail","6":"product_cat-cable","7":"product_tag-cable","8":"product_tag-fibra-optica","9":"product_tag-linkedpro-by-epcom","11":"first","12":"instock","13":"sale","14":"shipping-taxable","15":"purchasable","16":"product-type-simple"},"_links":{"self":[{"href":"https:\/\/soydeaqui.ddns.net\/pachuca\/index.php\/wp-json\/wp\/v2\/product\/89340","targetHints":{"allow":["GET"]}}],"collection":[{"href":"https:\/\/soydeaqui.ddns.net\/pachuca\/index.php\/wp-json\/wp\/v2\/product"}],"about":[{"href":"https:\/\/soydeaqui.ddns.net\/pachuca\/index.php\/wp-json\/wp\/v2\/types\/product"}],"replies":[{"embeddable":true,"href":"https:\/\/soydeaqui.ddns.net\/pachuca\/index.php\/wp-json\/wp\/v2\/comments?post=89340"}],"wp:featuredmedia":[{"embeddable":true,"href":"https:\/\/soydeaqui.ddns.net\/pachuca\/index.php\/wp-json\/wp\/v2\/media\/89339"}],"wp:attachment":[{"href":"https:\/\/soydeaqui.ddns.net\/pachuca\/index.php\/wp-json\/wp\/v2\/media?parent=89340"}],"wp:term":[{"taxonomy":"product_brand","embeddable":true,"href":"https:\/\/soydeaqui.ddns.net\/pachuca\/index.php\/wp-json\/wp\/v2\/product_brand?post=89340"},{"taxonomy":"product_cat","embeddable":true,"href":"https:\/\/soydeaqui.ddns.net\/pachuca\/index.php\/wp-json\/wp\/v2\/product_cat?post=89340"},{"taxonomy":"product_tag","embeddable":true,"href":"https:\/\/soydeaqui.ddns.net\/pachuca\/index.php\/wp-json\/wp\/v2\/product_tag?post=89340"}],"curies":[{"name":"wp","href":"https:\/\/api.w.org\/{rel}","templated":true}]}}