{"id":89335,"date":"2026-03-20T02:51:37","date_gmt":"2026-03-20T02:51:37","guid":{"rendered":"https:\/\/soydeaqui.ddns.net\/pachuca\/index.php\/producto\/soporte-para-laptop-plegable-ajustable-de-87-a-131-mm-amplia-compatibilidad-11-16-capacidad-de-carga-20-kg-antideslizante-ultra-ligero-metal-abs-silicona-color-plata\/"},"modified":"2026-03-20T02:51:47","modified_gmt":"2026-03-20T02:51:47","slug":"soporte-para-laptop-plegable-ajustable-de-87-a-131-mm-amplia-compatibilidad-11-16-capacidad-de-carga-20-kg-antideslizante-ultra-ligero-metal-abs-silicona-color-plata","status":"publish","type":"product","link":"https:\/\/soydeaqui.ddns.net\/pachuca\/index.php\/producto\/soporte-para-laptop-plegable-ajustable-de-87-a-131-mm-amplia-compatibilidad-11-16-capacidad-de-carga-20-kg-antideslizante-ultra-ligero-metal-abs-silicona-color-plata\/","title":{"rendered":"Soporte para Laptop \/ Plegable \/ Ajustable de 87 a 131 mm \/ Amplia compatibilidad 11&#8221;-16&#8221; \/ Capacidad de carga 20 KG \/ Antideslizante \/  Ultra Ligero \/ Metal \/ ABS \/ Silicona \/ Color Plata"},"content":{"rendered":"<div style='width: 100%; max-width: 1200px; margin: 0 auto; font-family: sans-serif; line-height: 1.6; color: inherit; background-color: transparent;'> <img style='width: 100%; height: auto; border: 1px solid rgba(150&comma;150&comma;150&comma;0.3); border-radius: 8px;' src='http:\/\/ftp3.syscom.mx\/usuarios\/hallende\/UGREEN2\/Soportes\/80348\/80348-1.jpg' alt=''> <\/p>\n<div style='margin: 30px 0;'>\n<div style='display: flex; flex-wrap: wrap; gap: 30px;'>\n<div style='flex: 1 1 300px; min-width: 280px;'>\n<h3 style='font-size: 22px; border-bottom: 2px solid currentColor; padding-bottom: 5px; margin-top: 0; color: inherit; opacity: 0.8;'>Dise\u00f1o Inteligente<\/h3>\n<p style='font-size: 15px; color: inherit;'>El dise\u00f1o de este soporte port\u00e1til mesa proporciona una mejor circulaci\u00f3n de aire y ventilaci\u00f3n&comma; ayuda a evitar que las computadoras port\u00e1tiles se sobrecalienten. Su dise\u00f1o estructural tambi\u00e9n permite trabajar con el port\u00e1til&comma; reduciendo los riesgos asociados a posiciones inadecuadas.<\/p>\n<\/p><\/div>\n<div style='flex: 1 1 300px; min-width: 280px;'> <img style='width: 100%; height: auto; border: 1px solid rgba(150&comma;150&comma;150&comma;0.3); border-radius: 8px;' src='http:\/\/ftp3.syscom.mx\/usuarios\/hallende\/UGREEN2\/Soportes\/80348\/80348-2.jpg' alt=''> <\/div>\n<\/p><\/div>\n<\/p><\/div>\n<div style='margin: 30px 0;'>\n<div style='display: flex; flex-wrap: wrap; gap: 30px;'>\n<div style='flex: 1 1 300px; min-width: 280px;'>\n<h3 style='font-size: 22px; border-bottom: 2px solid currentColor; padding-bottom: 5px; margin-top: 0; color: inherit; opacity: 0.8;'>Seguro y Estable<\/h3>\n<p style='font-size: 15px; color: inherit;'>El soporte port\u00e1til mesa est\u00e1 hecho de acero&comma; lo que garantiza una buena resistencia y estabilidad&comma; Levanta su Laptop a una altura c\u00f3moda firmemente con una estructura de tri\u00e1ngulo resistente. Tiene partes de goma antideslizantes en la parte inferior para proteger su computadora port\u00e1til de resbalones y rasgu\u00f1os. Adem\u00e1s&comma; no raya ni deja marcas en las superficies.<\/p>\n<\/p><\/div>\n<div style='flex: 1 1 300px; min-width: 280px;'> <img style='width: 100%; height: auto; border: 1px solid rgba(150&comma;150&comma;150&comma;0.3); border-radius: 8px;' src='http:\/\/ftp3.syscom.mx\/usuarios\/hallende\/UGREEN2\/Soportes\/80348\/80348-3.jpg' alt=''> <\/div>\n<\/p><\/div>\n<\/p><\/div>\n<div style='margin: 30px 0;'>\n<div style='display: flex; flex-wrap: wrap; gap: 30px;'>\n<div style='flex: 1 1 300px; min-width: 280px;'>\n<h3 style='font-size: 22px; border-bottom: 2px solid currentColor; padding-bottom: 5px; margin-top: 0; color: inherit; opacity: 0.8;'>Altura Ajustable<\/h3>\n<p style='font-size: 15px; color: inherit;'>El soporte laptop de escritorio UGREEN le brinda un ajuste de 86.8 ~ 131.6mm&comma; para satisfacer las diferentes necesidades que var\u00edan de persona a persona. Con el dise\u00f1o abierto&comma; no solo ayuda a enfriar la computadora port\u00e1til al aumentar el flujo de aire debajo&comma; sino que tambi\u00e9n mejora su postura al escribir.<\/p>\n<\/p><\/div>\n<div style='flex: 1 1 300px; min-width: 280px;'> <img style='width: 100%; height: auto; border: 1px solid rgba(150&comma;150&comma;150&comma;0.3); border-radius: 8px;' src='http:\/\/ftp3.syscom.mx\/usuarios\/hallende\/UGREEN2\/Soportes\/80348\/80348-4..jpg' alt=''> <\/div>\n<\/p><\/div>\n<\/p><\/div>\n<div style='margin: 30px 0;'>\n<div style='display: flex; flex-wrap: wrap; gap: 30px;'>\n<div style='flex: 1 1 300px; min-width: 280px;'>\n<h3 style='font-size: 22px; border-bottom: 2px solid currentColor; padding-bottom: 5px; margin-top: 0; color: inherit; opacity: 0.8;'>Amplia Compatibilidad<\/h3>\n<p style='font-size: 15px; color: inherit;'>Es un soporte para port\u00e1til compacto y sorprendentemente liviano. Conveniente para llevar&comma; f\u00e1cil de montar y tambi\u00e9n empacar. Suficientemente fuerte para transportar tabletas y computadoras port\u00e1tiles de 11 &#8216;-16&#8242; como MacBook Pro 13 &#8217;15&#8217; 16 &#8216;&comma; MacBook Air 13&#8217;&comma; Dell XPS 13\/15 \/ Inspiron 15&comma; Lenovo Thinkpad X1 Carbon&comma; Asus ZenBook&comma; Microsoft Surface Pro 4&comma; HP Spectre x360&comma; y muchos modelos m\u00e1s\u2026.<\/p>\n<\/p><\/div>\n<div style='flex: 1 1 300px; min-width: 280px;'> <img style='width: 100%; height: auto; border: 1px solid rgba(150&comma;150&comma;150&comma;0.3); border-radius: 8px;' src='http:\/\/ftp3.syscom.mx\/usuarios\/hallende\/UGREEN2\/Soportes\/80348\/80348-5.jpg' alt=''> <\/div>\n<\/p><\/div>\n<\/p><\/div>\n<div style='margin: 30px 0;'>\n<div style='display: flex; flex-wrap: wrap; gap: 30px;'>\n<div style='flex: 1 1 300px; min-width: 280px;'>\n<h3 style='font-size: 22px; border-bottom: 2px solid currentColor; padding-bottom: 5px; margin-top: 0; color: inherit; opacity: 0.8;'>Dise\u00f1o Amigable<\/h3>\n<p style='font-size: 15px; color: inherit;'>El soporte para port\u00e1til mesa le permite elegir las diferentes inclinaciones a trav\u00e9s de la altura ajustable (131mm m\u00e1ximo&comma; 87mm m\u00ednimo)&comma; lo que permite tener una mejor posici\u00f3n del cuerpo y visi\u00f3n de la pantalla&comma; aten\u00faa la fatiga visual. La carga m\u00e1xima es 20kg.<\/p>\n<\/p><\/div>\n<div style='flex: 1 1 300px; min-width: 280px;'> <img style='width: 100%; height: auto; border: 1px solid rgba(150&comma;150&comma;150&comma;0.3); border-radius: 8px;' src='http:\/\/ftp3.syscom.mx\/usuarios\/hallende\/UGREEN2\/Soportes\/80348\/80348-6.jpg' alt=''> <\/div>\n<\/p><\/div>\n<\/p><\/div>\n<div style='margin: 30px 0;'>\n<div style='display: flex; flex-wrap: wrap; gap: 30px;'>\n<div style='flex: 1 1 300px; min-width: 280px;'>\n<h3 style='font-size: 22px; border-bottom: 2px solid currentColor; padding-bottom: 5px; margin-top: 0; color: inherit; opacity: 0.8;'>F\u00e1cil Instalaci\u00f3n y Ultra Ligero<\/h3>\n<p style='font-size: 15px; color: inherit;'>Con un peso de solo 110 g el nuevo soporte de escritorio para laptop de UGREEN es bastante f\u00e1cil de plegar de manera compacta y cabe en su malet\u00edn una vez terminado. Muy port\u00e1til y conveniente para aquellas personas que trabajan desde cualquier lugar posible sin estar atados a una oficina.<\/p>\n<\/p><\/div>\n<div style='flex: 1 1 300px; min-width: 280px;'> <img style='width: 100%; height: auto; border: 1px solid rgba(150&comma;150&comma;150&comma;0.3); border-radius: 8px;' src='http:\/\/ftp3.syscom.mx\/usuarios\/hallende\/UGREEN2\/Soportes\/80348\/80348-7.jpg' alt=''> <\/div>\n<\/p><\/div>\n<\/p><\/div>\n<p> <img style='width: 100%; height: auto; border: 1px solid rgba(150&comma;150&comma;150&comma;0.3); border-radius: 8px;' src='http:\/\/ftp3.syscom.mx\/usuarios\/hallende\/UGREEN2\/Soportes\/80348\/80348-8.jpg' alt=''> <\/p>\n<div style='margin: 30px 0;'>\n<div style='display: flex; flex-wrap: wrap; gap: 30px;'>\n<div style='flex: 1 1 300px; min-width: 280px;'>\n<h3 style='font-size: 22px; border-bottom: 2px solid currentColor; padding-bottom: 5px; margin-top: 0; color: inherit; opacity: 0.8;'>Ajuste de Altura<\/h3>\n<p style='font-size: 15px; color: inherit;'>Ajuste de altura de 86.8 ~ 131.6 mm. La resistente estructura triangular y la alfombrilla antideslizante aseguran una ubicaci\u00f3n estable y segura.<\/p>\n<\/p><\/div>\n<div style='flex: 1 1 300px; min-width: 280px;'> <img style='width: 100%; height: auto; border: 1px solid rgba(150&comma;150&comma;150&comma;0.3); border-radius: 8px;' src='http:\/\/ftp3.syscom.mx\/usuarios\/hallende\/UGREEN2\/Soportes\/80348\/80348-9.jpg' alt=''> <\/div>\n<\/p><\/div>\n<\/p><\/div>\n<div style='margin: 30px 0;'>\n<div style='display: flex; flex-wrap: wrap; gap: 30px;'>\n<div style='flex: 1 1 300px; min-width: 280px;'>\n<h3 style='font-size: 22px; border-bottom: 2px solid currentColor; padding-bottom: 5px; margin-top: 0; color: inherit; opacity: 0.8;'>Plegable y f\u00e1cil de Instalar<\/h3>\n<p style='font-size: 15px; color: inherit;'>El Soporte para laptop de escritorio es plegable y sorprendentemente liviano para todas las tabletas y computadoras port\u00e1tiles de 11 &#8216;-16&#8217;<\/p>\n<\/p><\/div>\n<div style='flex: 1 1 300px; min-width: 280px;'> <img style='width: 100%; height: auto; border: 1px solid rgba(150&comma;150&comma;150&comma;0.3); border-radius: 8px;' src='http:\/\/ftp3.syscom.mx\/usuarios\/hallende\/UGREEN2\/Soportes\/80348\/80348-10.jpg' alt=''> <\/div>\n<\/p><\/div>\n<\/p><\/div>\n<div style='margin: 30px 0;'>\n<div style='display: flex; flex-wrap: wrap; gap: 30px;'>\n<div style='flex: 1 1 300px; min-width: 280px;'>\n<h3 style='font-size: 22px; border-bottom: 2px solid currentColor; padding-bottom: 5px; margin-top: 0; color: inherit; opacity: 0.8;'>F\u00e1cil de llevar<\/h3>\n<p style='font-size: 15px; color: inherit;'>F\u00e1cil de usar y f\u00e1cil de guardar en el malet\u00edn. Dise\u00f1o ergon\u00f3mico&comma; c\u00f3modo de sostener&comma; f\u00e1cil de manipular y nunca bloquea las manos al escribir.<\/p>\n<\/p><\/div>\n<div style='flex: 1 1 300px; min-width: 280px;'> <img style='width: 100%; height: auto; border: 1px solid rgba(150&comma;150&comma;150&comma;0.3); border-radius: 8px;' src='http:\/\/ftp3.syscom.mx\/usuarios\/hallende\/UGREEN2\/Soportes\/80348\/80348-11.jpg' alt=''> <\/div>\n<\/p><\/div>\n<\/p><\/div>\n<p> <img style='width: 100%; height: auto; border: 1px solid rgba(150&comma;150&comma;150&comma;0.3); border-radius: 8px;' src='http:\/\/ftp3.syscom.mx\/usuarios\/hallende\/UGREEN2\/Soportes\/80348\/80348-12.jpg' alt=''> <\/p>\n<div style='margin: 30px 0;'>\n<h3 style='font-size: 22px; border-bottom: 2px solid currentColor; padding-bottom: 5px; margin-top: 0; color: inherit; opacity: 0.8;'>Especificaciones<\/h3>\n<ul style='padding-left: 20px; font-size: 15px; color: inherit;'>\n<li style='margin-bottom: 5px;'><strong>Dimensiones del paquete:<\/strong> 25.4 x 18.8 x 3.2 cm<\/li>\n<li style='margin-bottom: 5px;'><strong>Peso del producto:<\/strong> 110 g<\/li>\n<li style='margin-bottom: 5px;'><strong>Tipo de material:<\/strong> Acero inoxidable&comma; ABS&comma; Silicona<\/li>\n<li style='margin-bottom: 5px;'><strong>Garant\u00eda:<\/strong> 1 A\u00f1o por defectos de fabricaci\u00f3n<\/li>\n<\/ul><\/div>\n<\/p><\/div>\n","protected":false},"excerpt":{"rendered":"<p>Soporte para Laptop \/ Plegable \/ Ajustable de 87 a 131 mm \/ Amplia compatibilidad 11&#8221;-16&#8221; \/ Capacidad de carga 20 KG \/ Antideslizante \/  Ultra Ligero \/ Metal \/ ABS \/ Silicona \/ Color Plata<\/p>\n","protected":false},"featured_media":89334,"comment_status":"open","ping_status":"closed","template":"","meta":[],"product_brand":[],"product_cat":[1235],"product_tag":[417,1236,650],"class_list":{"0":"post-89335","1":"product","2":"type-product","3":"status-publish","4":"has-post-thumbnail","6":"product_cat-accesorios-para-computadora-y-smartphones","7":"product_tag-accesorios-generales","8":"product_tag-accesorios-para-computadora-y-smartphones","9":"product_tag-ugreen","11":"first","12":"outofstock","13":"sale","14":"shipping-taxable","15":"purchasable","16":"product-type-simple"},"_links":{"self":[{"href":"https:\/\/soydeaqui.ddns.net\/pachuca\/index.php\/wp-json\/wp\/v2\/product\/89335","targetHints":{"allow":["GET"]}}],"collection":[{"href":"https:\/\/soydeaqui.ddns.net\/pachuca\/index.php\/wp-json\/wp\/v2\/product"}],"about":[{"href":"https:\/\/soydeaqui.ddns.net\/pachuca\/index.php\/wp-json\/wp\/v2\/types\/product"}],"replies":[{"embeddable":true,"href":"https:\/\/soydeaqui.ddns.net\/pachuca\/index.php\/wp-json\/wp\/v2\/comments?post=89335"}],"wp:featuredmedia":[{"embeddable":true,"href":"https:\/\/soydeaqui.ddns.net\/pachuca\/index.php\/wp-json\/wp\/v2\/media\/89334"}],"wp:attachment":[{"href":"https:\/\/soydeaqui.ddns.net\/pachuca\/index.php\/wp-json\/wp\/v2\/media?parent=89335"}],"wp:term":[{"taxonomy":"product_brand","embeddable":true,"href":"https:\/\/soydeaqui.ddns.net\/pachuca\/index.php\/wp-json\/wp\/v2\/product_brand?post=89335"},{"taxonomy":"product_cat","embeddable":true,"href":"https:\/\/soydeaqui.ddns.net\/pachuca\/index.php\/wp-json\/wp\/v2\/product_cat?post=89335"},{"taxonomy":"product_tag","embeddable":true,"href":"https:\/\/soydeaqui.ddns.net\/pachuca\/index.php\/wp-json\/wp\/v2\/product_tag?post=89335"}],"curies":[{"name":"wp","href":"https:\/\/api.w.org\/{rel}","templated":true}]}}