{"id":89304,"date":"2026-03-20T02:50:07","date_gmt":"2026-03-20T02:50:07","guid":{"rendered":"https:\/\/soydeaqui.ddns.net\/pachuca\/index.php\/producto\/bateria-lxt-litioion-de-18v-1-5ah\/"},"modified":"2026-03-20T02:50:09","modified_gmt":"2026-03-20T02:50:09","slug":"bateria-lxt-litioion-de-18v-1-5ah","status":"publish","type":"product","link":"https:\/\/soydeaqui.ddns.net\/pachuca\/index.php\/producto\/bateria-lxt-litioion-de-18v-1-5ah\/","title":{"rendered":"Bater\u00eda LXT Litio???Ion de 18V 1.5Ah"},"content":{"rendered":"<div style='width: 100%; max-width: 1200px; margin: 0 auto; font-family: sans-serif; line-height: 1.6; color: inherit; background-color: transparent;'>\n<div style='display: flex; flex-wrap: wrap; gap: 30px; margin-bottom: 30px;'>\n<div style='flex: 1 1 300px; min-width: 280px;'>\n<h3 style='font-size: 22px; border-bottom: 2px solid currentColor; padding-bottom: 5px; margin-top: 0; color: inherit; opacity: 0.8;'>Especificaciones<\/h3>\n<ul style='padding-left: 20px; font-size: 15px; color: inherit;'>\n<li style='margin-bottom: 5px;'>Integrada con un indicador L.E.D. de nivel de carga de la bater\u00eda que permite al usuario monitorear la carga de la bater\u00eda<\/li>\n<li style='margin-bottom: 5px;'>Alcanza su carga completa en 30 minutos o menos<\/li>\n<li style='margin-bottom: 5px;'>Compatible s\u00f3lo con las herramientas de Protecci\u00f3n Star&comma; indicado por el s\u00edmbolo Star\u2122 y\/o el Receptor de bater\u00eda amarillo debajo de la herramienta<\/li>\n<li style='margin-bottom: 5px;'>La bater\u00eda entrega potencia y duraci\u00f3n en temperaturas extremas&comma; a\u00fan durante el invierno (-4\u00b0F\/-20\u00b0C)<\/li>\n<li style='margin-bottom: 5px;'>Equipada con controles por computadora de Protecci\u00f3n Star\u2122 para proteger contra sobrecarga&comma; sobredescarga y sobrecalentamiento<\/li>\n<li style='margin-bottom: 5px;'>El estuche externo resistente a impactos y el revestimiento interior absorbente de impactos est\u00e1n dise\u00f1ados para proteger la bater\u00eda<\/li>\n<li style='margin-bottom: 5px;'>Las diecis\u00e9is terminales de contacto mantienen una conexi\u00f3n constante con la herramienta para ayudar a prevenir una p\u00e9rdida de potencia o fluctuaci\u00f3n&comma; a\u00fan durante aplicaciones de alta vibraci\u00f3n<\/li>\n<li style='margin-bottom: 5px;'>La bater\u00eda resiste auto-descargas y permanece lista para usarse a\u00fan despu\u00e9s de largos periodos de almacenamiento<\/li>\n<li style='margin-bottom: 5px;'>Makita Litio-Ion de 18V es la l\u00ednea m\u00e1s grande de herramientas inal\u00e1mbricas alimentadas por una bater\u00eda Litio-Ion de 18V estilo deslizable en el mundo<\/li>\n<li style='margin-bottom: 5px;'>La tecnolog\u00eda de Makita entrega tiempo de carga l\u00edder en su categor\u00eda&comma; para que la bater\u00eda pase m\u00e1s tiempo en el trabajo y menos tiempo en el cargador (no incluye cargador)<\/li>\n<\/ul><\/div>\n<\/p><\/div>\n<div style='display: flex; flex-wrap: wrap; gap: 30px; margin-bottom: 30px;'>\n<div style='flex: 1 1 300px; min-width: 280px;'>\n<p style='font-size: 15px; color: inherit; margin-bottom: 15px;'>Los cargadores de bater\u00edas Makita est\u00e1n dise\u00f1ados especialmente para ser compatibles con las bater\u00edas Makita correspondientes. Esto significa que cada cargador est\u00e1 dise\u00f1ado para proporcionar la corriente y el voltaje para cada modelo.<\/p>\n<p style='font-size: 15px; color: inherit; margin-bottom: 15px;'>Es importante destacar que no todos los cargadores Makita son compatibles con todas las bater\u00edas Makita. Makita ofrece una amplia variedad de bater\u00edas con diferentes capacidades y tecnolog\u00edas&comma; a continuaci\u00f3n se presenta una tabla de compatibilidad:<\/p>\n<\/p><\/div>\n<\/p><\/div>\n<div style='display: flex; flex-wrap: wrap; gap: 30px; margin-bottom: 30px;'>\n<div style='flex: 1 1 300px; min-width: 280px;'> <img style='width: 100%; height: auto; border: 1px solid rgba(150&comma;150&comma;150&comma;0.3); border-radius: 8px;' src='https:\/\/ftp3.syscom.mx\/usuarios\/mtopete\/Imagen%20Pagina\/Makita\/COMPATIBILIDAD%20MAKITA%20BAT.JPG' alt=''> <\/div>\n<\/p><\/div>\n<div style='display: flex; flex-wrap: wrap; gap: 30px; margin-bottom: 30px;'>\n<div style='flex: 1 1 300px; min-width: 280px;'>\n<p style='font-size: 15px; color: inherit; margin-bottom: 15px;'>Nota: La serie &#8216;G&#8217; es solo compatible con equipos que manejan bater\u00eda blanca de f\u00e1brica.<\/p>\n<\/p><\/div>\n<\/p><\/div>\n<\/p><\/div>\n","protected":false},"excerpt":{"rendered":"<p>Bater\u00eda LXT Litio???Ion de 18V 1.5Ah<\/p>\n","protected":false},"featured_media":32,"comment_status":"open","ping_status":"closed","template":"","meta":[],"product_brand":[],"product_cat":[130],"product_tag":[25,131,252],"class_list":{"0":"post-89304","1":"product","2":"type-product","3":"status-publish","4":"has-post-thumbnail","6":"product_cat-herramientas-electricas","7":"product_tag-herramientas","8":"product_tag-herramientas-electricas","9":"product_tag-makita","11":"first","12":"outofstock","13":"sale","14":"shipping-taxable","15":"purchasable","16":"product-type-simple"},"_links":{"self":[{"href":"https:\/\/soydeaqui.ddns.net\/pachuca\/index.php\/wp-json\/wp\/v2\/product\/89304","targetHints":{"allow":["GET"]}}],"collection":[{"href":"https:\/\/soydeaqui.ddns.net\/pachuca\/index.php\/wp-json\/wp\/v2\/product"}],"about":[{"href":"https:\/\/soydeaqui.ddns.net\/pachuca\/index.php\/wp-json\/wp\/v2\/types\/product"}],"replies":[{"embeddable":true,"href":"https:\/\/soydeaqui.ddns.net\/pachuca\/index.php\/wp-json\/wp\/v2\/comments?post=89304"}],"wp:featuredmedia":[{"embeddable":true,"href":"https:\/\/soydeaqui.ddns.net\/pachuca\/index.php\/wp-json\/wp\/v2\/media\/32"}],"wp:attachment":[{"href":"https:\/\/soydeaqui.ddns.net\/pachuca\/index.php\/wp-json\/wp\/v2\/media?parent=89304"}],"wp:term":[{"taxonomy":"product_brand","embeddable":true,"href":"https:\/\/soydeaqui.ddns.net\/pachuca\/index.php\/wp-json\/wp\/v2\/product_brand?post=89304"},{"taxonomy":"product_cat","embeddable":true,"href":"https:\/\/soydeaqui.ddns.net\/pachuca\/index.php\/wp-json\/wp\/v2\/product_cat?post=89304"},{"taxonomy":"product_tag","embeddable":true,"href":"https:\/\/soydeaqui.ddns.net\/pachuca\/index.php\/wp-json\/wp\/v2\/product_tag?post=89304"}],"curies":[{"name":"wp","href":"https:\/\/api.w.org\/{rel}","templated":true}]}}